{"id":419,"date":"2009-01-15T19:23:09","date_gmt":"2009-01-15T18:23:09","guid":{"rendered":"http:\/\/www.kdfjm.si\/?page_id=419"},"modified":"2015-10-11T21:29:46","modified_gmt":"2015-10-11T20:29:46","slug":"izdelovanje-gnezdilnic","status":"publish","type":"page","link":"https:\/\/www.kdfjm.si\/?page_id=419","title":{"rendered":"Izdelovanje gnezdilnic"},"content":{"rendered":"<p>Likovno delavnica Izdelovanje gnezdilnic je bila v soboto 24. januarja 2009 ob 9.30 v dru\u0161tvenih prostorih na Slovenski cesti 30 v Meng\u0161u. Delavnico je vodila Ur\u0161a Koce.<\/p>\n<p><strong><div class=\"slideshow\"><div id=\"ngg_slideshow604191\" class=\"ngg-slideshow owl-carousel\" style=\"max-width: px; max-height: px;\"><img data-recalc-dims=\"1\" decoding=\"async\" src=\"https:\/\/i0.wp.com\/www.kdfjm.si\/wp-content\/gallery\/likovna-delavnica-gnezdilnice-2008\/gnezdilnice%20KdFJelovskaM%202009-1.jpg?ssl=1\" alt=\"gnezdilnice KdFJelovskaM 2009-1.jpg\" style=\"max-width: px; max-height: px; width: auto; height:auto; margin:auto\"><img data-recalc-dims=\"1\" decoding=\"async\" src=\"https:\/\/i0.wp.com\/www.kdfjm.si\/wp-content\/gallery\/likovna-delavnica-gnezdilnice-2008\/gnezdilnice%20KdFJelovskaM%202009-1%20%289%29.jpg?ssl=1\" alt=\"gnezdilnice KdFJelovskaM 2009-1 (9).jpg\" style=\"max-width: px; max-height: px; width: auto; height:auto; margin:auto\"><img data-recalc-dims=\"1\" decoding=\"async\" src=\"https:\/\/i0.wp.com\/www.kdfjm.si\/wp-content\/gallery\/likovna-delavnica-gnezdilnice-2008\/gnezdilnice%20KdFJelovskaM%202009-1%20%288%29.jpg?ssl=1\" alt=\"gnezdilnice KdFJelovskaM 2009-1 (8).jpg\" style=\"max-width: px; max-height: px; width: auto; height:auto; margin:auto\"><img data-recalc-dims=\"1\" decoding=\"async\" src=\"https:\/\/i0.wp.com\/www.kdfjm.si\/wp-content\/gallery\/likovna-delavnica-gnezdilnice-2008\/gnezdilnice%20KdFJelovskaM%202009-1%20%287%29.jpg?ssl=1\" alt=\"gnezdilnice KdFJelovskaM 2009-1 (7).jpg\" style=\"max-width: px; max-height: px; width: auto; height:auto; margin:auto\"><img data-recalc-dims=\"1\" decoding=\"async\" src=\"https:\/\/i0.wp.com\/www.kdfjm.si\/wp-content\/gallery\/likovna-delavnica-gnezdilnice-2008\/gnezdilnice%20KdFJelovskaM%202009-1%20%286%29.jpg?ssl=1\" alt=\"gnezdilnice KdFJelovskaM 2009-1 (6).jpg\" style=\"max-width: px; max-height: px; width: auto; height:auto; margin:auto\"><img data-recalc-dims=\"1\" decoding=\"async\" src=\"https:\/\/i0.wp.com\/www.kdfjm.si\/wp-content\/gallery\/likovna-delavnica-gnezdilnice-2008\/gnezdilnice%20KdFJelovskaM%202009-1%20%285%29.jpg?ssl=1\" alt=\"gnezdilnice KdFJelovskaM 2009-1 (5).jpg\" style=\"max-width: px; max-height: px; width: auto; height:auto; margin:auto\"><img data-recalc-dims=\"1\" decoding=\"async\" src=\"https:\/\/i0.wp.com\/www.kdfjm.si\/wp-content\/gallery\/likovna-delavnica-gnezdilnice-2008\/gnezdilnice%20KdFJelovskaM%202009-1%20%284%29.jpg?ssl=1\" alt=\"gnezdilnice KdFJelovskaM 2009-1 (4).jpg\" style=\"max-width: px; max-height: px; width: auto; height:auto; margin:auto\"><img data-recalc-dims=\"1\" decoding=\"async\" src=\"https:\/\/i0.wp.com\/www.kdfjm.si\/wp-content\/gallery\/likovna-delavnica-gnezdilnice-2008\/gnezdilnice%20KdFJelovskaM%202009-1%20%2832%29.jpg?ssl=1\" alt=\"gnezdilnice KdFJelovskaM 2009-1 (32).jpg\" style=\"max-width: px; max-height: px; width: auto; height:auto; margin:auto\"><img data-recalc-dims=\"1\" decoding=\"async\" src=\"https:\/\/i0.wp.com\/www.kdfjm.si\/wp-content\/gallery\/likovna-delavnica-gnezdilnice-2008\/gnezdilnice%20KdFJelovskaM%202009-1%20%2831%29.jpg?ssl=1\" alt=\"gnezdilnice KdFJelovskaM 2009-1 (31).jpg\" style=\"max-width: px; max-height: px; width: auto; height:auto; margin:auto\"><img data-recalc-dims=\"1\" decoding=\"async\" src=\"https:\/\/i0.wp.com\/www.kdfjm.si\/wp-content\/gallery\/likovna-delavnica-gnezdilnice-2008\/gnezdilnice%20KdFJelovskaM%202009-1%20%2830%29.jpg?ssl=1\" alt=\"gnezdilnice KdFJelovskaM 2009-1 (30).jpg\" style=\"max-width: px; max-height: px; width: auto; height:auto; margin:auto\"><img data-recalc-dims=\"1\" decoding=\"async\" src=\"https:\/\/i0.wp.com\/www.kdfjm.si\/wp-content\/gallery\/likovna-delavnica-gnezdilnice-2008\/gnezdilnice%20KdFJelovskaM%202009-1%20%283%29.jpg?ssl=1\" alt=\"gnezdilnice KdFJelovskaM 2009-1 (3).jpg\" style=\"max-width: px; max-height: px; width: auto; height:auto; margin:auto\"><img data-recalc-dims=\"1\" decoding=\"async\" src=\"https:\/\/i0.wp.com\/www.kdfjm.si\/wp-content\/gallery\/likovna-delavnica-gnezdilnice-2008\/gnezdilnice%20KdFJelovskaM%202009-1%20%2829%29.jpg?ssl=1\" alt=\"gnezdilnice KdFJelovskaM 2009-1 (29).jpg\" style=\"max-width: px; max-height: px; width: auto; height:auto; margin:auto\"><img data-recalc-dims=\"1\" decoding=\"async\" src=\"https:\/\/i0.wp.com\/www.kdfjm.si\/wp-content\/gallery\/likovna-delavnica-gnezdilnice-2008\/gnezdilnice%20KdFJelovskaM%202009-1%20%2828%29.jpg?ssl=1\" alt=\"gnezdilnice KdFJelovskaM 2009-1 (28).jpg\" style=\"max-width: px; max-height: px; width: auto; height:auto; margin:auto\"><img data-recalc-dims=\"1\" decoding=\"async\" src=\"https:\/\/i0.wp.com\/www.kdfjm.si\/wp-content\/gallery\/likovna-delavnica-gnezdilnice-2008\/gnezdilnice%20KdFJelovskaM%202009-1%20%2827%29.jpg?ssl=1\" alt=\"gnezdilnice KdFJelovskaM 2009-1 (27).jpg\" style=\"max-width: px; max-height: px; width: auto; height:auto; margin:auto\"><img data-recalc-dims=\"1\" decoding=\"async\" src=\"https:\/\/i0.wp.com\/www.kdfjm.si\/wp-content\/gallery\/likovna-delavnica-gnezdilnice-2008\/gnezdilnice%20KdFJelovskaM%202009-1%20%2826%29.jpg?ssl=1\" alt=\"gnezdilnice KdFJelovskaM 2009-1 (26).jpg\" style=\"max-width: px; max-height: px; width: auto; height:auto; margin:auto\"><img data-recalc-dims=\"1\" decoding=\"async\" src=\"https:\/\/i0.wp.com\/www.kdfjm.si\/wp-content\/gallery\/likovna-delavnica-gnezdilnice-2008\/gnezdilnice%20KdFJelovskaM%202009-1%20%2825%29.jpg?ssl=1\" alt=\"gnezdilnice KdFJelovskaM 2009-1 (25).jpg\" style=\"max-width: px; max-height: px; width: auto; height:auto; margin:auto\"><img data-recalc-dims=\"1\" decoding=\"async\" src=\"https:\/\/i0.wp.com\/www.kdfjm.si\/wp-content\/gallery\/likovna-delavnica-gnezdilnice-2008\/gnezdilnice%20KdFJelovskaM%202009-1%20%2824%29.jpg?ssl=1\" alt=\"gnezdilnice KdFJelovskaM 2009-1 (24).jpg\" style=\"max-width: px; max-height: px; width: auto; height:auto; margin:auto\"><img data-recalc-dims=\"1\" decoding=\"async\" src=\"https:\/\/i0.wp.com\/www.kdfjm.si\/wp-content\/gallery\/likovna-delavnica-gnezdilnice-2008\/gnezdilnice%20KdFJelovskaM%202009-1%20%2823%29.jpg?ssl=1\" alt=\"gnezdilnice KdFJelovskaM 2009-1 (23).jpg\" style=\"max-width: px; max-height: px; width: auto; height:auto; margin:auto\"><img data-recalc-dims=\"1\" decoding=\"async\" src=\"https:\/\/i0.wp.com\/www.kdfjm.si\/wp-content\/gallery\/likovna-delavnica-gnezdilnice-2008\/gnezdilnice%20KdFJelovskaM%202009-1%20%2822%29.jpg?ssl=1\" alt=\"gnezdilnice KdFJelovskaM 2009-1 (22).jpg\" style=\"max-width: px; max-height: px; width: auto; height:auto; margin:auto\"><img data-recalc-dims=\"1\" decoding=\"async\" src=\"https:\/\/i0.wp.com\/www.kdfjm.si\/wp-content\/gallery\/likovna-delavnica-gnezdilnice-2008\/gnezdilnice%20KdFJelovskaM%202009-1%20%2821%29.jpg?ssl=1\" alt=\"gnezdilnice KdFJelovskaM 2009-1 (21).jpg\" style=\"max-width: px; max-height: px; width: auto; height:auto; margin:auto\"><img data-recalc-dims=\"1\" decoding=\"async\" src=\"https:\/\/i0.wp.com\/www.kdfjm.si\/wp-content\/gallery\/likovna-delavnica-gnezdilnice-2008\/gnezdilnice%20KdFJelovskaM%202009-1%20%2820%29.jpg?ssl=1\" alt=\"gnezdilnice KdFJelovskaM 2009-1 (20).jpg\" style=\"max-width: px; max-height: px; width: auto; height:auto; margin:auto\"><img data-recalc-dims=\"1\" decoding=\"async\" src=\"https:\/\/i0.wp.com\/www.kdfjm.si\/wp-content\/gallery\/likovna-delavnica-gnezdilnice-2008\/gnezdilnice%20KdFJelovskaM%202009-1%20%282%29.jpg?ssl=1\" alt=\"gnezdilnice KdFJelovskaM 2009-1 (2).jpg\" style=\"max-width: px; max-height: px; width: auto; height:auto; margin:auto\"><img data-recalc-dims=\"1\" decoding=\"async\" src=\"https:\/\/i0.wp.com\/www.kdfjm.si\/wp-content\/gallery\/likovna-delavnica-gnezdilnice-2008\/gnezdilnice%20KdFJelovskaM%202009-1%20%2819%29.jpg?ssl=1\" alt=\"gnezdilnice KdFJelovskaM 2009-1 (19).jpg\" style=\"max-width: px; max-height: px; width: auto; height:auto; margin:auto\"><img data-recalc-dims=\"1\" decoding=\"async\" src=\"https:\/\/i0.wp.com\/www.kdfjm.si\/wp-content\/gallery\/likovna-delavnica-gnezdilnice-2008\/gnezdilnice%20KdFJelovskaM%202009-1%20%2818%29.jpg?ssl=1\" alt=\"gnezdilnice KdFJelovskaM 2009-1 (18).jpg\" style=\"max-width: px; max-height: px; width: auto; height:auto; margin:auto\"><img data-recalc-dims=\"1\" decoding=\"async\" src=\"https:\/\/i0.wp.com\/www.kdfjm.si\/wp-content\/gallery\/likovna-delavnica-gnezdilnice-2008\/gnezdilnice%20KdFJelovskaM%202009-1%20%2817%29.jpg?ssl=1\" alt=\"gnezdilnice KdFJelovskaM 2009-1 (17).jpg\" style=\"max-width: px; max-height: px; width: auto; height:auto; margin:auto\"><img data-recalc-dims=\"1\" decoding=\"async\" src=\"https:\/\/i0.wp.com\/www.kdfjm.si\/wp-content\/gallery\/likovna-delavnica-gnezdilnice-2008\/gnezdilnice%20KdFJelovskaM%202009-1%20%2816%29.jpg?ssl=1\" alt=\"gnezdilnice KdFJelovskaM 2009-1 (16).jpg\" style=\"max-width: px; max-height: px; width: auto; height:auto; margin:auto\"><img data-recalc-dims=\"1\" decoding=\"async\" src=\"https:\/\/i0.wp.com\/www.kdfjm.si\/wp-content\/gallery\/likovna-delavnica-gnezdilnice-2008\/gnezdilnice%20KdFJelovskaM%202009-1%20%2815%29.jpg?ssl=1\" alt=\"gnezdilnice KdFJelovskaM 2009-1 (15).jpg\" style=\"max-width: px; max-height: px; width: auto; height:auto; margin:auto\"><img data-recalc-dims=\"1\" decoding=\"async\" src=\"https:\/\/i0.wp.com\/www.kdfjm.si\/wp-content\/gallery\/likovna-delavnica-gnezdilnice-2008\/gnezdilnice%20KdFJelovskaM%202009-1%20%2814%29.jpg?ssl=1\" alt=\"gnezdilnice KdFJelovskaM 2009-1 (14).jpg\" style=\"max-width: px; max-height: px; width: auto; height:auto; margin:auto\"><img data-recalc-dims=\"1\" decoding=\"async\" src=\"https:\/\/i0.wp.com\/www.kdfjm.si\/wp-content\/gallery\/likovna-delavnica-gnezdilnice-2008\/gnezdilnice%20KdFJelovskaM%202009-1%20%2813%29.jpg?ssl=1\" alt=\"gnezdilnice KdFJelovskaM 2009-1 (13).jpg\" style=\"max-width: px; max-height: px; width: auto; height:auto; margin:auto\"><img data-recalc-dims=\"1\" decoding=\"async\" src=\"https:\/\/i0.wp.com\/www.kdfjm.si\/wp-content\/gallery\/likovna-delavnica-gnezdilnice-2008\/gnezdilnice%20KdFJelovskaM%202009-1%20%2812%29.jpg?ssl=1\" alt=\"gnezdilnice KdFJelovskaM 2009-1 (12).jpg\" style=\"max-width: px; max-height: px; width: auto; height:auto; margin:auto\"><img data-recalc-dims=\"1\" decoding=\"async\" src=\"https:\/\/i0.wp.com\/www.kdfjm.si\/wp-content\/gallery\/likovna-delavnica-gnezdilnice-2008\/gnezdilnice%20KdFJelovskaM%202009-1%20%2811%29.jpg?ssl=1\" alt=\"gnezdilnice KdFJelovskaM 2009-1 (11).jpg\" style=\"max-width: px; max-height: px; width: auto; height:auto; margin:auto\"><img data-recalc-dims=\"1\" decoding=\"async\" src=\"https:\/\/i0.wp.com\/www.kdfjm.si\/wp-content\/gallery\/likovna-delavnica-gnezdilnice-2008\/gnezdilnice%20KdFJelovskaM%202009-1%20%2810%29.jpg?ssl=1\" alt=\"gnezdilnice KdFJelovskaM 2009-1 (10).jpg\" style=\"max-width: px; max-height: px; width: auto; height:auto; margin:auto\"><\/div><\/div>\n\n<script type=\"text\/javascript\">jQuery(document).ready(function($) {\r\n\t\t\tvar owl = $('#ngg_slideshow604191');\r\n\t\t\towl.owlCarousel({\r\n\t\t\t\titems: 1,\r\n\t\t\t\tautoHeight: false,\r\n\t            dots: true,\r\n\t            autoplay: true,\r\n\t\t\t\tautoplayTimeout: 3000,\r\n\t\t\t\tautoplayHoverPause: true,\r\n\t\t\t\tanimateIn: 'fadeIn',\r\n\t\t\t\tanimateOut: 'fadeOut',\r\n\t\t\t\tloop: true,\r\n\t\t\t\tmouseDrag: true,\r\n\t\t\t\ttouchDrag: true\r\n\t\t\t});\nowl.click( function () {\r\n                    owl.trigger( 'next.owl.carousel' );\r\n                } );});\n<\/script><\/strong><\/p>\n<p>[http:\/\/www.youtube.com\/watch?v=a-kgHNSwVHE]<\/p>\n<p><strong>Komentar voditeljice delavnice Ur\u0161e Koce<\/strong><\/p>\n<p>Ptice so Zemljo poselile \u017ee davno pred prihodom \u010dloveka. Nenehno spreminjajo\u010de se okolje je v milijonih let pripomoglo k temu, da so se razvile \u0161tevilne pti\u010dje vrste, s katerimi si danes delimo prostor in druge \u017eivljenjske dobrine.<\/p>\n<p>Nam, mestnim in primestnim ljudem, so prav gotovo najbolj poznane tiste ptice, ki jih sre\u010dujemo v vsakdanjem \u017eivljenju: na vrtu, v parkih in na ulicah. Ob prilo\u017enostih, ko jo popihamo iz mestnega vrve\u017ea, seznam dopolnijo najpogostej\u0161e gozdne, pode\u017eelske, vodne, gorske ptice.<\/p>\n<p>Morda pa si \u017eelimo \u0161e ve\u010d pristnega stika z divjimi \u017eivimi bitji v svoji neposredni okolici? \u0160tevilni ljubitelji ptic si svoje \u017eivljenjsko okolje, zlasti vrtove, uredijo tako, da vanj privabijo prosto\u017eive\u010de ptice, ki jim prina\u0161ajo veselje in nova spoznanja o njihovem \u017eivljenju in vpetosti v naravo. Eden od korakov k pticam prijaznemu vrtu je name\u0161\u010danje gnezdilnic.<\/p>\n<p>Gnezdilnice nadome\u0161\u010dajo naravna dupla ali druge oblike pti\u010djih gnezdi\u0161\u010d, na primer gnezdilne ni\u0161e na stavbah. Drevesna dupla v naravi so vse bolj redka. Debela, napol trhla drevesa, v katere detli in \u017eolne vsako leto na sve\u017ee ste\u0161ejo svoje gnezdilne kamrice, v sodobnem gozdu ali sadovnjaku \u017eal najve\u010dkrat nimajo kaj iskati. Tako primanjkuje naravnih gnezdi\u0161\u010d tudi za tiste ptice duplarice, ki si same ne te\u0161ejo dupel in naselijo zapu\u0161\u010deno duplo tesarskega mojstra. To so razli\u010dne vrste sinic, brglez, poljski vrabec, \u0161korec, vijeglavka, smrdokavra, belovrati muhar, pogorel\u010dek, nekatere sove \u2026 Nekatere med njimi so zaradi preve\u010d intenzivnega spreminjanja njihovega \u017eivljenjskega prostora s strani \u010dloveka postale zelo ogro\u017eene. Podobno se godi pticam, ki so svoj nemalokrat nadomestni \u017eivljenjski prostor na\u0161le na ali v stavbah \u010dlove\u0161kih naselbin, sedaj pa so od tam pregnane. Sodobna gradnja in prenova stavb potreb pernatih sostanovalcev najpogosteje namre\u010d ne upo\u0161teva.<\/p>\n<p>Pomanjkanje naravnih dupel in gnezdilnih ni\u0161 lahko za nekatere ptice nadomestimo z name\u0161\u010danjem gnezdilnic tudi v svojem vrtu in na svoji hi\u0161i oz. pripadajo\u010dih objektih. Najpogosteje name\u0161\u010damo klasi\u010dne gnezdilnice z okroglo vhodno odprtinico primerne velikosti ter t.i. gnezdilne ni\u0161e, ki imajo namesto okrogle odprtinice odprto vso zgornjo polovico prednje stranice. To so gnezdilnice, ki ustrezajo razli\u010dnim vrstam malih ptic pevk.<\/p>\n<p>Ptice jih bodo z veseljem naselile in v njih uspe\u0161no vzredile svoj zarod, v kolikor bo izpolnjenih nekaj osnovnih pogojev:<\/p>\n<ul>\n<li>Gnezdilnica mora biti name\u0161\u010dena dovolj visoko (3 \u2013 5 m) in pritrjena \u010dvrsto. Tako je varna pred plenilci, med katerimi je \u0161tevilka ena gotovo doma\u010da ma\u010dka, ter pred tem, da bi se snela z nosilca (drevesa, stene, nadstre\u0161ka) in v pogubo odnesla pti\u010dji zarod. Najbolj\u0161e mesto je trdno drevesno deblo ali lesen nosilec pod napu\u0161\u010dem.<\/li>\n<li>Biti mora prezra\u010dena. Odprtinica pri klasi\u010dni gnezdilnici, skozi katero vstopa in izstopa ptica, ne zadostuje, saj ne omogo\u010da kro\u017eenja zraka. Za to poskrbita nekaj milimetrski re\u017ei med streho in sprednjo ter zadnjo stranico.<\/li>\n<li>Ne sme biti name\u0161\u010dena tako, da je ves dan izpostavljena \u017ego\u010demu soncu, saj se v tak\u0161ni gnezdilnici mladi\u010di lahko preve\u010d pregrevajo.<\/li>\n<li>V \u010dasu gnezdenja gnezdilnice ne odpiramo in ptic ne vznemirjamo. \u010ce \u017eelimo zarod pokazati otrokom z izobra\u017eevalnim namenom, to storimo izjemoma in sicer v \u010dasu, ko so mladi\u010di stari vsaj teden dni (zapi\u0161emo si dan, ko sta jim star\u0161a pri\u010dela prina\u0161ati hrano). Otroke pou\u010dimo o ranljivosti zaroda.<\/li>\n<li>Vsako leto jo po kon\u010dani gnezditvi, najbolje jeseni, o\u010distimo, da se v njej ne zaredijo zajedavci. Tako bo imel pti\u010dji par v prihodnjem letu ve\u010djo mo\u017enost, da uspe\u0161no vzredi zarod. Pri \u010di\u0161\u010denju seveda ne uporabljamo \u010distil. Zadostuje, da odstranimo star gnezdni material in notranjost o\u010distimo s krpo ali sesalcem. Morda bo zadostovala \u017ee kar sapa iz mo\u010dnej\u0161ih plju\u010d!<\/li>\n<li>Poleg na\u0161tetega poskrbimo tudi za to, da z namestitvijo gnezdilnice ne po\u0161kodujemo rasto\u010dega drevesa (vsakih nekaj let razrahljamo objemno \u017eico).<\/li>\n<\/ul>\n<p>Ne zadostuje pa zgolj pravilno name\u0161\u010dena gnezdilnica, saj ptice poleg gnezdi\u0161\u010da potrebujejo tudi dovolj hrane! Na vrtovih, ki so po dana\u0161njih merilih zgledno urejeni, je skoraj zagotovo ne bodo na\u0161le dovolj. Preve\u010d skrben gospodar, ki ne dopu\u0161\u010da, da bi \u0161la narava vsaj malo svojo pot tudi na njegovem vrtu, bo ptice te\u017eko privabil h gnezdenju vanj. Predstavljajte si, da vam zgradijo \u010dudovito hi\u0161o \u2013 sredi Sahare, brez mo\u017enosti oskrbe s hrano in vodo. Tudi \u010de bi imela klimatsko napravo, je gotovo ne bi sprejeli niti zastonj. Na\u0161i vrtovi so lahko prave zelene pu\u0161\u010dave, \u010de za svojo zelenico skrbimo s herbicidi, umetnimi gnojili in ve\u010dkrat letno ko\u0161njo do zadnje travne bilke. Tudi intenzivna vzgoja nizkodebelnega sadnega drevja, na katerem se z vse mogo\u010dimi kemi\u010dnimi sredstvi borimo proti tekmecem, ki objedajo liste in plodove, ne bo prinesla ni\u010d dobrega. Nenazadnje ka\u017ee razmisliti tudi o tem, kako u\u017eitno je tak\u0161no sadje za nas same.<\/p>\n<p>Nasprotno bodo ptice naselile vrtove, v katerih bo zelenica rasla nekoliko po svoje vsaj v metrskem pasu ob \u017eivi meji. Zeli\u0161\u010d med travinjem se ne bomo ustra\u0161ili in jih bomo pozdravili kot okrasne in koristne rastline, med katerimi bodo ptice na\u0161le marsikak\u0161en zalogaj hrane za svoje mladi\u010de. Namesto drevesa, ki daje debele, a s kemikalijami natrte plodove, bo v pticam prijaznem vrtu stalo sadno visokodebelno drevo stare odporne sorte, ki ne potrebuje \u0161kropljenja. Nanj lahko namestimo gnezdilnico, s\u010dasoma pa se bo v deblu morda pojavilo celo naravno duplo. \u010ce v vrtu najdemo \u0161e kak prostor za plodonosno grmovnico, kot je na primer dobrovita, brogovita, \u010de\u0161min, \u0161ipek, bezeg, dren ali trdoleska, se pogostih pti\u010djih obiskov lahko nadejamo tudi pozimi.<\/p>\n<p>In ne skrbite \u2013 \u010de boste vi prijazni do ptic, bodo tudi one do vas. V tak\u0161nem \u00bbbio\u00ab vrtu bodo na povsem sprejemljiv na\u010din pokon\u010dale veliko \u017eivalic, ki jih obi\u010dajno prepoznamo zgolj kot \u0161kodljivce, da si ne bodo odvzele prevelikega dele\u017ea od na\u0161ih pridelkov. Nekaj pa jim lahko tudi prepustimo, glede na to, da so \u0161e kako pomembne za naravne procese, zaradi katerih na zemlji sploh lahko \u017eivimo tudi mi.<\/p>\n<p>Na\u010drte za izdelavo gnezdilnic in \u0161e mnogo drugih koristnih nasvetov ter informacij o pticah, ki zasedajo gnezdilnice, najdete na spletni strani <a href=\"http:\/\/www.gnezdilnice.si\/\">www.gnezdilnice.si<\/a>.<strong><br \/>\n<\/strong><\/p>\n","protected":false},"excerpt":{"rendered":"<p>Likovno delavnica Izdelovanje gnezdilnic je bila v soboto 24. januarja 2009 ob 9.30 v dru\u0161tvenih prostorih na Slovenski cesti 30 v Meng\u0161u. Delavnico je vodila Ur\u0161a Koce. [http:\/\/www.youtube.com\/watch?v=a-kgHNSwVHE] Komentar voditeljice delavnice Ur\u0161e Koce Ptice so Zemljo poselile \u017ee davno pred prihodom \u010dloveka. Nenehno spreminjajo\u010de se okolje je v milijonih let pripomoglo k temu, da so [&hellip;]<\/p>\n","protected":false},"author":2,"featured_media":0,"parent":299,"menu_order":0,"comment_status":"closed","ping_status":"closed","template":"","meta":{"footnotes":""},"class_list":["post-419","page","type-page","status-publish","hentry"],"jetpack_sharing_enabled":true,"jetpack_shortlink":"https:\/\/wp.me\/P73nhm-6L","jetpack-related-posts":[],"_links":{"self":[{"href":"https:\/\/www.kdfjm.si\/index.php?rest_route=\/wp\/v2\/pages\/419","targetHints":{"allow":["GET"]}}],"collection":[{"href":"https:\/\/www.kdfjm.si\/index.php?rest_route=\/wp\/v2\/pages"}],"about":[{"href":"https:\/\/www.kdfjm.si\/index.php?rest_route=\/wp\/v2\/types\/page"}],"author":[{"embeddable":true,"href":"https:\/\/www.kdfjm.si\/index.php?rest_route=\/wp\/v2\/users\/2"}],"replies":[{"embeddable":true,"href":"https:\/\/www.kdfjm.si\/index.php?rest_route=%2Fwp%2Fv2%2Fcomments&post=419"}],"version-history":[{"count":10,"href":"https:\/\/www.kdfjm.si\/index.php?rest_route=\/wp\/v2\/pages\/419\/revisions"}],"predecessor-version":[{"id":3543,"href":"https:\/\/www.kdfjm.si\/index.php?rest_route=\/wp\/v2\/pages\/419\/revisions\/3543"}],"up":[{"embeddable":true,"href":"https:\/\/www.kdfjm.si\/index.php?rest_route=\/wp\/v2\/pages\/299"}],"wp:attachment":[{"href":"https:\/\/www.kdfjm.si\/index.php?rest_route=%2Fwp%2Fv2%2Fmedia&parent=419"}],"curies":[{"name":"wp","href":"https:\/\/api.w.org\/{rel}","templated":true}]}}