{"id":404,"date":"2009-01-07T10:28:41","date_gmt":"2009-01-07T09:28:41","guid":{"rendered":"http:\/\/www.kdfjm.si\/?page_id=404"},"modified":"2015-10-11T21:29:46","modified_gmt":"2015-10-11T20:29:46","slug":"izdelovanje-jaslic-iz-gline-2007","status":"publish","type":"page","link":"https:\/\/www.kdfjm.si\/?page_id=404","title":{"rendered":"Izdelovanje jaslic iz gline 2007"},"content":{"rendered":"<p>Likovna delavnica Izdelovanje jaslic iz gline, ki jo je vodil Janez \u0160krlep, je bila v petek 21. decembra 2007 med 18. in 20. uro v dru\u0161tvenih prostorih na Slovenski cesti 30 v Meng\u0161u.<\/p>\n<p><strong><div class=\"slideshow\"><div id=\"ngg_slideshow564041\" class=\"ngg-slideshow owl-carousel\" style=\"max-width: px; max-height: px;\"><img data-recalc-dims=\"1\" decoding=\"async\" src=\"https:\/\/i0.wp.com\/www.kdfjm.si\/wp-content\/gallery\/izdelovanje-jaslic-iz-gline-2007\/20071221-20071221-P07_0016.jpg?ssl=1\" alt=\"20071221-20071221-P07_0016.jpg\" style=\"max-width: px; max-height: px; width: auto; height:auto; margin:auto\"><img data-recalc-dims=\"1\" decoding=\"async\" src=\"https:\/\/i0.wp.com\/www.kdfjm.si\/wp-content\/gallery\/izdelovanje-jaslic-iz-gline-2007\/20071221-20071221-P07_0017.jpg?ssl=1\" alt=\"20071221-20071221-P07_0017.jpg\" style=\"max-width: px; max-height: px; width: auto; height:auto; margin:auto\"><img data-recalc-dims=\"1\" decoding=\"async\" src=\"https:\/\/i0.wp.com\/www.kdfjm.si\/wp-content\/gallery\/izdelovanje-jaslic-iz-gline-2007\/20071221-20071221-P07_0019.jpg?ssl=1\" alt=\"20071221-20071221-P07_0019.jpg\" style=\"max-width: px; max-height: px; width: auto; height:auto; margin:auto\"><img data-recalc-dims=\"1\" decoding=\"async\" src=\"https:\/\/i0.wp.com\/www.kdfjm.si\/wp-content\/gallery\/izdelovanje-jaslic-iz-gline-2007\/20071221-20071221-P07_0020.jpg?ssl=1\" alt=\"20071221-20071221-P07_0020.jpg\" style=\"max-width: px; max-height: px; width: auto; height:auto; margin:auto\"><img data-recalc-dims=\"1\" decoding=\"async\" src=\"https:\/\/i0.wp.com\/www.kdfjm.si\/wp-content\/gallery\/izdelovanje-jaslic-iz-gline-2007\/20071221-20071221-P07_0022.jpg?ssl=1\" alt=\"20071221-20071221-P07_0022.jpg\" style=\"max-width: px; max-height: px; width: auto; height:auto; margin:auto\"><img data-recalc-dims=\"1\" decoding=\"async\" src=\"https:\/\/i0.wp.com\/www.kdfjm.si\/wp-content\/gallery\/izdelovanje-jaslic-iz-gline-2007\/20071221-20071221-P07_0023.jpg?ssl=1\" alt=\"20071221-20071221-P07_0023.jpg\" style=\"max-width: px; max-height: px; width: auto; height:auto; margin:auto\"><img data-recalc-dims=\"1\" decoding=\"async\" src=\"https:\/\/i0.wp.com\/www.kdfjm.si\/wp-content\/gallery\/izdelovanje-jaslic-iz-gline-2007\/20071221-20071221-P07_0024.jpg?ssl=1\" alt=\"20071221-20071221-P07_0024.jpg\" style=\"max-width: px; max-height: px; width: auto; height:auto; margin:auto\"><img data-recalc-dims=\"1\" decoding=\"async\" src=\"https:\/\/i0.wp.com\/www.kdfjm.si\/wp-content\/gallery\/izdelovanje-jaslic-iz-gline-2007\/20071221-20071221-P07_0026.jpg?ssl=1\" alt=\"20071221-20071221-P07_0026.jpg\" style=\"max-width: px; max-height: px; width: auto; height:auto; margin:auto\"><img data-recalc-dims=\"1\" decoding=\"async\" src=\"https:\/\/i0.wp.com\/www.kdfjm.si\/wp-content\/gallery\/izdelovanje-jaslic-iz-gline-2007\/20071221-20071221-P07_0027.jpg?ssl=1\" alt=\"20071221-20071221-P07_0027.jpg\" style=\"max-width: px; max-height: px; width: auto; height:auto; margin:auto\"><img data-recalc-dims=\"1\" decoding=\"async\" src=\"https:\/\/i0.wp.com\/www.kdfjm.si\/wp-content\/gallery\/izdelovanje-jaslic-iz-gline-2007\/20071221-20071221-P07_0029.jpg?ssl=1\" alt=\"20071221-20071221-P07_0029.jpg\" style=\"max-width: px; max-height: px; width: auto; height:auto; margin:auto\"><img data-recalc-dims=\"1\" decoding=\"async\" src=\"https:\/\/i0.wp.com\/www.kdfjm.si\/wp-content\/gallery\/izdelovanje-jaslic-iz-gline-2007\/20071221-20071221-P07_0032.jpg?ssl=1\" alt=\"20071221-20071221-P07_0032.jpg\" style=\"max-width: px; max-height: px; width: auto; height:auto; margin:auto\"><img data-recalc-dims=\"1\" decoding=\"async\" src=\"https:\/\/i0.wp.com\/www.kdfjm.si\/wp-content\/gallery\/izdelovanje-jaslic-iz-gline-2007\/20071221-20071221-P07_0033.jpg?ssl=1\" alt=\"20071221-20071221-P07_0033.jpg\" style=\"max-width: px; max-height: px; width: auto; height:auto; margin:auto\"><img data-recalc-dims=\"1\" decoding=\"async\" src=\"https:\/\/i0.wp.com\/www.kdfjm.si\/wp-content\/gallery\/izdelovanje-jaslic-iz-gline-2007\/20071221-20071221-P07_0034.jpg?ssl=1\" alt=\"20071221-20071221-P07_0034.jpg\" style=\"max-width: px; max-height: px; width: auto; height:auto; margin:auto\"><img data-recalc-dims=\"1\" decoding=\"async\" src=\"https:\/\/i0.wp.com\/www.kdfjm.si\/wp-content\/gallery\/izdelovanje-jaslic-iz-gline-2007\/20071221-20071221-P07_0035.jpg?ssl=1\" alt=\"20071221-20071221-P07_0035.jpg\" style=\"max-width: px; max-height: px; width: auto; height:auto; margin:auto\"><\/div><\/div>\n\n<script type=\"text\/javascript\">jQuery(document).ready(function($) {\r\n\t\t\tvar owl = $('#ngg_slideshow564041');\r\n\t\t\towl.owlCarousel({\r\n\t\t\t\titems: 1,\r\n\t\t\t\tautoHeight: false,\r\n\t            dots: true,\r\n\t            autoplay: true,\r\n\t\t\t\tautoplayTimeout: 3000,\r\n\t\t\t\tautoplayHoverPause: true,\r\n\t\t\t\tanimateIn: 'fadeIn',\r\n\t\t\t\tanimateOut: 'fadeOut',\r\n\t\t\t\tloop: true,\r\n\t\t\t\tmouseDrag: true,\r\n\t\t\t\ttouchDrag: true\r\n\t\t\t});\nowl.click( function () {\r\n                    owl.trigger( 'next.owl.carousel' );\r\n                } );});\n<\/script><\/strong><\/p>\n","protected":false},"excerpt":{"rendered":"<p>Likovna delavnica Izdelovanje jaslic iz gline, ki jo je vodil Janez \u0160krlep, je bila v petek 21. decembra 2007 med 18. in 20. uro v dru\u0161tvenih prostorih na Slovenski cesti 30 v Meng\u0161u.<\/p>\n","protected":false},"author":2,"featured_media":0,"parent":299,"menu_order":0,"comment_status":"closed","ping_status":"closed","template":"","meta":{"footnotes":""},"class_list":["post-404","page","type-page","status-publish","hentry"],"jetpack_sharing_enabled":true,"jetpack_shortlink":"https:\/\/wp.me\/P73nhm-6w","jetpack-related-posts":[],"_links":{"self":[{"href":"https:\/\/www.kdfjm.si\/index.php?rest_route=\/wp\/v2\/pages\/404","targetHints":{"allow":["GET"]}}],"collection":[{"href":"https:\/\/www.kdfjm.si\/index.php?rest_route=\/wp\/v2\/pages"}],"about":[{"href":"https:\/\/www.kdfjm.si\/index.php?rest_route=\/wp\/v2\/types\/page"}],"author":[{"embeddable":true,"href":"https:\/\/www.kdfjm.si\/index.php?rest_route=\/wp\/v2\/users\/2"}],"replies":[{"embeddable":true,"href":"https:\/\/www.kdfjm.si\/index.php?rest_route=%2Fwp%2Fv2%2Fcomments&post=404"}],"version-history":[{"count":5,"href":"https:\/\/www.kdfjm.si\/index.php?rest_route=\/wp\/v2\/pages\/404\/revisions"}],"predecessor-version":[{"id":406,"href":"https:\/\/www.kdfjm.si\/index.php?rest_route=\/wp\/v2\/pages\/404\/revisions\/406"}],"up":[{"embeddable":true,"href":"https:\/\/www.kdfjm.si\/index.php?rest_route=\/wp\/v2\/pages\/299"}],"wp:attachment":[{"href":"https:\/\/www.kdfjm.si\/index.php?rest_route=%2Fwp%2Fv2%2Fmedia&parent=404"}],"curies":[{"name":"wp","href":"https:\/\/api.w.org\/{rel}","templated":true}]}}