{"id":3816,"date":"2016-03-30T21:04:27","date_gmt":"2016-03-30T20:04:27","guid":{"rendered":"http:\/\/www.kdfjm.si\/?page_id=3816"},"modified":"2016-03-30T21:12:30","modified_gmt":"2016-03-30T20:12:30","slug":"knjizica-camera-obscura-velikanka-2015","status":"publish","type":"page","link":"https:\/\/www.kdfjm.si\/?page_id=3816","title":{"rendered":"Knji\u017eica Camera obscura velikanka 2015"},"content":{"rendered":"<p>Na dana\u0161nji Ta veseli dan kulture je iz\u0161la knji\u017eica <a href=\"http:\/\/www.kdfjm.si\/wp-content\/uploads\/2015\/12\/COVelikankaKnjiga2015KDFJM2015splet.pdf\">Camera obscura velikanka 2015<\/a>.<\/p>\n","protected":false},"excerpt":{"rendered":"<p>Na dana\u0161nji Ta veseli dan kulture je iz\u0161la knji\u017eica Camera obscura velikanka 2015.<\/p>\n","protected":false},"author":4,"featured_media":0,"parent":606,"menu_order":0,"comment_status":"closed","ping_status":"closed","template":"","meta":{"footnotes":""},"class_list":["post-3816","page","type-page","status-publish","hentry"],"jetpack_sharing_enabled":true,"jetpack_shortlink":"https:\/\/wp.me\/P73nhm-Zy","jetpack-related-posts":[],"_links":{"self":[{"href":"https:\/\/www.kdfjm.si\/index.php?rest_route=\/wp\/v2\/pages\/3816","targetHints":{"allow":["GET"]}}],"collection":[{"href":"https:\/\/www.kdfjm.si\/index.php?rest_route=\/wp\/v2\/pages"}],"about":[{"href":"https:\/\/www.kdfjm.si\/index.php?rest_route=\/wp\/v2\/types\/page"}],"author":[{"embeddable":true,"href":"https:\/\/www.kdfjm.si\/index.php?rest_route=\/wp\/v2\/users\/4"}],"replies":[{"embeddable":true,"href":"https:\/\/www.kdfjm.si\/index.php?rest_route=%2Fwp%2Fv2%2Fcomments&post=3816"}],"version-history":[{"count":1,"href":"https:\/\/www.kdfjm.si\/index.php?rest_route=\/wp\/v2\/pages\/3816\/revisions"}],"predecessor-version":[{"id":3817,"href":"https:\/\/www.kdfjm.si\/index.php?rest_route=\/wp\/v2\/pages\/3816\/revisions\/3817"}],"up":[{"embeddable":true,"href":"https:\/\/www.kdfjm.si\/index.php?rest_route=\/wp\/v2\/pages\/606"}],"wp:attachment":[{"href":"https:\/\/www.kdfjm.si\/index.php?rest_route=%2Fwp%2Fv2%2Fmedia&parent=3816"}],"curies":[{"name":"wp","href":"https:\/\/api.w.org\/{rel}","templated":true}]}}