{"id":3808,"date":"2016-03-30T11:19:21","date_gmt":"2016-03-30T10:19:21","guid":{"rendered":"http:\/\/www.kdfjm.si\/?page_id=3808"},"modified":"2016-03-30T11:20:20","modified_gmt":"2016-03-30T10:20:20","slug":"spuscanje-raket-na-mengeskem-polju-pri-lipcah","status":"publish","type":"page","link":"https:\/\/www.kdfjm.si\/?page_id=3808","title":{"rendered":"Spu\u0161\u010danje raket na menge\u0161kem polju pri Lipcah"},"content":{"rendered":"<p>Nekaj preteklih sobot jeseni 2015 smo v dru\u0161tveni kleti izdelovali rakete in jih na menge\u0161kem polju pognali v vi\u0161ave.<\/p>\n<div class=\"slideshow\"><div id=\"ngg_slideshow31138081\" class=\"ngg-slideshow owl-carousel\" style=\"max-width: 500px; max-height: 500px;\"><img data-recalc-dims=\"1\" decoding=\"async\" src=\"https:\/\/i0.wp.com\/www.kdfjm.si\/wp-content\/gallery\/rakete-2015\/rakete2015kdfjm-4913.jpg?ssl=1\" alt=\"rakete2015kdfjm-4913\" style=\"max-width: 500px; max-height: 500px; width: auto; height:auto; margin:auto\"><img data-recalc-dims=\"1\" decoding=\"async\" src=\"https:\/\/i0.wp.com\/www.kdfjm.si\/wp-content\/gallery\/rakete-2015\/rakete2015kdfjm-4921.jpg?ssl=1\" alt=\"rakete2015kdfjm-4921\" style=\"max-width: 500px; max-height: 500px; width: auto; height:auto; margin:auto\"><img data-recalc-dims=\"1\" decoding=\"async\" src=\"https:\/\/i0.wp.com\/www.kdfjm.si\/wp-content\/gallery\/rakete-2015\/rakete2015kdfjm-4969.jpg?ssl=1\" alt=\"rakete2015kdfjm-4969\" style=\"max-width: 500px; max-height: 500px; width: auto; height:auto; margin:auto\"><img data-recalc-dims=\"1\" decoding=\"async\" src=\"https:\/\/i0.wp.com\/www.kdfjm.si\/wp-content\/gallery\/rakete-2015\/rakete2015kdfjm-5001.jpg?ssl=1\" alt=\"rakete2015kdfjm-5001\" style=\"max-width: 500px; max-height: 500px; width: auto; height:auto; margin:auto\"><img data-recalc-dims=\"1\" decoding=\"async\" src=\"https:\/\/i0.wp.com\/www.kdfjm.si\/wp-content\/gallery\/rakete-2015\/rakete2015kdfjm-5005.jpg?ssl=1\" alt=\"rakete2015kdfjm-5005\" style=\"max-width: 500px; max-height: 500px; width: auto; height:auto; margin:auto\"><img data-recalc-dims=\"1\" decoding=\"async\" src=\"https:\/\/i0.wp.com\/www.kdfjm.si\/wp-content\/gallery\/rakete-2015\/rakete2015kdfjm-5017.jpg?ssl=1\" alt=\"rakete2015kdfjm-5017\" style=\"max-width: 500px; max-height: 500px; width: auto; height:auto; margin:auto\"><img data-recalc-dims=\"1\" decoding=\"async\" src=\"https:\/\/i0.wp.com\/www.kdfjm.si\/wp-content\/gallery\/rakete-2015\/rakete2015kdfjm-5027.jpg?ssl=1\" alt=\"rakete2015kdfjm-5027\" style=\"max-width: 500px; max-height: 500px; width: auto; height:auto; margin:auto\"><img data-recalc-dims=\"1\" decoding=\"async\" src=\"https:\/\/i0.wp.com\/www.kdfjm.si\/wp-content\/gallery\/rakete-2015\/rakete2015kdfjm-5037.jpg?ssl=1\" alt=\"rakete2015kdfjm-5037\" style=\"max-width: 500px; max-height: 500px; width: auto; height:auto; margin:auto\"><img data-recalc-dims=\"1\" decoding=\"async\" src=\"https:\/\/i0.wp.com\/www.kdfjm.si\/wp-content\/gallery\/rakete-2015\/rakete2015kdfjm-7050.jpg?ssl=1\" alt=\"rakete2015kdfjm-7050\" style=\"max-width: 500px; max-height: 500px; width: auto; height:auto; margin:auto\"><img data-recalc-dims=\"1\" decoding=\"async\" src=\"https:\/\/i0.wp.com\/www.kdfjm.si\/wp-content\/gallery\/rakete-2015\/rakete2015kdfjm-7052.jpg?ssl=1\" alt=\"rakete2015kdfjm-7052\" style=\"max-width: 500px; max-height: 500px; width: auto; height:auto; margin:auto\"><img data-recalc-dims=\"1\" decoding=\"async\" src=\"https:\/\/i0.wp.com\/www.kdfjm.si\/wp-content\/gallery\/rakete-2015\/rakete2015kdfjm-7056.jpg?ssl=1\" alt=\"rakete2015kdfjm-7056\" style=\"max-width: 500px; max-height: 500px; width: auto; height:auto; margin:auto\"><img data-recalc-dims=\"1\" decoding=\"async\" src=\"https:\/\/i0.wp.com\/www.kdfjm.si\/wp-content\/gallery\/rakete-2015\/rakete2015kdfjm-7059.jpg?ssl=1\" alt=\"rakete2015kdfjm-7059\" style=\"max-width: 500px; max-height: 500px; width: auto; height:auto; margin:auto\"><img data-recalc-dims=\"1\" decoding=\"async\" src=\"https:\/\/i0.wp.com\/www.kdfjm.si\/wp-content\/gallery\/rakete-2015\/rakete2015kdfjm-7061.jpg?ssl=1\" alt=\"rakete2015kdfjm-7061\" style=\"max-width: 500px; max-height: 500px; width: auto; height:auto; margin:auto\"><img data-recalc-dims=\"1\" decoding=\"async\" src=\"https:\/\/i0.wp.com\/www.kdfjm.si\/wp-content\/gallery\/rakete-2015\/rakete2015kdfjm-7070.jpg?ssl=1\" alt=\"rakete2015kdfjm-7070\" style=\"max-width: 500px; max-height: 500px; width: auto; height:auto; margin:auto\"><img data-recalc-dims=\"1\" decoding=\"async\" src=\"https:\/\/i0.wp.com\/www.kdfjm.si\/wp-content\/gallery\/rakete-2015\/rakete2015kdfjm-7072.jpg?ssl=1\" alt=\"rakete2015kdfjm-7072\" style=\"max-width: 500px; max-height: 500px; width: auto; height:auto; margin:auto\"><img data-recalc-dims=\"1\" decoding=\"async\" src=\"https:\/\/i0.wp.com\/www.kdfjm.si\/wp-content\/gallery\/rakete-2015\/rakete2015kdfjm-7080.jpg?ssl=1\" alt=\"rakete2015kdfjm-7080\" style=\"max-width: 500px; max-height: 500px; width: auto; height:auto; margin:auto\"><img data-recalc-dims=\"1\" decoding=\"async\" src=\"https:\/\/i0.wp.com\/www.kdfjm.si\/wp-content\/gallery\/rakete-2015\/rakete2015kdfjm-7081.jpg?ssl=1\" alt=\"rakete2015kdfjm-7081\" style=\"max-width: 500px; max-height: 500px; width: auto; height:auto; margin:auto\"><img data-recalc-dims=\"1\" decoding=\"async\" src=\"https:\/\/i0.wp.com\/www.kdfjm.si\/wp-content\/gallery\/rakete-2015\/rakete2015kdfjm-7083.jpg?ssl=1\" alt=\"rakete2015kdfjm-7083\" style=\"max-width: 500px; max-height: 500px; width: auto; height:auto; margin:auto\"><img data-recalc-dims=\"1\" decoding=\"async\" src=\"https:\/\/i0.wp.com\/www.kdfjm.si\/wp-content\/gallery\/rakete-2015\/rakete2015kdfjm-7089.jpg?ssl=1\" alt=\"rakete2015kdfjm-7089\" style=\"max-width: 500px; max-height: 500px; width: auto; height:auto; margin:auto\"><img data-recalc-dims=\"1\" decoding=\"async\" src=\"https:\/\/i0.wp.com\/www.kdfjm.si\/wp-content\/gallery\/rakete-2015\/rakete2015kdfjm-7112.jpg?ssl=1\" alt=\"rakete2015kdfjm-7112\" style=\"max-width: 500px; max-height: 500px; width: auto; height:auto; margin:auto\"><img data-recalc-dims=\"1\" decoding=\"async\" src=\"https:\/\/i0.wp.com\/www.kdfjm.si\/wp-content\/gallery\/rakete-2015\/rakete2015kdfjm-7094.jpg?ssl=1\" alt=\"rakete2015kdfjm-7094\" style=\"max-width: 500px; max-height: 500px; width: auto; height:auto; margin:auto\"><img data-recalc-dims=\"1\" decoding=\"async\" src=\"https:\/\/i0.wp.com\/www.kdfjm.si\/wp-content\/gallery\/rakete-2015\/rakete2015kdfjm-7097.jpg?ssl=1\" alt=\"rakete2015kdfjm-7097\" style=\"max-width: 500px; max-height: 500px; width: auto; height:auto; margin:auto\"><img data-recalc-dims=\"1\" decoding=\"async\" src=\"https:\/\/i0.wp.com\/www.kdfjm.si\/wp-content\/gallery\/rakete-2015\/rakete2015kdfjm-7101.jpg?ssl=1\" alt=\"rakete2015kdfjm-7101\" style=\"max-width: 500px; max-height: 500px; width: auto; height:auto; margin:auto\"><img data-recalc-dims=\"1\" decoding=\"async\" src=\"https:\/\/i0.wp.com\/www.kdfjm.si\/wp-content\/gallery\/rakete-2015\/rakete2015kdfjm-7109.jpg?ssl=1\" alt=\"rakete2015kdfjm-7109\" style=\"max-width: 500px; max-height: 500px; width: auto; height:auto; margin:auto\"><img data-recalc-dims=\"1\" decoding=\"async\" src=\"https:\/\/i0.wp.com\/www.kdfjm.si\/wp-content\/gallery\/rakete-2015\/rakete2015kdfjm-7110.jpg?ssl=1\" alt=\"rakete2015kdfjm-7110\" style=\"max-width: 500px; max-height: 500px; width: auto; height:auto; margin:auto\"><img data-recalc-dims=\"1\" decoding=\"async\" src=\"https:\/\/i0.wp.com\/www.kdfjm.si\/wp-content\/gallery\/rakete-2015\/rakete2015kdfjm-7114.jpg?ssl=1\" alt=\"rakete2015kdfjm-7114\" style=\"max-width: 500px; max-height: 500px; width: auto; height:auto; margin:auto\"><img data-recalc-dims=\"1\" decoding=\"async\" src=\"https:\/\/i0.wp.com\/www.kdfjm.si\/wp-content\/gallery\/rakete-2015\/rakete2015kdfjm-7122.jpg?ssl=1\" alt=\"rakete2015kdfjm-7122\" style=\"max-width: 500px; max-height: 500px; width: auto; height:auto; margin:auto\"><img data-recalc-dims=\"1\" decoding=\"async\" src=\"https:\/\/i0.wp.com\/www.kdfjm.si\/wp-content\/gallery\/rakete-2015\/rakete2015kdfjm-7129.jpg?ssl=1\" alt=\"rakete2015kdfjm-7129\" style=\"max-width: 500px; max-height: 500px; width: auto; height:auto; margin:auto\"><\/div><\/div>\n\n<script type=\"text\/javascript\">jQuery(document).ready(function($) {\r\n\t\t\tvar owl = $('#ngg_slideshow31138081');\r\n\t\t\towl.owlCarousel({\r\n\t\t\t\titems: 1,\r\n\t\t\t\tautoHeight: false,\r\n\t            dots: true,\r\n\t            autoplay: true,\r\n\t\t\t\tautoplayTimeout: 3000,\r\n\t\t\t\tautoplayHoverPause: true,\r\n\t\t\t\tanimateIn: 'fadeIn',\r\n\t\t\t\tanimateOut: 'fadeOut',\r\n\t\t\t\tloop: true,\r\n\t\t\t\tmouseDrag: true,\r\n\t\t\t\ttouchDrag: true\r\n\t\t\t});\nowl.click( function () {\r\n                    owl.trigger( 'next.owl.carousel' );\r\n                } );});\n<\/script>\n","protected":false},"excerpt":{"rendered":"<p>Nekaj preteklih sobot jeseni 2015 smo v dru\u0161tveni kleti izdelovali rakete in jih na menge\u0161kem polju pognali v vi\u0161ave.<\/p>\n","protected":false},"author":4,"featured_media":0,"parent":606,"menu_order":0,"comment_status":"closed","ping_status":"closed","template":"","meta":{"footnotes":""},"class_list":["post-3808","page","type-page","status-publish","hentry"],"jetpack_sharing_enabled":true,"jetpack_shortlink":"https:\/\/wp.me\/P73nhm-Zq","jetpack-related-posts":[],"_links":{"self":[{"href":"https:\/\/www.kdfjm.si\/index.php?rest_route=\/wp\/v2\/pages\/3808","targetHints":{"allow":["GET"]}}],"collection":[{"href":"https:\/\/www.kdfjm.si\/index.php?rest_route=\/wp\/v2\/pages"}],"about":[{"href":"https:\/\/www.kdfjm.si\/index.php?rest_route=\/wp\/v2\/types\/page"}],"author":[{"embeddable":true,"href":"https:\/\/www.kdfjm.si\/index.php?rest_route=\/wp\/v2\/users\/4"}],"replies":[{"embeddable":true,"href":"https:\/\/www.kdfjm.si\/index.php?rest_route=%2Fwp%2Fv2%2Fcomments&post=3808"}],"version-history":[{"count":1,"href":"https:\/\/www.kdfjm.si\/index.php?rest_route=\/wp\/v2\/pages\/3808\/revisions"}],"predecessor-version":[{"id":3809,"href":"https:\/\/www.kdfjm.si\/index.php?rest_route=\/wp\/v2\/pages\/3808\/revisions\/3809"}],"up":[{"embeddable":true,"href":"https:\/\/www.kdfjm.si\/index.php?rest_route=\/wp\/v2\/pages\/606"}],"wp:attachment":[{"href":"https:\/\/www.kdfjm.si\/index.php?rest_route=%2Fwp%2Fv2%2Fmedia&parent=3808"}],"curies":[{"name":"wp","href":"https:\/\/api.w.org\/{rel}","templated":true}]}}