{"id":3801,"date":"2016-03-30T10:28:58","date_gmt":"2016-03-30T09:28:58","guid":{"rendered":"http:\/\/www.kdfjm.si\/?page_id=3801"},"modified":"2016-03-30T10:36:09","modified_gmt":"2016-03-30T09:36:09","slug":"kurjenje-pusta-2016","status":"publish","type":"page","link":"https:\/\/www.kdfjm.si\/?page_id=3801","title":{"rendered":"Kurjenje pusta 2016"},"content":{"rendered":"<p>Na travniku v Pristavi smo 9. februarja 2016 zve\u010der, ko je pustno rajanje popu\u0161\u010dalo, zakurili pustne maske in pokopali pusta.<\/p>\n<div class=\"slideshow\"><div id=\"ngg_slideshow31938011\" class=\"ngg-slideshow owl-carousel\" style=\"max-width: 500px; max-height: 500px;\"><img data-recalc-dims=\"1\" decoding=\"async\" src=\"https:\/\/i0.wp.com\/www.kdfjm.si\/wp-content\/gallery\/kurjenje-pusta-2016\/3611kurjenjepustakdfjm2016.jpg?ssl=1\" alt=\"3611kurjenjepustakdfjm2016\" style=\"max-width: 500px; max-height: 500px; width: auto; height:auto; margin:auto\"><img data-recalc-dims=\"1\" decoding=\"async\" src=\"https:\/\/i0.wp.com\/www.kdfjm.si\/wp-content\/gallery\/kurjenje-pusta-2016\/3613kurjenjepustakdfjm2016.jpg?ssl=1\" alt=\"3613kurjenjepustakdfjm2016\" style=\"max-width: 500px; max-height: 500px; width: auto; height:auto; margin:auto\"><img data-recalc-dims=\"1\" decoding=\"async\" src=\"https:\/\/i0.wp.com\/www.kdfjm.si\/wp-content\/gallery\/kurjenje-pusta-2016\/3614kurjenjepustakdfjm2016.jpg?ssl=1\" alt=\"3614kurjenjepustakdfjm2016\" style=\"max-width: 500px; max-height: 500px; width: auto; height:auto; margin:auto\"><img data-recalc-dims=\"1\" decoding=\"async\" src=\"https:\/\/i0.wp.com\/www.kdfjm.si\/wp-content\/gallery\/kurjenje-pusta-2016\/3617kurjenjepustakdfjm2016.jpg?ssl=1\" alt=\"3617kurjenjepustakdfjm2016\" style=\"max-width: 500px; max-height: 500px; width: auto; height:auto; margin:auto\"><img data-recalc-dims=\"1\" decoding=\"async\" src=\"https:\/\/i0.wp.com\/www.kdfjm.si\/wp-content\/gallery\/kurjenje-pusta-2016\/3618kurjenjepustakdfjm2016.jpg?ssl=1\" alt=\"3618kurjenjepustakdfjm2016\" style=\"max-width: 500px; max-height: 500px; width: auto; height:auto; margin:auto\"><img data-recalc-dims=\"1\" decoding=\"async\" src=\"https:\/\/i0.wp.com\/www.kdfjm.si\/wp-content\/gallery\/kurjenje-pusta-2016\/3620kurjenjepustakdfjm2016.jpg?ssl=1\" alt=\"3620kurjenjepustakdfjm2016\" style=\"max-width: 500px; max-height: 500px; width: auto; height:auto; margin:auto\"><img data-recalc-dims=\"1\" decoding=\"async\" src=\"https:\/\/i0.wp.com\/www.kdfjm.si\/wp-content\/gallery\/kurjenje-pusta-2016\/3628kurjenjepustakdfjm2016.jpg?ssl=1\" alt=\"3628kurjenjepustakdfjm2016\" style=\"max-width: 500px; max-height: 500px; width: auto; height:auto; margin:auto\"><img data-recalc-dims=\"1\" decoding=\"async\" src=\"https:\/\/i0.wp.com\/www.kdfjm.si\/wp-content\/gallery\/kurjenje-pusta-2016\/3630kurjenjepustakdfjm2016.jpg?ssl=1\" alt=\"3630kurjenjepustakdfjm2016\" style=\"max-width: 500px; max-height: 500px; width: auto; height:auto; margin:auto\"><img data-recalc-dims=\"1\" decoding=\"async\" src=\"https:\/\/i0.wp.com\/www.kdfjm.si\/wp-content\/gallery\/kurjenje-pusta-2016\/3631kurjenjepustakdfjm2016.jpg?ssl=1\" alt=\"3631kurjenjepustakdfjm2016\" style=\"max-width: 500px; max-height: 500px; width: auto; height:auto; margin:auto\"><img data-recalc-dims=\"1\" decoding=\"async\" src=\"https:\/\/i0.wp.com\/www.kdfjm.si\/wp-content\/gallery\/kurjenje-pusta-2016\/3633kurjenjepustakdfjm2016.jpg?ssl=1\" alt=\"3633kurjenjepustakdfjm2016\" style=\"max-width: 500px; max-height: 500px; width: auto; height:auto; margin:auto\"><\/div><\/div>\n\n<script type=\"text\/javascript\">jQuery(document).ready(function($) {\r\n\t\t\tvar owl = $('#ngg_slideshow31938011');\r\n\t\t\towl.owlCarousel({\r\n\t\t\t\titems: 1,\r\n\t\t\t\tautoHeight: false,\r\n\t            dots: true,\r\n\t            autoplay: true,\r\n\t\t\t\tautoplayTimeout: 3000,\r\n\t\t\t\tautoplayHoverPause: true,\r\n\t\t\t\tanimateIn: 'fadeIn',\r\n\t\t\t\tanimateOut: 'fadeOut',\r\n\t\t\t\tloop: true,\r\n\t\t\t\tmouseDrag: true,\r\n\t\t\t\ttouchDrag: true\r\n\t\t\t});\nowl.click( function () {\r\n                    owl.trigger( 'next.owl.carousel' );\r\n                } );});\n<\/script>\n","protected":false},"excerpt":{"rendered":"<p>Na travniku v Pristavi smo 9. februarja 2016 zve\u010der, ko je pustno rajanje popu\u0161\u010dalo, zakurili pustne maske in pokopali pusta.<\/p>\n","protected":false},"author":4,"featured_media":0,"parent":606,"menu_order":0,"comment_status":"closed","ping_status":"closed","template":"","meta":{"footnotes":""},"class_list":["post-3801","page","type-page","status-publish","hentry"],"jetpack_sharing_enabled":true,"jetpack_shortlink":"https:\/\/wp.me\/P73nhm-Zj","jetpack-related-posts":[],"_links":{"self":[{"href":"https:\/\/www.kdfjm.si\/index.php?rest_route=\/wp\/v2\/pages\/3801","targetHints":{"allow":["GET"]}}],"collection":[{"href":"https:\/\/www.kdfjm.si\/index.php?rest_route=\/wp\/v2\/pages"}],"about":[{"href":"https:\/\/www.kdfjm.si\/index.php?rest_route=\/wp\/v2\/types\/page"}],"author":[{"embeddable":true,"href":"https:\/\/www.kdfjm.si\/index.php?rest_route=\/wp\/v2\/users\/4"}],"replies":[{"embeddable":true,"href":"https:\/\/www.kdfjm.si\/index.php?rest_route=%2Fwp%2Fv2%2Fcomments&post=3801"}],"version-history":[{"count":4,"href":"https:\/\/www.kdfjm.si\/index.php?rest_route=\/wp\/v2\/pages\/3801\/revisions"}],"predecessor-version":[{"id":3807,"href":"https:\/\/www.kdfjm.si\/index.php?rest_route=\/wp\/v2\/pages\/3801\/revisions\/3807"}],"up":[{"embeddable":true,"href":"https:\/\/www.kdfjm.si\/index.php?rest_route=\/wp\/v2\/pages\/606"}],"wp:attachment":[{"href":"https:\/\/www.kdfjm.si\/index.php?rest_route=%2Fwp%2Fv2%2Fmedia&parent=3801"}],"curies":[{"name":"wp","href":"https:\/\/api.w.org\/{rel}","templated":true}]}}