{"id":3795,"date":"2016-03-30T10:20:39","date_gmt":"2016-03-30T09:20:39","guid":{"rendered":"http:\/\/www.kdfjm.si\/?page_id=3795"},"modified":"2016-03-30T10:23:10","modified_gmt":"2016-03-30T09:23:10","slug":"menges-na-karticah","status":"publish","type":"page","link":"https:\/\/www.kdfjm.si\/?page_id=3795","title":{"rendered":"Menge\u0161 na karticah"},"content":{"rendered":"<p>Ponovno so ob priliki dneva kulture iz\u0161le kartice s podobami Meng\u0161a.<\/p>\n<p><a href=\"https:\/\/i0.wp.com\/www.kdfjm.si\/wp-content\/uploads\/2015\/12\/20151204-PET_24791.jpg\"><img data-recalc-dims=\"1\" loading=\"lazy\" decoding=\"async\" data-attachment-id=\"3650\" data-permalink=\"https:\/\/www.kdfjm.si\/?attachment_id=3650\" data-orig-file=\"https:\/\/i0.wp.com\/www.kdfjm.si\/wp-content\/uploads\/2015\/12\/20151204-PET_24791.jpg?fit=1772%2C1183&amp;ssl=1\" data-orig-size=\"1772,1183\" data-comments-opened=\"0\" data-image-meta=\"{&quot;aperture&quot;:&quot;6.3&quot;,&quot;credit&quot;:&quot;PeterSkrlep&quot;,&quot;camera&quot;:&quot;CORPORATION&quot;,&quot;caption&quot;:&quot;&quot;,&quot;created_timestamp&quot;:&quot;1449229558&quot;,&quot;copyright&quot;:&quot;PeterSkrlepStudioPrimerMenges&quot;,&quot;focal_length&quot;:&quot;70&quot;,&quot;iso&quot;:&quot;200&quot;,&quot;shutter_speed&quot;:&quot;0.002&quot;,&quot;title&quot;:&quot;&quot;,&quot;orientation&quot;:&quot;1&quot;}\" data-image-title=\"20151204-PET_2479(1)\" data-image-description=\"\" data-image-caption=\"\" data-large-file=\"https:\/\/i0.wp.com\/www.kdfjm.si\/wp-content\/uploads\/2015\/12\/20151204-PET_24791.jpg?fit=1024%2C684&amp;ssl=1\" class=\"aligncenter wp-image-3650\" src=\"https:\/\/i0.wp.com\/www.kdfjm.si\/wp-content\/uploads\/2015\/12\/20151204-PET_24791-300x200.jpg?resize=416%2C277\" alt=\"20151204-PET_2479(1)\" width=\"416\" height=\"277\" srcset=\"https:\/\/i0.wp.com\/www.kdfjm.si\/wp-content\/uploads\/2015\/12\/20151204-PET_24791.jpg?resize=300%2C200&amp;ssl=1 300w, https:\/\/i0.wp.com\/www.kdfjm.si\/wp-content\/uploads\/2015\/12\/20151204-PET_24791.jpg?resize=1024%2C684&amp;ssl=1 1024w, https:\/\/i0.wp.com\/www.kdfjm.si\/wp-content\/uploads\/2015\/12\/20151204-PET_24791.jpg?w=1772&amp;ssl=1 1772w\" sizes=\"auto, (max-width: 416px) 100vw, 416px\" \/><\/a><\/p>\n","protected":false},"excerpt":{"rendered":"<p>Ponovno so ob priliki dneva kulture iz\u0161le kartice s podobami Meng\u0161a.<\/p>\n","protected":false},"author":4,"featured_media":0,"parent":606,"menu_order":0,"comment_status":"closed","ping_status":"closed","template":"","meta":{"footnotes":""},"class_list":["post-3795","page","type-page","status-publish","hentry"],"jetpack_sharing_enabled":true,"jetpack_shortlink":"https:\/\/wp.me\/P73nhm-Zd","jetpack-related-posts":[],"_links":{"self":[{"href":"https:\/\/www.kdfjm.si\/index.php?rest_route=\/wp\/v2\/pages\/3795","targetHints":{"allow":["GET"]}}],"collection":[{"href":"https:\/\/www.kdfjm.si\/index.php?rest_route=\/wp\/v2\/pages"}],"about":[{"href":"https:\/\/www.kdfjm.si\/index.php?rest_route=\/wp\/v2\/types\/page"}],"author":[{"embeddable":true,"href":"https:\/\/www.kdfjm.si\/index.php?rest_route=\/wp\/v2\/users\/4"}],"replies":[{"embeddable":true,"href":"https:\/\/www.kdfjm.si\/index.php?rest_route=%2Fwp%2Fv2%2Fcomments&post=3795"}],"version-history":[{"count":1,"href":"https:\/\/www.kdfjm.si\/index.php?rest_route=\/wp\/v2\/pages\/3795\/revisions"}],"predecessor-version":[{"id":3796,"href":"https:\/\/www.kdfjm.si\/index.php?rest_route=\/wp\/v2\/pages\/3795\/revisions\/3796"}],"up":[{"embeddable":true,"href":"https:\/\/www.kdfjm.si\/index.php?rest_route=\/wp\/v2\/pages\/606"}],"wp:attachment":[{"href":"https:\/\/www.kdfjm.si\/index.php?rest_route=%2Fwp%2Fv2%2Fmedia&parent=3795"}],"curies":[{"name":"wp","href":"https:\/\/api.w.org\/{rel}","templated":true}]}}