{"id":3792,"date":"2016-03-30T10:18:22","date_gmt":"2016-03-30T09:18:22","guid":{"rendered":"http:\/\/www.kdfjm.si\/?page_id=3792"},"modified":"2016-03-30T10:24:15","modified_gmt":"2016-03-30T09:24:15","slug":"spalir-svec-za-kulturni-praznik","status":"publish","type":"page","link":"https:\/\/www.kdfjm.si\/?page_id=3792","title":{"rendered":"\u0160palir sve\u010d za kulturni praznik"},"content":{"rendered":"<p>7. februarja 2016 zve\u010der smo ob glavnih cestah v Meng\u0161u postavili \u0161palir sve\u010d, tako da so mimoido\u010di lahko za\u010dutili slovesnost bli\u017eajo\u010dega se praznika.<\/p>\n<div class=\"slideshow\"><div id=\"ngg_slideshow31837921\" class=\"ngg-slideshow owl-carousel\" style=\"max-width: 500px; max-height: 500px;\"><img data-recalc-dims=\"1\" decoding=\"async\" src=\"https:\/\/i0.wp.com\/www.kdfjm.si\/wp-content\/gallery\/kulturni-praznik-2016\/spalirkulturnipraznik07022016kdfjm-3451.jpg?ssl=1\" alt=\"spalirkulturnipraznik07022016kdfjm-3451\" style=\"max-width: 500px; max-height: 500px; width: auto; height:auto; margin:auto\"><img data-recalc-dims=\"1\" decoding=\"async\" src=\"https:\/\/i0.wp.com\/www.kdfjm.si\/wp-content\/gallery\/kulturni-praznik-2016\/spalirkulturnipraznik07022016kdfjm-3457.jpg?ssl=1\" alt=\"spalirkulturnipraznik07022016kdfjm-3457\" style=\"max-width: 500px; max-height: 500px; width: auto; height:auto; margin:auto\"><img data-recalc-dims=\"1\" decoding=\"async\" src=\"https:\/\/i0.wp.com\/www.kdfjm.si\/wp-content\/gallery\/kulturni-praznik-2016\/spalirkulturnipraznik07022016kdfjm-3459.jpg?ssl=1\" alt=\"spalirkulturnipraznik07022016kdfjm-3459\" style=\"max-width: 500px; max-height: 500px; width: auto; height:auto; margin:auto\"><img data-recalc-dims=\"1\" decoding=\"async\" src=\"https:\/\/i0.wp.com\/www.kdfjm.si\/wp-content\/gallery\/kulturni-praznik-2016\/spalirkulturnipraznik07022016kdfjm-3461.jpg?ssl=1\" alt=\"spalirkulturnipraznik07022016kdfjm-3461\" style=\"max-width: 500px; max-height: 500px; width: auto; height:auto; margin:auto\"><img data-recalc-dims=\"1\" decoding=\"async\" src=\"https:\/\/i0.wp.com\/www.kdfjm.si\/wp-content\/gallery\/kulturni-praznik-2016\/spalirkulturnipraznik07022016kdfjm-3471.jpg?ssl=1\" alt=\"spalirkulturnipraznik07022016kdfjm-3471\" style=\"max-width: 500px; max-height: 500px; width: auto; height:auto; margin:auto\"><img data-recalc-dims=\"1\" decoding=\"async\" src=\"https:\/\/i0.wp.com\/www.kdfjm.si\/wp-content\/gallery\/kulturni-praznik-2016\/spalirkulturnipraznik07022016kdfjm-3476.jpg?ssl=1\" alt=\"spalirkulturnipraznik07022016kdfjm-3476\" style=\"max-width: 500px; max-height: 500px; width: auto; height:auto; margin:auto\"><img data-recalc-dims=\"1\" decoding=\"async\" src=\"https:\/\/i0.wp.com\/www.kdfjm.si\/wp-content\/gallery\/kulturni-praznik-2016\/spalirkulturnipraznik07022016kdfjm-3479.jpg?ssl=1\" alt=\"spalirkulturnipraznik07022016kdfjm-3479\" style=\"max-width: 500px; max-height: 500px; width: auto; height:auto; margin:auto\"><img data-recalc-dims=\"1\" decoding=\"async\" src=\"https:\/\/i0.wp.com\/www.kdfjm.si\/wp-content\/gallery\/kulturni-praznik-2016\/spalirkulturnipraznik07022016kdfjm-3486.jpg?ssl=1\" alt=\"spalirkulturnipraznik07022016kdfjm-3486\" style=\"max-width: 500px; max-height: 500px; width: auto; height:auto; margin:auto\"><img data-recalc-dims=\"1\" decoding=\"async\" src=\"https:\/\/i0.wp.com\/www.kdfjm.si\/wp-content\/gallery\/kulturni-praznik-2016\/spalirkulturnipraznik07022016kdfjm-3490.jpg?ssl=1\" alt=\"spalirkulturnipraznik07022016kdfjm-3490\" style=\"max-width: 500px; max-height: 500px; width: auto; height:auto; margin:auto\"><img data-recalc-dims=\"1\" decoding=\"async\" src=\"https:\/\/i0.wp.com\/www.kdfjm.si\/wp-content\/gallery\/kulturni-praznik-2016\/spalirkulturnipraznik07022016kdfjm-3493.jpg?ssl=1\" alt=\"spalirkulturnipraznik07022016kdfjm-3493\" style=\"max-width: 500px; max-height: 500px; width: auto; height:auto; margin:auto\"><img data-recalc-dims=\"1\" decoding=\"async\" src=\"https:\/\/i0.wp.com\/www.kdfjm.si\/wp-content\/gallery\/kulturni-praznik-2016\/spalirkulturnipraznik07022016kdfjm-3496.jpg?ssl=1\" alt=\"spalirkulturnipraznik07022016kdfjm-3496\" style=\"max-width: 500px; max-height: 500px; width: auto; height:auto; margin:auto\"><\/div><\/div>\n\n<script type=\"text\/javascript\">jQuery(document).ready(function($) {\r\n\t\t\tvar owl = $('#ngg_slideshow31837921');\r\n\t\t\towl.owlCarousel({\r\n\t\t\t\titems: 1,\r\n\t\t\t\tautoHeight: false,\r\n\t            dots: true,\r\n\t            autoplay: true,\r\n\t\t\t\tautoplayTimeout: 3000,\r\n\t\t\t\tautoplayHoverPause: true,\r\n\t\t\t\tanimateIn: 'fadeIn',\r\n\t\t\t\tanimateOut: 'fadeOut',\r\n\t\t\t\tloop: true,\r\n\t\t\t\tmouseDrag: true,\r\n\t\t\t\ttouchDrag: true\r\n\t\t\t});\nowl.click( function () {\r\n                    owl.trigger( 'next.owl.carousel' );\r\n                } );});\n<\/script>\n","protected":false},"excerpt":{"rendered":"<p>7. februarja 2016 zve\u010der smo ob glavnih cestah v Meng\u0161u postavili \u0161palir sve\u010d, tako da so mimoido\u010di lahko za\u010dutili slovesnost bli\u017eajo\u010dega se praznika.<\/p>\n","protected":false},"author":4,"featured_media":0,"parent":606,"menu_order":0,"comment_status":"closed","ping_status":"closed","template":"","meta":{"footnotes":""},"class_list":["post-3792","page","type-page","status-publish","hentry"],"jetpack_sharing_enabled":true,"jetpack_shortlink":"https:\/\/wp.me\/P73nhm-Za","jetpack-related-posts":[],"_links":{"self":[{"href":"https:\/\/www.kdfjm.si\/index.php?rest_route=\/wp\/v2\/pages\/3792","targetHints":{"allow":["GET"]}}],"collection":[{"href":"https:\/\/www.kdfjm.si\/index.php?rest_route=\/wp\/v2\/pages"}],"about":[{"href":"https:\/\/www.kdfjm.si\/index.php?rest_route=\/wp\/v2\/types\/page"}],"author":[{"embeddable":true,"href":"https:\/\/www.kdfjm.si\/index.php?rest_route=\/wp\/v2\/users\/4"}],"replies":[{"embeddable":true,"href":"https:\/\/www.kdfjm.si\/index.php?rest_route=%2Fwp%2Fv2%2Fcomments&post=3792"}],"version-history":[{"count":1,"href":"https:\/\/www.kdfjm.si\/index.php?rest_route=\/wp\/v2\/pages\/3792\/revisions"}],"predecessor-version":[{"id":3793,"href":"https:\/\/www.kdfjm.si\/index.php?rest_route=\/wp\/v2\/pages\/3792\/revisions\/3793"}],"up":[{"embeddable":true,"href":"https:\/\/www.kdfjm.si\/index.php?rest_route=\/wp\/v2\/pages\/606"}],"wp:attachment":[{"href":"https:\/\/www.kdfjm.si\/index.php?rest_route=%2Fwp%2Fv2%2Fmedia&parent=3792"}],"curies":[{"name":"wp","href":"https:\/\/api.w.org\/{rel}","templated":true}]}}