{"id":3789,"date":"2016-03-30T10:16:41","date_gmt":"2016-03-30T09:16:41","guid":{"rendered":"http:\/\/www.kdfjm.si\/?page_id=3789"},"modified":"2016-03-30T10:23:47","modified_gmt":"2016-03-30T09:23:47","slug":"spalir-svec-na-svecnico-2016","status":"publish","type":"page","link":"https:\/\/www.kdfjm.si\/?page_id=3789","title":{"rendered":"\u0160palir sve\u010d na sve\u010dnico 2016"},"content":{"rendered":"<p>Ob sve\u010dnici, Gospodovem darovanju, 2. februarja, je okolica menge\u0161ke cerkve zasijala v plamenih. Sve\u010dke so pri\u017egali in v \u0161palir postavili predstavniki vseh starosti na\u0161ega dru\u0161tva.<\/p>\n<div class=\"slideshow\"><div id=\"ngg_slideshow31737891\" class=\"ngg-slideshow owl-carousel\" style=\"max-width: 500px; max-height: 500px;\"><img data-recalc-dims=\"1\" decoding=\"async\" src=\"https:\/\/i0.wp.com\/www.kdfjm.si\/wp-content\/gallery\/svecnica-2016\/3387svecnicakdfjmfotopeterskrlep2016.jpg?ssl=1\" alt=\"3387svecnicakdfjmfotopeterskrlep2016\" style=\"max-width: 500px; max-height: 500px; width: auto; height:auto; margin:auto\"><img data-recalc-dims=\"1\" decoding=\"async\" src=\"https:\/\/i0.wp.com\/www.kdfjm.si\/wp-content\/gallery\/svecnica-2016\/3395svecnicakdfjmfotopeterskrlep2016.jpg?ssl=1\" alt=\"3395svecnicakdfjmfotopeterskrlep2016\" style=\"max-width: 500px; max-height: 500px; width: auto; height:auto; margin:auto\"><img data-recalc-dims=\"1\" decoding=\"async\" src=\"https:\/\/i0.wp.com\/www.kdfjm.si\/wp-content\/gallery\/svecnica-2016\/3396svecnicakdfjmfotopeterskrlep2016.jpg?ssl=1\" alt=\"3396svecnicakdfjmfotopeterskrlep2016\" style=\"max-width: 500px; max-height: 500px; width: auto; height:auto; margin:auto\"><img data-recalc-dims=\"1\" decoding=\"async\" src=\"https:\/\/i0.wp.com\/www.kdfjm.si\/wp-content\/gallery\/svecnica-2016\/3397svecnicakdfjmfotopeterskrlep2016.jpg?ssl=1\" alt=\"3397svecnicakdfjmfotopeterskrlep2016\" style=\"max-width: 500px; max-height: 500px; width: auto; height:auto; margin:auto\"><img data-recalc-dims=\"1\" decoding=\"async\" src=\"https:\/\/i0.wp.com\/www.kdfjm.si\/wp-content\/gallery\/svecnica-2016\/3399svecnicakdfjmfotopeterskrlep2016.jpg?ssl=1\" alt=\"3399svecnicakdfjmfotopeterskrlep2016\" style=\"max-width: 500px; max-height: 500px; width: auto; height:auto; margin:auto\"><img data-recalc-dims=\"1\" decoding=\"async\" src=\"https:\/\/i0.wp.com\/www.kdfjm.si\/wp-content\/gallery\/svecnica-2016\/3401svecnicakdfjmfotopeterskrlep2016.jpg?ssl=1\" alt=\"3401svecnicakdfjmfotopeterskrlep2016\" style=\"max-width: 500px; max-height: 500px; width: auto; height:auto; margin:auto\"><img data-recalc-dims=\"1\" decoding=\"async\" src=\"https:\/\/i0.wp.com\/www.kdfjm.si\/wp-content\/gallery\/svecnica-2016\/3403svecnicakdfjmfotopeterskrlep2016.jpg?ssl=1\" alt=\"3403svecnicakdfjmfotopeterskrlep2016\" style=\"max-width: 500px; max-height: 500px; width: auto; height:auto; margin:auto\"><img data-recalc-dims=\"1\" decoding=\"async\" src=\"https:\/\/i0.wp.com\/www.kdfjm.si\/wp-content\/gallery\/svecnica-2016\/3412svecnicakdfjmfotopeterskrlep2016.jpg?ssl=1\" alt=\"3412svecnicakdfjmfotopeterskrlep2016\" style=\"max-width: 500px; max-height: 500px; width: auto; height:auto; margin:auto\"><img data-recalc-dims=\"1\" decoding=\"async\" src=\"https:\/\/i0.wp.com\/www.kdfjm.si\/wp-content\/gallery\/svecnica-2016\/3414svecnicakdfjmfotopeterskrlep2016.jpg?ssl=1\" alt=\"3414svecnicakdfjmfotopeterskrlep2016\" style=\"max-width: 500px; max-height: 500px; width: auto; height:auto; margin:auto\"><img data-recalc-dims=\"1\" decoding=\"async\" src=\"https:\/\/i0.wp.com\/www.kdfjm.si\/wp-content\/gallery\/svecnica-2016\/3426svecnicakdfjmfotopeterskrlep2016.jpg?ssl=1\" alt=\"3426svecnicakdfjmfotopeterskrlep2016\" style=\"max-width: 500px; max-height: 500px; width: auto; height:auto; margin:auto\"><img data-recalc-dims=\"1\" decoding=\"async\" src=\"https:\/\/i0.wp.com\/www.kdfjm.si\/wp-content\/gallery\/svecnica-2016\/3442svecnicakdfjmfotopeterskrlep2016.jpg?ssl=1\" alt=\"3442svecnicakdfjmfotopeterskrlep2016\" style=\"max-width: 500px; max-height: 500px; width: auto; height:auto; margin:auto\"><img data-recalc-dims=\"1\" decoding=\"async\" src=\"https:\/\/i0.wp.com\/www.kdfjm.si\/wp-content\/gallery\/svecnica-2016\/3445svecnicakdfjmfotopeterskrlep2016.jpg?ssl=1\" alt=\"3445svecnicakdfjmfotopeterskrlep2016\" style=\"max-width: 500px; max-height: 500px; width: auto; height:auto; margin:auto\"><\/div><\/div>\n\n<script type=\"text\/javascript\">jQuery(document).ready(function($) {\r\n\t\t\tvar owl = $('#ngg_slideshow31737891');\r\n\t\t\towl.owlCarousel({\r\n\t\t\t\titems: 1,\r\n\t\t\t\tautoHeight: false,\r\n\t            dots: true,\r\n\t            autoplay: true,\r\n\t\t\t\tautoplayTimeout: 3000,\r\n\t\t\t\tautoplayHoverPause: true,\r\n\t\t\t\tanimateIn: 'fadeIn',\r\n\t\t\t\tanimateOut: 'fadeOut',\r\n\t\t\t\tloop: true,\r\n\t\t\t\tmouseDrag: true,\r\n\t\t\t\ttouchDrag: true\r\n\t\t\t});\nowl.click( function () {\r\n                    owl.trigger( 'next.owl.carousel' );\r\n                } );});\n<\/script>\n","protected":false},"excerpt":{"rendered":"<p>Ob sve\u010dnici, Gospodovem darovanju, 2. februarja, je okolica menge\u0161ke cerkve zasijala v plamenih. Sve\u010dke so pri\u017egali in v \u0161palir postavili predstavniki vseh starosti na\u0161ega dru\u0161tva.<\/p>\n","protected":false},"author":4,"featured_media":0,"parent":606,"menu_order":0,"comment_status":"closed","ping_status":"closed","template":"","meta":{"footnotes":""},"class_list":["post-3789","page","type-page","status-publish","hentry"],"jetpack_sharing_enabled":true,"jetpack_shortlink":"https:\/\/wp.me\/P73nhm-Z7","jetpack-related-posts":[],"_links":{"self":[{"href":"https:\/\/www.kdfjm.si\/index.php?rest_route=\/wp\/v2\/pages\/3789","targetHints":{"allow":["GET"]}}],"collection":[{"href":"https:\/\/www.kdfjm.si\/index.php?rest_route=\/wp\/v2\/pages"}],"about":[{"href":"https:\/\/www.kdfjm.si\/index.php?rest_route=\/wp\/v2\/types\/page"}],"author":[{"embeddable":true,"href":"https:\/\/www.kdfjm.si\/index.php?rest_route=\/wp\/v2\/users\/4"}],"replies":[{"embeddable":true,"href":"https:\/\/www.kdfjm.si\/index.php?rest_route=%2Fwp%2Fv2%2Fcomments&post=3789"}],"version-history":[{"count":1,"href":"https:\/\/www.kdfjm.si\/index.php?rest_route=\/wp\/v2\/pages\/3789\/revisions"}],"predecessor-version":[{"id":3790,"href":"https:\/\/www.kdfjm.si\/index.php?rest_route=\/wp\/v2\/pages\/3789\/revisions\/3790"}],"up":[{"embeddable":true,"href":"https:\/\/www.kdfjm.si\/index.php?rest_route=\/wp\/v2\/pages\/606"}],"wp:attachment":[{"href":"https:\/\/www.kdfjm.si\/index.php?rest_route=%2Fwp%2Fv2%2Fmedia&parent=3789"}],"curies":[{"name":"wp","href":"https:\/\/api.w.org\/{rel}","templated":true}]}}