{"id":3772,"date":"2016-03-29T08:50:49","date_gmt":"2016-03-29T07:50:49","guid":{"rendered":"http:\/\/www.kdfjm.si\/?page_id=3772"},"modified":"2016-03-29T08:53:57","modified_gmt":"2016-03-29T07:53:57","slug":"izdelovanje-zegnov-za-cvetno-nedeljo-2016","status":"publish","type":"page","link":"https:\/\/www.kdfjm.si\/?page_id=3772","title":{"rendered":"Izdelovanje \u017eegnov za Cvetno nedeljo 2016"},"content":{"rendered":"<p>\u017degne smo izdelovali v petek, 18. marca 2016, ob 17. uri pred Jelov\u0161kovim spomenikom pri menge\u0161ki cerkvi. Zelenje smo nabirali prej\u0161nji dan.<\/p>\n<div class=\"slideshow\"><div id=\"ngg_slideshow32237721\" class=\"ngg-slideshow owl-carousel\" style=\"max-width: 500px; max-height: 500px;\"><img data-recalc-dims=\"1\" decoding=\"async\" src=\"https:\/\/i0.wp.com\/www.kdfjm.si\/wp-content\/gallery\/izdelovanje-zegnov-2016\/zegni_menges_kdfjelovsek_2016-3690.jpg?ssl=1\" alt=\"zegni_menges_kdfjelovsek_2016-3690\" style=\"max-width: 500px; max-height: 500px; width: auto; height:auto; margin:auto\"><img data-recalc-dims=\"1\" decoding=\"async\" src=\"https:\/\/i0.wp.com\/www.kdfjm.si\/wp-content\/gallery\/izdelovanje-zegnov-2016\/zegni_menges_kdfjelovsek_2016-3691.jpg?ssl=1\" alt=\"zegni_menges_kdfjelovsek_2016-3691\" style=\"max-width: 500px; max-height: 500px; width: auto; height:auto; margin:auto\"><img data-recalc-dims=\"1\" decoding=\"async\" src=\"https:\/\/i0.wp.com\/www.kdfjm.si\/wp-content\/gallery\/izdelovanje-zegnov-2016\/zegni_menges_kdfjelovsek_2016-3692.jpg?ssl=1\" alt=\"zegni_menges_kdfjelovsek_2016-3692\" style=\"max-width: 500px; max-height: 500px; width: auto; height:auto; margin:auto\"><img data-recalc-dims=\"1\" decoding=\"async\" src=\"https:\/\/i0.wp.com\/www.kdfjm.si\/wp-content\/gallery\/izdelovanje-zegnov-2016\/zegni_menges_kdfjelovsek_2016-3693.jpg?ssl=1\" alt=\"zegni_menges_kdfjelovsek_2016-3693\" style=\"max-width: 500px; max-height: 500px; width: auto; height:auto; margin:auto\"><img data-recalc-dims=\"1\" decoding=\"async\" src=\"https:\/\/i0.wp.com\/www.kdfjm.si\/wp-content\/gallery\/izdelovanje-zegnov-2016\/zegni_menges_kdfjelovsek_2016-3698.jpg?ssl=1\" alt=\"zegni_menges_kdfjelovsek_2016-3698\" style=\"max-width: 500px; max-height: 500px; width: auto; height:auto; margin:auto\"><img data-recalc-dims=\"1\" decoding=\"async\" src=\"https:\/\/i0.wp.com\/www.kdfjm.si\/wp-content\/gallery\/izdelovanje-zegnov-2016\/zegni_menges_kdfjelovsek_2016-3700.jpg?ssl=1\" alt=\"zegni_menges_kdfjelovsek_2016-3700\" style=\"max-width: 500px; max-height: 500px; width: auto; height:auto; margin:auto\"><img data-recalc-dims=\"1\" decoding=\"async\" src=\"https:\/\/i0.wp.com\/www.kdfjm.si\/wp-content\/gallery\/izdelovanje-zegnov-2016\/zegni_menges_kdfjelovsek_2016-3701.jpg?ssl=1\" alt=\"zegni_menges_kdfjelovsek_2016-3701\" style=\"max-width: 500px; max-height: 500px; width: auto; height:auto; margin:auto\"><img data-recalc-dims=\"1\" decoding=\"async\" src=\"https:\/\/i0.wp.com\/www.kdfjm.si\/wp-content\/gallery\/izdelovanje-zegnov-2016\/zegni_menges_kdfjelovsek_2016-3705.jpg?ssl=1\" alt=\"zegni_menges_kdfjelovsek_2016-3705\" style=\"max-width: 500px; max-height: 500px; width: auto; height:auto; margin:auto\"><img data-recalc-dims=\"1\" decoding=\"async\" src=\"https:\/\/i0.wp.com\/www.kdfjm.si\/wp-content\/gallery\/izdelovanje-zegnov-2016\/zegni_menges_kdfjelovsek_2016-3706.jpg?ssl=1\" alt=\"zegni_menges_kdfjelovsek_2016-3706\" style=\"max-width: 500px; max-height: 500px; width: auto; height:auto; margin:auto\"><img data-recalc-dims=\"1\" decoding=\"async\" src=\"https:\/\/i0.wp.com\/www.kdfjm.si\/wp-content\/gallery\/izdelovanje-zegnov-2016\/zegni_menges_kdfjelovsek_2016-3710.jpg?ssl=1\" alt=\"zegni_menges_kdfjelovsek_2016-3710\" style=\"max-width: 500px; max-height: 500px; width: auto; height:auto; margin:auto\"><img data-recalc-dims=\"1\" decoding=\"async\" src=\"https:\/\/i0.wp.com\/www.kdfjm.si\/wp-content\/gallery\/izdelovanje-zegnov-2016\/zegni_menges_kdfjelovsek_2016-3712.jpg?ssl=1\" alt=\"zegni_menges_kdfjelovsek_2016-3712\" style=\"max-width: 500px; max-height: 500px; width: auto; height:auto; margin:auto\"><img data-recalc-dims=\"1\" decoding=\"async\" src=\"https:\/\/i0.wp.com\/www.kdfjm.si\/wp-content\/gallery\/izdelovanje-zegnov-2016\/zegni_menges_kdfjelovsek_2016-3721.jpg?ssl=1\" alt=\"zegni_menges_kdfjelovsek_2016-3721\" style=\"max-width: 500px; max-height: 500px; width: auto; height:auto; margin:auto\"><img data-recalc-dims=\"1\" decoding=\"async\" src=\"https:\/\/i0.wp.com\/www.kdfjm.si\/wp-content\/gallery\/izdelovanje-zegnov-2016\/zegni_menges_kdfjelovsek_2016-3727.jpg?ssl=1\" alt=\"zegni_menges_kdfjelovsek_2016-3727\" style=\"max-width: 500px; max-height: 500px; width: auto; height:auto; margin:auto\"><\/div><\/div>\n\n<script type=\"text\/javascript\">jQuery(document).ready(function($) {\r\n\t\t\tvar owl = $('#ngg_slideshow32237721');\r\n\t\t\towl.owlCarousel({\r\n\t\t\t\titems: 1,\r\n\t\t\t\tautoHeight: false,\r\n\t            dots: true,\r\n\t            autoplay: true,\r\n\t\t\t\tautoplayTimeout: 3000,\r\n\t\t\t\tautoplayHoverPause: true,\r\n\t\t\t\tanimateIn: 'fadeIn',\r\n\t\t\t\tanimateOut: 'fadeOut',\r\n\t\t\t\tloop: true,\r\n\t\t\t\tmouseDrag: true,\r\n\t\t\t\ttouchDrag: true\r\n\t\t\t});\nowl.click( function () {\r\n                    owl.trigger( 'next.owl.carousel' );\r\n                } );});\n<\/script>\n","protected":false},"excerpt":{"rendered":"<p>\u017degne smo izdelovali v petek, 18. marca 2016, ob 17. uri pred Jelov\u0161kovim spomenikom pri menge\u0161ki cerkvi. Zelenje smo nabirali prej\u0161nji dan.<\/p>\n","protected":false},"author":4,"featured_media":0,"parent":299,"menu_order":0,"comment_status":"closed","ping_status":"closed","template":"","meta":{"footnotes":""},"class_list":["post-3772","page","type-page","status-publish","hentry"],"jetpack_sharing_enabled":true,"jetpack_shortlink":"https:\/\/wp.me\/P73nhm-YQ","jetpack-related-posts":[],"_links":{"self":[{"href":"https:\/\/www.kdfjm.si\/index.php?rest_route=\/wp\/v2\/pages\/3772","targetHints":{"allow":["GET"]}}],"collection":[{"href":"https:\/\/www.kdfjm.si\/index.php?rest_route=\/wp\/v2\/pages"}],"about":[{"href":"https:\/\/www.kdfjm.si\/index.php?rest_route=\/wp\/v2\/types\/page"}],"author":[{"embeddable":true,"href":"https:\/\/www.kdfjm.si\/index.php?rest_route=\/wp\/v2\/users\/4"}],"replies":[{"embeddable":true,"href":"https:\/\/www.kdfjm.si\/index.php?rest_route=%2Fwp%2Fv2%2Fcomments&post=3772"}],"version-history":[{"count":2,"href":"https:\/\/www.kdfjm.si\/index.php?rest_route=\/wp\/v2\/pages\/3772\/revisions"}],"predecessor-version":[{"id":3776,"href":"https:\/\/www.kdfjm.si\/index.php?rest_route=\/wp\/v2\/pages\/3772\/revisions\/3776"}],"up":[{"embeddable":true,"href":"https:\/\/www.kdfjm.si\/index.php?rest_route=\/wp\/v2\/pages\/299"}],"wp:attachment":[{"href":"https:\/\/www.kdfjm.si\/index.php?rest_route=%2Fwp%2Fv2%2Fmedia&parent=3772"}],"curies":[{"name":"wp","href":"https:\/\/api.w.org\/{rel}","templated":true}]}}