{"id":3768,"date":"2016-03-29T08:39:17","date_gmt":"2016-03-29T07:39:17","guid":{"rendered":"http:\/\/www.kdfjm.si\/?page_id=3768"},"modified":"2016-03-29T08:54:33","modified_gmt":"2016-03-29T07:54:33","slug":"izdelovanje-ladjic-2016","status":"publish","type":"page","link":"https:\/\/www.kdfjm.si\/?page_id=3768","title":{"rendered":"Izdelovanje ladjic 2016"},"content":{"rendered":"<div>Ladjice smo izdelovali na likovni delavnici v soboto, 5. marca 2016, ob 10.00 v dru\u0161tvenih prostorih na Slovenski cesti 30 v Meng\u0161u.<\/div>\n<div>Otroci, ki so naredili najlep\u0161e ladjice iz okolju prijaznih materialov, so bili nagrajeni.<\/div>\n<div><div class=\"slideshow\"><div id=\"ngg_slideshow32137681\" class=\"ngg-slideshow owl-carousel\" style=\"max-width: 500px; max-height: 500px;\"><img data-recalc-dims=\"1\" decoding=\"async\" src=\"https:\/\/i0.wp.com\/www.kdfjm.si\/wp-content\/gallery\/izdelovanje-ladjic-2016\/gregorjevo_menges_kdfjelovsek_2016-3638.jpg?ssl=1\" alt=\"gregorjevo_menges_kdfjelovsek_2016-3638\" style=\"max-width: 500px; max-height: 500px; width: auto; height:auto; margin:auto\"><img data-recalc-dims=\"1\" decoding=\"async\" src=\"https:\/\/i0.wp.com\/www.kdfjm.si\/wp-content\/gallery\/izdelovanje-ladjic-2016\/gregorjevo_menges_kdfjelovsek_2016-3639.jpg?ssl=1\" alt=\"gregorjevo_menges_kdfjelovsek_2016-3639\" style=\"max-width: 500px; max-height: 500px; width: auto; height:auto; margin:auto\"><img data-recalc-dims=\"1\" decoding=\"async\" src=\"https:\/\/i0.wp.com\/www.kdfjm.si\/wp-content\/gallery\/izdelovanje-ladjic-2016\/gregorjevo_menges_kdfjelovsek_2016-3641.jpg?ssl=1\" alt=\"gregorjevo_menges_kdfjelovsek_2016-3641\" style=\"max-width: 500px; max-height: 500px; width: auto; height:auto; margin:auto\"><img data-recalc-dims=\"1\" decoding=\"async\" src=\"https:\/\/i0.wp.com\/www.kdfjm.si\/wp-content\/gallery\/izdelovanje-ladjic-2016\/gregorjevo_menges_kdfjelovsek_2016-3644.jpg?ssl=1\" alt=\"gregorjevo_menges_kdfjelovsek_2016-3644\" style=\"max-width: 500px; max-height: 500px; width: auto; height:auto; margin:auto\"><img data-recalc-dims=\"1\" decoding=\"async\" src=\"https:\/\/i0.wp.com\/www.kdfjm.si\/wp-content\/gallery\/izdelovanje-ladjic-2016\/gregorjevo_menges_kdfjelovsek_2016-3646.jpg?ssl=1\" alt=\"gregorjevo_menges_kdfjelovsek_2016-3646\" style=\"max-width: 500px; max-height: 500px; width: auto; height:auto; margin:auto\"><img data-recalc-dims=\"1\" decoding=\"async\" src=\"https:\/\/i0.wp.com\/www.kdfjm.si\/wp-content\/gallery\/izdelovanje-ladjic-2016\/gregorjevo_menges_kdfjelovsek_2016-3649.jpg?ssl=1\" alt=\"gregorjevo_menges_kdfjelovsek_2016-3649\" style=\"max-width: 500px; max-height: 500px; width: auto; height:auto; margin:auto\"><img data-recalc-dims=\"1\" decoding=\"async\" src=\"https:\/\/i0.wp.com\/www.kdfjm.si\/wp-content\/gallery\/izdelovanje-ladjic-2016\/gregorjevo_menges_kdfjelovsek_2016-3650.jpg?ssl=1\" alt=\"gregorjevo_menges_kdfjelovsek_2016-3650\" style=\"max-width: 500px; max-height: 500px; width: auto; height:auto; margin:auto\"><img data-recalc-dims=\"1\" decoding=\"async\" src=\"https:\/\/i0.wp.com\/www.kdfjm.si\/wp-content\/gallery\/izdelovanje-ladjic-2016\/gregorjevo_menges_kdfjelovsek_2016-3652.jpg?ssl=1\" alt=\"gregorjevo_menges_kdfjelovsek_2016-3652\" style=\"max-width: 500px; max-height: 500px; width: auto; height:auto; margin:auto\"><img data-recalc-dims=\"1\" decoding=\"async\" src=\"https:\/\/i0.wp.com\/www.kdfjm.si\/wp-content\/gallery\/izdelovanje-ladjic-2016\/gregorjevo_menges_kdfjelovsek_2016-3655.jpg?ssl=1\" alt=\"gregorjevo_menges_kdfjelovsek_2016-3655\" style=\"max-width: 500px; max-height: 500px; width: auto; height:auto; margin:auto\"><img data-recalc-dims=\"1\" decoding=\"async\" src=\"https:\/\/i0.wp.com\/www.kdfjm.si\/wp-content\/gallery\/izdelovanje-ladjic-2016\/gregorjevo_menges_kdfjelovsek_2016-3658.jpg?ssl=1\" alt=\"gregorjevo_menges_kdfjelovsek_2016-3658\" style=\"max-width: 500px; max-height: 500px; width: auto; height:auto; margin:auto\"><img data-recalc-dims=\"1\" decoding=\"async\" src=\"https:\/\/i0.wp.com\/www.kdfjm.si\/wp-content\/gallery\/izdelovanje-ladjic-2016\/gregorjevo_menges_kdfjelovsek_2016-3660.jpg?ssl=1\" alt=\"gregorjevo_menges_kdfjelovsek_2016-3660\" style=\"max-width: 500px; max-height: 500px; width: auto; height:auto; margin:auto\"><\/div><\/div>\n\n<script type=\"text\/javascript\">jQuery(document).ready(function($) {\r\n\t\t\tvar owl = $('#ngg_slideshow32137681');\r\n\t\t\towl.owlCarousel({\r\n\t\t\t\titems: 1,\r\n\t\t\t\tautoHeight: false,\r\n\t            dots: true,\r\n\t            autoplay: true,\r\n\t\t\t\tautoplayTimeout: 3000,\r\n\t\t\t\tautoplayHoverPause: true,\r\n\t\t\t\tanimateIn: 'fadeIn',\r\n\t\t\t\tanimateOut: 'fadeOut',\r\n\t\t\t\tloop: true,\r\n\t\t\t\tmouseDrag: true,\r\n\t\t\t\ttouchDrag: true\r\n\t\t\t});\nowl.click( function () {\r\n                    owl.trigger( 'next.owl.carousel' );\r\n                } );});\n<\/script><\/div>\n","protected":false},"excerpt":{"rendered":"<p>Ladjice smo izdelovali na likovni delavnici v soboto, 5. marca 2016, ob 10.00 v dru\u0161tvenih prostorih na Slovenski cesti 30 v Meng\u0161u. Otroci, ki so naredili najlep\u0161e ladjice iz okolju prijaznih materialov, so bili nagrajeni.<\/p>\n","protected":false},"author":4,"featured_media":0,"parent":299,"menu_order":0,"comment_status":"closed","ping_status":"closed","template":"","meta":{"footnotes":""},"class_list":["post-3768","page","type-page","status-publish","hentry"],"jetpack_sharing_enabled":true,"jetpack_shortlink":"https:\/\/wp.me\/P73nhm-YM","jetpack-related-posts":[],"_links":{"self":[{"href":"https:\/\/www.kdfjm.si\/index.php?rest_route=\/wp\/v2\/pages\/3768","targetHints":{"allow":["GET"]}}],"collection":[{"href":"https:\/\/www.kdfjm.si\/index.php?rest_route=\/wp\/v2\/pages"}],"about":[{"href":"https:\/\/www.kdfjm.si\/index.php?rest_route=\/wp\/v2\/types\/page"}],"author":[{"embeddable":true,"href":"https:\/\/www.kdfjm.si\/index.php?rest_route=\/wp\/v2\/users\/4"}],"replies":[{"embeddable":true,"href":"https:\/\/www.kdfjm.si\/index.php?rest_route=%2Fwp%2Fv2%2Fcomments&post=3768"}],"version-history":[{"count":1,"href":"https:\/\/www.kdfjm.si\/index.php?rest_route=\/wp\/v2\/pages\/3768\/revisions"}],"predecessor-version":[{"id":3769,"href":"https:\/\/www.kdfjm.si\/index.php?rest_route=\/wp\/v2\/pages\/3768\/revisions\/3769"}],"up":[{"embeddable":true,"href":"https:\/\/www.kdfjm.si\/index.php?rest_route=\/wp\/v2\/pages\/299"}],"wp:attachment":[{"href":"https:\/\/www.kdfjm.si\/index.php?rest_route=%2Fwp%2Fv2%2Fmedia&parent=3768"}],"curies":[{"name":"wp","href":"https:\/\/api.w.org\/{rel}","templated":true}]}}