{"id":368,"date":"2008-12-27T12:46:27","date_gmt":"2008-12-27T10:46:27","guid":{"rendered":"http:\/\/www.kdfjm.si\/?page_id=368"},"modified":"2015-10-11T21:29:47","modified_gmt":"2015-10-11T20:29:47","slug":"barocne-groblje","status":"publish","type":"page","link":"https:\/\/www.kdfjm.si\/?page_id=368","title":{"rendered":"Baro\u010dne Groblje"},"content":{"rendered":"<p>Predstavitev knjige dr. Ferdinanda \u0160erbelja BARO\u010cNE GROBLJE je bila v torek 1. julija 2008 ob 18.uri v Galeriji me\u017enariji na Trdinovem trgu 11 v Menge\u0161. Predstavitev sta pripravili Kulturno dru\u0161tvo Franca Jelov\u0161ka Menge\u0161 in Mestni muzej Menge\u0161 v sodelovanju z \u017dupnijo Jar\u0161e, \u017dupnijo Menge\u0161 in zalo\u017ebo Dru\u017eina.<\/p>\n<p><strong><div class=\"slideshow\"><div id=\"ngg_slideshow443681\" class=\"ngg-slideshow owl-carousel\" style=\"max-width: px; max-height: px;\"><img data-recalc-dims=\"1\" decoding=\"async\" src=\"https:\/\/i0.wp.com\/www.kdfjm.si\/wp-content\/gallery\/barocne-groblje\/barocne%20groblje%20menges-1.jpg?ssl=1\" alt=\"barocne groblje menges-1.jpg\" style=\"max-width: px; max-height: px; width: auto; height:auto; margin:auto\"><img data-recalc-dims=\"1\" decoding=\"async\" src=\"https:\/\/i0.wp.com\/www.kdfjm.si\/wp-content\/gallery\/barocne-groblje\/barocne%20groblje%20menges-13.jpg?ssl=1\" alt=\"barocne groblje menges-13.jpg\" style=\"max-width: px; max-height: px; width: auto; height:auto; margin:auto\"><img data-recalc-dims=\"1\" decoding=\"async\" src=\"https:\/\/i0.wp.com\/www.kdfjm.si\/wp-content\/gallery\/barocne-groblje\/barocne%20groblje%20menges-15.jpg?ssl=1\" alt=\"barocne groblje menges-15.jpg\" style=\"max-width: px; max-height: px; width: auto; height:auto; margin:auto\"><img data-recalc-dims=\"1\" decoding=\"async\" src=\"https:\/\/i0.wp.com\/www.kdfjm.si\/wp-content\/gallery\/barocne-groblje\/barocne%20groblje%20menges-17.jpg?ssl=1\" alt=\"barocne groblje menges-17.jpg\" style=\"max-width: px; max-height: px; width: auto; height:auto; margin:auto\"><img data-recalc-dims=\"1\" decoding=\"async\" src=\"https:\/\/i0.wp.com\/www.kdfjm.si\/wp-content\/gallery\/barocne-groblje\/barocne%20groblje%20menges-18.jpg?ssl=1\" alt=\"barocne groblje menges-18.jpg\" style=\"max-width: px; max-height: px; width: auto; height:auto; margin:auto\"><img data-recalc-dims=\"1\" decoding=\"async\" src=\"https:\/\/i0.wp.com\/www.kdfjm.si\/wp-content\/gallery\/barocne-groblje\/barocne%20groblje%20menges-21.jpg?ssl=1\" alt=\"barocne groblje menges-21.jpg\" style=\"max-width: px; max-height: px; width: auto; height:auto; margin:auto\"><img data-recalc-dims=\"1\" decoding=\"async\" src=\"https:\/\/i0.wp.com\/www.kdfjm.si\/wp-content\/gallery\/barocne-groblje\/barocne%20groblje%20menges-23.jpg?ssl=1\" alt=\"barocne groblje menges-23.jpg\" style=\"max-width: px; max-height: px; width: auto; height:auto; margin:auto\"><img data-recalc-dims=\"1\" decoding=\"async\" src=\"https:\/\/i0.wp.com\/www.kdfjm.si\/wp-content\/gallery\/barocne-groblje\/barocne%20groblje%20menges-26.jpg?ssl=1\" alt=\"barocne groblje menges-26.jpg\" style=\"max-width: px; max-height: px; width: auto; height:auto; margin:auto\"><img data-recalc-dims=\"1\" decoding=\"async\" src=\"https:\/\/i0.wp.com\/www.kdfjm.si\/wp-content\/gallery\/barocne-groblje\/barocne%20groblje%20menges-31.jpg?ssl=1\" alt=\"barocne groblje menges-31.jpg\" style=\"max-width: px; max-height: px; width: auto; height:auto; margin:auto\"><img data-recalc-dims=\"1\" decoding=\"async\" src=\"https:\/\/i0.wp.com\/www.kdfjm.si\/wp-content\/gallery\/barocne-groblje\/barocne%20groblje%20menges-37.jpg?ssl=1\" alt=\"barocne groblje menges-37.jpg\" style=\"max-width: px; max-height: px; width: auto; height:auto; margin:auto\"><img data-recalc-dims=\"1\" decoding=\"async\" src=\"https:\/\/i0.wp.com\/www.kdfjm.si\/wp-content\/gallery\/barocne-groblje\/barocne%20groblje%20menges-4.jpg?ssl=1\" alt=\"barocne groblje menges-4.jpg\" style=\"max-width: px; max-height: px; width: auto; height:auto; margin:auto\"><img data-recalc-dims=\"1\" decoding=\"async\" src=\"https:\/\/i0.wp.com\/www.kdfjm.si\/wp-content\/gallery\/barocne-groblje\/barocne%20groblje%20menges-6.jpg?ssl=1\" alt=\"barocne groblje menges-6.jpg\" style=\"max-width: px; max-height: px; width: auto; height:auto; margin:auto\"><\/div><\/div>\n\n<script type=\"text\/javascript\">jQuery(document).ready(function($) {\r\n\t\t\tvar owl = $('#ngg_slideshow443681');\r\n\t\t\towl.owlCarousel({\r\n\t\t\t\titems: 1,\r\n\t\t\t\tautoHeight: false,\r\n\t            dots: true,\r\n\t            autoplay: true,\r\n\t\t\t\tautoplayTimeout: 3000,\r\n\t\t\t\tautoplayHoverPause: true,\r\n\t\t\t\tanimateIn: 'fadeIn',\r\n\t\t\t\tanimateOut: 'fadeOut',\r\n\t\t\t\tloop: true,\r\n\t\t\t\tmouseDrag: true,\r\n\t\t\t\ttouchDrag: true\r\n\t\t\t});\nowl.click( function () {\r\n                    owl.trigger( 'next.owl.carousel' );\r\n                } );});\n<\/script><\/strong><\/p>\n","protected":false},"excerpt":{"rendered":"<p>Predstavitev knjige dr. Ferdinanda \u0160erbelja BARO\u010cNE GROBLJE je bila v torek 1. julija 2008 ob 18.uri v Galeriji me\u017enariji na Trdinovem trgu 11 v Menge\u0161. Predstavitev sta pripravili Kulturno dru\u0161tvo Franca Jelov\u0161ka Menge\u0161 in Mestni muzej Menge\u0161 v sodelovanju z \u017dupnijo Jar\u0161e, \u017dupnijo Menge\u0161 in zalo\u017ebo Dru\u017eina.<\/p>\n","protected":false},"author":2,"featured_media":0,"parent":361,"menu_order":0,"comment_status":"closed","ping_status":"closed","template":"","meta":{"footnotes":""},"class_list":["post-368","page","type-page","status-publish","hentry"],"jetpack_sharing_enabled":true,"jetpack_shortlink":"https:\/\/wp.me\/P73nhm-5W","jetpack-related-posts":[],"_links":{"self":[{"href":"https:\/\/www.kdfjm.si\/index.php?rest_route=\/wp\/v2\/pages\/368","targetHints":{"allow":["GET"]}}],"collection":[{"href":"https:\/\/www.kdfjm.si\/index.php?rest_route=\/wp\/v2\/pages"}],"about":[{"href":"https:\/\/www.kdfjm.si\/index.php?rest_route=\/wp\/v2\/types\/page"}],"author":[{"embeddable":true,"href":"https:\/\/www.kdfjm.si\/index.php?rest_route=\/wp\/v2\/users\/2"}],"replies":[{"embeddable":true,"href":"https:\/\/www.kdfjm.si\/index.php?rest_route=%2Fwp%2Fv2%2Fcomments&post=368"}],"version-history":[{"count":5,"href":"https:\/\/www.kdfjm.si\/index.php?rest_route=\/wp\/v2\/pages\/368\/revisions"}],"predecessor-version":[{"id":3568,"href":"https:\/\/www.kdfjm.si\/index.php?rest_route=\/wp\/v2\/pages\/368\/revisions\/3568"}],"up":[{"embeddable":true,"href":"https:\/\/www.kdfjm.si\/index.php?rest_route=\/wp\/v2\/pages\/361"}],"wp:attachment":[{"href":"https:\/\/www.kdfjm.si\/index.php?rest_route=%2Fwp%2Fv2%2Fmedia&parent=368"}],"curies":[{"name":"wp","href":"https:\/\/api.w.org\/{rel}","templated":true}]}}