{"id":363,"date":"2008-12-27T12:03:50","date_gmt":"2008-12-27T10:03:50","guid":{"rendered":"http:\/\/www.kdfjm.si\/?page_id=363"},"modified":"2015-10-11T21:29:47","modified_gmt":"2015-10-11T20:29:47","slug":"iii-festival-otroske-poezije","status":"publish","type":"page","link":"https:\/\/www.kdfjm.si\/?page_id=363","title":{"rendered":"III. Festival otro\u0161ke poezije"},"content":{"rendered":"<p>III. Festival otro\u0161ke poezije, ki ga v sodelovanju z Mestnim muzejem Menge\u0161 in Osnovno \u0161olo Menge\u0161 pripravlja na\u0161e dru\u0161tvo, je bil v petek 30. maja 2008 na razvalinah kapele sv. Lovrenca na Gobavici nad Meng\u0161em ob 18. uri. Med poslu\u0161anjem recitacij lastnih pesmi smo si lahko ogledali \u0161e razstavo otro\u0161kih slik na temo Trubarjev portret. Vsi sodelujo\u010di so dobili v dar majice z logotipom Festivala otro\u0161ke poezije.<\/p>\n<p><strong><div class=\"slideshow\"><div id=\"ngg_slideshow433631\" class=\"ngg-slideshow owl-carousel\" style=\"max-width: px; max-height: px;\"><img data-recalc-dims=\"1\" decoding=\"async\" src=\"https:\/\/i0.wp.com\/www.kdfjm.si\/wp-content\/gallery\/iii-festival-otroske-poezije\/3FestOtrPoezije30052008-13.jpg?ssl=1\" alt=\"3FestOtrPoezije30052008-13.jpg\" style=\"max-width: px; max-height: px; width: auto; height:auto; margin:auto\"><img data-recalc-dims=\"1\" decoding=\"async\" src=\"https:\/\/i0.wp.com\/www.kdfjm.si\/wp-content\/gallery\/iii-festival-otroske-poezije\/3FestOtrPoezije30052008-16.jpg?ssl=1\" alt=\"3FestOtrPoezije30052008-16.jpg\" style=\"max-width: px; max-height: px; width: auto; height:auto; margin:auto\"><img data-recalc-dims=\"1\" decoding=\"async\" src=\"https:\/\/i0.wp.com\/www.kdfjm.si\/wp-content\/gallery\/iii-festival-otroske-poezije\/3FestOtrPoezije30052008-20.jpg?ssl=1\" alt=\"3FestOtrPoezije30052008-20.jpg\" style=\"max-width: px; max-height: px; width: auto; height:auto; margin:auto\"><img data-recalc-dims=\"1\" decoding=\"async\" src=\"https:\/\/i0.wp.com\/www.kdfjm.si\/wp-content\/gallery\/iii-festival-otroske-poezije\/3FestOtrPoezije30052008-24.jpg?ssl=1\" alt=\"3FestOtrPoezije30052008-24.jpg\" style=\"max-width: px; max-height: px; width: auto; height:auto; margin:auto\"><img data-recalc-dims=\"1\" decoding=\"async\" src=\"https:\/\/i0.wp.com\/www.kdfjm.si\/wp-content\/gallery\/iii-festival-otroske-poezije\/3FestOtrPoezije30052008-34.jpg?ssl=1\" alt=\"3FestOtrPoezije30052008-34.jpg\" style=\"max-width: px; max-height: px; width: auto; height:auto; margin:auto\"><img data-recalc-dims=\"1\" decoding=\"async\" src=\"https:\/\/i0.wp.com\/www.kdfjm.si\/wp-content\/gallery\/iii-festival-otroske-poezije\/3FestOtrPoezije30052008-36.jpg?ssl=1\" alt=\"3FestOtrPoezije30052008-36.jpg\" style=\"max-width: px; max-height: px; width: auto; height:auto; margin:auto\"><img data-recalc-dims=\"1\" decoding=\"async\" src=\"https:\/\/i0.wp.com\/www.kdfjm.si\/wp-content\/gallery\/iii-festival-otroske-poezije\/3FestOtrPoezije30052008-38.jpg?ssl=1\" alt=\"3FestOtrPoezije30052008-38.jpg\" style=\"max-width: px; max-height: px; width: auto; height:auto; margin:auto\"><img data-recalc-dims=\"1\" decoding=\"async\" src=\"https:\/\/i0.wp.com\/www.kdfjm.si\/wp-content\/gallery\/iii-festival-otroske-poezije\/3FestOtrPoezije30052008-49.jpg?ssl=1\" alt=\"3FestOtrPoezije30052008-49.jpg\" style=\"max-width: px; max-height: px; width: auto; height:auto; margin:auto\"><img data-recalc-dims=\"1\" decoding=\"async\" src=\"https:\/\/i0.wp.com\/www.kdfjm.si\/wp-content\/gallery\/iii-festival-otroske-poezije\/3FestOtrPoezije30052008-54.jpg?ssl=1\" alt=\"3FestOtrPoezije30052008-54.jpg\" style=\"max-width: px; max-height: px; width: auto; height:auto; margin:auto\"><img data-recalc-dims=\"1\" decoding=\"async\" src=\"https:\/\/i0.wp.com\/www.kdfjm.si\/wp-content\/gallery\/iii-festival-otroske-poezije\/3FestOtrPoezije30052008-59.jpg?ssl=1\" alt=\"3FestOtrPoezije30052008-59.jpg\" style=\"max-width: px; max-height: px; width: auto; height:auto; margin:auto\"><img data-recalc-dims=\"1\" decoding=\"async\" src=\"https:\/\/i0.wp.com\/www.kdfjm.si\/wp-content\/gallery\/iii-festival-otroske-poezije\/3FestOtrPoezije30052008-66.jpg?ssl=1\" alt=\"3FestOtrPoezije30052008-66.jpg\" style=\"max-width: px; max-height: px; width: auto; height:auto; margin:auto\"><img data-recalc-dims=\"1\" decoding=\"async\" src=\"https:\/\/i0.wp.com\/www.kdfjm.si\/wp-content\/gallery\/iii-festival-otroske-poezije\/3FestOtrPoezije30052008-72.jpg?ssl=1\" alt=\"3FestOtrPoezije30052008-72.jpg\" style=\"max-width: px; max-height: px; width: auto; height:auto; margin:auto\"><img data-recalc-dims=\"1\" decoding=\"async\" src=\"https:\/\/i0.wp.com\/www.kdfjm.si\/wp-content\/gallery\/iii-festival-otroske-poezije\/3FestOtrPoezije30052008-74.jpg?ssl=1\" alt=\"3FestOtrPoezije30052008-74.jpg\" style=\"max-width: px; max-height: px; width: auto; height:auto; margin:auto\"><img data-recalc-dims=\"1\" decoding=\"async\" src=\"https:\/\/i0.wp.com\/www.kdfjm.si\/wp-content\/gallery\/iii-festival-otroske-poezije\/3FestOtrPoezije30052008-75.jpg?ssl=1\" alt=\"3FestOtrPoezije30052008-75.jpg\" style=\"max-width: px; max-height: px; width: auto; height:auto; margin:auto\"><img data-recalc-dims=\"1\" decoding=\"async\" src=\"https:\/\/i0.wp.com\/www.kdfjm.si\/wp-content\/gallery\/iii-festival-otroske-poezije\/3FestOtrPoezije30052008-84.jpg?ssl=1\" alt=\"3FestOtrPoezije30052008-84.jpg\" style=\"max-width: px; max-height: px; width: auto; height:auto; margin:auto\"><img data-recalc-dims=\"1\" decoding=\"async\" src=\"https:\/\/i0.wp.com\/www.kdfjm.si\/wp-content\/gallery\/iii-festival-otroske-poezije\/3FestOtrPoezije30052008-87.jpg?ssl=1\" alt=\"3FestOtrPoezije30052008-87.jpg\" style=\"max-width: px; max-height: px; width: auto; height:auto; margin:auto\"><img data-recalc-dims=\"1\" decoding=\"async\" src=\"https:\/\/i0.wp.com\/www.kdfjm.si\/wp-content\/gallery\/iii-festival-otroske-poezije\/3FestOtrPoezije30052008-95.jpg?ssl=1\" alt=\"3FestOtrPoezije30052008-95.jpg\" style=\"max-width: px; max-height: px; width: auto; height:auto; margin:auto\"><img data-recalc-dims=\"1\" decoding=\"async\" src=\"https:\/\/i0.wp.com\/www.kdfjm.si\/wp-content\/gallery\/iii-festival-otroske-poezije\/3FestOtrPoezije30052008-96.jpg?ssl=1\" alt=\"3FestOtrPoezije30052008-96.jpg\" style=\"max-width: px; max-height: px; width: auto; height:auto; margin:auto\"><img data-recalc-dims=\"1\" decoding=\"async\" src=\"https:\/\/i0.wp.com\/www.kdfjm.si\/wp-content\/gallery\/iii-festival-otroske-poezije\/3FestOtrPoezije30052008-98.jpg?ssl=1\" alt=\"3FestOtrPoezije30052008-98.jpg\" style=\"max-width: px; max-height: px; width: auto; height:auto; margin:auto\"><\/div><\/div>\n\n<script type=\"text\/javascript\">jQuery(document).ready(function($) {\r\n\t\t\tvar owl = $('#ngg_slideshow433631');\r\n\t\t\towl.owlCarousel({\r\n\t\t\t\titems: 1,\r\n\t\t\t\tautoHeight: false,\r\n\t            dots: true,\r\n\t            autoplay: true,\r\n\t\t\t\tautoplayTimeout: 3000,\r\n\t\t\t\tautoplayHoverPause: true,\r\n\t\t\t\tanimateIn: 'fadeIn',\r\n\t\t\t\tanimateOut: 'fadeOut',\r\n\t\t\t\tloop: true,\r\n\t\t\t\tmouseDrag: true,\r\n\t\t\t\ttouchDrag: true\r\n\t\t\t});\nowl.click( function () {\r\n                    owl.trigger( 'next.owl.carousel' );\r\n                } );});\n<\/script><\/strong><\/p>\n","protected":false},"excerpt":{"rendered":"<p>III. Festival otro\u0161ke poezije, ki ga v sodelovanju z Mestnim muzejem Menge\u0161 in Osnovno \u0161olo Menge\u0161 pripravlja na\u0161e dru\u0161tvo, je bil v petek 30. maja 2008 na razvalinah kapele sv. Lovrenca na Gobavici nad Meng\u0161em ob 18. uri. Med poslu\u0161anjem recitacij lastnih pesmi smo si lahko ogledali \u0161e razstavo otro\u0161kih slik na temo Trubarjev portret. [&hellip;]<\/p>\n","protected":false},"author":2,"featured_media":0,"parent":361,"menu_order":0,"comment_status":"closed","ping_status":"closed","template":"","meta":{"footnotes":""},"class_list":["post-363","page","type-page","status-publish","hentry"],"jetpack_sharing_enabled":true,"jetpack_shortlink":"https:\/\/wp.me\/P73nhm-5R","jetpack-related-posts":[],"_links":{"self":[{"href":"https:\/\/www.kdfjm.si\/index.php?rest_route=\/wp\/v2\/pages\/363","targetHints":{"allow":["GET"]}}],"collection":[{"href":"https:\/\/www.kdfjm.si\/index.php?rest_route=\/wp\/v2\/pages"}],"about":[{"href":"https:\/\/www.kdfjm.si\/index.php?rest_route=\/wp\/v2\/types\/page"}],"author":[{"embeddable":true,"href":"https:\/\/www.kdfjm.si\/index.php?rest_route=\/wp\/v2\/users\/2"}],"replies":[{"embeddable":true,"href":"https:\/\/www.kdfjm.si\/index.php?rest_route=%2Fwp%2Fv2%2Fcomments&post=363"}],"version-history":[{"count":4,"href":"https:\/\/www.kdfjm.si\/index.php?rest_route=\/wp\/v2\/pages\/363\/revisions"}],"predecessor-version":[{"id":3569,"href":"https:\/\/www.kdfjm.si\/index.php?rest_route=\/wp\/v2\/pages\/363\/revisions\/3569"}],"up":[{"embeddable":true,"href":"https:\/\/www.kdfjm.si\/index.php?rest_route=\/wp\/v2\/pages\/361"}],"wp:attachment":[{"href":"https:\/\/www.kdfjm.si\/index.php?rest_route=%2Fwp%2Fv2%2Fmedia&parent=363"}],"curies":[{"name":"wp","href":"https:\/\/api.w.org\/{rel}","templated":true}]}}