{"id":361,"date":"2008-12-27T11:58:50","date_gmt":"2008-12-27T09:58:50","guid":{"rendered":"http:\/\/www.kdfjm.si\/?page_id=361"},"modified":"2019-03-05T16:00:14","modified_gmt":"2019-03-05T15:00:14","slug":"literarna-dejavnost","status":"publish","type":"page","link":"https:\/\/www.kdfjm.si\/?page_id=361","title":{"rendered":"Literarna dejavnost"},"content":{"rendered":"<p><span style=\"color: #808080;\"><strong>2018<\/strong><\/span><\/p>\n<ul>\n<li><a href=\"http:\/\/www.kdfjm.si\/?page_id=4458\"><strong>Predavanje Marije Cvetek in predstavitev knjige Hude so res vojsk\u00e9 &#8230;<\/strong><\/a> (22. november 2018)<\/li>\n<li><a href=\"http:\/\/www.kdfjm.si\/?page_id=4460\"><strong>Predstavitev knjige Staretova pivovarna v Meng\u0161u 1818\u20131917<\/strong><\/a> (13. september 2018)<\/li>\n<li><a href=\"http:\/\/www.kdfjm.si\/?page_id=4493\"><strong>XIII. festival otro\u0161ke poezije Menge\u0161<\/strong><\/a> (25. maj 2018)<\/li>\n<li><a href=\"http:\/\/www.kdfjm.si\/?page_id=4463\"><strong>Predstavitev knjige \u0160tefana Babi\u010da Gospod je moja pot<\/strong><\/a> (27. april 2018)<\/li>\n<\/ul>\n<p><span style=\"color: #808080;\"><strong>2017<\/strong><\/span><\/p>\n<ul>\n<li><a href=\"http:\/\/www.kdfjm.si\/?page_id=4467\"><strong>Predavanje in predstavitev knjige Marka \u017derovnika Opojnost gora<\/strong><\/a> (29. november 2017)<\/li>\n<li><a href=\"http:\/\/www.kdfjm.si\/?page_id=4490\"><strong>XII. festival otro\u0161ke poezije Menge\u0161<\/strong><\/a>\u00a0(26. maj 2017)<\/li>\n<\/ul>\n<p><span style=\"color: #808080;\"><strong>2016<\/strong><\/span><\/p>\n<ul>\n<li><a href=\"http:\/\/www.kdfjm.si\/?page_id=4472\"><strong>\u0160u\u0161tar\u0161i\u010devi dnevi &#8211; predavanje Vida Kregarja Pe\u0161 v Salzburg<\/strong><\/a> (20. september 2016)<\/li>\n<li><a href=\"http:\/\/www.kdfjm.si\/?page_id=4487\"><strong>XI. festival otro\u0161ke poezije Menge\u0161<\/strong><\/a> (27. maj 2016)<\/li>\n<li><a href=\"http:\/\/www.kdfjm.si\/?page_id=4483\"><strong>Predstavitev knjige Angelce in Marka \u017derovnika: Potovanja<\/strong><\/a> (8. april 2016)<\/li>\n<li><a href=\"http:\/\/www.kdfjm.si\/?page_id=4399\"><strong>Potopisno predavanje Vida Kregarja<\/strong><\/a>\u00a0(30. marec 2016)<\/li>\n<\/ul>\n<p><span style=\"color: #808080;\"><strong>2015<\/strong><\/span><\/p>\n<ul>\n<li><strong><a href=\"http:\/\/www.kdfjm.si\/?page_id=3777\">Predstavitev knjige Umik \u010dez Ljubelj, maj 1945, skozi objektiv Marjana Kocmurja<\/a><\/strong> (1. julij 2015)<\/li>\n<li><a href=\"http:\/\/www.kdfjm.si\/?page_id=4479\"><strong>Predstavitev knjige Umik \u010dez Ljubelj, maj 1945 v Dobrepolju<\/strong><\/a> (junij 2015)<\/li>\n<li><strong><a href=\"http:\/\/www.kdfjm.si\/?page_id=3242\">X. Festival otro\u0161ke poezije<\/a><\/strong> (29. maj 2015)<\/li>\n<\/ul>\n<p><span style=\"color: #808080;\"><strong>2014<\/strong><\/span><\/p>\n<ul>\n<li><strong><a href=\"http:\/\/www.kdfjm.si\/?page_id=3166\">Iz\u0161la je knjiga Camera obscura velikanka<\/a><\/strong> (3. december 2014)<\/li>\n<li><a title=\"IX. Festival otro\u0161ke poezije\" href=\"http:\/\/www.kdfjm.si\/?page_id=3039\"><strong>IX. Festival otro\u0161ke poezije<\/strong><\/a> (30. maj 2014)<\/li>\n<li><a href=\"http:\/\/www.kdfjm.si\/?page_id=3072\"><strong>Predstavitev knjige Marka \u017derovnika Po trnovi poti<\/strong><\/a> (21. maj 2014)<\/li>\n<\/ul>\n<p><span style=\"color: #808080;\"><strong>2013<\/strong><\/span><\/p>\n<ul>\n<li><a title=\"8. Festival otro\u0161ke poezije\" href=\"http:\/\/www.kdfjm.si\/?page_id=2366\"><strong>VIII. Festival otro\u0161ke poezije<\/strong><\/a> (31. maj 2013)<\/li>\n<\/ul>\n<p><span style=\"color: #888888;\"><strong>2012<\/strong><\/span><\/p>\n<ul>\n<li><a href=\"http:\/\/www.kdfjm.si\/?page_id=3112\"><strong>Predavanje Vida Kregarja o Slom\u0161kovih poteh<\/strong><\/a> (26. november 2012)<\/li>\n<li><a title=\"Predstavitev knjige dr. Marka \u017derovnika \u2013 Ivan Selan, od ponarejevalca denarja do slavnega kartografa\" href=\"http:\/\/www.kdfjm.si\/?page_id=1924\"><strong>Predstavitev knjige dr. Marka \u017derovnika &#8211; Ivan Selan, od ponarejevalca denarja do slavnega kartografa<\/strong> <\/a>(12. oktober 2012)<\/li>\n<li><a title=\"7. Festival otro\u0161ke poezije 2012\" href=\"http:\/\/www.kdfjm.si\/?page_id=1752\"><strong>VII. Festival otro\u0161ke poezije<\/strong><\/a> (1. junij 2012)<\/li>\n<li><a href=\"http:\/\/www.kdfjm.si\/?page_id=1648\"><strong>Pogovor z Martino Kralji\u010d in Jano Vizjak<\/strong><\/a> (11. april 2012)<\/li>\n<\/ul>\n<p><span style=\"color: #808080;\"><strong>2011<\/strong><\/span><\/p>\n<ul>\n<li><a href=\"http:\/\/www.kdfjm.si\/?page_id=1441\"><strong>Predavanje Petra Per\u0161ina<\/strong><\/a><\/li>\n<li><strong><a href=\"http:\/\/www.kdfjm.si\/?page_id=1311&amp;preview=true\">VI. Festival otro\u0161ke poezije<\/a> <\/strong>(27. maj 2011)<\/li>\n<\/ul>\n<p><span style=\"color: #888888;\"><strong>2010<\/strong><\/span><\/p>\n<ul>\n<li><a href=\"http:\/\/www.kdfjm.si\/?page_id=1103\"><strong>Pozdrav s \u0160marne gore<\/strong><\/a> (17. junij 2010)<\/li>\n<li><a href=\"http:\/\/www.kdfjm.si\/?page_id=952\"><strong>V. Festival otro\u0161ke poezije<\/strong><\/a> (28. maj 2010)<\/li>\n<\/ul>\n<p><span style=\"color: #888888;\"><strong>2009<\/strong><\/span><\/p>\n<ul>\n<li><strong><a href=\"http:\/\/www.kdfjm.si\/?page_id=598\">IV. Festival otro\u0161ke poezije<\/a><\/strong> (22. maj 2009)<\/li>\n<li><strong><a href=\"http:\/\/www.kdfjm.si\/?page_id=569\">Slovenija v prese\u017enikih<\/a> <\/strong>&#8211; Predstavitev knjige Toma Jeseni\u010dnika (5. maj 2009)<\/li>\n<\/ul>\n<p><span style=\"color: #888888;\"><strong>2008<\/strong><\/span><\/p>\n<ul>\n<li><a href=\"http:\/\/www.kdfjm.si\/?page_id=368\"><strong>Baro\u010dne Groblje<\/strong><\/a> &#8211; Predstavitev knjige (1. julij 2008)<\/li>\n<li><a href=\"http:\/\/www.kdfjm.si\/?page_id=363\"><strong>III. Festival otro\u0161ke poezije<\/strong><\/a> (30. maj 2008)<\/li>\n<li><strong><a href=\"http:\/\/www.kdfjm.si\/?page_id=375\">Hallerstein in astronomija<\/a><\/strong> &#8211; Predstavitev knjige Marijana Prosena (27. maj 2008)<\/li>\n<\/ul>\n","protected":false},"excerpt":{"rendered":"<p>2018 Predavanje Marije Cvetek in predstavitev knjige Hude so res vojsk\u00e9 &#8230; (22. november 2018) Predstavitev knjige Staretova pivovarna v Meng\u0161u 1818\u20131917 (13. september 2018) XIII. festival otro\u0161ke poezije Menge\u0161 (25. maj 2018) Predstavitev knjige \u0160tefana Babi\u010da Gospod je moja pot (27. april 2018) 2017 Predavanje in predstavitev knjige Marka \u017derovnika Opojnost gora (29. november [&hellip;]<\/p>\n","protected":false},"author":2,"featured_media":0,"parent":22,"menu_order":0,"comment_status":"closed","ping_status":"closed","template":"","meta":{"footnotes":""},"class_list":["post-361","page","type-page","status-publish","hentry"],"jetpack_sharing_enabled":true,"jetpack_shortlink":"https:\/\/wp.me\/P73nhm-5P","jetpack-related-posts":[],"_links":{"self":[{"href":"https:\/\/www.kdfjm.si\/index.php?rest_route=\/wp\/v2\/pages\/361","targetHints":{"allow":["GET"]}}],"collection":[{"href":"https:\/\/www.kdfjm.si\/index.php?rest_route=\/wp\/v2\/pages"}],"about":[{"href":"https:\/\/www.kdfjm.si\/index.php?rest_route=\/wp\/v2\/types\/page"}],"author":[{"embeddable":true,"href":"https:\/\/www.kdfjm.si\/index.php?rest_route=\/wp\/v2\/users\/2"}],"replies":[{"embeddable":true,"href":"https:\/\/www.kdfjm.si\/index.php?rest_route=%2Fwp%2Fv2%2Fcomments&post=361"}],"version-history":[{"count":48,"href":"https:\/\/www.kdfjm.si\/index.php?rest_route=\/wp\/v2\/pages\/361\/revisions"}],"predecessor-version":[{"id":4497,"href":"https:\/\/www.kdfjm.si\/index.php?rest_route=\/wp\/v2\/pages\/361\/revisions\/4497"}],"up":[{"embeddable":true,"href":"https:\/\/www.kdfjm.si\/index.php?rest_route=\/wp\/v2\/pages\/22"}],"wp:attachment":[{"href":"https:\/\/www.kdfjm.si\/index.php?rest_route=%2Fwp%2Fv2%2Fmedia&parent=361"}],"curies":[{"name":"wp","href":"https:\/\/api.w.org\/{rel}","templated":true}]}}