{"id":348,"date":"2008-12-27T09:49:03","date_gmt":"2008-12-27T07:49:03","guid":{"rendered":"http:\/\/www.kdfjm.si\/?page_id=348"},"modified":"2015-10-11T21:29:46","modified_gmt":"2015-10-11T20:29:46","slug":"izdelovanje-jaslic-iz-gline","status":"publish","type":"page","link":"https:\/\/www.kdfjm.si\/?page_id=348","title":{"rendered":"Izdelovanje jaslic iz gline"},"content":{"rendered":"<p>Likovna delavnica Izdelovanje jaslic iz gline, ki jo je vodil Janez \u0160krlep, je bila v torek 9. decembra 2008 med 17. in 19. uro v dru\u0161tvenih prostorih na Slovenski cesti 30 v Meng\u0161u.<\/p>\n<p><strong><div class=\"slideshow\"><div id=\"ngg_slideshow403481\" class=\"ngg-slideshow owl-carousel\" style=\"max-width: px; max-height: px;\"><img data-recalc-dims=\"1\" decoding=\"async\" src=\"https:\/\/i0.wp.com\/www.kdfjm.si\/wp-content\/gallery\/izdelovanje-jaslic-iz-gline-2008\/20081209-janezd702008NovDec-1166.jpg?ssl=1\" alt=\"20081209-janezd702008NovDec-1166.jpg\" style=\"max-width: px; max-height: px; width: auto; height:auto; margin:auto\"><img data-recalc-dims=\"1\" decoding=\"async\" src=\"https:\/\/i0.wp.com\/www.kdfjm.si\/wp-content\/gallery\/izdelovanje-jaslic-iz-gline-2008\/20081209-janezd702008NovDec-1168.jpg?ssl=1\" alt=\"20081209-janezd702008NovDec-1168.jpg\" style=\"max-width: px; max-height: px; width: auto; height:auto; margin:auto\"><img data-recalc-dims=\"1\" decoding=\"async\" src=\"https:\/\/i0.wp.com\/www.kdfjm.si\/wp-content\/gallery\/izdelovanje-jaslic-iz-gline-2008\/20081209-janezd702008NovDec-1175.jpg?ssl=1\" alt=\"20081209-janezd702008NovDec-1175.jpg\" style=\"max-width: px; max-height: px; width: auto; height:auto; margin:auto\"><img data-recalc-dims=\"1\" decoding=\"async\" src=\"https:\/\/i0.wp.com\/www.kdfjm.si\/wp-content\/gallery\/izdelovanje-jaslic-iz-gline-2008\/20081209-janezd702008NovDec-1177.jpg?ssl=1\" alt=\"20081209-janezd702008NovDec-1177.jpg\" style=\"max-width: px; max-height: px; width: auto; height:auto; margin:auto\"><img data-recalc-dims=\"1\" decoding=\"async\" src=\"https:\/\/i0.wp.com\/www.kdfjm.si\/wp-content\/gallery\/izdelovanje-jaslic-iz-gline-2008\/20081209-janezd702008NovDec-1181.jpg?ssl=1\" alt=\"20081209-janezd702008NovDec-1181.jpg\" style=\"max-width: px; max-height: px; width: auto; height:auto; margin:auto\"><img data-recalc-dims=\"1\" decoding=\"async\" src=\"https:\/\/i0.wp.com\/www.kdfjm.si\/wp-content\/gallery\/izdelovanje-jaslic-iz-gline-2008\/20081209-janezd702008NovDec-1183.jpg?ssl=1\" alt=\"20081209-janezd702008NovDec-1183.jpg\" style=\"max-width: px; max-height: px; width: auto; height:auto; margin:auto\"><img data-recalc-dims=\"1\" decoding=\"async\" src=\"https:\/\/i0.wp.com\/www.kdfjm.si\/wp-content\/gallery\/izdelovanje-jaslic-iz-gline-2008\/20081209-janezd702008NovDec-1191.jpg?ssl=1\" alt=\"20081209-janezd702008NovDec-1191.jpg\" style=\"max-width: px; max-height: px; width: auto; height:auto; margin:auto\"><img data-recalc-dims=\"1\" decoding=\"async\" src=\"https:\/\/i0.wp.com\/www.kdfjm.si\/wp-content\/gallery\/izdelovanje-jaslic-iz-gline-2008\/20081209-janezd702008NovDec-1199.jpg?ssl=1\" alt=\"20081209-janezd702008NovDec-1199.jpg\" style=\"max-width: px; max-height: px; width: auto; height:auto; margin:auto\"><img data-recalc-dims=\"1\" decoding=\"async\" src=\"https:\/\/i0.wp.com\/www.kdfjm.si\/wp-content\/gallery\/izdelovanje-jaslic-iz-gline-2008\/20081209-janezd702008NovDec-1201.jpg?ssl=1\" alt=\"20081209-janezd702008NovDec-1201.jpg\" style=\"max-width: px; max-height: px; width: auto; height:auto; margin:auto\"><img data-recalc-dims=\"1\" decoding=\"async\" src=\"https:\/\/i0.wp.com\/www.kdfjm.si\/wp-content\/gallery\/izdelovanje-jaslic-iz-gline-2008\/20081209-janezd702008NovDec-1205.jpg?ssl=1\" alt=\"20081209-janezd702008NovDec-1205.jpg\" style=\"max-width: px; max-height: px; width: auto; height:auto; margin:auto\"><img data-recalc-dims=\"1\" decoding=\"async\" src=\"https:\/\/i0.wp.com\/www.kdfjm.si\/wp-content\/gallery\/izdelovanje-jaslic-iz-gline-2008\/20081209-janezd702008NovDec-1208.jpg?ssl=1\" alt=\"20081209-janezd702008NovDec-1208.jpg\" style=\"max-width: px; max-height: px; width: auto; height:auto; margin:auto\"><img data-recalc-dims=\"1\" decoding=\"async\" src=\"https:\/\/i0.wp.com\/www.kdfjm.si\/wp-content\/gallery\/izdelovanje-jaslic-iz-gline-2008\/20081209-janezd702008NovDec-1210.jpg?ssl=1\" alt=\"20081209-janezd702008NovDec-1210.jpg\" style=\"max-width: px; max-height: px; width: auto; height:auto; margin:auto\"><img data-recalc-dims=\"1\" decoding=\"async\" src=\"https:\/\/i0.wp.com\/www.kdfjm.si\/wp-content\/gallery\/izdelovanje-jaslic-iz-gline-2008\/20081209-janezd702008NovDec-1211.jpg?ssl=1\" alt=\"20081209-janezd702008NovDec-1211.jpg\" style=\"max-width: px; max-height: px; width: auto; height:auto; margin:auto\"><img data-recalc-dims=\"1\" decoding=\"async\" src=\"https:\/\/i0.wp.com\/www.kdfjm.si\/wp-content\/gallery\/izdelovanje-jaslic-iz-gline-2008\/20081209-janezd702008NovDec-1213.jpg?ssl=1\" alt=\"20081209-janezd702008NovDec-1213.jpg\" style=\"max-width: px; max-height: px; width: auto; height:auto; margin:auto\"><\/div><\/div>\n\n<script type=\"text\/javascript\">jQuery(document).ready(function($) {\r\n\t\t\tvar owl = $('#ngg_slideshow403481');\r\n\t\t\towl.owlCarousel({\r\n\t\t\t\titems: 1,\r\n\t\t\t\tautoHeight: false,\r\n\t            dots: true,\r\n\t            autoplay: true,\r\n\t\t\t\tautoplayTimeout: 3000,\r\n\t\t\t\tautoplayHoverPause: true,\r\n\t\t\t\tanimateIn: 'fadeIn',\r\n\t\t\t\tanimateOut: 'fadeOut',\r\n\t\t\t\tloop: true,\r\n\t\t\t\tmouseDrag: true,\r\n\t\t\t\ttouchDrag: true\r\n\t\t\t});\nowl.click( function () {\r\n                    owl.trigger( 'next.owl.carousel' );\r\n                } );});\n<\/script><\/strong><\/p>\n","protected":false},"excerpt":{"rendered":"<p>Likovna delavnica Izdelovanje jaslic iz gline, ki jo je vodil Janez \u0160krlep, je bila v torek 9. decembra 2008 med 17. in 19. uro v dru\u0161tvenih prostorih na Slovenski cesti 30 v Meng\u0161u.<\/p>\n","protected":false},"author":2,"featured_media":0,"parent":299,"menu_order":0,"comment_status":"closed","ping_status":"closed","template":"","meta":{"footnotes":""},"class_list":["post-348","page","type-page","status-publish","hentry"],"jetpack_sharing_enabled":true,"jetpack_shortlink":"https:\/\/wp.me\/P73nhm-5C","jetpack-related-posts":[],"_links":{"self":[{"href":"https:\/\/www.kdfjm.si\/index.php?rest_route=\/wp\/v2\/pages\/348","targetHints":{"allow":["GET"]}}],"collection":[{"href":"https:\/\/www.kdfjm.si\/index.php?rest_route=\/wp\/v2\/pages"}],"about":[{"href":"https:\/\/www.kdfjm.si\/index.php?rest_route=\/wp\/v2\/types\/page"}],"author":[{"embeddable":true,"href":"https:\/\/www.kdfjm.si\/index.php?rest_route=\/wp\/v2\/users\/2"}],"replies":[{"embeddable":true,"href":"https:\/\/www.kdfjm.si\/index.php?rest_route=%2Fwp%2Fv2%2Fcomments&post=348"}],"version-history":[{"count":5,"href":"https:\/\/www.kdfjm.si\/index.php?rest_route=\/wp\/v2\/pages\/348\/revisions"}],"predecessor-version":[{"id":3544,"href":"https:\/\/www.kdfjm.si\/index.php?rest_route=\/wp\/v2\/pages\/348\/revisions\/3544"}],"up":[{"embeddable":true,"href":"https:\/\/www.kdfjm.si\/index.php?rest_route=\/wp\/v2\/pages\/299"}],"wp:attachment":[{"href":"https:\/\/www.kdfjm.si\/index.php?rest_route=%2Fwp%2Fv2%2Fmedia&parent=348"}],"curies":[{"name":"wp","href":"https:\/\/api.w.org\/{rel}","templated":true}]}}