{"id":335,"date":"2008-12-27T09:22:08","date_gmt":"2008-12-27T07:22:08","guid":{"rendered":"http:\/\/www.kdfjm.si\/?page_id=335"},"modified":"2015-10-11T21:29:47","modified_gmt":"2015-10-11T20:29:47","slug":"izdelovanje-strhov-iz-buc","status":"publish","type":"page","link":"https:\/\/www.kdfjm.si\/?page_id=335","title":{"rendered":"Izdelovanje strahov iz bu\u010d"},"content":{"rendered":"<p>Likovna delavnica Izdelovanje strahov iz bu\u010d je bila ob Tednu otroka v torek 14. oktobra 2008 na plo\u0161\u010dadi pred Osnovno \u0161olo v Meng\u0161u.<\/p>\n<p><strong><div class=\"slideshow\"><div id=\"ngg_slideshow383351\" class=\"ngg-slideshow owl-carousel\" style=\"max-width: px; max-height: px;\"><img data-recalc-dims=\"1\" decoding=\"async\" src=\"https:\/\/i0.wp.com\/www.kdfjm.si\/wp-content\/gallery\/izdelovanje-strahov-iz-buc-2008\/20081009-DSC_0910.jpg?ssl=1\" alt=\"20081009-DSC_0910.jpg\" style=\"max-width: px; max-height: px; width: auto; height:auto; margin:auto\"><img data-recalc-dims=\"1\" decoding=\"async\" src=\"https:\/\/i0.wp.com\/www.kdfjm.si\/wp-content\/gallery\/izdelovanje-strahov-iz-buc-2008\/20081009-DSC_0913.jpg?ssl=1\" alt=\"20081009-DSC_0913.jpg\" style=\"max-width: px; max-height: px; width: auto; height:auto; margin:auto\"><img data-recalc-dims=\"1\" decoding=\"async\" src=\"https:\/\/i0.wp.com\/www.kdfjm.si\/wp-content\/gallery\/izdelovanje-strahov-iz-buc-2008\/20081009-DSC_0914.jpg?ssl=1\" alt=\"20081009-DSC_0914.jpg\" style=\"max-width: px; max-height: px; width: auto; height:auto; margin:auto\"><img data-recalc-dims=\"1\" decoding=\"async\" src=\"https:\/\/i0.wp.com\/www.kdfjm.si\/wp-content\/gallery\/izdelovanje-strahov-iz-buc-2008\/20081009-DSC_0916.jpg?ssl=1\" alt=\"20081009-DSC_0916.jpg\" style=\"max-width: px; max-height: px; width: auto; height:auto; margin:auto\"><img data-recalc-dims=\"1\" decoding=\"async\" src=\"https:\/\/i0.wp.com\/www.kdfjm.si\/wp-content\/gallery\/izdelovanje-strahov-iz-buc-2008\/20081009-DSC_0918.jpg?ssl=1\" alt=\"20081009-DSC_0918.jpg\" style=\"max-width: px; max-height: px; width: auto; height:auto; margin:auto\"><img data-recalc-dims=\"1\" decoding=\"async\" src=\"https:\/\/i0.wp.com\/www.kdfjm.si\/wp-content\/gallery\/izdelovanje-strahov-iz-buc-2008\/20081009-DSC_0919.jpg?ssl=1\" alt=\"20081009-DSC_0919.jpg\" style=\"max-width: px; max-height: px; width: auto; height:auto; margin:auto\"><img data-recalc-dims=\"1\" decoding=\"async\" src=\"https:\/\/i0.wp.com\/www.kdfjm.si\/wp-content\/gallery\/izdelovanje-strahov-iz-buc-2008\/20081009-DSC_0920.jpg?ssl=1\" alt=\"20081009-DSC_0920.jpg\" style=\"max-width: px; max-height: px; width: auto; height:auto; margin:auto\"><img data-recalc-dims=\"1\" decoding=\"async\" src=\"https:\/\/i0.wp.com\/www.kdfjm.si\/wp-content\/gallery\/izdelovanje-strahov-iz-buc-2008\/20081009-DSC_0922.jpg?ssl=1\" alt=\"20081009-DSC_0922.jpg\" style=\"max-width: px; max-height: px; width: auto; height:auto; margin:auto\"><img data-recalc-dims=\"1\" decoding=\"async\" src=\"https:\/\/i0.wp.com\/www.kdfjm.si\/wp-content\/gallery\/izdelovanje-strahov-iz-buc-2008\/20081009-DSC_0923.jpg?ssl=1\" alt=\"20081009-DSC_0923.jpg\" style=\"max-width: px; max-height: px; width: auto; height:auto; margin:auto\"><\/div><\/div>\n\n<script type=\"text\/javascript\">jQuery(document).ready(function($) {\r\n\t\t\tvar owl = $('#ngg_slideshow383351');\r\n\t\t\towl.owlCarousel({\r\n\t\t\t\titems: 1,\r\n\t\t\t\tautoHeight: false,\r\n\t            dots: true,\r\n\t            autoplay: true,\r\n\t\t\t\tautoplayTimeout: 3000,\r\n\t\t\t\tautoplayHoverPause: true,\r\n\t\t\t\tanimateIn: 'fadeIn',\r\n\t\t\t\tanimateOut: 'fadeOut',\r\n\t\t\t\tloop: true,\r\n\t\t\t\tmouseDrag: true,\r\n\t\t\t\ttouchDrag: true\r\n\t\t\t});\nowl.click( function () {\r\n                    owl.trigger( 'next.owl.carousel' );\r\n                } );});\n<\/script><\/strong><\/p>\n","protected":false},"excerpt":{"rendered":"<p>Likovna delavnica Izdelovanje strahov iz bu\u010d je bila ob Tednu otroka v torek 14. oktobra 2008 na plo\u0161\u010dadi pred Osnovno \u0161olo v Meng\u0161u.<\/p>\n","protected":false},"author":2,"featured_media":0,"parent":299,"menu_order":0,"comment_status":"closed","ping_status":"closed","template":"","meta":{"footnotes":""},"class_list":["post-335","page","type-page","status-publish","hentry"],"jetpack_sharing_enabled":true,"jetpack_shortlink":"https:\/\/wp.me\/P73nhm-5p","jetpack-related-posts":[],"_links":{"self":[{"href":"https:\/\/www.kdfjm.si\/index.php?rest_route=\/wp\/v2\/pages\/335","targetHints":{"allow":["GET"]}}],"collection":[{"href":"https:\/\/www.kdfjm.si\/index.php?rest_route=\/wp\/v2\/pages"}],"about":[{"href":"https:\/\/www.kdfjm.si\/index.php?rest_route=\/wp\/v2\/types\/page"}],"author":[{"embeddable":true,"href":"https:\/\/www.kdfjm.si\/index.php?rest_route=\/wp\/v2\/users\/2"}],"replies":[{"embeddable":true,"href":"https:\/\/www.kdfjm.si\/index.php?rest_route=%2Fwp%2Fv2%2Fcomments&post=335"}],"version-history":[{"count":6,"href":"https:\/\/www.kdfjm.si\/index.php?rest_route=\/wp\/v2\/pages\/335\/revisions"}],"predecessor-version":[{"id":3552,"href":"https:\/\/www.kdfjm.si\/index.php?rest_route=\/wp\/v2\/pages\/335\/revisions\/3552"}],"up":[{"embeddable":true,"href":"https:\/\/www.kdfjm.si\/index.php?rest_route=\/wp\/v2\/pages\/299"}],"wp:attachment":[{"href":"https:\/\/www.kdfjm.si\/index.php?rest_route=%2Fwp%2Fv2%2Fmedia&parent=335"}],"curies":[{"name":"wp","href":"https:\/\/api.w.org\/{rel}","templated":true}]}}