{"id":3301,"date":"2015-06-27T21:56:45","date_gmt":"2015-06-27T20:56:45","guid":{"rendered":"http:\/\/www.kdfjm.si\/?page_id=3301"},"modified":"2015-10-11T21:29:22","modified_gmt":"2015-10-11T20:29:22","slug":"kresovanje-2015","status":"publish","type":"page","link":"https:\/\/www.kdfjm.si\/?page_id=3301","title":{"rendered":"Kresovanje 2015"},"content":{"rendered":"<p><a href=\"https:\/\/i0.wp.com\/www.kdfjm.si\/wp-content\/uploads\/2015\/06\/VabiloKRES2015.jpg\"><img data-recalc-dims=\"1\" loading=\"lazy\" decoding=\"async\" data-attachment-id=\"3256\" data-permalink=\"https:\/\/www.kdfjm.si\/?attachment_id=3256\" data-orig-file=\"https:\/\/i0.wp.com\/www.kdfjm.si\/wp-content\/uploads\/2015\/06\/VabiloKRES2015.jpg?fit=827%2C1126&amp;ssl=1\" data-orig-size=\"827,1126\" data-comments-opened=\"1\" data-image-meta=\"{&quot;aperture&quot;:&quot;0&quot;,&quot;credit&quot;:&quot;&quot;,&quot;camera&quot;:&quot;&quot;,&quot;caption&quot;:&quot;&quot;,&quot;created_timestamp&quot;:&quot;0&quot;,&quot;copyright&quot;:&quot;&quot;,&quot;focal_length&quot;:&quot;0&quot;,&quot;iso&quot;:&quot;0&quot;,&quot;shutter_speed&quot;:&quot;0&quot;,&quot;title&quot;:&quot;&quot;,&quot;orientation&quot;:&quot;1&quot;}\" data-image-title=\"VabiloKRES2015\" data-image-description=\"\" data-image-caption=\"\" data-large-file=\"https:\/\/i0.wp.com\/www.kdfjm.si\/wp-content\/uploads\/2015\/06\/VabiloKRES2015.jpg?fit=752%2C1024&amp;ssl=1\" class=\"aligncenter  wp-image-3256\" src=\"https:\/\/i0.wp.com\/www.kdfjm.si\/wp-content\/uploads\/2015\/06\/VabiloKRES2015-220x300.jpg?resize=293%2C400\" alt=\"VabiloKRES2015\" width=\"293\" height=\"400\" srcset=\"https:\/\/i0.wp.com\/www.kdfjm.si\/wp-content\/uploads\/2015\/06\/VabiloKRES2015.jpg?resize=220%2C300&amp;ssl=1 220w, https:\/\/i0.wp.com\/www.kdfjm.si\/wp-content\/uploads\/2015\/06\/VabiloKRES2015.jpg?resize=752%2C1024&amp;ssl=1 752w, https:\/\/i0.wp.com\/www.kdfjm.si\/wp-content\/uploads\/2015\/06\/VabiloKRES2015.jpg?w=827&amp;ssl=1 827w\" sizes=\"auto, (max-width: 293px) 100vw, 293px\" \/><\/a><\/p>\n<p>Na predve\u010der godu sv. Janeza Krstnika in v po\u010dastitev dneva dr\u017eavnosti smo v torek, 23. junija 2015, ob 21. uri pripravili kresovanje v \u0161portnem parku Menge\u0161.<\/p><div class=\"slideshow\"><div id=\"ngg_slideshow30233011\" class=\"ngg-slideshow owl-carousel\" style=\"max-width: px; max-height: px;\"><img data-recalc-dims=\"1\" decoding=\"async\" src=\"https:\/\/i0.wp.com\/www.kdfjm.si\/wp-content\/gallery\/kresovanje-2015\/kres2015kdfjmmmmdrmaister-4665.jpg?ssl=1\" alt=\"kres2015kdfjmmmmdrmaister-4665\" style=\"max-width: px; max-height: px; width: auto; height:auto; margin:auto\"><img data-recalc-dims=\"1\" decoding=\"async\" src=\"https:\/\/i0.wp.com\/www.kdfjm.si\/wp-content\/gallery\/kresovanje-2015\/kres2015kdfjmmmmdrmaister-4667.jpg?ssl=1\" alt=\"kres2015kdfjmmmmdrmaister-4667\" style=\"max-width: px; max-height: px; width: auto; height:auto; margin:auto\"><img data-recalc-dims=\"1\" decoding=\"async\" src=\"https:\/\/i0.wp.com\/www.kdfjm.si\/wp-content\/gallery\/kresovanje-2015\/kres2015kdfjmmmmdrmaister-4669.jpg?ssl=1\" alt=\"kres2015kdfjmmmmdrmaister-4669\" style=\"max-width: px; max-height: px; width: auto; height:auto; margin:auto\"><img data-recalc-dims=\"1\" decoding=\"async\" src=\"https:\/\/i0.wp.com\/www.kdfjm.si\/wp-content\/gallery\/kresovanje-2015\/kres2015kdfjmmmmdrmaister-4670.jpg?ssl=1\" alt=\"kres2015kdfjmmmmdrmaister-4670\" style=\"max-width: px; max-height: px; width: auto; height:auto; margin:auto\"><img data-recalc-dims=\"1\" decoding=\"async\" src=\"https:\/\/i0.wp.com\/www.kdfjm.si\/wp-content\/gallery\/kresovanje-2015\/kres2015kdfjmmmmdrmaister-4672.jpg?ssl=1\" alt=\"kres2015kdfjmmmmdrmaister-4672\" style=\"max-width: px; max-height: px; width: auto; height:auto; margin:auto\"><img data-recalc-dims=\"1\" decoding=\"async\" src=\"https:\/\/i0.wp.com\/www.kdfjm.si\/wp-content\/gallery\/kresovanje-2015\/kres2015kdfjmmmmdrmaister-4682.jpg?ssl=1\" alt=\"kres2015kdfjmmmmdrmaister-4682\" style=\"max-width: px; max-height: px; width: auto; height:auto; margin:auto\"><img data-recalc-dims=\"1\" decoding=\"async\" src=\"https:\/\/i0.wp.com\/www.kdfjm.si\/wp-content\/gallery\/kresovanje-2015\/kres2015kdfjmmmmdrmaister-4686.jpg?ssl=1\" alt=\"kres2015kdfjmmmmdrmaister-4686\" style=\"max-width: px; max-height: px; width: auto; height:auto; margin:auto\"><img data-recalc-dims=\"1\" decoding=\"async\" src=\"https:\/\/i0.wp.com\/www.kdfjm.si\/wp-content\/gallery\/kresovanje-2015\/kres2015kdfjmmmmdrmaister-4687.jpg?ssl=1\" alt=\"kres2015kdfjmmmmdrmaister-4687\" style=\"max-width: px; max-height: px; width: auto; height:auto; margin:auto\"><img data-recalc-dims=\"1\" decoding=\"async\" src=\"https:\/\/i0.wp.com\/www.kdfjm.si\/wp-content\/gallery\/kresovanje-2015\/kres2015kdfjmmmmdrmaister-4688.jpg?ssl=1\" alt=\"kres2015kdfjmmmmdrmaister-4688\" style=\"max-width: px; max-height: px; width: auto; height:auto; margin:auto\"><img data-recalc-dims=\"1\" decoding=\"async\" src=\"https:\/\/i0.wp.com\/www.kdfjm.si\/wp-content\/gallery\/kresovanje-2015\/kres2015kdfjmmmmdrmaister-4689.jpg?ssl=1\" alt=\"kres2015kdfjmmmmdrmaister-4689\" style=\"max-width: px; max-height: px; width: auto; height:auto; margin:auto\"><img data-recalc-dims=\"1\" decoding=\"async\" src=\"https:\/\/i0.wp.com\/www.kdfjm.si\/wp-content\/gallery\/kresovanje-2015\/kres2015kdfjmmmmdrmaister-4690.jpg?ssl=1\" alt=\"kres2015kdfjmmmmdrmaister-4690\" style=\"max-width: px; max-height: px; width: auto; height:auto; margin:auto\"><img data-recalc-dims=\"1\" decoding=\"async\" src=\"https:\/\/i0.wp.com\/www.kdfjm.si\/wp-content\/gallery\/kresovanje-2015\/kres2015kdfjmmmmdrmaister-4693.jpg?ssl=1\" alt=\"kres2015kdfjmmmmdrmaister-4693\" style=\"max-width: px; max-height: px; width: auto; height:auto; margin:auto\"><img data-recalc-dims=\"1\" decoding=\"async\" src=\"https:\/\/i0.wp.com\/www.kdfjm.si\/wp-content\/gallery\/kresovanje-2015\/kres2015kdfjmmmmdrmaister-4695.jpg?ssl=1\" alt=\"kres2015kdfjmmmmdrmaister-4695\" style=\"max-width: px; max-height: px; width: auto; height:auto; margin:auto\"><img data-recalc-dims=\"1\" decoding=\"async\" src=\"https:\/\/i0.wp.com\/www.kdfjm.si\/wp-content\/gallery\/kresovanje-2015\/kres2015kdfjmmmmdrmaister-4704.jpg?ssl=1\" alt=\"kres2015kdfjmmmmdrmaister-4704\" style=\"max-width: px; max-height: px; width: auto; height:auto; margin:auto\"><img data-recalc-dims=\"1\" decoding=\"async\" src=\"https:\/\/i0.wp.com\/www.kdfjm.si\/wp-content\/gallery\/kresovanje-2015\/kres2015kdfjmmmmdrmaister-4707.jpg?ssl=1\" alt=\"kres2015kdfjmmmmdrmaister-4707\" style=\"max-width: px; max-height: px; width: auto; height:auto; margin:auto\"><img data-recalc-dims=\"1\" decoding=\"async\" src=\"https:\/\/i0.wp.com\/www.kdfjm.si\/wp-content\/gallery\/kresovanje-2015\/krespanoramakdfjm2015.jpg?ssl=1\" alt=\"krespanoramakdfjm2015\" style=\"max-width: px; max-height: px; width: auto; height:auto; margin:auto\"><\/div><\/div>\n\n<script type=\"text\/javascript\">jQuery(document).ready(function($) {\r\n\t\t\tvar owl = $('#ngg_slideshow30233011');\r\n\t\t\towl.owlCarousel({\r\n\t\t\t\titems: 1,\r\n\t\t\t\tautoHeight: false,\r\n\t            dots: true,\r\n\t            autoplay: true,\r\n\t\t\t\tautoplayTimeout: 3000,\r\n\t\t\t\tautoplayHoverPause: true,\r\n\t\t\t\tanimateIn: 'fadeIn',\r\n\t\t\t\tanimateOut: 'fadeOut',\r\n\t\t\t\tloop: true,\r\n\t\t\t\tmouseDrag: true,\r\n\t\t\t\ttouchDrag: true\r\n\t\t\t});\nowl.click( function () {\r\n                    owl.trigger( 'next.owl.carousel' );\r\n                } );});\n<\/script>","protected":false},"excerpt":{"rendered":"<p>Na predve\u010der godu sv. Janeza Krstnika in v po\u010dastitev dneva dr\u017eavnosti smo v torek, 23. junija 2015, ob 21. uri pripravili kresovanje v \u0161portnem parku Menge\u0161.<\/p>\n","protected":false},"author":4,"featured_media":0,"parent":606,"menu_order":0,"comment_status":"closed","ping_status":"open","template":"","meta":{"footnotes":""},"class_list":["post-3301","page","type-page","status-publish","hentry"],"jetpack_sharing_enabled":true,"jetpack_shortlink":"https:\/\/wp.me\/P73nhm-Rf","jetpack-related-posts":[],"_links":{"self":[{"href":"https:\/\/www.kdfjm.si\/index.php?rest_route=\/wp\/v2\/pages\/3301","targetHints":{"allow":["GET"]}}],"collection":[{"href":"https:\/\/www.kdfjm.si\/index.php?rest_route=\/wp\/v2\/pages"}],"about":[{"href":"https:\/\/www.kdfjm.si\/index.php?rest_route=\/wp\/v2\/types\/page"}],"author":[{"embeddable":true,"href":"https:\/\/www.kdfjm.si\/index.php?rest_route=\/wp\/v2\/users\/4"}],"replies":[{"embeddable":true,"href":"https:\/\/www.kdfjm.si\/index.php?rest_route=%2Fwp%2Fv2%2Fcomments&post=3301"}],"version-history":[{"count":3,"href":"https:\/\/www.kdfjm.si\/index.php?rest_route=\/wp\/v2\/pages\/3301\/revisions"}],"predecessor-version":[{"id":3304,"href":"https:\/\/www.kdfjm.si\/index.php?rest_route=\/wp\/v2\/pages\/3301\/revisions\/3304"}],"up":[{"embeddable":true,"href":"https:\/\/www.kdfjm.si\/index.php?rest_route=\/wp\/v2\/pages\/606"}],"wp:attachment":[{"href":"https:\/\/www.kdfjm.si\/index.php?rest_route=%2Fwp%2Fv2%2Fmedia&parent=3301"}],"curies":[{"name":"wp","href":"https:\/\/api.w.org\/{rel}","templated":true}]}}