{"id":3292,"date":"2015-06-27T21:47:51","date_gmt":"2015-06-27T20:47:51","guid":{"rendered":"http:\/\/www.kdfjm.si\/?page_id=3292"},"modified":"2015-10-11T21:29:22","modified_gmt":"2015-10-11T20:29:22","slug":"romanje-na-smarno-goro-2015","status":"publish","type":"page","link":"https:\/\/www.kdfjm.si\/?page_id=3292","title":{"rendered":"Romanje na \u0160marno goro 2015"},"content":{"rendered":"<p><a href=\"https:\/\/i0.wp.com\/www.kdfjm.si\/wp-content\/uploads\/2015\/06\/VabiloSmarnaGora2015.jpg\"><img data-recalc-dims=\"1\" loading=\"lazy\" decoding=\"async\" data-attachment-id=\"3255\" data-permalink=\"https:\/\/www.kdfjm.si\/?attachment_id=3255\" data-orig-file=\"https:\/\/i0.wp.com\/www.kdfjm.si\/wp-content\/uploads\/2015\/06\/VabiloSmarnaGora2015.jpg?fit=827%2C1186&amp;ssl=1\" data-orig-size=\"827,1186\" data-comments-opened=\"1\" data-image-meta=\"{&quot;aperture&quot;:&quot;0&quot;,&quot;credit&quot;:&quot;&quot;,&quot;camera&quot;:&quot;&quot;,&quot;caption&quot;:&quot;&quot;,&quot;created_timestamp&quot;:&quot;0&quot;,&quot;copyright&quot;:&quot;&quot;,&quot;focal_length&quot;:&quot;0&quot;,&quot;iso&quot;:&quot;0&quot;,&quot;shutter_speed&quot;:&quot;0&quot;,&quot;title&quot;:&quot;&quot;,&quot;orientation&quot;:&quot;1&quot;}\" data-image-title=\"VabiloSmarnaGora2015\" data-image-description=\"\" data-image-caption=\"\" data-large-file=\"https:\/\/i0.wp.com\/www.kdfjm.si\/wp-content\/uploads\/2015\/06\/VabiloSmarnaGora2015.jpg?fit=714%2C1024&amp;ssl=1\" class=\"aligncenter  wp-image-3255\" src=\"https:\/\/i0.wp.com\/www.kdfjm.si\/wp-content\/uploads\/2015\/06\/VabiloSmarnaGora2015-209x300.jpg?resize=264%2C379\" alt=\"VabiloSmarnaGora2015\" width=\"264\" height=\"379\" srcset=\"https:\/\/i0.wp.com\/www.kdfjm.si\/wp-content\/uploads\/2015\/06\/VabiloSmarnaGora2015.jpg?resize=209%2C300&amp;ssl=1 209w, https:\/\/i0.wp.com\/www.kdfjm.si\/wp-content\/uploads\/2015\/06\/VabiloSmarnaGora2015.jpg?resize=714%2C1024&amp;ssl=1 714w, https:\/\/i0.wp.com\/www.kdfjm.si\/wp-content\/uploads\/2015\/06\/VabiloSmarnaGora2015.jpg?w=827&amp;ssl=1 827w\" sizes=\"auto, (max-width: 264px) 100vw, 264px\" \/><\/a><\/p>\n<p>&nbsp;<\/p>\n<p>Meng\u0161ani so v spomin na zmago nad Turki pri Sisku 22. 6. 1593 na praznik sv. Ahaca romali na \u0160marno goro.<\/p>\n<p>V ponedeljek, 22. 6. 2015 smo se zbrali pri cerkvi v Meng\u0161u in pe\u0161 od\u0161li proti \u0160marni gori, kjer je bila ob 12. uri sveta ma\u0161a.<\/p><div class=\"slideshow\"><div id=\"ngg_slideshow30132921\" class=\"ngg-slideshow owl-carousel\" style=\"max-width: px; max-height: px;\"><img data-recalc-dims=\"1\" decoding=\"async\" src=\"https:\/\/i0.wp.com\/www.kdfjm.si\/wp-content\/gallery\/romanje-na-smarno-goro-fotografije\/romanjesmarna2015kdfjm-4027.jpg?ssl=1\" alt=\"romanjesmarna2015kdfjm-4027\" style=\"max-width: px; max-height: px; width: auto; height:auto; margin:auto\"><img data-recalc-dims=\"1\" decoding=\"async\" src=\"https:\/\/i0.wp.com\/www.kdfjm.si\/wp-content\/gallery\/romanje-na-smarno-goro-fotografije\/romanjesmarna2015kdfjm-4041.jpg?ssl=1\" alt=\"romanjesmarna2015kdfjm-4041\" style=\"max-width: px; max-height: px; width: auto; height:auto; margin:auto\"><img data-recalc-dims=\"1\" decoding=\"async\" src=\"https:\/\/i0.wp.com\/www.kdfjm.si\/wp-content\/gallery\/romanje-na-smarno-goro-fotografije\/romanjesmarna2015kdfjm-4047.jpg?ssl=1\" alt=\"romanjesmarna2015kdfjm-4047\" style=\"max-width: px; max-height: px; width: auto; height:auto; margin:auto\"><img data-recalc-dims=\"1\" decoding=\"async\" src=\"https:\/\/i0.wp.com\/www.kdfjm.si\/wp-content\/gallery\/romanje-na-smarno-goro-fotografije\/romanjesmarna2015kdfjm-4053.jpg?ssl=1\" alt=\"romanjesmarna2015kdfjm-4053\" style=\"max-width: px; max-height: px; width: auto; height:auto; margin:auto\"><img data-recalc-dims=\"1\" decoding=\"async\" src=\"https:\/\/i0.wp.com\/www.kdfjm.si\/wp-content\/gallery\/romanje-na-smarno-goro-fotografije\/romanjesmarna2015kdfjm-4060.jpg?ssl=1\" alt=\"romanjesmarna2015kdfjm-4060\" style=\"max-width: px; max-height: px; width: auto; height:auto; margin:auto\"><img data-recalc-dims=\"1\" decoding=\"async\" src=\"https:\/\/i0.wp.com\/www.kdfjm.si\/wp-content\/gallery\/romanje-na-smarno-goro-fotografije\/romanjesmarna2015kdfjm-4065.jpg?ssl=1\" alt=\"romanjesmarna2015kdfjm-4065\" style=\"max-width: px; max-height: px; width: auto; height:auto; margin:auto\"><img data-recalc-dims=\"1\" decoding=\"async\" src=\"https:\/\/i0.wp.com\/www.kdfjm.si\/wp-content\/gallery\/romanje-na-smarno-goro-fotografije\/romanjesmarna2015kdfjm-4066.jpg?ssl=1\" alt=\"romanjesmarna2015kdfjm-4066\" style=\"max-width: px; max-height: px; width: auto; height:auto; margin:auto\"><img data-recalc-dims=\"1\" decoding=\"async\" src=\"https:\/\/i0.wp.com\/www.kdfjm.si\/wp-content\/gallery\/romanje-na-smarno-goro-fotografije\/romanjesmarna2015kdfjm-4068.jpg?ssl=1\" alt=\"romanjesmarna2015kdfjm-4068\" style=\"max-width: px; max-height: px; width: auto; height:auto; margin:auto\"><img data-recalc-dims=\"1\" decoding=\"async\" src=\"https:\/\/i0.wp.com\/www.kdfjm.si\/wp-content\/gallery\/romanje-na-smarno-goro-fotografije\/romanjesmarna2015kdfjm-4075.jpg?ssl=1\" alt=\"romanjesmarna2015kdfjm-4075\" style=\"max-width: px; max-height: px; width: auto; height:auto; margin:auto\"><img data-recalc-dims=\"1\" decoding=\"async\" src=\"https:\/\/i0.wp.com\/www.kdfjm.si\/wp-content\/gallery\/romanje-na-smarno-goro-fotografije\/romanjesmarna2015kdfjm-4079.jpg?ssl=1\" alt=\"romanjesmarna2015kdfjm-4079\" style=\"max-width: px; max-height: px; width: auto; height:auto; margin:auto\"><img data-recalc-dims=\"1\" decoding=\"async\" src=\"https:\/\/i0.wp.com\/www.kdfjm.si\/wp-content\/gallery\/romanje-na-smarno-goro-fotografije\/romanjesmarna2015kdfjm-4080.jpg?ssl=1\" alt=\"romanjesmarna2015kdfjm-4080\" style=\"max-width: px; max-height: px; width: auto; height:auto; margin:auto\"><img data-recalc-dims=\"1\" decoding=\"async\" src=\"https:\/\/i0.wp.com\/www.kdfjm.si\/wp-content\/gallery\/romanje-na-smarno-goro-fotografije\/romanjesmarna2015kdfjm-4082.jpg?ssl=1\" alt=\"romanjesmarna2015kdfjm-4082\" style=\"max-width: px; max-height: px; width: auto; height:auto; margin:auto\"><img data-recalc-dims=\"1\" decoding=\"async\" src=\"https:\/\/i0.wp.com\/www.kdfjm.si\/wp-content\/gallery\/romanje-na-smarno-goro-fotografije\/romanjesmarna2015kdfjm-4084.jpg?ssl=1\" alt=\"romanjesmarna2015kdfjm-4084\" style=\"max-width: px; max-height: px; width: auto; height:auto; margin:auto\"><img data-recalc-dims=\"1\" decoding=\"async\" src=\"https:\/\/i0.wp.com\/www.kdfjm.si\/wp-content\/gallery\/romanje-na-smarno-goro-fotografije\/romanjesmarna2015kdfjm-4086.jpg?ssl=1\" alt=\"romanjesmarna2015kdfjm-4086\" style=\"max-width: px; max-height: px; width: auto; height:auto; margin:auto\"><img data-recalc-dims=\"1\" decoding=\"async\" src=\"https:\/\/i0.wp.com\/www.kdfjm.si\/wp-content\/gallery\/romanje-na-smarno-goro-fotografije\/romanjesmarna2015kdfjm-4087.jpg?ssl=1\" alt=\"romanjesmarna2015kdfjm-4087\" style=\"max-width: px; max-height: px; width: auto; height:auto; margin:auto\"><img data-recalc-dims=\"1\" decoding=\"async\" src=\"https:\/\/i0.wp.com\/www.kdfjm.si\/wp-content\/gallery\/romanje-na-smarno-goro-fotografije\/romanjesmarna2015kdfjm-4090.jpg?ssl=1\" alt=\"romanjesmarna2015kdfjm-4090\" style=\"max-width: px; max-height: px; width: auto; height:auto; margin:auto\"><img data-recalc-dims=\"1\" decoding=\"async\" src=\"https:\/\/i0.wp.com\/www.kdfjm.si\/wp-content\/gallery\/romanje-na-smarno-goro-fotografije\/romanjesmarna2015kdfjm-4092.jpg?ssl=1\" alt=\"romanjesmarna2015kdfjm-4092\" style=\"max-width: px; max-height: px; width: auto; height:auto; margin:auto\"><img data-recalc-dims=\"1\" decoding=\"async\" src=\"https:\/\/i0.wp.com\/www.kdfjm.si\/wp-content\/gallery\/romanje-na-smarno-goro-fotografije\/romanjesmarna2015kdfjm-4645.jpg?ssl=1\" alt=\"romanjesmarna2015kdfjm-4645\" style=\"max-width: px; max-height: px; width: auto; height:auto; margin:auto\"><img data-recalc-dims=\"1\" decoding=\"async\" src=\"https:\/\/i0.wp.com\/www.kdfjm.si\/wp-content\/gallery\/romanje-na-smarno-goro-fotografije\/romanjesmarna2015kdfjm-4650.jpg?ssl=1\" alt=\"romanjesmarna2015kdfjm-4650\" style=\"max-width: px; max-height: px; width: auto; height:auto; margin:auto\"><img data-recalc-dims=\"1\" decoding=\"async\" src=\"https:\/\/i0.wp.com\/www.kdfjm.si\/wp-content\/gallery\/romanje-na-smarno-goro-fotografije\/romanjesmarna2015kdfjm-4657.jpg?ssl=1\" alt=\"romanjesmarna2015kdfjm-4657\" style=\"max-width: px; max-height: px; width: auto; height:auto; margin:auto\"><img data-recalc-dims=\"1\" decoding=\"async\" src=\"https:\/\/i0.wp.com\/www.kdfjm.si\/wp-content\/gallery\/romanje-na-smarno-goro-fotografije\/romanjesmarna2015kdfjm-4658.jpg?ssl=1\" alt=\"romanjesmarna2015kdfjm-4658\" style=\"max-width: px; max-height: px; width: auto; height:auto; margin:auto\"><img data-recalc-dims=\"1\" decoding=\"async\" src=\"https:\/\/i0.wp.com\/www.kdfjm.si\/wp-content\/gallery\/romanje-na-smarno-goro-fotografije\/romanjesmarna2015kdfjm-4660.jpg?ssl=1\" alt=\"romanjesmarna2015kdfjm-4660\" style=\"max-width: px; max-height: px; width: auto; height:auto; margin:auto\"><\/div><\/div>\n\n<script type=\"text\/javascript\">jQuery(document).ready(function($) {\r\n\t\t\tvar owl = $('#ngg_slideshow30132921');\r\n\t\t\towl.owlCarousel({\r\n\t\t\t\titems: 1,\r\n\t\t\t\tautoHeight: false,\r\n\t            dots: true,\r\n\t            autoplay: true,\r\n\t\t\t\tautoplayTimeout: 3000,\r\n\t\t\t\tautoplayHoverPause: true,\r\n\t\t\t\tanimateIn: 'fadeIn',\r\n\t\t\t\tanimateOut: 'fadeOut',\r\n\t\t\t\tloop: true,\r\n\t\t\t\tmouseDrag: true,\r\n\t\t\t\ttouchDrag: true\r\n\t\t\t});\nowl.click( function () {\r\n                    owl.trigger( 'next.owl.carousel' );\r\n                } );});\n<\/script>","protected":false},"excerpt":{"rendered":"<p>&nbsp; Meng\u0161ani so v spomin na zmago nad Turki pri Sisku 22. 6. 1593 na praznik sv. Ahaca romali na \u0160marno goro. V ponedeljek, 22. 6. 2015 smo se zbrali pri cerkvi v Meng\u0161u in pe\u0161 od\u0161li proti \u0160marni gori, kjer je bila ob 12. uri sveta ma\u0161a.<\/p>\n","protected":false},"author":4,"featured_media":0,"parent":606,"menu_order":0,"comment_status":"closed","ping_status":"open","template":"","meta":{"footnotes":""},"class_list":["post-3292","page","type-page","status-publish","hentry"],"jetpack_sharing_enabled":true,"jetpack_shortlink":"https:\/\/wp.me\/P73nhm-R6","jetpack-related-posts":[],"_links":{"self":[{"href":"https:\/\/www.kdfjm.si\/index.php?rest_route=\/wp\/v2\/pages\/3292","targetHints":{"allow":["GET"]}}],"collection":[{"href":"https:\/\/www.kdfjm.si\/index.php?rest_route=\/wp\/v2\/pages"}],"about":[{"href":"https:\/\/www.kdfjm.si\/index.php?rest_route=\/wp\/v2\/types\/page"}],"author":[{"embeddable":true,"href":"https:\/\/www.kdfjm.si\/index.php?rest_route=\/wp\/v2\/users\/4"}],"replies":[{"embeddable":true,"href":"https:\/\/www.kdfjm.si\/index.php?rest_route=%2Fwp%2Fv2%2Fcomments&post=3292"}],"version-history":[{"count":3,"href":"https:\/\/www.kdfjm.si\/index.php?rest_route=\/wp\/v2\/pages\/3292\/revisions"}],"predecessor-version":[{"id":3295,"href":"https:\/\/www.kdfjm.si\/index.php?rest_route=\/wp\/v2\/pages\/3292\/revisions\/3295"}],"up":[{"embeddable":true,"href":"https:\/\/www.kdfjm.si\/index.php?rest_route=\/wp\/v2\/pages\/606"}],"wp:attachment":[{"href":"https:\/\/www.kdfjm.si\/index.php?rest_route=%2Fwp%2Fv2%2Fmedia&parent=3292"}],"curies":[{"name":"wp","href":"https:\/\/api.w.org\/{rel}","templated":true}]}}