{"id":3186,"date":"2015-04-07T10:22:49","date_gmt":"2015-04-07T09:22:49","guid":{"rendered":"http:\/\/www.kdfjm.si\/?page_id=3186"},"modified":"2015-10-11T21:29:22","modified_gmt":"2015-10-11T20:29:22","slug":"ciscenje-okoli-kapelic-in-znamenj","status":"publish","type":"page","link":"https:\/\/www.kdfjm.si\/?page_id=3186","title":{"rendered":"\u010ci\u0161\u010denje okoli kapelic in znamenj"},"content":{"rendered":"<p>V soboto, 5. aprila 2014, smo o\u010distili okolico znamenj in kapelic. Zbrali smo se pred dru\u0161tvom ob 10:00.<\/p>\n","protected":false},"excerpt":{"rendered":"<p>V soboto, 5. aprila 2014, smo o\u010distili okolico znamenj in kapelic. Zbrali smo se pred dru\u0161tvom ob 10:00.<\/p>\n","protected":false},"author":4,"featured_media":0,"parent":606,"menu_order":0,"comment_status":"closed","ping_status":"open","template":"","meta":{"footnotes":""},"class_list":["post-3186","page","type-page","status-publish","hentry"],"jetpack_sharing_enabled":true,"jetpack_shortlink":"https:\/\/wp.me\/P73nhm-Po","jetpack-related-posts":[],"_links":{"self":[{"href":"https:\/\/www.kdfjm.si\/index.php?rest_route=\/wp\/v2\/pages\/3186","targetHints":{"allow":["GET"]}}],"collection":[{"href":"https:\/\/www.kdfjm.si\/index.php?rest_route=\/wp\/v2\/pages"}],"about":[{"href":"https:\/\/www.kdfjm.si\/index.php?rest_route=\/wp\/v2\/types\/page"}],"author":[{"embeddable":true,"href":"https:\/\/www.kdfjm.si\/index.php?rest_route=\/wp\/v2\/users\/4"}],"replies":[{"embeddable":true,"href":"https:\/\/www.kdfjm.si\/index.php?rest_route=%2Fwp%2Fv2%2Fcomments&post=3186"}],"version-history":[{"count":1,"href":"https:\/\/www.kdfjm.si\/index.php?rest_route=\/wp\/v2\/pages\/3186\/revisions"}],"predecessor-version":[{"id":3187,"href":"https:\/\/www.kdfjm.si\/index.php?rest_route=\/wp\/v2\/pages\/3186\/revisions\/3187"}],"up":[{"embeddable":true,"href":"https:\/\/www.kdfjm.si\/index.php?rest_route=\/wp\/v2\/pages\/606"}],"wp:attachment":[{"href":"https:\/\/www.kdfjm.si\/index.php?rest_route=%2Fwp%2Fv2%2Fmedia&parent=3186"}],"curies":[{"name":"wp","href":"https:\/\/api.w.org\/{rel}","templated":true}]}}