{"id":3160,"date":"2015-03-11T13:25:44","date_gmt":"2015-03-11T12:25:44","guid":{"rendered":"http:\/\/www.kdfjm.si\/?page_id=3160"},"modified":"2015-10-11T21:29:46","modified_gmt":"2015-10-11T20:29:46","slug":"obnova-cickove-kapelice-na-dobenu","status":"publish","type":"page","link":"https:\/\/www.kdfjm.si\/?page_id=3160","title":{"rendered":"Obnova \u010ci\u010dkove kapelice na Dobenu"},"content":{"rendered":"<p>Postavljanje na novo izdelane strehe na \u010ci\u010dkovo kapelico na Dobenu. Obnovo sta omogo\u010dila in vodila Mestni muzej Menge\u0161 in KDFJM.<\/p><div class=\"slideshow\"><div id=\"ngg_slideshow27631601\" class=\"ngg-slideshow owl-carousel\" style=\"max-width: px; max-height: px;\"><img data-recalc-dims=\"1\" decoding=\"async\" src=\"https:\/\/i0.wp.com\/www.kdfjm.si\/wp-content\/gallery\/montaza-strehe-na-cickovo-kapelico\/20141102-dsc_2204.jpg?ssl=1\" alt=\"20141102-dsc_2204\" style=\"max-width: px; max-height: px; width: auto; height:auto; margin:auto\"><img data-recalc-dims=\"1\" decoding=\"async\" src=\"https:\/\/i0.wp.com\/www.kdfjm.si\/wp-content\/gallery\/montaza-strehe-na-cickovo-kapelico\/20141102-dsc_2207.jpg?ssl=1\" alt=\"20141102-dsc_2207\" style=\"max-width: px; max-height: px; width: auto; height:auto; margin:auto\"><img data-recalc-dims=\"1\" decoding=\"async\" src=\"https:\/\/i0.wp.com\/www.kdfjm.si\/wp-content\/gallery\/montaza-strehe-na-cickovo-kapelico\/20141102-dsc_2209.jpg?ssl=1\" alt=\"20141102-dsc_2209\" style=\"max-width: px; max-height: px; width: auto; height:auto; margin:auto\"><img data-recalc-dims=\"1\" decoding=\"async\" src=\"https:\/\/i0.wp.com\/www.kdfjm.si\/wp-content\/gallery\/montaza-strehe-na-cickovo-kapelico\/20141102-dsc_2217.jpg?ssl=1\" alt=\"20141102-dsc_2217\" style=\"max-width: px; max-height: px; width: auto; height:auto; margin:auto\"><img data-recalc-dims=\"1\" decoding=\"async\" src=\"https:\/\/i0.wp.com\/www.kdfjm.si\/wp-content\/gallery\/montaza-strehe-na-cickovo-kapelico\/20141102-dsc_2221.jpg?ssl=1\" alt=\"20141102-dsc_2221\" style=\"max-width: px; max-height: px; width: auto; height:auto; margin:auto\"><img data-recalc-dims=\"1\" decoding=\"async\" src=\"https:\/\/i0.wp.com\/www.kdfjm.si\/wp-content\/gallery\/montaza-strehe-na-cickovo-kapelico\/20141102-dsc_2250.jpg?ssl=1\" alt=\"20141102-dsc_2250\" style=\"max-width: px; max-height: px; width: auto; height:auto; margin:auto\"><img data-recalc-dims=\"1\" decoding=\"async\" src=\"https:\/\/i0.wp.com\/www.kdfjm.si\/wp-content\/gallery\/montaza-strehe-na-cickovo-kapelico\/20141102-dsc_2267.jpg?ssl=1\" alt=\"20141102-dsc_2267\" style=\"max-width: px; max-height: px; width: auto; height:auto; margin:auto\"><\/div><\/div>\n\n<script type=\"text\/javascript\">jQuery(document).ready(function($) {\r\n\t\t\tvar owl = $('#ngg_slideshow27631601');\r\n\t\t\towl.owlCarousel({\r\n\t\t\t\titems: 1,\r\n\t\t\t\tautoHeight: false,\r\n\t            dots: true,\r\n\t            autoplay: true,\r\n\t\t\t\tautoplayTimeout: 3000,\r\n\t\t\t\tautoplayHoverPause: true,\r\n\t\t\t\tanimateIn: 'fadeIn',\r\n\t\t\t\tanimateOut: 'fadeOut',\r\n\t\t\t\tloop: true,\r\n\t\t\t\tmouseDrag: true,\r\n\t\t\t\ttouchDrag: true\r\n\t\t\t});\nowl.click( function () {\r\n                    owl.trigger( 'next.owl.carousel' );\r\n                } );});\n<\/script>","protected":false},"excerpt":{"rendered":"<p>Postavljanje na novo izdelane strehe na \u010ci\u010dkovo kapelico na Dobenu. Obnovo sta omogo\u010dila in vodila Mestni muzej Menge\u0161 in KDFJM.<\/p>\n","protected":false},"author":4,"featured_media":0,"parent":258,"menu_order":0,"comment_status":"closed","ping_status":"open","template":"","meta":{"footnotes":""},"class_list":["post-3160","page","type-page","status-publish","hentry"],"jetpack_sharing_enabled":true,"jetpack_shortlink":"https:\/\/wp.me\/P73nhm-OY","jetpack-related-posts":[],"_links":{"self":[{"href":"https:\/\/www.kdfjm.si\/index.php?rest_route=\/wp\/v2\/pages\/3160","targetHints":{"allow":["GET"]}}],"collection":[{"href":"https:\/\/www.kdfjm.si\/index.php?rest_route=\/wp\/v2\/pages"}],"about":[{"href":"https:\/\/www.kdfjm.si\/index.php?rest_route=\/wp\/v2\/types\/page"}],"author":[{"embeddable":true,"href":"https:\/\/www.kdfjm.si\/index.php?rest_route=\/wp\/v2\/users\/4"}],"replies":[{"embeddable":true,"href":"https:\/\/www.kdfjm.si\/index.php?rest_route=%2Fwp%2Fv2%2Fcomments&post=3160"}],"version-history":[{"count":1,"href":"https:\/\/www.kdfjm.si\/index.php?rest_route=\/wp\/v2\/pages\/3160\/revisions"}],"predecessor-version":[{"id":3163,"href":"https:\/\/www.kdfjm.si\/index.php?rest_route=\/wp\/v2\/pages\/3160\/revisions\/3163"}],"up":[{"embeddable":true,"href":"https:\/\/www.kdfjm.si\/index.php?rest_route=\/wp\/v2\/pages\/258"}],"wp:attachment":[{"href":"https:\/\/www.kdfjm.si\/index.php?rest_route=%2Fwp%2Fv2%2Fmedia&parent=3160"}],"curies":[{"name":"wp","href":"https:\/\/api.w.org\/{rel}","templated":true}]}}