{"id":316,"date":"2008-12-26T22:43:07","date_gmt":"2008-12-26T20:43:07","guid":{"rendered":"http:\/\/www.kdfjm.si\/?page_id=316"},"modified":"2015-10-11T21:29:47","modified_gmt":"2015-10-11T20:29:47","slug":"krasenje-svec-s-slovenskimi-narodnimi-motivi","status":"publish","type":"page","link":"https:\/\/www.kdfjm.si\/?page_id=316","title":{"rendered":"Kra\u0161enje sve\u010d s slovenskimi narodnimi motivi"},"content":{"rendered":"<p>Likovna delavnica Kra\u0161enje sve\u010d s slovenskimi narodnimi motivi pod mentorstvom Vide Lah je bila v \u010detrtek 31. januarja 2008 od 17.00 do 18.30 v dru\u0161tvenih prostorih na Slovenski cesti 30 v Meng\u0161u.<\/p>\n<p><strong><div class=\"slideshow\"><div id=\"ngg_slideshow343161\" class=\"ngg-slideshow owl-carousel\" style=\"max-width: px; max-height: px;\"><img data-recalc-dims=\"1\" decoding=\"async\" src=\"https:\/\/i0.wp.com\/www.kdfjm.si\/wp-content\/gallery\/delavnica-krasanje-svec-2008\/svece%20kdfjm-2-10.jpg?ssl=1\" alt=\"svece kdfjm-2-10.jpg\" style=\"max-width: px; max-height: px; width: auto; height:auto; margin:auto\"><img data-recalc-dims=\"1\" decoding=\"async\" src=\"https:\/\/i0.wp.com\/www.kdfjm.si\/wp-content\/gallery\/delavnica-krasanje-svec-2008\/svece%20kdfjm-2-12.jpg?ssl=1\" alt=\"svece kdfjm-2-12.jpg\" style=\"max-width: px; max-height: px; width: auto; height:auto; margin:auto\"><img data-recalc-dims=\"1\" decoding=\"async\" src=\"https:\/\/i0.wp.com\/www.kdfjm.si\/wp-content\/gallery\/delavnica-krasanje-svec-2008\/svece%20kdfjm-2-16.jpg?ssl=1\" alt=\"svece kdfjm-2-16.jpg\" style=\"max-width: px; max-height: px; width: auto; height:auto; margin:auto\"><img data-recalc-dims=\"1\" decoding=\"async\" src=\"https:\/\/i0.wp.com\/www.kdfjm.si\/wp-content\/gallery\/delavnica-krasanje-svec-2008\/svece%20kdfjm-2-18.jpg?ssl=1\" alt=\"svece kdfjm-2-18.jpg\" style=\"max-width: px; max-height: px; width: auto; height:auto; margin:auto\"><img data-recalc-dims=\"1\" decoding=\"async\" src=\"https:\/\/i0.wp.com\/www.kdfjm.si\/wp-content\/gallery\/delavnica-krasanje-svec-2008\/svece%20kdfjm-2-19.jpg?ssl=1\" alt=\"svece kdfjm-2-19.jpg\" style=\"max-width: px; max-height: px; width: auto; height:auto; margin:auto\"><img data-recalc-dims=\"1\" decoding=\"async\" src=\"https:\/\/i0.wp.com\/www.kdfjm.si\/wp-content\/gallery\/delavnica-krasanje-svec-2008\/svece%20kdfjm-2-2.jpg?ssl=1\" alt=\"svece kdfjm-2-2.jpg\" style=\"max-width: px; max-height: px; width: auto; height:auto; margin:auto\"><img data-recalc-dims=\"1\" decoding=\"async\" src=\"https:\/\/i0.wp.com\/www.kdfjm.si\/wp-content\/gallery\/delavnica-krasanje-svec-2008\/svece%20kdfjm-2-21.jpg?ssl=1\" alt=\"svece kdfjm-2-21.jpg\" style=\"max-width: px; max-height: px; width: auto; height:auto; margin:auto\"><img data-recalc-dims=\"1\" decoding=\"async\" src=\"https:\/\/i0.wp.com\/www.kdfjm.si\/wp-content\/gallery\/delavnica-krasanje-svec-2008\/svece%20kdfjm-2-22.jpg?ssl=1\" alt=\"svece kdfjm-2-22.jpg\" style=\"max-width: px; max-height: px; width: auto; height:auto; margin:auto\"><img data-recalc-dims=\"1\" decoding=\"async\" src=\"https:\/\/i0.wp.com\/www.kdfjm.si\/wp-content\/gallery\/delavnica-krasanje-svec-2008\/svece%20kdfjm-2-24.jpg?ssl=1\" alt=\"svece kdfjm-2-24.jpg\" style=\"max-width: px; max-height: px; width: auto; height:auto; margin:auto\"><img data-recalc-dims=\"1\" decoding=\"async\" src=\"https:\/\/i0.wp.com\/www.kdfjm.si\/wp-content\/gallery\/delavnica-krasanje-svec-2008\/svece%20kdfjm-2-26.jpg?ssl=1\" alt=\"svece kdfjm-2-26.jpg\" style=\"max-width: px; max-height: px; width: auto; height:auto; margin:auto\"><img data-recalc-dims=\"1\" decoding=\"async\" src=\"https:\/\/i0.wp.com\/www.kdfjm.si\/wp-content\/gallery\/delavnica-krasanje-svec-2008\/svece%20kdfjm-2-27.jpg?ssl=1\" alt=\"svece kdfjm-2-27.jpg\" style=\"max-width: px; max-height: px; width: auto; height:auto; margin:auto\"><img data-recalc-dims=\"1\" decoding=\"async\" src=\"https:\/\/i0.wp.com\/www.kdfjm.si\/wp-content\/gallery\/delavnica-krasanje-svec-2008\/svece%20kdfjm-2-29.jpg?ssl=1\" alt=\"svece kdfjm-2-29.jpg\" style=\"max-width: px; max-height: px; width: auto; height:auto; margin:auto\"><img data-recalc-dims=\"1\" decoding=\"async\" src=\"https:\/\/i0.wp.com\/www.kdfjm.si\/wp-content\/gallery\/delavnica-krasanje-svec-2008\/svece%20kdfjm-2-3.jpg?ssl=1\" alt=\"svece kdfjm-2-3.jpg\" style=\"max-width: px; max-height: px; width: auto; height:auto; margin:auto\"><img data-recalc-dims=\"1\" decoding=\"async\" src=\"https:\/\/i0.wp.com\/www.kdfjm.si\/wp-content\/gallery\/delavnica-krasanje-svec-2008\/svece%20kdfjm-2-31.jpg?ssl=1\" alt=\"svece kdfjm-2-31.jpg\" style=\"max-width: px; max-height: px; width: auto; height:auto; margin:auto\"><img data-recalc-dims=\"1\" decoding=\"async\" src=\"https:\/\/i0.wp.com\/www.kdfjm.si\/wp-content\/gallery\/delavnica-krasanje-svec-2008\/svece%20kdfjm-2-32.jpg?ssl=1\" alt=\"svece kdfjm-2-32.jpg\" style=\"max-width: px; max-height: px; width: auto; height:auto; margin:auto\"><img data-recalc-dims=\"1\" decoding=\"async\" src=\"https:\/\/i0.wp.com\/www.kdfjm.si\/wp-content\/gallery\/delavnica-krasanje-svec-2008\/svece%20kdfjm-2-33.jpg?ssl=1\" alt=\"svece kdfjm-2-33.jpg\" style=\"max-width: px; max-height: px; width: auto; height:auto; margin:auto\"><img data-recalc-dims=\"1\" decoding=\"async\" src=\"https:\/\/i0.wp.com\/www.kdfjm.si\/wp-content\/gallery\/delavnica-krasanje-svec-2008\/svece%20kdfjm-2-6.jpg?ssl=1\" alt=\"svece kdfjm-2-6.jpg\" style=\"max-width: px; max-height: px; width: auto; height:auto; margin:auto\"><img data-recalc-dims=\"1\" decoding=\"async\" src=\"https:\/\/i0.wp.com\/www.kdfjm.si\/wp-content\/gallery\/delavnica-krasanje-svec-2008\/svece%20kdfjm-3-10.jpg?ssl=1\" alt=\"svece kdfjm-3-10.jpg\" style=\"max-width: px; max-height: px; width: auto; height:auto; margin:auto\"><img data-recalc-dims=\"1\" decoding=\"async\" src=\"https:\/\/i0.wp.com\/www.kdfjm.si\/wp-content\/gallery\/delavnica-krasanje-svec-2008\/svece%20kdfjm-3-11.jpg?ssl=1\" alt=\"svece kdfjm-3-11.jpg\" style=\"max-width: px; max-height: px; width: auto; height:auto; margin:auto\"><img data-recalc-dims=\"1\" decoding=\"async\" src=\"https:\/\/i0.wp.com\/www.kdfjm.si\/wp-content\/gallery\/delavnica-krasanje-svec-2008\/svece%20kdfjm-3-13.jpg?ssl=1\" alt=\"svece kdfjm-3-13.jpg\" style=\"max-width: px; max-height: px; width: auto; height:auto; margin:auto\"><img data-recalc-dims=\"1\" decoding=\"async\" src=\"https:\/\/i0.wp.com\/www.kdfjm.si\/wp-content\/gallery\/delavnica-krasanje-svec-2008\/svece%20kdfjm-3-14.jpg?ssl=1\" alt=\"svece kdfjm-3-14.jpg\" style=\"max-width: px; max-height: px; width: auto; height:auto; margin:auto\"><img data-recalc-dims=\"1\" decoding=\"async\" src=\"https:\/\/i0.wp.com\/www.kdfjm.si\/wp-content\/gallery\/delavnica-krasanje-svec-2008\/svece%20kdfjm-3-19.jpg?ssl=1\" alt=\"svece kdfjm-3-19.jpg\" style=\"max-width: px; max-height: px; width: auto; height:auto; margin:auto\"><img data-recalc-dims=\"1\" decoding=\"async\" src=\"https:\/\/i0.wp.com\/www.kdfjm.si\/wp-content\/gallery\/delavnica-krasanje-svec-2008\/svece%20kdfjm-3-20.jpg?ssl=1\" alt=\"svece kdfjm-3-20.jpg\" style=\"max-width: px; max-height: px; width: auto; height:auto; margin:auto\"><img data-recalc-dims=\"1\" decoding=\"async\" src=\"https:\/\/i0.wp.com\/www.kdfjm.si\/wp-content\/gallery\/delavnica-krasanje-svec-2008\/svece%20kdfjm-3-22.jpg?ssl=1\" alt=\"svece kdfjm-3-22.jpg\" style=\"max-width: px; max-height: px; width: auto; height:auto; margin:auto\"><img data-recalc-dims=\"1\" decoding=\"async\" src=\"https:\/\/i0.wp.com\/www.kdfjm.si\/wp-content\/gallery\/delavnica-krasanje-svec-2008\/svece%20kdfjm-3-23.jpg?ssl=1\" alt=\"svece kdfjm-3-23.jpg\" style=\"max-width: px; max-height: px; width: auto; height:auto; margin:auto\"><img data-recalc-dims=\"1\" decoding=\"async\" src=\"https:\/\/i0.wp.com\/www.kdfjm.si\/wp-content\/gallery\/delavnica-krasanje-svec-2008\/svece%20kdfjm-3-25.jpg?ssl=1\" alt=\"svece kdfjm-3-25.jpg\" style=\"max-width: px; max-height: px; width: auto; height:auto; margin:auto\"><img data-recalc-dims=\"1\" decoding=\"async\" src=\"https:\/\/i0.wp.com\/www.kdfjm.si\/wp-content\/gallery\/delavnica-krasanje-svec-2008\/svece%20kdfjm-3-28.jpg?ssl=1\" alt=\"svece kdfjm-3-28.jpg\" style=\"max-width: px; max-height: px; width: auto; height:auto; margin:auto\"><img data-recalc-dims=\"1\" decoding=\"async\" src=\"https:\/\/i0.wp.com\/www.kdfjm.si\/wp-content\/gallery\/delavnica-krasanje-svec-2008\/svece%20kdfjm-3-29.jpg?ssl=1\" alt=\"svece kdfjm-3-29.jpg\" style=\"max-width: px; max-height: px; width: auto; height:auto; margin:auto\"><img data-recalc-dims=\"1\" decoding=\"async\" src=\"https:\/\/i0.wp.com\/www.kdfjm.si\/wp-content\/gallery\/delavnica-krasanje-svec-2008\/svece%20kdfjm-3-32.jpg?ssl=1\" alt=\"svece kdfjm-3-32.jpg\" style=\"max-width: px; max-height: px; width: auto; height:auto; margin:auto\"><img data-recalc-dims=\"1\" decoding=\"async\" src=\"https:\/\/i0.wp.com\/www.kdfjm.si\/wp-content\/gallery\/delavnica-krasanje-svec-2008\/svece%20kdfjm-3-35.jpg?ssl=1\" alt=\"svece kdfjm-3-35.jpg\" style=\"max-width: px; max-height: px; width: auto; height:auto; margin:auto\"><img data-recalc-dims=\"1\" decoding=\"async\" src=\"https:\/\/i0.wp.com\/www.kdfjm.si\/wp-content\/gallery\/delavnica-krasanje-svec-2008\/svece%20kdfjm-3-4.jpg?ssl=1\" alt=\"svece kdfjm-3-4.jpg\" style=\"max-width: px; max-height: px; width: auto; height:auto; margin:auto\"><img data-recalc-dims=\"1\" decoding=\"async\" src=\"https:\/\/i0.wp.com\/www.kdfjm.si\/wp-content\/gallery\/delavnica-krasanje-svec-2008\/svece%20kdfjm-3-6.jpg?ssl=1\" alt=\"svece kdfjm-3-6.jpg\" style=\"max-width: px; max-height: px; width: auto; height:auto; margin:auto\"><img data-recalc-dims=\"1\" decoding=\"async\" src=\"https:\/\/i0.wp.com\/www.kdfjm.si\/wp-content\/gallery\/delavnica-krasanje-svec-2008\/svece%20kdfjm-3-7.jpg?ssl=1\" alt=\"svece kdfjm-3-7.jpg\" style=\"max-width: px; max-height: px; width: auto; height:auto; margin:auto\"><img data-recalc-dims=\"1\" decoding=\"async\" src=\"https:\/\/i0.wp.com\/www.kdfjm.si\/wp-content\/gallery\/delavnica-krasanje-svec-2008\/svece%20kdfjm-3-8.jpg?ssl=1\" alt=\"svece kdfjm-3-8.jpg\" style=\"max-width: px; max-height: px; width: auto; height:auto; margin:auto\"><img data-recalc-dims=\"1\" decoding=\"async\" src=\"https:\/\/i0.wp.com\/www.kdfjm.si\/wp-content\/gallery\/delavnica-krasanje-svec-2008\/svece%20kdfjm-3-9.jpg?ssl=1\" alt=\"svece kdfjm-3-9.jpg\" style=\"max-width: px; max-height: px; width: auto; height:auto; margin:auto\"><\/div><\/div>\n\n<script type=\"text\/javascript\">jQuery(document).ready(function($) {\r\n\t\t\tvar owl = $('#ngg_slideshow343161');\r\n\t\t\towl.owlCarousel({\r\n\t\t\t\titems: 1,\r\n\t\t\t\tautoHeight: false,\r\n\t            dots: true,\r\n\t            autoplay: true,\r\n\t\t\t\tautoplayTimeout: 3000,\r\n\t\t\t\tautoplayHoverPause: true,\r\n\t\t\t\tanimateIn: 'fadeIn',\r\n\t\t\t\tanimateOut: 'fadeOut',\r\n\t\t\t\tloop: true,\r\n\t\t\t\tmouseDrag: true,\r\n\t\t\t\ttouchDrag: true\r\n\t\t\t});\nowl.click( function () {\r\n                    owl.trigger( 'next.owl.carousel' );\r\n                } );});\n<\/script><\/strong><\/p>\n","protected":false},"excerpt":{"rendered":"<p>Likovna delavnica Kra\u0161enje sve\u010d s slovenskimi narodnimi motivi pod mentorstvom Vide Lah je bila v \u010detrtek 31. januarja 2008 od 17.00 do 18.30 v dru\u0161tvenih prostorih na Slovenski cesti 30 v Meng\u0161u.<\/p>\n","protected":false},"author":2,"featured_media":0,"parent":299,"menu_order":0,"comment_status":"closed","ping_status":"closed","template":"","meta":{"footnotes":""},"class_list":["post-316","page","type-page","status-publish","hentry"],"jetpack_sharing_enabled":true,"jetpack_shortlink":"https:\/\/wp.me\/P73nhm-56","jetpack-related-posts":[],"_links":{"self":[{"href":"https:\/\/www.kdfjm.si\/index.php?rest_route=\/wp\/v2\/pages\/316","targetHints":{"allow":["GET"]}}],"collection":[{"href":"https:\/\/www.kdfjm.si\/index.php?rest_route=\/wp\/v2\/pages"}],"about":[{"href":"https:\/\/www.kdfjm.si\/index.php?rest_route=\/wp\/v2\/types\/page"}],"author":[{"embeddable":true,"href":"https:\/\/www.kdfjm.si\/index.php?rest_route=\/wp\/v2\/users\/2"}],"replies":[{"embeddable":true,"href":"https:\/\/www.kdfjm.si\/index.php?rest_route=%2Fwp%2Fv2%2Fcomments&post=316"}],"version-history":[{"count":2,"href":"https:\/\/www.kdfjm.si\/index.php?rest_route=\/wp\/v2\/pages\/316\/revisions"}],"predecessor-version":[{"id":3562,"href":"https:\/\/www.kdfjm.si\/index.php?rest_route=\/wp\/v2\/pages\/316\/revisions\/3562"}],"up":[{"embeddable":true,"href":"https:\/\/www.kdfjm.si\/index.php?rest_route=\/wp\/v2\/pages\/299"}],"wp:attachment":[{"href":"https:\/\/www.kdfjm.si\/index.php?rest_route=%2Fwp%2Fv2%2Fmedia&parent=316"}],"curies":[{"name":"wp","href":"https:\/\/api.w.org\/{rel}","templated":true}]}}