{"id":3129,"date":"2015-03-11T11:46:01","date_gmt":"2015-03-11T10:46:01","guid":{"rendered":"http:\/\/www.kdfjm.si\/?page_id=3129"},"modified":"2015-10-11T21:29:23","modified_gmt":"2015-10-11T20:29:23","slug":"sledi-svetlobe-2013","status":"publish","type":"page","link":"https:\/\/www.kdfjm.si\/?page_id=3129","title":{"rendered":"Sledi svetlobe 2013"},"content":{"rendered":"<p style=\"text-align: center;\">Vljudno vas in va\u0161e prijatelje vabimo na odprtje fotografske<br \/>\nrazstave \u010dlanov Kulturnega dru\u0161tva Franca Jelov\u0161ka Menge\u0161<br \/>\nz naslovom Sledi svetlobe 2013 v ponedeljek 23. decembra 2013<br \/>\nob 18.30 h Galeriji CikCak naTrdinov trg 5 v Menge\u0161.<br \/>\nRazstava bo na ogled do odprtja naslednje razstave.<\/p>\n<p style=\"text-align: center;\">Jo\u017ee Rot, Katarina Marin Hribar, Jo\u0161t Franko, Ga\u0161per Mahni\u010d, Luka \u0160krlep,<br \/>\nAndrej Mehle, An\u017ee Hribar, Ana \u0160krlep, Fulvio Grisoni, Luka Marke\u017e,<br \/>\nFilip \u0160krlep, Peter \u0160krlep, Tamino Petelin\u0161ek<\/p>\n<p style=\"text-align: center;\">Oseba za stike za Galerijo CikCak: Peter \u0160krlep, GSM 031 887 125.<\/p>\n<p style=\"text-align: center;\">Organizator: Kulturno dru\u0161tvo Franca Jelov\u0161ka Menge\u0161, Slovenska 30, 1234 Menge\u0161<\/p>\n<p style=\"text-align: center;\">Razstavo so omogo\u010dili: Vidal d.o.o., Alkam d.o.o. Kamnik, Ob\u010dina Menge\u0161, Primer d.o.o., Fotokopirnica Lipa, Preserje pri Radomljah<\/p>\n<p style=\"text-align: center;\"><div class=\"slideshow\"><div id=\"ngg_slideshow24131291\" class=\"ngg-slideshow owl-carousel\" style=\"max-width: px; max-height: px;\"><img data-recalc-dims=\"1\" decoding=\"async\" src=\"https:\/\/i0.wp.com\/www.kdfjm.si\/wp-content\/gallery\/sledi-svetlobe-2013\/canyonlands_cb.jpg?ssl=1\" alt=\"canyonlands_cb\" style=\"max-width: px; max-height: px; width: auto; height:auto; margin:auto\"><img data-recalc-dims=\"1\" decoding=\"async\" src=\"https:\/\/i0.wp.com\/www.kdfjm.si\/wp-content\/gallery\/sledi-svetlobe-2013\/imgp1865.jpg?ssl=1\" alt=\"imgp1865\" style=\"max-width: px; max-height: px; width: auto; height:auto; margin:auto\"><img data-recalc-dims=\"1\" decoding=\"async\" src=\"https:\/\/i0.wp.com\/www.kdfjm.si\/wp-content\/gallery\/sledi-svetlobe-2013\/jfp_0628.jpg?ssl=1\" alt=\"jfp_0628\" style=\"max-width: px; max-height: px; width: auto; height:auto; margin:auto\"><img data-recalc-dims=\"1\" decoding=\"async\" src=\"https:\/\/i0.wp.com\/www.kdfjm.si\/wp-content\/gallery\/sledi-svetlobe-2013\/p1120994.jpg?ssl=1\" alt=\"p1120994\" style=\"max-width: px; max-height: px; width: auto; height:auto; margin:auto\"><img data-recalc-dims=\"1\" decoding=\"async\" src=\"https:\/\/i0.wp.com\/www.kdfjm.si\/wp-content\/gallery\/sledi-svetlobe-2013\/rot-5119.jpg?ssl=1\" alt=\"rot-5119\" style=\"max-width: px; max-height: px; width: auto; height:auto; margin:auto\"><\/div><\/div>\n\n<script type=\"text\/javascript\">jQuery(document).ready(function($) {\r\n\t\t\tvar owl = $('#ngg_slideshow24131291');\r\n\t\t\towl.owlCarousel({\r\n\t\t\t\titems: 1,\r\n\t\t\t\tautoHeight: false,\r\n\t            dots: true,\r\n\t            autoplay: true,\r\n\t\t\t\tautoplayTimeout: 3000,\r\n\t\t\t\tautoplayHoverPause: true,\r\n\t\t\t\tanimateIn: 'fadeIn',\r\n\t\t\t\tanimateOut: 'fadeOut',\r\n\t\t\t\tloop: true,\r\n\t\t\t\tmouseDrag: true,\r\n\t\t\t\ttouchDrag: true\r\n\t\t\t});\nowl.click( function () {\r\n                    owl.trigger( 'next.owl.carousel' );\r\n                } );});\n<\/script>\n<p>V ponedeljek, 23. decembra 2013, smo odprli razstavo fotografij Sledi svetlobe, ki bo na ogled v galeriji Cikcak do pomladi. Razstavljena dela so na prostem, zato si jih lahko ogledate mimogrede v kateremkoli \u010dasu. Vabljeni!<\/p><div class=\"slideshow\"><div id=\"ngg_slideshow24231293\" class=\"ngg-slideshow owl-carousel\" style=\"max-width: px; max-height: px;\"><img data-recalc-dims=\"1\" decoding=\"async\" src=\"https:\/\/i0.wp.com\/www.kdfjm.si\/wp-content\/gallery\/zanasplet\/slediSvetlobe2013CikCakKDFJM-3155.jpg?ssl=1\" alt=\"slediSvetlobe2013CikCakKDFJM-3155\" style=\"max-width: px; max-height: px; width: auto; height:auto; margin:auto\"><img data-recalc-dims=\"1\" decoding=\"async\" src=\"https:\/\/i0.wp.com\/www.kdfjm.si\/wp-content\/gallery\/zanasplet\/slediSvetlobe2013CikCakKDFJM-3159.jpg?ssl=1\" alt=\"slediSvetlobe2013CikCakKDFJM-3159\" style=\"max-width: px; max-height: px; width: auto; height:auto; margin:auto\"><img data-recalc-dims=\"1\" decoding=\"async\" src=\"https:\/\/i0.wp.com\/www.kdfjm.si\/wp-content\/gallery\/zanasplet\/slediSvetlobe2013CikCakKDFJM-3177.jpg?ssl=1\" alt=\"slediSvetlobe2013CikCakKDFJM-3177\" style=\"max-width: px; max-height: px; width: auto; height:auto; margin:auto\"><img data-recalc-dims=\"1\" decoding=\"async\" src=\"https:\/\/i0.wp.com\/www.kdfjm.si\/wp-content\/gallery\/zanasplet\/slediSvetlobe2013CikCakKDFJM-3197.jpg?ssl=1\" alt=\"slediSvetlobe2013CikCakKDFJM-3197\" style=\"max-width: px; max-height: px; width: auto; height:auto; margin:auto\"><\/div><\/div>\n\n<script type=\"text\/javascript\">jQuery(document).ready(function($) {\r\n\t\t\tvar owl = $('#ngg_slideshow24231293');\r\n\t\t\towl.owlCarousel({\r\n\t\t\t\titems: 1,\r\n\t\t\t\tautoHeight: false,\r\n\t            dots: true,\r\n\t            autoplay: true,\r\n\t\t\t\tautoplayTimeout: 3000,\r\n\t\t\t\tautoplayHoverPause: true,\r\n\t\t\t\tanimateIn: 'fadeIn',\r\n\t\t\t\tanimateOut: 'fadeOut',\r\n\t\t\t\tloop: true,\r\n\t\t\t\tmouseDrag: true,\r\n\t\t\t\ttouchDrag: true\r\n\t\t\t});\nowl.click( function () {\r\n                    owl.trigger( 'next.owl.carousel' );\r\n                } );});\n<\/script>","protected":false},"excerpt":{"rendered":"<p>Vljudno vas in va\u0161e prijatelje vabimo na odprtje fotografske razstave \u010dlanov Kulturnega dru\u0161tva Franca Jelov\u0161ka Menge\u0161 z naslovom Sledi svetlobe 2013 v ponedeljek 23. decembra 2013 ob 18.30 h Galeriji CikCak naTrdinov trg 5 v Menge\u0161. Razstava bo na ogled do odprtja naslednje razstave. Jo\u017ee Rot, Katarina Marin Hribar, Jo\u0161t Franko, Ga\u0161per Mahni\u010d, Luka \u0160krlep, [&hellip;]<\/p>\n","protected":false},"author":4,"featured_media":0,"parent":448,"menu_order":0,"comment_status":"closed","ping_status":"open","template":"","meta":{"footnotes":""},"class_list":["post-3129","page","type-page","status-publish","hentry"],"jetpack_sharing_enabled":true,"jetpack_shortlink":"https:\/\/wp.me\/P73nhm-Ot","jetpack-related-posts":[],"_links":{"self":[{"href":"https:\/\/www.kdfjm.si\/index.php?rest_route=\/wp\/v2\/pages\/3129","targetHints":{"allow":["GET"]}}],"collection":[{"href":"https:\/\/www.kdfjm.si\/index.php?rest_route=\/wp\/v2\/pages"}],"about":[{"href":"https:\/\/www.kdfjm.si\/index.php?rest_route=\/wp\/v2\/types\/page"}],"author":[{"embeddable":true,"href":"https:\/\/www.kdfjm.si\/index.php?rest_route=\/wp\/v2\/users\/4"}],"replies":[{"embeddable":true,"href":"https:\/\/www.kdfjm.si\/index.php?rest_route=%2Fwp%2Fv2%2Fcomments&post=3129"}],"version-history":[{"count":1,"href":"https:\/\/www.kdfjm.si\/index.php?rest_route=\/wp\/v2\/pages\/3129\/revisions"}],"predecessor-version":[{"id":3130,"href":"https:\/\/www.kdfjm.si\/index.php?rest_route=\/wp\/v2\/pages\/3129\/revisions\/3130"}],"up":[{"embeddable":true,"href":"https:\/\/www.kdfjm.si\/index.php?rest_route=\/wp\/v2\/pages\/448"}],"wp:attachment":[{"href":"https:\/\/www.kdfjm.si\/index.php?rest_route=%2Fwp%2Fv2%2Fmedia&parent=3129"}],"curies":[{"name":"wp","href":"https:\/\/api.w.org\/{rel}","templated":true}]}}