{"id":3126,"date":"2015-03-11T11:38:49","date_gmt":"2015-03-11T10:38:49","guid":{"rendered":"http:\/\/www.kdfjm.si\/?page_id=3126"},"modified":"2015-10-11T21:29:46","modified_gmt":"2015-10-11T20:29:46","slug":"delavnica-izdelave-mozaikov","status":"publish","type":"page","link":"https:\/\/www.kdfjm.si\/?page_id=3126","title":{"rendered":"Delavnica izdelave mozaikov"},"content":{"rendered":"<p style=\"text-align: center;\"><a href=\"https:\/\/i0.wp.com\/www.kdfjm.si\/wp-content\/uploads\/2013\/11\/spletDelavnice.jpg\"><img data-recalc-dims=\"1\" loading=\"lazy\" decoding=\"async\" data-attachment-id=\"2314\" data-permalink=\"https:\/\/www.kdfjm.si\/?attachment_id=2314\" data-orig-file=\"https:\/\/i0.wp.com\/www.kdfjm.si\/wp-content\/uploads\/2013\/11\/spletDelavnice.jpg?fit=1181%2C945&amp;ssl=1\" data-orig-size=\"1181,945\" data-comments-opened=\"1\" data-image-meta=\"{&quot;aperture&quot;:&quot;0&quot;,&quot;credit&quot;:&quot;&quot;,&quot;camera&quot;:&quot;&quot;,&quot;caption&quot;:&quot;&quot;,&quot;created_timestamp&quot;:&quot;0&quot;,&quot;copyright&quot;:&quot;&quot;,&quot;focal_length&quot;:&quot;0&quot;,&quot;iso&quot;:&quot;0&quot;,&quot;shutter_speed&quot;:&quot;0&quot;,&quot;title&quot;:&quot;&quot;}\" data-image-title=\"spletDelavnice\" data-image-description=\"\" data-image-caption=\"\" data-large-file=\"https:\/\/i0.wp.com\/www.kdfjm.si\/wp-content\/uploads\/2013\/11\/spletDelavnice.jpg?fit=1024%2C819&amp;ssl=1\" class=\"aligncenter wp-image-2314 size-medium\" src=\"https:\/\/i0.wp.com\/www.kdfjm.si\/wp-content\/uploads\/2013\/11\/spletDelavnice-300x240.jpg?resize=300%2C240\" alt=\"spletDelavnice\" width=\"300\" height=\"240\" srcset=\"https:\/\/i0.wp.com\/www.kdfjm.si\/wp-content\/uploads\/2013\/11\/spletDelavnice.jpg?resize=300%2C240&amp;ssl=1 300w, https:\/\/i0.wp.com\/www.kdfjm.si\/wp-content\/uploads\/2013\/11\/spletDelavnice.jpg?resize=1024%2C819&amp;ssl=1 1024w, https:\/\/i0.wp.com\/www.kdfjm.si\/wp-content\/uploads\/2013\/11\/spletDelavnice.jpg?w=1181&amp;ssl=1 1181w\" sizes=\"auto, (max-width: 300px) 100vw, 300px\" \/><\/a><\/p>\n<p style=\"text-align: center;\">Vabimo vas na delavnico za otroke in mladino,<\/p>\n<p style=\"text-align: center;\"><small><b><big><big><big><big>izdelava mozaikov,<\/big><\/big><\/big><\/big><\/b><\/small><\/p>\n<p style=\"text-align: center;\">v \u010detrtek 21. 11. 2013 od 15. do 17. ure v delavnice<br \/>\nKulturnega dru\u0161tva Franca Jelov\u0161ka Menge\u0161<br \/>\nTrdinov trg 4b Menge\u0161.<\/p>\n","protected":false},"excerpt":{"rendered":"<p>Vabimo vas na delavnico za otroke in mladino, izdelava mozaikov, v \u010detrtek 21. 11. 2013 od 15. do 17. ure v delavnice Kulturnega dru\u0161tva Franca Jelov\u0161ka Menge\u0161 Trdinov trg 4b Menge\u0161.<\/p>\n","protected":false},"author":4,"featured_media":0,"parent":299,"menu_order":0,"comment_status":"closed","ping_status":"open","template":"","meta":{"footnotes":""},"class_list":["post-3126","page","type-page","status-publish","hentry"],"jetpack_sharing_enabled":true,"jetpack_shortlink":"https:\/\/wp.me\/P73nhm-Oq","jetpack-related-posts":[],"_links":{"self":[{"href":"https:\/\/www.kdfjm.si\/index.php?rest_route=\/wp\/v2\/pages\/3126","targetHints":{"allow":["GET"]}}],"collection":[{"href":"https:\/\/www.kdfjm.si\/index.php?rest_route=\/wp\/v2\/pages"}],"about":[{"href":"https:\/\/www.kdfjm.si\/index.php?rest_route=\/wp\/v2\/types\/page"}],"author":[{"embeddable":true,"href":"https:\/\/www.kdfjm.si\/index.php?rest_route=\/wp\/v2\/users\/4"}],"replies":[{"embeddable":true,"href":"https:\/\/www.kdfjm.si\/index.php?rest_route=%2Fwp%2Fv2%2Fcomments&post=3126"}],"version-history":[{"count":1,"href":"https:\/\/www.kdfjm.si\/index.php?rest_route=\/wp\/v2\/pages\/3126\/revisions"}],"predecessor-version":[{"id":3127,"href":"https:\/\/www.kdfjm.si\/index.php?rest_route=\/wp\/v2\/pages\/3126\/revisions\/3127"}],"up":[{"embeddable":true,"href":"https:\/\/www.kdfjm.si\/index.php?rest_route=\/wp\/v2\/pages\/299"}],"wp:attachment":[{"href":"https:\/\/www.kdfjm.si\/index.php?rest_route=%2Fwp%2Fv2%2Fmedia&parent=3126"}],"curies":[{"name":"wp","href":"https:\/\/api.w.org\/{rel}","templated":true}]}}