{"id":3117,"date":"2015-03-11T11:21:34","date_gmt":"2015-03-11T10:21:34","guid":{"rendered":"http:\/\/www.kdfjm.si\/?page_id=3117"},"modified":"2015-10-11T21:29:22","modified_gmt":"2015-10-11T20:29:22","slug":"313-obletnica-rojstva-franca-jelovska","status":"publish","type":"page","link":"https:\/\/www.kdfjm.si\/?page_id=3117","title":{"rendered":"313. obletnica rojstva Franca Jelov\u0161ka"},"content":{"rendered":"<p>4. oktobra 2013 smo polo\u017eili \u0161opek ob 313. obletnici rojstva najve\u010djega slovenskega baro\u010dnega freskanta in slikarja Franca Jelov\u0161ka.<\/p>\n<p style=\"text-align: center;\"><a href=\"https:\/\/i0.wp.com\/www.kdfjm.si\/wp-content\/uploads\/2013\/11\/313FJelovsekiKDFJM2013-1767.jpg\"><img data-recalc-dims=\"1\" loading=\"lazy\" decoding=\"async\" data-attachment-id=\"2381\" data-permalink=\"https:\/\/www.kdfjm.si\/?attachment_id=2381\" data-orig-file=\"https:\/\/i0.wp.com\/www.kdfjm.si\/wp-content\/uploads\/2013\/11\/313FJelovsekiKDFJM2013-1767.jpg?fit=548%2C827&amp;ssl=1\" data-orig-size=\"548,827\" data-comments-opened=\"1\" data-image-meta=\"{&quot;aperture&quot;:&quot;4&quot;,&quot;credit&quot;:&quot;&quot;,&quot;camera&quot;:&quot;NIKON D7000&quot;,&quot;caption&quot;:&quot;&quot;,&quot;created_timestamp&quot;:&quot;1380818224&quot;,&quot;copyright&quot;:&quot;&quot;,&quot;focal_length&quot;:&quot;18&quot;,&quot;iso&quot;:&quot;800&quot;,&quot;shutter_speed&quot;:&quot;0.00015625&quot;,&quot;title&quot;:&quot;&quot;}\" data-image-title=\"313FJelovsekiKDFJM2013-1767\" data-image-description=\"\" data-image-caption=\"\" data-large-file=\"https:\/\/i0.wp.com\/www.kdfjm.si\/wp-content\/uploads\/2013\/11\/313FJelovsekiKDFJM2013-1767.jpg?fit=548%2C827&amp;ssl=1\" class=\"aligncenter  wp-image-2381\" src=\"https:\/\/i0.wp.com\/www.kdfjm.si\/wp-content\/uploads\/2013\/11\/313FJelovsekiKDFJM2013-1767.jpg?resize=384%2C579\" alt=\"313FJelovsekiKDFJM2013-1767\" width=\"384\" height=\"579\" srcset=\"https:\/\/i0.wp.com\/www.kdfjm.si\/wp-content\/uploads\/2013\/11\/313FJelovsekiKDFJM2013-1767.jpg?w=548&amp;ssl=1 548w, https:\/\/i0.wp.com\/www.kdfjm.si\/wp-content\/uploads\/2013\/11\/313FJelovsekiKDFJM2013-1767.jpg?resize=198%2C300&amp;ssl=1 198w\" sizes=\"auto, (max-width: 384px) 100vw, 384px\" \/><\/a><\/p>\n","protected":false},"excerpt":{"rendered":"<p>4. oktobra 2013 smo polo\u017eili \u0161opek ob 313. obletnici rojstva najve\u010djega slovenskega baro\u010dnega freskanta in slikarja Franca Jelov\u0161ka.<\/p>\n","protected":false},"author":4,"featured_media":0,"parent":606,"menu_order":0,"comment_status":"closed","ping_status":"open","template":"","meta":{"footnotes":""},"class_list":["post-3117","page","type-page","status-publish","hentry"],"jetpack_sharing_enabled":true,"jetpack_shortlink":"https:\/\/wp.me\/P73nhm-Oh","jetpack-related-posts":[],"_links":{"self":[{"href":"https:\/\/www.kdfjm.si\/index.php?rest_route=\/wp\/v2\/pages\/3117","targetHints":{"allow":["GET"]}}],"collection":[{"href":"https:\/\/www.kdfjm.si\/index.php?rest_route=\/wp\/v2\/pages"}],"about":[{"href":"https:\/\/www.kdfjm.si\/index.php?rest_route=\/wp\/v2\/types\/page"}],"author":[{"embeddable":true,"href":"https:\/\/www.kdfjm.si\/index.php?rest_route=\/wp\/v2\/users\/4"}],"replies":[{"embeddable":true,"href":"https:\/\/www.kdfjm.si\/index.php?rest_route=%2Fwp%2Fv2%2Fcomments&post=3117"}],"version-history":[{"count":1,"href":"https:\/\/www.kdfjm.si\/index.php?rest_route=\/wp\/v2\/pages\/3117\/revisions"}],"predecessor-version":[{"id":3118,"href":"https:\/\/www.kdfjm.si\/index.php?rest_route=\/wp\/v2\/pages\/3117\/revisions\/3118"}],"up":[{"embeddable":true,"href":"https:\/\/www.kdfjm.si\/index.php?rest_route=\/wp\/v2\/pages\/606"}],"wp:attachment":[{"href":"https:\/\/www.kdfjm.si\/index.php?rest_route=%2Fwp%2Fv2%2Fmedia&parent=3117"}],"curies":[{"name":"wp","href":"https:\/\/api.w.org\/{rel}","templated":true}]}}