{"id":3101,"date":"2015-03-10T14:24:48","date_gmt":"2015-03-10T13:24:48","guid":{"rendered":"http:\/\/www.kdfjm.si\/?page_id=3101"},"modified":"2015-10-11T21:29:22","modified_gmt":"2015-10-11T20:29:22","slug":"sodelovanje-na-prireditvi-ziv-zav-v-tednu-otroka","status":"publish","type":"page","link":"https:\/\/www.kdfjm.si\/?page_id=3101","title":{"rendered":"Sodelovanje na prireditvi \u017div \u017eav v tednu otroka"},"content":{"rendered":"<p>Na prireditvi \u017div \u017eav v &#8220;tednu otroka&#8221; smo na plo\u0161\u010dadi pred \u0161olo postavili Camero obscuro, da so se otroci lahko potopili v njeno delovanje.<\/p><div class=\"slideshow\"><div id=\"ngg_slideshow27331011\" class=\"ngg-slideshow owl-carousel\" style=\"max-width: px; max-height: px;\"><img data-recalc-dims=\"1\" decoding=\"async\" src=\"https:\/\/i0.wp.com\/www.kdfjm.si\/wp-content\/gallery\/teden-otroka-s-camero-obscuro\/cameraobscuraosmengeskdfjm2014-1678.jpg?ssl=1\" alt=\"cameraobscuraosmengeskdfjm2014-1678\" style=\"max-width: px; max-height: px; width: auto; height:auto; margin:auto\"><img data-recalc-dims=\"1\" decoding=\"async\" src=\"https:\/\/i0.wp.com\/www.kdfjm.si\/wp-content\/gallery\/teden-otroka-s-camero-obscuro\/cameraobscuraosmengeskdfjm2014-4398.jpg?ssl=1\" alt=\"cameraobscuraosmengeskdfjm2014-4398\" style=\"max-width: px; max-height: px; width: auto; height:auto; margin:auto\"><img data-recalc-dims=\"1\" decoding=\"async\" src=\"https:\/\/i0.wp.com\/www.kdfjm.si\/wp-content\/gallery\/teden-otroka-s-camero-obscuro\/cameraobscuraosmengeskdfjm2014-4404.jpg?ssl=1\" alt=\"cameraobscuraosmengeskdfjm2014-4404\" style=\"max-width: px; max-height: px; width: auto; height:auto; margin:auto\"><img data-recalc-dims=\"1\" decoding=\"async\" src=\"https:\/\/i0.wp.com\/www.kdfjm.si\/wp-content\/gallery\/teden-otroka-s-camero-obscuro\/cameraobscuraosmengeskdfjm2014-4434.jpg?ssl=1\" alt=\"cameraobscuraosmengeskdfjm2014-4434\" style=\"max-width: px; max-height: px; width: auto; height:auto; margin:auto\"><img data-recalc-dims=\"1\" decoding=\"async\" src=\"https:\/\/i0.wp.com\/www.kdfjm.si\/wp-content\/gallery\/teden-otroka-s-camero-obscuro\/cameraobscuraosmengeskdfjm2014-4438.jpg?ssl=1\" alt=\"cameraobscuraosmengeskdfjm2014-4438\" style=\"max-width: px; max-height: px; width: auto; height:auto; margin:auto\"><img data-recalc-dims=\"1\" decoding=\"async\" src=\"https:\/\/i0.wp.com\/www.kdfjm.si\/wp-content\/gallery\/teden-otroka-s-camero-obscuro\/cameraobscuraosmengeskdfjm2014-4441.jpg?ssl=1\" alt=\"cameraobscuraosmengeskdfjm2014-4441\" style=\"max-width: px; max-height: px; width: auto; height:auto; margin:auto\"><img data-recalc-dims=\"1\" decoding=\"async\" src=\"https:\/\/i0.wp.com\/www.kdfjm.si\/wp-content\/gallery\/teden-otroka-s-camero-obscuro\/cameraobscuraosmengeskdfjm2014-4447.jpg?ssl=1\" alt=\"cameraobscuraosmengeskdfjm2014-4447\" style=\"max-width: px; max-height: px; width: auto; height:auto; margin:auto\"><img data-recalc-dims=\"1\" decoding=\"async\" src=\"https:\/\/i0.wp.com\/www.kdfjm.si\/wp-content\/gallery\/teden-otroka-s-camero-obscuro\/cameraobscuraosmengeskdfjm2014-4451.jpg?ssl=1\" alt=\"cameraobscuraosmengeskdfjm2014-4451\" style=\"max-width: px; max-height: px; width: auto; height:auto; margin:auto\"><\/div><\/div>\n\n<script type=\"text\/javascript\">jQuery(document).ready(function($) {\r\n\t\t\tvar owl = $('#ngg_slideshow27331011');\r\n\t\t\towl.owlCarousel({\r\n\t\t\t\titems: 1,\r\n\t\t\t\tautoHeight: false,\r\n\t            dots: true,\r\n\t            autoplay: true,\r\n\t\t\t\tautoplayTimeout: 3000,\r\n\t\t\t\tautoplayHoverPause: true,\r\n\t\t\t\tanimateIn: 'fadeIn',\r\n\t\t\t\tanimateOut: 'fadeOut',\r\n\t\t\t\tloop: true,\r\n\t\t\t\tmouseDrag: true,\r\n\t\t\t\ttouchDrag: true\r\n\t\t\t});\nowl.click( function () {\r\n                    owl.trigger( 'next.owl.carousel' );\r\n                } );});\n<\/script>","protected":false},"excerpt":{"rendered":"<p>Na prireditvi \u017div \u017eav v &#8220;tednu otroka&#8221; smo na plo\u0161\u010dadi pred \u0161olo postavili Camero obscuro, da so se otroci lahko potopili v njeno delovanje.<\/p>\n","protected":false},"author":4,"featured_media":0,"parent":606,"menu_order":0,"comment_status":"closed","ping_status":"open","template":"","meta":{"footnotes":""},"class_list":["post-3101","page","type-page","status-publish","hentry"],"jetpack_sharing_enabled":true,"jetpack_shortlink":"https:\/\/wp.me\/P73nhm-O1","jetpack-related-posts":[],"_links":{"self":[{"href":"https:\/\/www.kdfjm.si\/index.php?rest_route=\/wp\/v2\/pages\/3101","targetHints":{"allow":["GET"]}}],"collection":[{"href":"https:\/\/www.kdfjm.si\/index.php?rest_route=\/wp\/v2\/pages"}],"about":[{"href":"https:\/\/www.kdfjm.si\/index.php?rest_route=\/wp\/v2\/types\/page"}],"author":[{"embeddable":true,"href":"https:\/\/www.kdfjm.si\/index.php?rest_route=\/wp\/v2\/users\/4"}],"replies":[{"embeddable":true,"href":"https:\/\/www.kdfjm.si\/index.php?rest_route=%2Fwp%2Fv2%2Fcomments&post=3101"}],"version-history":[{"count":1,"href":"https:\/\/www.kdfjm.si\/index.php?rest_route=\/wp\/v2\/pages\/3101\/revisions"}],"predecessor-version":[{"id":3102,"href":"https:\/\/www.kdfjm.si\/index.php?rest_route=\/wp\/v2\/pages\/3101\/revisions\/3102"}],"up":[{"embeddable":true,"href":"https:\/\/www.kdfjm.si\/index.php?rest_route=\/wp\/v2\/pages\/606"}],"wp:attachment":[{"href":"https:\/\/www.kdfjm.si\/index.php?rest_route=%2Fwp%2Fv2%2Fmedia&parent=3101"}],"curies":[{"name":"wp","href":"https:\/\/api.w.org\/{rel}","templated":true}]}}