{"id":3090,"date":"2015-03-10T14:14:41","date_gmt":"2015-03-10T13:14:41","guid":{"rendered":"http:\/\/www.kdfjm.si\/?page_id=3090"},"modified":"2015-10-11T21:29:22","modified_gmt":"2015-10-11T20:29:22","slug":"kresovanje","status":"publish","type":"page","link":"https:\/\/www.kdfjm.si\/?page_id=3090","title":{"rendered":"Kresovanje 2014"},"content":{"rendered":"<p><a href=\"https:\/\/i0.wp.com\/www.kdfjm.si\/wp-content\/uploads\/2014\/06\/VabiloKresKDFJM2014.jpg\"><img data-recalc-dims=\"1\" loading=\"lazy\" decoding=\"async\" data-attachment-id=\"2725\" data-permalink=\"https:\/\/www.kdfjm.si\/?attachment_id=2725\" data-orig-file=\"https:\/\/i0.wp.com\/www.kdfjm.si\/wp-content\/uploads\/2014\/06\/VabiloKresKDFJM2014.jpg?fit=1264%2C1728&amp;ssl=1\" data-orig-size=\"1264,1728\" data-comments-opened=\"1\" data-image-meta=\"{&quot;aperture&quot;:&quot;0&quot;,&quot;credit&quot;:&quot;&quot;,&quot;camera&quot;:&quot;&quot;,&quot;caption&quot;:&quot;&quot;,&quot;created_timestamp&quot;:&quot;0&quot;,&quot;copyright&quot;:&quot;&quot;,&quot;focal_length&quot;:&quot;0&quot;,&quot;iso&quot;:&quot;0&quot;,&quot;shutter_speed&quot;:&quot;0&quot;,&quot;title&quot;:&quot;&quot;}\" data-image-title=\"VabiloKresKDFJM2014\" data-image-description=\"\" data-image-caption=\"\" data-large-file=\"https:\/\/i0.wp.com\/www.kdfjm.si\/wp-content\/uploads\/2014\/06\/VabiloKresKDFJM2014.jpg?fit=749%2C1024&amp;ssl=1\" class=\"aligncenter wp-image-2725 \" src=\"https:\/\/i0.wp.com\/www.kdfjm.si\/wp-content\/uploads\/2014\/06\/VabiloKresKDFJM2014-219x300.jpg?resize=275%2C377\" alt=\"VabiloKresKDFJM2014\" width=\"275\" height=\"377\" srcset=\"https:\/\/i0.wp.com\/www.kdfjm.si\/wp-content\/uploads\/2014\/06\/VabiloKresKDFJM2014.jpg?resize=219%2C300&amp;ssl=1 219w, https:\/\/i0.wp.com\/www.kdfjm.si\/wp-content\/uploads\/2014\/06\/VabiloKresKDFJM2014.jpg?resize=749%2C1024&amp;ssl=1 749w, https:\/\/i0.wp.com\/www.kdfjm.si\/wp-content\/uploads\/2014\/06\/VabiloKresKDFJM2014.jpg?w=1264&amp;ssl=1 1264w\" sizes=\"auto, (max-width: 275px) 100vw, 275px\" \/><\/a><\/p><div class=\"slideshow\"><div id=\"ngg_slideshow25930901\" class=\"ngg-slideshow owl-carousel\" style=\"max-width: px; max-height: px;\"><img data-recalc-dims=\"1\" decoding=\"async\" src=\"https:\/\/i0.wp.com\/www.kdfjm.si\/wp-content\/gallery\/kresovanje-2014\/20140622-DSC_0001.jpg?ssl=1\" alt=\"20140622-DSC_0001\" style=\"max-width: px; max-height: px; width: auto; height:auto; margin:auto\"><img data-recalc-dims=\"1\" decoding=\"async\" src=\"https:\/\/i0.wp.com\/www.kdfjm.si\/wp-content\/gallery\/kresovanje-2014\/20140622-DSC_0016.jpg?ssl=1\" alt=\"20140622-DSC_0016\" style=\"max-width: px; max-height: px; width: auto; height:auto; margin:auto\"><img data-recalc-dims=\"1\" decoding=\"async\" src=\"https:\/\/i0.wp.com\/www.kdfjm.si\/wp-content\/gallery\/kresovanje-2014\/20140622-DSC_0025.jpg?ssl=1\" alt=\"20140622-DSC_0025\" style=\"max-width: px; max-height: px; width: auto; height:auto; margin:auto\"><img data-recalc-dims=\"1\" decoding=\"async\" src=\"https:\/\/i0.wp.com\/www.kdfjm.si\/wp-content\/gallery\/kresovanje-2014\/20140622-DSC_9942.jpg?ssl=1\" alt=\"20140622-DSC_9942\" style=\"max-width: px; max-height: px; width: auto; height:auto; margin:auto\"><img data-recalc-dims=\"1\" decoding=\"async\" src=\"https:\/\/i0.wp.com\/www.kdfjm.si\/wp-content\/gallery\/kresovanje-2014\/20140622-DSC_9948.jpg?ssl=1\" alt=\"20140622-DSC_9948\" style=\"max-width: px; max-height: px; width: auto; height:auto; margin:auto\"><img data-recalc-dims=\"1\" decoding=\"async\" src=\"https:\/\/i0.wp.com\/www.kdfjm.si\/wp-content\/gallery\/kresovanje-2014\/20140622-DSC_9958.jpg?ssl=1\" alt=\"20140622-DSC_9958\" style=\"max-width: px; max-height: px; width: auto; height:auto; margin:auto\"><img data-recalc-dims=\"1\" decoding=\"async\" src=\"https:\/\/i0.wp.com\/www.kdfjm.si\/wp-content\/gallery\/kresovanje-2014\/20140623-DSC_0053.jpg?ssl=1\" alt=\"20140623-DSC_0053\" style=\"max-width: px; max-height: px; width: auto; height:auto; margin:auto\"><img data-recalc-dims=\"1\" decoding=\"async\" src=\"https:\/\/i0.wp.com\/www.kdfjm.si\/wp-content\/gallery\/kresovanje-2014\/20140623-DSC_0063.jpg?ssl=1\" alt=\"20140623-DSC_0063\" style=\"max-width: px; max-height: px; width: auto; height:auto; margin:auto\"><\/div><\/div>\n\n<script type=\"text\/javascript\">jQuery(document).ready(function($) {\r\n\t\t\tvar owl = $('#ngg_slideshow25930901');\r\n\t\t\towl.owlCarousel({\r\n\t\t\t\titems: 1,\r\n\t\t\t\tautoHeight: false,\r\n\t            dots: true,\r\n\t            autoplay: true,\r\n\t\t\t\tautoplayTimeout: 3000,\r\n\t\t\t\tautoplayHoverPause: true,\r\n\t\t\t\tanimateIn: 'fadeIn',\r\n\t\t\t\tanimateOut: 'fadeOut',\r\n\t\t\t\tloop: true,\r\n\t\t\t\tmouseDrag: true,\r\n\t\t\t\ttouchDrag: true\r\n\t\t\t});\nowl.click( function () {\r\n                    owl.trigger( 'next.owl.carousel' );\r\n                } );});\n<\/script><p style=\"margin-bottom: 0cm;\">Sino\u010di, 23. junija 2014, so okoli 22. ure na kresovanje v Meng\u0161u vdrla tri gasilska vozila Gasilske zveze Ob\u010dine Menge\u0161. Vozilo lo\u0161kega prostovoljnega gasilskega dru\u0161tva je pripeljalo z ju\u017ene strani in se ustavilo kakih 30 metrov pred kresovalci. S severne strani sta pripeljali dve vozili menge\u0161kega prostovoljnega gasilskega dru\u0161tva, pri tem je prvo vozilo pospe\u0161ilo in zapeljalo v sredo med ljudi in pri tem oplazilo enega od umikajo\u010dih se otrok, ki jo je k sre\u010di odnesel brez po\u0161kodb, drugi, otroci s star\u0161i in starej\u0161i, pa so morali odsko\u010diti. Prisotne je zajela panika, otroci so se tresli in jokali. Po izjavah verjetno poveljujo\u010dega in voznika cisterne Toma\u017ea \u017dargija so nameravali kres pogasiti. Komaj smo z odlo\u010dno intervencijo uspeli njihov namen prepre\u010diti.<\/p>\n<p style=\"margin-bottom: 0cm;\">V Meng\u0161u so od nekdaj kresovali. Po drugi svetovni vojni so kresovanje na kresno no\u010d zatrli. Ponovno kresujemo od leta 1990. V tem \u010dasu so nam gasilci \u017ee enkrat pogasili \u0161e nedogorel ogenj, drugi\u010d pa so pri\u0161li, prevzeli vlogo organizatorja in zakurili kres, ki ga niso ne organizirali in ne pripravili. Njihovo leto\u0161nje nasilno in skrajno zavr\u017eeno posredovanje smo razumeli kot organizirano fizi\u010dno gro\u017enjo, kot zastra\u0161evanje, prezir dedi\u0161\u010dine na\u0161ih prednikov, napad na civilno dru\u017ebo in tudi na\u0161o slovensko identiteto, pri tem pa so omade\u017eevali podobo organizacije, ki naj deluje v javnem interesu.<\/p>\n<p style=\"margin-bottom: 0cm;\">Naj navedemo tudi to:<\/p>\n<p>Kresovanje smo ustrezno prijavili predhodno na Ob\u010dini Menge\u0161 in dobili ustrezno soglasje,<br \/>\nkres \u017ee vrsto let kurimo na preglednem travniku nad nogometnim igri\u0161\u010dem,<br \/>\nudele\u017eenci kresovanja so na ravnem preglednem in splo\u0161no varnem prostoru,<br \/>\nkresovanje ima starodaven namen, hkrati pa je posve\u010den Dnevu slovenske dr\u017eavnosti,<br \/>\njavnost o kresovanju obve\u0161\u010damo s plakati in vabili.<\/p>\n<p style=\"margin-bottom: 0cm;\">Za Kulturno dru\u0161tvo Franca Jelov\u0161ka Menge\u0161 in Mestni muzej Menge\u0161, Janez \u0160krlep<\/p>\n","protected":false},"excerpt":{"rendered":"<p>Sino\u010di, 23. junija 2014, so okoli 22. ure na kresovanje v Meng\u0161u vdrla tri gasilska vozila Gasilske zveze Ob\u010dine Menge\u0161. Vozilo lo\u0161kega prostovoljnega gasilskega dru\u0161tva je pripeljalo z ju\u017ene strani in se ustavilo kakih 30 metrov pred kresovalci. S severne strani sta pripeljali dve vozili menge\u0161kega prostovoljnega gasilskega dru\u0161tva, pri tem je prvo vozilo pospe\u0161ilo [&hellip;]<\/p>\n","protected":false},"author":4,"featured_media":0,"parent":606,"menu_order":0,"comment_status":"closed","ping_status":"open","template":"","meta":{"footnotes":""},"class_list":["post-3090","page","type-page","status-publish","hentry"],"jetpack_sharing_enabled":true,"jetpack_shortlink":"https:\/\/wp.me\/P73nhm-NQ","jetpack-related-posts":[],"_links":{"self":[{"href":"https:\/\/www.kdfjm.si\/index.php?rest_route=\/wp\/v2\/pages\/3090","targetHints":{"allow":["GET"]}}],"collection":[{"href":"https:\/\/www.kdfjm.si\/index.php?rest_route=\/wp\/v2\/pages"}],"about":[{"href":"https:\/\/www.kdfjm.si\/index.php?rest_route=\/wp\/v2\/types\/page"}],"author":[{"embeddable":true,"href":"https:\/\/www.kdfjm.si\/index.php?rest_route=\/wp\/v2\/users\/4"}],"replies":[{"embeddable":true,"href":"https:\/\/www.kdfjm.si\/index.php?rest_route=%2Fwp%2Fv2%2Fcomments&post=3090"}],"version-history":[{"count":4,"href":"https:\/\/www.kdfjm.si\/index.php?rest_route=\/wp\/v2\/pages\/3090\/revisions"}],"predecessor-version":[{"id":3095,"href":"https:\/\/www.kdfjm.si\/index.php?rest_route=\/wp\/v2\/pages\/3090\/revisions\/3095"}],"up":[{"embeddable":true,"href":"https:\/\/www.kdfjm.si\/index.php?rest_route=\/wp\/v2\/pages\/606"}],"wp:attachment":[{"href":"https:\/\/www.kdfjm.si\/index.php?rest_route=%2Fwp%2Fv2%2Fmedia&parent=3090"}],"curies":[{"name":"wp","href":"https:\/\/api.w.org\/{rel}","templated":true}]}}