{"id":308,"date":"2008-12-26T14:07:48","date_gmt":"2008-12-26T12:07:48","guid":{"rendered":"http:\/\/www.kdfjm.si\/?page_id=308"},"modified":"2015-10-11T21:29:23","modified_gmt":"2015-10-11T20:29:23","slug":"franc-temelj-pogled-od-blizu","status":"publish","type":"page","link":"https:\/\/www.kdfjm.si\/?page_id=308","title":{"rendered":"Franc Temelj \u2013 Pogled od blizu"},"content":{"rendered":"<p><em>Samo preproste stvari nikdar ne razo\u010darajo <\/em>(Remarque)<\/p>\n<p>Franc Temelj je po svoji osnovni izobrazbi elektrotehnik, zaposlen v podjetju Kladivar v \u017direh. To je njegov osnovni poklic, ob njem pa se ukvarja \u0161e z mnogimi dejavnostmi. Ob\u010dasno pi\u0161e v razli\u010dne revije \u010dlanke o posebnostih in redkej\u0161ih pojavih v na\u0161i krajini, predstavlja razli\u010dne zbiralce \u2013 mimogrede, tudi sam je zbiratej \u2013 objavlja satiri\u010dne tekste in fotografira.<\/p>\n<p>Prve napotke, znanja in nasvete je pridobil na te\u010dajih mednarodnega mojstra fotografije Vlastje Simon\u010di\u010da, kasneje v fotografski sekciji PD \u017diri po njenem razpadu je nadaljeval sam. V za\u010detku se je ukvarjal s krajinsko fotografijo, iskal motive tako v \u017direh in okolici, kot na svojih planinskih potepanjih, ki pa ga kmalu ni ve\u010d zadovoljevala. Neko\u010d mi je povedal, da je v krajinski umetni\u0161ki fotografiji \u017ee skoraj vse povedano in da ne najde izziva, ki bi ga vspodbudil tako mo\u010dno, da bi se mu predal z vsem \u017earom.<\/p>\n<p>Povsem druga\u010den odnos pa ima Franc do tega, kar po\u010dne zadnja leta. Ker je zaposlen v Kladivarju, podjetju, v katerem se ukvarjajo s fluidno tehniko, je pri\u0161el v stik z razli\u010dnimi mazivi, mastmi in olji in ker je \u010dlovek nemirnega duha, se mu je utrnila ideja, da bi te tvarine uporabil kot \u00bbmotiv\u00ab. Surovine je torej imel, fotoaparat tudi, potreboval je \u0161e mikroskop, tu in tam nekatere dodatke kot je kapljica vode, drobec stekla, barvne tu\u0161e in odpotoval je v \u010dude\u017eno de\u017eelo, v kateri je bilo vse podrejeno njegovi ustvarjalnosti, domi\u0161ljiji in znanju.<br \/>\nAmorfna masa masti in olj, ki se je v brezobli\u010dnih pojavnostih pretakala in me\u0161ala na stekleni plo\u0161\u010di in ustvarjala povsem slu\u010dajne in na videz nezanimive strukture, je bila prava podoba nereda ali kaosa, ki pa je z njegovim posegom in odlo\u010ditvijo, temelje\u010do na razumu, znanju in ustvarjalnih vzgibih, ki so ga vodili, pridobila povsem novo, osmi\u0161ljeno in na nek na\u010din urejeno podobo, kozmos. Nikoli ni posku\u0161al iskati oblik, ki bi spominjale na nam znani svet, ampak je vedno izhajal iz konkretnih pojavnosti, ki jih je skozi mikroskop opa\u017eal in fotografiral. Podoben koncept je prisoten v modernem zahodnem slikarstvu, ki ga poznamo pod imenom informel in je zaznamoval 30 in ve\u010d let povojne evropske umetnosti.<\/p>\n<p>To so neznani svetovi, skrivnostne podobe, ki jih odlikuje zanesljiva kompozicija, barvna bogatost ter so\u017eitje bogatih oblik in nenavadnih struktur.<\/p>\n<p>Kot kontrapunkt tem fotografijam pa nam Franc v vsebinsko dore\u010denemu razstavnemu ciklusu predstavlja dela, ki so ravno tako nastala s fotografiranjem skozi mikroskop. Izbral si je kovance iz razli\u010dnih de\u017eel in iz razli\u010dnih \u010dasov z reliefnimi podobami \u017eivali. Ko nam jih s pomo\u010djo mikroskopa in fotoaparata pribli\u017ea, se nam prika\u017eejo kompozicijsko dore\u010deni izrezi , katerih reliefnost poudari \u0161e z izbranim kotom osvetlitve in pred nami za\u017eivijo podobe konjev, ptic in drugih \u017eivali. Na njih opazimo sledi obrabe, praske, zareze in druge po\u0161kodbe, ki likovno obogatijo povr\u0161ine z bogatimi teksturami in v njih zaslutimo brez\u010dasnost podob.<\/p>\n<p>Postavljene skupaj izmeni\u010dno si smiselno sledijo podobe \u017eivali, ki jih za\u010denja proteus, ki \u017eivi v temnih podzemnih vodah, nato ribe kot vodne \u017eivali, sledijo kopenska bitja kot so konji, medved, ris, kozorog, zaklju\u010dujejo pa ga \u017eivali neba, ptice in jastrebi.<br \/>\nSkupaj s podobami iz prvega ciklusa, ki aludirajo na \u017eivljenski prostor \u017eivali, se nam razstava fotografij ka\u017ee kot vsebinsko, likovno in konceptualno osmi\u0161ljen projekt z globoko sporo\u010dilnostjo, ki je prava redkost v na\u0161em prostoru. Hkrati nam Franc Temelj sporo\u010da, da so mo\u017enosti fotografije brezmejne, \u010de je fotoaparat v rokah osebe s pronicljivim duhom in ustvarjalno domi\u0161ljijo.<\/p>\n<p style=\"text-align: right;\">Stane Kosma\u010d<\/p>\n<p><strong>Odprtje prodajne razstave <\/strong>je bilo v soboto 13. vinotoka 2001 ob 20. uri v Galeriji klet na slovenski cesti 30 v Meng\u0161u.<\/p>\n<p><strong>Razstava je bila na ogled <\/strong>do 29. vinotoka 2001, in to vsak dan od 17. do 19. ure.<\/p>\n<p><strong>Samostojne razstave: <\/strong>1988 Ljubljana, 1992 Gorenja vas, 1996 \u017diri, 1998 Kranj, 1999 \u0160kofja Loka, 2001 Menge\u0161<\/p>\n<p><strong>Razstavo je omogo\u010dila <\/strong>Ob\u010dina Menge\u0161.<\/p>\n","protected":false},"excerpt":{"rendered":"<p>Samo preproste stvari nikdar ne razo\u010darajo (Remarque) Franc Temelj je po svoji osnovni izobrazbi elektrotehnik, zaposlen v podjetju Kladivar v \u017direh. To je njegov osnovni poklic, ob njem pa se ukvarja \u0161e z mnogimi dejavnostmi. Ob\u010dasno pi\u0161e v razli\u010dne revije \u010dlanke o posebnostih in redkej\u0161ih pojavih v na\u0161i krajini, predstavlja razli\u010dne zbiralce \u2013 mimogrede, tudi [&hellip;]<\/p>\n","protected":false},"author":2,"featured_media":0,"parent":82,"menu_order":0,"comment_status":"closed","ping_status":"closed","template":"","meta":{"footnotes":""},"class_list":["post-308","page","type-page","status-publish","hentry"],"jetpack_sharing_enabled":true,"jetpack_shortlink":"https:\/\/wp.me\/P73nhm-4Y","jetpack-related-posts":[],"_links":{"self":[{"href":"https:\/\/www.kdfjm.si\/index.php?rest_route=\/wp\/v2\/pages\/308","targetHints":{"allow":["GET"]}}],"collection":[{"href":"https:\/\/www.kdfjm.si\/index.php?rest_route=\/wp\/v2\/pages"}],"about":[{"href":"https:\/\/www.kdfjm.si\/index.php?rest_route=\/wp\/v2\/types\/page"}],"author":[{"embeddable":true,"href":"https:\/\/www.kdfjm.si\/index.php?rest_route=\/wp\/v2\/users\/2"}],"replies":[{"embeddable":true,"href":"https:\/\/www.kdfjm.si\/index.php?rest_route=%2Fwp%2Fv2%2Fcomments&post=308"}],"version-history":[{"count":3,"href":"https:\/\/www.kdfjm.si\/index.php?rest_route=\/wp\/v2\/pages\/308\/revisions"}],"predecessor-version":[{"id":3500,"href":"https:\/\/www.kdfjm.si\/index.php?rest_route=\/wp\/v2\/pages\/308\/revisions\/3500"}],"up":[{"embeddable":true,"href":"https:\/\/www.kdfjm.si\/index.php?rest_route=\/wp\/v2\/pages\/82"}],"wp:attachment":[{"href":"https:\/\/www.kdfjm.si\/index.php?rest_route=%2Fwp%2Fv2%2Fmedia&parent=308"}],"curies":[{"name":"wp","href":"https:\/\/api.w.org\/{rel}","templated":true}]}}