{"id":3072,"date":"2015-03-10T13:28:39","date_gmt":"2015-03-10T12:28:39","guid":{"rendered":"http:\/\/www.kdfjm.si\/?page_id=3072"},"modified":"2015-10-11T21:29:47","modified_gmt":"2015-10-11T20:29:47","slug":"predstavitev-knjige-marka-zerovnika-po-trnovi-poti","status":"publish","type":"page","link":"https:\/\/www.kdfjm.si\/?page_id=3072","title":{"rendered":"Predstavitev knjige Marka \u017derovnika Po trnovi poti"},"content":{"rendered":"<p>Vabimo vas na predstavitev knjige <strong>Marka \u017derovnika <\/strong><strong>Po trnovi poti <\/strong>21. maja 2014 ob 19.30 v krajevno knji\u017enico Janeza Trdine na Slovensko cesto 30 v Menge\u0161.<\/p>\n<p>Kulturno dru\u0161tvo Franca Jelov\u0161ka Menge\u0161, Knji\u017enica Dom\u017eale, Mestni muzej Menge\u0161<\/p>\n<p><a href=\"https:\/\/i0.wp.com\/www.kdfjm.si\/wp-content\/uploads\/2014\/05\/MarkoZerovnikKDFJM2014.jpg\"><img data-recalc-dims=\"1\" loading=\"lazy\" decoding=\"async\" data-attachment-id=\"2560\" data-permalink=\"https:\/\/www.kdfjm.si\/?attachment_id=2560\" data-orig-file=\"https:\/\/i0.wp.com\/www.kdfjm.si\/wp-content\/uploads\/2014\/05\/MarkoZerovnikKDFJM2014.jpg?fit=472%2C572&amp;ssl=1\" data-orig-size=\"472,572\" data-comments-opened=\"1\" data-image-meta=\"{&quot;aperture&quot;:&quot;8&quot;,&quot;credit&quot;:&quot;PeterSkrlep&quot;,&quot;camera&quot;:&quot;NIKON D800&quot;,&quot;caption&quot;:&quot;&quot;,&quot;created_timestamp&quot;:&quot;1398154995&quot;,&quot;copyright&quot;:&quot;PeterSkrlepStudioPrimerMenges&quot;,&quot;focal_length&quot;:&quot;70&quot;,&quot;iso&quot;:&quot;200&quot;,&quot;shutter_speed&quot;:&quot;0.00625&quot;,&quot;title&quot;:&quot;&quot;}\" data-image-title=\"MarkoZerovnikKDFJM2014\" data-image-description=\"\" data-image-caption=\"\" data-large-file=\"https:\/\/i0.wp.com\/www.kdfjm.si\/wp-content\/uploads\/2014\/05\/MarkoZerovnikKDFJM2014.jpg?fit=472%2C572&amp;ssl=1\" class=\"aligncenter wp-image-2560 \" src=\"https:\/\/i0.wp.com\/www.kdfjm.si\/wp-content\/uploads\/2014\/05\/MarkoZerovnikKDFJM2014-247x300.jpg?resize=306%2C372\" alt=\"MarkoZerovnikKDFJM2014\" width=\"306\" height=\"372\" srcset=\"https:\/\/i0.wp.com\/www.kdfjm.si\/wp-content\/uploads\/2014\/05\/MarkoZerovnikKDFJM2014.jpg?resize=247%2C300&amp;ssl=1 247w, https:\/\/i0.wp.com\/www.kdfjm.si\/wp-content\/uploads\/2014\/05\/MarkoZerovnikKDFJM2014.jpg?w=472&amp;ssl=1 472w\" sizes=\"auto, (max-width: 306px) 100vw, 306px\" \/><\/a><\/p>\n<p>V krajevni knji\u017enici v Meng\u0161u je v sredo, 21. maja 2014, Marko \u017derovnik predstavil svojo knjigo Po trnovi poti.<\/p><div class=\"slideshow\"><div id=\"ngg_slideshow25530721\" class=\"ngg-slideshow owl-carousel\" style=\"max-width: px; max-height: px;\"><img data-recalc-dims=\"1\" decoding=\"async\" src=\"https:\/\/i0.wp.com\/www.kdfjm.si\/wp-content\/gallery\/predavanje-o-trnovi-poti-marka-zerovnika\/PoTrnoviPotiZerovnik-8761.jpg?ssl=1\" alt=\"PoTrnoviPotiZerovnik-8761\" style=\"max-width: px; max-height: px; width: auto; height:auto; margin:auto\"><img data-recalc-dims=\"1\" decoding=\"async\" src=\"https:\/\/i0.wp.com\/www.kdfjm.si\/wp-content\/gallery\/predavanje-o-trnovi-poti-marka-zerovnika\/PoTrnoviPotiZerovnik-8763.jpg?ssl=1\" alt=\"PoTrnoviPotiZerovnik-8763\" style=\"max-width: px; max-height: px; width: auto; height:auto; margin:auto\"><img data-recalc-dims=\"1\" decoding=\"async\" src=\"https:\/\/i0.wp.com\/www.kdfjm.si\/wp-content\/gallery\/predavanje-o-trnovi-poti-marka-zerovnika\/PoTrnoviPotiZerovnik-8767.jpg?ssl=1\" alt=\"PoTrnoviPotiZerovnik-8767\" style=\"max-width: px; max-height: px; width: auto; height:auto; margin:auto\"><img data-recalc-dims=\"1\" decoding=\"async\" src=\"https:\/\/i0.wp.com\/www.kdfjm.si\/wp-content\/gallery\/predavanje-o-trnovi-poti-marka-zerovnika\/PoTrnoviPotiZerovnik-8769.jpg?ssl=1\" alt=\"PoTrnoviPotiZerovnik-8769\" style=\"max-width: px; max-height: px; width: auto; height:auto; margin:auto\"><img data-recalc-dims=\"1\" decoding=\"async\" src=\"https:\/\/i0.wp.com\/www.kdfjm.si\/wp-content\/gallery\/predavanje-o-trnovi-poti-marka-zerovnika\/PoTrnoviPotiZerovnik-8772.jpg?ssl=1\" alt=\"PoTrnoviPotiZerovnik-8772\" style=\"max-width: px; max-height: px; width: auto; height:auto; margin:auto\"><img data-recalc-dims=\"1\" decoding=\"async\" src=\"https:\/\/i0.wp.com\/www.kdfjm.si\/wp-content\/gallery\/predavanje-o-trnovi-poti-marka-zerovnika\/PoTrnoviPotiZerovnik-8776.jpg?ssl=1\" alt=\"PoTrnoviPotiZerovnik-8776\" style=\"max-width: px; max-height: px; width: auto; height:auto; margin:auto\"><img data-recalc-dims=\"1\" decoding=\"async\" src=\"https:\/\/i0.wp.com\/www.kdfjm.si\/wp-content\/gallery\/predavanje-o-trnovi-poti-marka-zerovnika\/PoTrnoviPotiZerovnik-8778.jpg?ssl=1\" alt=\"PoTrnoviPotiZerovnik-8778\" style=\"max-width: px; max-height: px; width: auto; height:auto; margin:auto\"><img data-recalc-dims=\"1\" decoding=\"async\" src=\"https:\/\/i0.wp.com\/www.kdfjm.si\/wp-content\/gallery\/predavanje-o-trnovi-poti-marka-zerovnika\/PoTrnoviPotiZerovnik-8779.jpg?ssl=1\" alt=\"PoTrnoviPotiZerovnik-8779\" style=\"max-width: px; max-height: px; width: auto; height:auto; margin:auto\"><\/div><\/div>\n\n<script type=\"text\/javascript\">jQuery(document).ready(function($) {\r\n\t\t\tvar owl = $('#ngg_slideshow25530721');\r\n\t\t\towl.owlCarousel({\r\n\t\t\t\titems: 1,\r\n\t\t\t\tautoHeight: false,\r\n\t            dots: true,\r\n\t            autoplay: true,\r\n\t\t\t\tautoplayTimeout: 3000,\r\n\t\t\t\tautoplayHoverPause: true,\r\n\t\t\t\tanimateIn: 'fadeIn',\r\n\t\t\t\tanimateOut: 'fadeOut',\r\n\t\t\t\tloop: true,\r\n\t\t\t\tmouseDrag: true,\r\n\t\t\t\ttouchDrag: true\r\n\t\t\t});\nowl.click( function () {\r\n                    owl.trigger( 'next.owl.carousel' );\r\n                } );});\n<\/script>","protected":false},"excerpt":{"rendered":"<p>Vabimo vas na predstavitev knjige Marka \u017derovnika Po trnovi poti 21. maja 2014 ob 19.30 v krajevno knji\u017enico Janeza Trdine na Slovensko cesto 30 v Menge\u0161. Kulturno dru\u0161tvo Franca Jelov\u0161ka Menge\u0161, Knji\u017enica Dom\u017eale, Mestni muzej Menge\u0161 V krajevni knji\u017enici v Meng\u0161u je v sredo, 21. maja 2014, Marko \u017derovnik predstavil svojo knjigo Po trnovi poti.<\/p>\n","protected":false},"author":4,"featured_media":0,"parent":361,"menu_order":0,"comment_status":"closed","ping_status":"open","template":"","meta":{"footnotes":""},"class_list":["post-3072","page","type-page","status-publish","hentry"],"jetpack_sharing_enabled":true,"jetpack_shortlink":"https:\/\/wp.me\/P73nhm-Ny","jetpack-related-posts":[],"_links":{"self":[{"href":"https:\/\/www.kdfjm.si\/index.php?rest_route=\/wp\/v2\/pages\/3072","targetHints":{"allow":["GET"]}}],"collection":[{"href":"https:\/\/www.kdfjm.si\/index.php?rest_route=\/wp\/v2\/pages"}],"about":[{"href":"https:\/\/www.kdfjm.si\/index.php?rest_route=\/wp\/v2\/types\/page"}],"author":[{"embeddable":true,"href":"https:\/\/www.kdfjm.si\/index.php?rest_route=\/wp\/v2\/users\/4"}],"replies":[{"embeddable":true,"href":"https:\/\/www.kdfjm.si\/index.php?rest_route=%2Fwp%2Fv2%2Fcomments&post=3072"}],"version-history":[{"count":1,"href":"https:\/\/www.kdfjm.si\/index.php?rest_route=\/wp\/v2\/pages\/3072\/revisions"}],"predecessor-version":[{"id":3073,"href":"https:\/\/www.kdfjm.si\/index.php?rest_route=\/wp\/v2\/pages\/3072\/revisions\/3073"}],"up":[{"embeddable":true,"href":"https:\/\/www.kdfjm.si\/index.php?rest_route=\/wp\/v2\/pages\/361"}],"wp:attachment":[{"href":"https:\/\/www.kdfjm.si\/index.php?rest_route=%2Fwp%2Fv2%2Fmedia&parent=3072"}],"curies":[{"name":"wp","href":"https:\/\/api.w.org\/{rel}","templated":true}]}}