{"id":3068,"date":"2015-03-10T13:16:01","date_gmt":"2015-03-10T12:16:01","guid":{"rendered":"http:\/\/www.kdfjm.si\/?page_id=3068"},"modified":"2015-10-11T21:29:46","modified_gmt":"2015-10-11T20:29:46","slug":"3068-2","status":"publish","type":"page","link":"https:\/\/www.kdfjm.si\/?page_id=3068","title":{"rendered":"Izdelovanje ladjic za Gregorjevo"},"content":{"rendered":"<p>Vabimo vas na spu\u0161\u010danje lu\u010dk po P\u0161ati. Dobimo se v sredo, 11. marca 2015, ob 18.00\u00a0 pri Bognarjevem mostu v Pristavi v Meng\u0161u.<br \/>\nOtroci, ki bodo naredili najlep\u0161e jadjice iz okolju prijaznih materialov, bodo nagrajeni.<\/p>\n<p>Ladjice bomo izdelovali na likovni delavnici v soboto, 7. marca 2015, ob 10.00 v dru\u0161tvenih prostorih na Slovenski cesti 30 v Meng\u0161u.<br \/>\nMaterial lahko prinesete tudi s seboj.<\/p>\n<p><a href=\"https:\/\/i0.wp.com\/www.kdfjm.si\/wp-content\/uploads\/2015\/03\/Gregorjevo2015KDFJMsplet.jpg\"><img data-recalc-dims=\"1\" loading=\"lazy\" decoding=\"async\" data-attachment-id=\"3020\" data-permalink=\"https:\/\/www.kdfjm.si\/?attachment_id=3020\" data-orig-file=\"https:\/\/i0.wp.com\/www.kdfjm.si\/wp-content\/uploads\/2015\/03\/Gregorjevo2015KDFJMsplet.jpg?fit=591%2C465&amp;ssl=1\" data-orig-size=\"591,465\" data-comments-opened=\"1\" data-image-meta=\"{&quot;aperture&quot;:&quot;4.5&quot;,&quot;credit&quot;:&quot;PeterSkrlep&quot;,&quot;camera&quot;:&quot;NIKON D800&quot;,&quot;caption&quot;:&quot;&quot;,&quot;created_timestamp&quot;:&quot;1425133278&quot;,&quot;copyright&quot;:&quot;PeterSkrlepStudioPrimerMenges&quot;,&quot;focal_length&quot;:&quot;85&quot;,&quot;iso&quot;:&quot;200&quot;,&quot;shutter_speed&quot;:&quot;0.0166666666667&quot;,&quot;title&quot;:&quot;&quot;,&quot;orientation&quot;:&quot;1&quot;}\" data-image-title=\"Gregorjevo2015KDFJMsplet\" data-image-description=\"\" data-image-caption=\"\" data-large-file=\"https:\/\/i0.wp.com\/www.kdfjm.si\/wp-content\/uploads\/2015\/03\/Gregorjevo2015KDFJMsplet.jpg?fit=591%2C465&amp;ssl=1\" class=\"aligncenter wp-image-3020 \" src=\"https:\/\/i0.wp.com\/www.kdfjm.si\/wp-content\/uploads\/2015\/03\/Gregorjevo2015KDFJMsplet-300x236.jpg?resize=412%2C324\" alt=\"Gregorjevo2015KDFJMsplet\" width=\"412\" height=\"324\" srcset=\"https:\/\/i0.wp.com\/www.kdfjm.si\/wp-content\/uploads\/2015\/03\/Gregorjevo2015KDFJMsplet.jpg?resize=300%2C236&amp;ssl=1 300w, https:\/\/i0.wp.com\/www.kdfjm.si\/wp-content\/uploads\/2015\/03\/Gregorjevo2015KDFJMsplet.jpg?w=591&amp;ssl=1 591w\" sizes=\"auto, (max-width: 412px) 100vw, 412px\" \/><\/a><\/p>\n<p>V soboto dopoldan, 7. marca 2015, so otroci s pomo\u010djo star\u0161ev na delavnici izdelali ladjice, ki jih bodo na Gregorjevo spustili po P\u0161ati.<\/p><div class=\"slideshow\"><div id=\"ngg_slideshow28830681\" class=\"ngg-slideshow owl-carousel\" style=\"max-width: px; max-height: px;\"><img data-recalc-dims=\"1\" decoding=\"async\" src=\"https:\/\/i0.wp.com\/www.kdfjm.si\/wp-content\/gallery\/izdelovanje-ladjic-2015\/ladjicekdfjm2015fotopeterskrlep-3374.jpg?ssl=1\" alt=\"ladjicekdfjm2015fotopeterskrlep-3374\" style=\"max-width: px; max-height: px; width: auto; height:auto; margin:auto\"><img data-recalc-dims=\"1\" decoding=\"async\" src=\"https:\/\/i0.wp.com\/www.kdfjm.si\/wp-content\/gallery\/izdelovanje-ladjic-2015\/ladjicekdfjm2015fotopeterskrlep-3381.jpg?ssl=1\" alt=\"ladjicekdfjm2015fotopeterskrlep-3381\" style=\"max-width: px; max-height: px; width: auto; height:auto; margin:auto\"><img data-recalc-dims=\"1\" decoding=\"async\" src=\"https:\/\/i0.wp.com\/www.kdfjm.si\/wp-content\/gallery\/izdelovanje-ladjic-2015\/ladjicekdfjm2015fotopeterskrlep-3422.jpg?ssl=1\" alt=\"ladjicekdfjm2015fotopeterskrlep-3422\" style=\"max-width: px; max-height: px; width: auto; height:auto; margin:auto\"><img data-recalc-dims=\"1\" decoding=\"async\" src=\"https:\/\/i0.wp.com\/www.kdfjm.si\/wp-content\/gallery\/izdelovanje-ladjic-2015\/ladjicekdfjm2015fotopeterskrlep-3429.jpg?ssl=1\" alt=\"ladjicekdfjm2015fotopeterskrlep-3429\" style=\"max-width: px; max-height: px; width: auto; height:auto; margin:auto\"><img data-recalc-dims=\"1\" decoding=\"async\" src=\"https:\/\/i0.wp.com\/www.kdfjm.si\/wp-content\/gallery\/izdelovanje-ladjic-2015\/ladjicekdfjm2015fotopeterskrlep-3431.jpg?ssl=1\" alt=\"ladjicekdfjm2015fotopeterskrlep-3431\" style=\"max-width: px; max-height: px; width: auto; height:auto; margin:auto\"><img data-recalc-dims=\"1\" decoding=\"async\" src=\"https:\/\/i0.wp.com\/www.kdfjm.si\/wp-content\/gallery\/izdelovanje-ladjic-2015\/ladjicekdfjm2015fotopeterskrlep-3433.jpg?ssl=1\" alt=\"ladjicekdfjm2015fotopeterskrlep-3433\" style=\"max-width: px; max-height: px; width: auto; height:auto; margin:auto\"><img data-recalc-dims=\"1\" decoding=\"async\" src=\"https:\/\/i0.wp.com\/www.kdfjm.si\/wp-content\/gallery\/izdelovanje-ladjic-2015\/ladjicekdfjm2015fotopeterskrlep-3434.jpg?ssl=1\" alt=\"ladjicekdfjm2015fotopeterskrlep-3434\" style=\"max-width: px; max-height: px; width: auto; height:auto; margin:auto\"><img data-recalc-dims=\"1\" decoding=\"async\" src=\"https:\/\/i0.wp.com\/www.kdfjm.si\/wp-content\/gallery\/izdelovanje-ladjic-2015\/ladjicekdfjm2015fotopeterskrlep-3436.jpg?ssl=1\" alt=\"ladjicekdfjm2015fotopeterskrlep-3436\" style=\"max-width: px; max-height: px; width: auto; height:auto; margin:auto\"><img data-recalc-dims=\"1\" decoding=\"async\" src=\"https:\/\/i0.wp.com\/www.kdfjm.si\/wp-content\/gallery\/izdelovanje-ladjic-2015\/ladjicekdfjm2015fotopeterskrlep-3440.jpg?ssl=1\" alt=\"ladjicekdfjm2015fotopeterskrlep-3440\" style=\"max-width: px; max-height: px; width: auto; height:auto; margin:auto\"><img data-recalc-dims=\"1\" decoding=\"async\" src=\"https:\/\/i0.wp.com\/www.kdfjm.si\/wp-content\/gallery\/izdelovanje-ladjic-2015\/ladjicekdfjm2015fotopeterskrlep-3442.jpg?ssl=1\" alt=\"ladjicekdfjm2015fotopeterskrlep-3442\" style=\"max-width: px; max-height: px; width: auto; height:auto; margin:auto\"><img data-recalc-dims=\"1\" decoding=\"async\" src=\"https:\/\/i0.wp.com\/www.kdfjm.si\/wp-content\/gallery\/izdelovanje-ladjic-2015\/ladjicekdfjm2015fotopeterskrlep-3445.jpg?ssl=1\" alt=\"ladjicekdfjm2015fotopeterskrlep-3445\" style=\"max-width: px; max-height: px; width: auto; height:auto; margin:auto\"><img data-recalc-dims=\"1\" decoding=\"async\" src=\"https:\/\/i0.wp.com\/www.kdfjm.si\/wp-content\/gallery\/izdelovanje-ladjic-2015\/ladjicekdfjm2015fotopeterskrlep-3447.jpg?ssl=1\" alt=\"ladjicekdfjm2015fotopeterskrlep-3447\" style=\"max-width: px; max-height: px; width: auto; height:auto; margin:auto\"><img data-recalc-dims=\"1\" decoding=\"async\" src=\"https:\/\/i0.wp.com\/www.kdfjm.si\/wp-content\/gallery\/izdelovanje-ladjic-2015\/ladjicekdfjm2015fotopeterskrlep-3449.jpg?ssl=1\" alt=\"ladjicekdfjm2015fotopeterskrlep-3449\" style=\"max-width: px; max-height: px; width: auto; height:auto; margin:auto\"><\/div><\/div>\n\n<script type=\"text\/javascript\">jQuery(document).ready(function($) {\r\n\t\t\tvar owl = $('#ngg_slideshow28830681');\r\n\t\t\towl.owlCarousel({\r\n\t\t\t\titems: 1,\r\n\t\t\t\tautoHeight: false,\r\n\t            dots: true,\r\n\t            autoplay: true,\r\n\t\t\t\tautoplayTimeout: 3000,\r\n\t\t\t\tautoplayHoverPause: true,\r\n\t\t\t\tanimateIn: 'fadeIn',\r\n\t\t\t\tanimateOut: 'fadeOut',\r\n\t\t\t\tloop: true,\r\n\t\t\t\tmouseDrag: true,\r\n\t\t\t\ttouchDrag: true\r\n\t\t\t});\nowl.click( function () {\r\n                    owl.trigger( 'next.owl.carousel' );\r\n                } );});\n<\/script>","protected":false},"excerpt":{"rendered":"<p>Vabimo vas na spu\u0161\u010danje lu\u010dk po P\u0161ati. Dobimo se v sredo, 11. marca 2015, ob 18.00\u00a0 pri Bognarjevem mostu v Pristavi v Meng\u0161u. Otroci, ki bodo naredili najlep\u0161e jadjice iz okolju prijaznih materialov, bodo nagrajeni. Ladjice bomo izdelovali na likovni delavnici v soboto, 7. marca 2015, ob 10.00 v dru\u0161tvenih prostorih na Slovenski cesti 30 [&hellip;]<\/p>\n","protected":false},"author":4,"featured_media":0,"parent":299,"menu_order":0,"comment_status":"closed","ping_status":"open","template":"","meta":{"footnotes":""},"class_list":["post-3068","page","type-page","status-publish","hentry"],"jetpack_sharing_enabled":true,"jetpack_shortlink":"https:\/\/wp.me\/P73nhm-Nu","jetpack-related-posts":[],"_links":{"self":[{"href":"https:\/\/www.kdfjm.si\/index.php?rest_route=\/wp\/v2\/pages\/3068","targetHints":{"allow":["GET"]}}],"collection":[{"href":"https:\/\/www.kdfjm.si\/index.php?rest_route=\/wp\/v2\/pages"}],"about":[{"href":"https:\/\/www.kdfjm.si\/index.php?rest_route=\/wp\/v2\/types\/page"}],"author":[{"embeddable":true,"href":"https:\/\/www.kdfjm.si\/index.php?rest_route=\/wp\/v2\/users\/4"}],"replies":[{"embeddable":true,"href":"https:\/\/www.kdfjm.si\/index.php?rest_route=%2Fwp%2Fv2%2Fcomments&post=3068"}],"version-history":[{"count":2,"href":"https:\/\/www.kdfjm.si\/index.php?rest_route=\/wp\/v2\/pages\/3068\/revisions"}],"predecessor-version":[{"id":3071,"href":"https:\/\/www.kdfjm.si\/index.php?rest_route=\/wp\/v2\/pages\/3068\/revisions\/3071"}],"up":[{"embeddable":true,"href":"https:\/\/www.kdfjm.si\/index.php?rest_route=\/wp\/v2\/pages\/299"}],"wp:attachment":[{"href":"https:\/\/www.kdfjm.si\/index.php?rest_route=%2Fwp%2Fv2%2Fmedia&parent=3068"}],"curies":[{"name":"wp","href":"https:\/\/api.w.org\/{rel}","templated":true}]}}