{"id":3045,"date":"2015-03-10T12:13:20","date_gmt":"2015-03-10T11:13:20","guid":{"rendered":"http:\/\/www.kdfjm.si\/?page_id=3045"},"modified":"2015-10-11T21:29:47","modified_gmt":"2015-10-11T20:29:47","slug":"3045-2","status":"publish","type":"page","link":"https:\/\/www.kdfjm.si\/?page_id=3045","title":{"rendered":"Izdelovanje sve\u010d za sve\u010dnico"},"content":{"rendered":"<p><img data-recalc-dims=\"1\" loading=\"lazy\" decoding=\"async\" data-attachment-id=\"2459\" data-permalink=\"https:\/\/www.kdfjm.si\/?attachment_id=2459\" data-orig-file=\"https:\/\/i0.wp.com\/www.kdfjm.si\/wp-content\/uploads\/2014\/01\/svecnicaKDFJM2014.jpg?fit=3508%2C2480&amp;ssl=1\" data-orig-size=\"3508,2480\" data-comments-opened=\"1\" data-image-meta=\"{&quot;aperture&quot;:&quot;0&quot;,&quot;credit&quot;:&quot;&quot;,&quot;camera&quot;:&quot;&quot;,&quot;caption&quot;:&quot;&quot;,&quot;created_timestamp&quot;:&quot;0&quot;,&quot;copyright&quot;:&quot;&quot;,&quot;focal_length&quot;:&quot;0&quot;,&quot;iso&quot;:&quot;0&quot;,&quot;shutter_speed&quot;:&quot;0&quot;,&quot;title&quot;:&quot;&quot;}\" data-image-title=\"svecnicaKDFJM2014\" data-image-description=\"\" data-image-caption=\"\" data-large-file=\"https:\/\/i0.wp.com\/www.kdfjm.si\/wp-content\/uploads\/2014\/01\/svecnicaKDFJM2014.jpg?fit=1024%2C723&amp;ssl=1\" class=\"aligncenter wp-image-2459\" src=\"https:\/\/i0.wp.com\/www.kdfjm.si\/wp-content\/uploads\/2014\/01\/svecnicaKDFJM2014-300x212.jpg?resize=370%2C262\" alt=\"svecnicaKDFJM2014\" width=\"370\" height=\"262\" srcset=\"https:\/\/i0.wp.com\/www.kdfjm.si\/wp-content\/uploads\/2014\/01\/svecnicaKDFJM2014.jpg?resize=300%2C212&amp;ssl=1 300w, https:\/\/i0.wp.com\/www.kdfjm.si\/wp-content\/uploads\/2014\/01\/svecnicaKDFJM2014.jpg?resize=1024%2C723&amp;ssl=1 1024w, https:\/\/i0.wp.com\/www.kdfjm.si\/wp-content\/uploads\/2014\/01\/svecnicaKDFJM2014.jpg?w=2000&amp;ssl=1 2000w, https:\/\/i0.wp.com\/www.kdfjm.si\/wp-content\/uploads\/2014\/01\/svecnicaKDFJM2014.jpg?w=3000&amp;ssl=1 3000w\" sizes=\"auto, (max-width: 370px) 100vw, 370px\" \/><\/p>\n<p>&nbsp;<\/p>\n<p>Na sve\u010dnico smo zve\u010der postavili \u0161palir iz sve\u010d in osvetlili okolico cerkve.<\/p><div class=\"slideshow\"><div id=\"ngg_slideshow24630451\" class=\"ngg-slideshow owl-carousel\" style=\"max-width: px; max-height: px;\"><img data-recalc-dims=\"1\" decoding=\"async\" src=\"https:\/\/i0.wp.com\/www.kdfjm.si\/wp-content\/gallery\/svecnica\/svecnica2014kdfjm-4336.jpg?ssl=1\" alt=\"svecnica2014kdfjm-4336\" style=\"max-width: px; max-height: px; width: auto; height:auto; margin:auto\"><img data-recalc-dims=\"1\" decoding=\"async\" src=\"https:\/\/i0.wp.com\/www.kdfjm.si\/wp-content\/gallery\/svecnica\/svecnica2014kdfjm-4338.jpg?ssl=1\" alt=\"svecnica2014kdfjm-4338\" style=\"max-width: px; max-height: px; width: auto; height:auto; margin:auto\"><img data-recalc-dims=\"1\" decoding=\"async\" src=\"https:\/\/i0.wp.com\/www.kdfjm.si\/wp-content\/gallery\/svecnica\/svecnica2014kdfjm-4348.jpg?ssl=1\" alt=\"svecnica2014kdfjm-4348\" style=\"max-width: px; max-height: px; width: auto; height:auto; margin:auto\"><img data-recalc-dims=\"1\" decoding=\"async\" src=\"https:\/\/i0.wp.com\/www.kdfjm.si\/wp-content\/gallery\/svecnica\/svecnica2014kdfjm-4352.jpg?ssl=1\" alt=\"svecnica2014kdfjm-4352\" style=\"max-width: px; max-height: px; width: auto; height:auto; margin:auto\"><img data-recalc-dims=\"1\" decoding=\"async\" src=\"https:\/\/i0.wp.com\/www.kdfjm.si\/wp-content\/gallery\/svecnica\/svecnica2014kdfjm-4354.jpg?ssl=1\" alt=\"svecnica2014kdfjm-4354\" style=\"max-width: px; max-height: px; width: auto; height:auto; margin:auto\"><img data-recalc-dims=\"1\" decoding=\"async\" src=\"https:\/\/i0.wp.com\/www.kdfjm.si\/wp-content\/gallery\/svecnica\/svecnica2014kdfjm-4369.jpg?ssl=1\" alt=\"svecnica2014kdfjm-4369\" style=\"max-width: px; max-height: px; width: auto; height:auto; margin:auto\"><img data-recalc-dims=\"1\" decoding=\"async\" src=\"https:\/\/i0.wp.com\/www.kdfjm.si\/wp-content\/gallery\/svecnica\/svecnica2014kdfjm-4375.jpg?ssl=1\" alt=\"svecnica2014kdfjm-4375\" style=\"max-width: px; max-height: px; width: auto; height:auto; margin:auto\"><img data-recalc-dims=\"1\" decoding=\"async\" src=\"https:\/\/i0.wp.com\/www.kdfjm.si\/wp-content\/gallery\/svecnica\/svecnica2014kdfjm-4378.jpg?ssl=1\" alt=\"svecnica2014kdfjm-4378\" style=\"max-width: px; max-height: px; width: auto; height:auto; margin:auto\"><img data-recalc-dims=\"1\" decoding=\"async\" src=\"https:\/\/i0.wp.com\/www.kdfjm.si\/wp-content\/gallery\/svecnica\/svecnica2014kdfjm-4383.jpg?ssl=1\" alt=\"svecnica2014kdfjm-4383\" style=\"max-width: px; max-height: px; width: auto; height:auto; margin:auto\"><img data-recalc-dims=\"1\" decoding=\"async\" src=\"https:\/\/i0.wp.com\/www.kdfjm.si\/wp-content\/gallery\/svecnica\/svecnica2014kdfjm-4396.jpg?ssl=1\" alt=\"svecnica2014kdfjm-4396\" style=\"max-width: px; max-height: px; width: auto; height:auto; margin:auto\"><img data-recalc-dims=\"1\" decoding=\"async\" src=\"https:\/\/i0.wp.com\/www.kdfjm.si\/wp-content\/gallery\/svecnica\/svecnica2014kdfjm-4402.jpg?ssl=1\" alt=\"svecnica2014kdfjm-4402\" style=\"max-width: px; max-height: px; width: auto; height:auto; margin:auto\"><img data-recalc-dims=\"1\" decoding=\"async\" src=\"https:\/\/i0.wp.com\/www.kdfjm.si\/wp-content\/gallery\/svecnica\/svecnica2014kdfjm-4405.jpg?ssl=1\" alt=\"svecnica2014kdfjm-4405\" style=\"max-width: px; max-height: px; width: auto; height:auto; margin:auto\"><img data-recalc-dims=\"1\" decoding=\"async\" src=\"https:\/\/i0.wp.com\/www.kdfjm.si\/wp-content\/gallery\/svecnica\/svecnica2014kdfjm-4420.jpg?ssl=1\" alt=\"svecnica2014kdfjm-4420\" style=\"max-width: px; max-height: px; width: auto; height:auto; margin:auto\"><img data-recalc-dims=\"1\" decoding=\"async\" src=\"https:\/\/i0.wp.com\/www.kdfjm.si\/wp-content\/gallery\/svecnica\/svecnica2014kdfjm-4422.jpg?ssl=1\" alt=\"svecnica2014kdfjm-4422\" style=\"max-width: px; max-height: px; width: auto; height:auto; margin:auto\"><\/div><\/div>\n\n<script type=\"text\/javascript\">jQuery(document).ready(function($) {\r\n\t\t\tvar owl = $('#ngg_slideshow24630451');\r\n\t\t\towl.owlCarousel({\r\n\t\t\t\titems: 1,\r\n\t\t\t\tautoHeight: false,\r\n\t            dots: true,\r\n\t            autoplay: true,\r\n\t\t\t\tautoplayTimeout: 3000,\r\n\t\t\t\tautoplayHoverPause: true,\r\n\t\t\t\tanimateIn: 'fadeIn',\r\n\t\t\t\tanimateOut: 'fadeOut',\r\n\t\t\t\tloop: true,\r\n\t\t\t\tmouseDrag: true,\r\n\t\t\t\ttouchDrag: true\r\n\t\t\t});\nowl.click( function () {\r\n                    owl.trigger( 'next.owl.carousel' );\r\n                } );});\n<\/script>","protected":false},"excerpt":{"rendered":"<p>&nbsp; Na sve\u010dnico smo zve\u010der postavili \u0161palir iz sve\u010d in osvetlili okolico cerkve.<\/p>\n","protected":false},"author":4,"featured_media":0,"parent":299,"menu_order":0,"comment_status":"closed","ping_status":"open","template":"","meta":{"footnotes":""},"class_list":["post-3045","page","type-page","status-publish","hentry"],"jetpack_sharing_enabled":true,"jetpack_shortlink":"https:\/\/wp.me\/P73nhm-N7","jetpack-related-posts":[],"_links":{"self":[{"href":"https:\/\/www.kdfjm.si\/index.php?rest_route=\/wp\/v2\/pages\/3045","targetHints":{"allow":["GET"]}}],"collection":[{"href":"https:\/\/www.kdfjm.si\/index.php?rest_route=\/wp\/v2\/pages"}],"about":[{"href":"https:\/\/www.kdfjm.si\/index.php?rest_route=\/wp\/v2\/types\/page"}],"author":[{"embeddable":true,"href":"https:\/\/www.kdfjm.si\/index.php?rest_route=\/wp\/v2\/users\/4"}],"replies":[{"embeddable":true,"href":"https:\/\/www.kdfjm.si\/index.php?rest_route=%2Fwp%2Fv2%2Fcomments&post=3045"}],"version-history":[{"count":3,"href":"https:\/\/www.kdfjm.si\/index.php?rest_route=\/wp\/v2\/pages\/3045\/revisions"}],"predecessor-version":[{"id":3048,"href":"https:\/\/www.kdfjm.si\/index.php?rest_route=\/wp\/v2\/pages\/3045\/revisions\/3048"}],"up":[{"embeddable":true,"href":"https:\/\/www.kdfjm.si\/index.php?rest_route=\/wp\/v2\/pages\/299"}],"wp:attachment":[{"href":"https:\/\/www.kdfjm.si\/index.php?rest_route=%2Fwp%2Fv2%2Fmedia&parent=3045"}],"curies":[{"name":"wp","href":"https:\/\/api.w.org\/{rel}","templated":true}]}}