{"id":3039,"date":"2015-03-10T11:56:34","date_gmt":"2015-03-10T10:56:34","guid":{"rendered":"http:\/\/www.kdfjm.si\/?page_id=3039"},"modified":"2015-10-11T21:29:47","modified_gmt":"2015-10-11T20:29:47","slug":"ix-festival-otroske-poezije","status":"publish","type":"page","link":"https:\/\/www.kdfjm.si\/?page_id=3039","title":{"rendered":"IX. Festival otro\u0161ke poezije"},"content":{"rendered":"<p><a href=\"https:\/\/i0.wp.com\/www.kdfjm.si\/wp-content\/uploads\/2014\/05\/plakat9FOPBarvni2014.jpg\"><img data-recalc-dims=\"1\" loading=\"lazy\" decoding=\"async\" data-attachment-id=\"2572\" data-permalink=\"https:\/\/www.kdfjm.si\/?attachment_id=2572\" data-orig-file=\"https:\/\/i0.wp.com\/www.kdfjm.si\/wp-content\/uploads\/2014\/05\/plakat9FOPBarvni2014.jpg?fit=3721%2C5251&amp;ssl=1\" data-orig-size=\"3721,5251\" data-comments-opened=\"1\" data-image-meta=\"{&quot;aperture&quot;:&quot;0&quot;,&quot;credit&quot;:&quot;&quot;,&quot;camera&quot;:&quot;&quot;,&quot;caption&quot;:&quot;&quot;,&quot;created_timestamp&quot;:&quot;0&quot;,&quot;copyright&quot;:&quot;&quot;,&quot;focal_length&quot;:&quot;0&quot;,&quot;iso&quot;:&quot;0&quot;,&quot;shutter_speed&quot;:&quot;0&quot;,&quot;title&quot;:&quot;&quot;}\" data-image-title=\"plakat9FOPBarvni2014\" data-image-description=\"\" data-image-caption=\"\" data-large-file=\"https:\/\/i0.wp.com\/www.kdfjm.si\/wp-content\/uploads\/2014\/05\/plakat9FOPBarvni2014.jpg?fit=725%2C1024&amp;ssl=1\" class=\"aligncenter wp-image-2572\" src=\"https:\/\/i0.wp.com\/www.kdfjm.si\/wp-content\/uploads\/2014\/05\/plakat9FOPBarvni2014-212x300.jpg?resize=340%2C481\" alt=\"plakat9FOPBarvni2014\" width=\"340\" height=\"481\" srcset=\"https:\/\/i0.wp.com\/www.kdfjm.si\/wp-content\/uploads\/2014\/05\/plakat9FOPBarvni2014.jpg?resize=212%2C300&amp;ssl=1 212w, https:\/\/i0.wp.com\/www.kdfjm.si\/wp-content\/uploads\/2014\/05\/plakat9FOPBarvni2014.jpg?resize=725%2C1024&amp;ssl=1 725w, https:\/\/i0.wp.com\/www.kdfjm.si\/wp-content\/uploads\/2014\/05\/plakat9FOPBarvni2014.jpg?w=2000&amp;ssl=1 2000w, https:\/\/i0.wp.com\/www.kdfjm.si\/wp-content\/uploads\/2014\/05\/plakat9FOPBarvni2014.jpg?w=3000&amp;ssl=1 3000w\" sizes=\"auto, (max-width: 340px) 100vw, 340px\" \/><\/a><\/p>\n<p>29. maj je rojstni dan slovenskega pisatelja, klasika Janeza Trdine, ki je \u017ee v mladosti skrbno prisluhnil bogatemu izro\u010dilu slovenskega \u010dloveka, ki je v bogati poeziji legend, bajk, povesti in pesmi ohranjal skozi stoletja samobitnost na\u0161ega naroda. Trdina je skozi celo \u017eivljenje to silno bogastvo raziskoval in globoko prevzet zapisoval in nadgrajeval.<br \/>\nDrug tak vzor je tudi Meng\u0161an, duhovnik Ivan Vesel Vesnin, pisatelj, dramatik, pesnik in prevajalec. Kot ravnatelj postojnske osnovne \u0161ole je objavil strokovni \u010dlanek o pomenu poezije v osnovni \u0161oli. \u00bbV poeziji prevladujeta \u010dustvo in domi\u0161ljija in ravno to dvoje je v otroku najmo\u010dnej\u0161e. \u010ce ni \u010dustev, ne koristi dosti umska izobrazba in \u010de se v \u010dlove\u0161kem srcu ne vzbudi ob\u010dutek za lepo in sveto, ne rodi dosti sadu izobrazba misle\u010dega \u010dloveka\u00ab zapi\u0161e v tej razpravi Ivan Vesel Vesnin.<\/p><div class=\"slideshow\"><div id=\"ngg_slideshow25630391\" class=\"ngg-slideshow owl-carousel\" style=\"max-width: px; max-height: px;\"><img data-recalc-dims=\"1\" decoding=\"async\" src=\"https:\/\/i0.wp.com\/www.kdfjm.si\/wp-content\/gallery\/9-fop\/festivalOtroskePoezijeKDFJM2014-6236.jpg?ssl=1\" alt=\"festivalOtroskePoezijeKDFJM2014-6236\" style=\"max-width: px; max-height: px; width: auto; height:auto; margin:auto\"><img data-recalc-dims=\"1\" decoding=\"async\" src=\"https:\/\/i0.wp.com\/www.kdfjm.si\/wp-content\/gallery\/9-fop\/festivalOtroskePoezijeKDFJM2014-6237.jpg?ssl=1\" alt=\"festivalOtroskePoezijeKDFJM2014-6237\" style=\"max-width: px; max-height: px; width: auto; height:auto; margin:auto\"><img data-recalc-dims=\"1\" decoding=\"async\" src=\"https:\/\/i0.wp.com\/www.kdfjm.si\/wp-content\/gallery\/9-fop\/festivalOtroskePoezijeKDFJM2014-6239.jpg?ssl=1\" alt=\"festivalOtroskePoezijeKDFJM2014-6239\" style=\"max-width: px; max-height: px; width: auto; height:auto; margin:auto\"><img data-recalc-dims=\"1\" decoding=\"async\" src=\"https:\/\/i0.wp.com\/www.kdfjm.si\/wp-content\/gallery\/9-fop\/festivalOtroskePoezijeKDFJM2014-6242.jpg?ssl=1\" alt=\"festivalOtroskePoezijeKDFJM2014-6242\" style=\"max-width: px; max-height: px; width: auto; height:auto; margin:auto\"><img data-recalc-dims=\"1\" decoding=\"async\" src=\"https:\/\/i0.wp.com\/www.kdfjm.si\/wp-content\/gallery\/9-fop\/festivalOtroskePoezijeKDFJM2014-6246.jpg?ssl=1\" alt=\"festivalOtroskePoezijeKDFJM2014-6246\" style=\"max-width: px; max-height: px; width: auto; height:auto; margin:auto\"><img data-recalc-dims=\"1\" decoding=\"async\" src=\"https:\/\/i0.wp.com\/www.kdfjm.si\/wp-content\/gallery\/9-fop\/festivalOtroskePoezijeKDFJM2014-6251.jpg?ssl=1\" alt=\"festivalOtroskePoezijeKDFJM2014-6251\" style=\"max-width: px; max-height: px; width: auto; height:auto; margin:auto\"><img data-recalc-dims=\"1\" decoding=\"async\" src=\"https:\/\/i0.wp.com\/www.kdfjm.si\/wp-content\/gallery\/9-fop\/festivalOtroskePoezijeKDFJM2014-6254.jpg?ssl=1\" alt=\"festivalOtroskePoezijeKDFJM2014-6254\" style=\"max-width: px; max-height: px; width: auto; height:auto; margin:auto\"><img data-recalc-dims=\"1\" decoding=\"async\" src=\"https:\/\/i0.wp.com\/www.kdfjm.si\/wp-content\/gallery\/9-fop\/festivalOtroskePoezijeKDFJM2014-6258.jpg?ssl=1\" alt=\"festivalOtroskePoezijeKDFJM2014-6258\" style=\"max-width: px; max-height: px; width: auto; height:auto; margin:auto\"><img data-recalc-dims=\"1\" decoding=\"async\" src=\"https:\/\/i0.wp.com\/www.kdfjm.si\/wp-content\/gallery\/9-fop\/festivalOtroskePoezijeKDFJM2014-6261.jpg?ssl=1\" alt=\"festivalOtroskePoezijeKDFJM2014-6261\" style=\"max-width: px; max-height: px; width: auto; height:auto; margin:auto\"><img data-recalc-dims=\"1\" decoding=\"async\" src=\"https:\/\/i0.wp.com\/www.kdfjm.si\/wp-content\/gallery\/9-fop\/festivalOtroskePoezijeKDFJM2014-6265.jpg?ssl=1\" alt=\"festivalOtroskePoezijeKDFJM2014-6265\" style=\"max-width: px; max-height: px; width: auto; height:auto; margin:auto\"><img data-recalc-dims=\"1\" decoding=\"async\" src=\"https:\/\/i0.wp.com\/www.kdfjm.si\/wp-content\/gallery\/9-fop\/festivalOtroskePoezijeKDFJM2014-6266.jpg?ssl=1\" alt=\"festivalOtroskePoezijeKDFJM2014-6266\" style=\"max-width: px; max-height: px; width: auto; height:auto; margin:auto\"><img data-recalc-dims=\"1\" decoding=\"async\" src=\"https:\/\/i0.wp.com\/www.kdfjm.si\/wp-content\/gallery\/9-fop\/festivalOtroskePoezijeKDFJM2014-6267.jpg?ssl=1\" alt=\"festivalOtroskePoezijeKDFJM2014-6267\" style=\"max-width: px; max-height: px; width: auto; height:auto; margin:auto\"><img data-recalc-dims=\"1\" decoding=\"async\" src=\"https:\/\/i0.wp.com\/www.kdfjm.si\/wp-content\/gallery\/9-fop\/festivalOtroskePoezijeKDFJM2014-6269.jpg?ssl=1\" alt=\"festivalOtroskePoezijeKDFJM2014-6269\" style=\"max-width: px; max-height: px; width: auto; height:auto; margin:auto\"><img data-recalc-dims=\"1\" decoding=\"async\" src=\"https:\/\/i0.wp.com\/www.kdfjm.si\/wp-content\/gallery\/9-fop\/festivalOtroskePoezijeKDFJM2014-6271.jpg?ssl=1\" alt=\"festivalOtroskePoezijeKDFJM2014-6271\" style=\"max-width: px; max-height: px; width: auto; height:auto; margin:auto\"><img data-recalc-dims=\"1\" decoding=\"async\" src=\"https:\/\/i0.wp.com\/www.kdfjm.si\/wp-content\/gallery\/9-fop\/festivalOtroskePoezijeKDFJM2014-6276.jpg?ssl=1\" alt=\"festivalOtroskePoezijeKDFJM2014-6276\" style=\"max-width: px; max-height: px; width: auto; height:auto; margin:auto\"><img data-recalc-dims=\"1\" decoding=\"async\" src=\"https:\/\/i0.wp.com\/www.kdfjm.si\/wp-content\/gallery\/9-fop\/festivalOtroskePoezijeKDFJM2014-6280.jpg?ssl=1\" alt=\"festivalOtroskePoezijeKDFJM2014-6280\" style=\"max-width: px; max-height: px; width: auto; height:auto; margin:auto\"><img data-recalc-dims=\"1\" decoding=\"async\" src=\"https:\/\/i0.wp.com\/www.kdfjm.si\/wp-content\/gallery\/9-fop\/festivalOtroskePoezijeKDFJM2014-6282.jpg?ssl=1\" alt=\"festivalOtroskePoezijeKDFJM2014-6282\" style=\"max-width: px; max-height: px; width: auto; height:auto; margin:auto\"><img data-recalc-dims=\"1\" decoding=\"async\" src=\"https:\/\/i0.wp.com\/www.kdfjm.si\/wp-content\/gallery\/9-fop\/festivalOtroskePoezijeKDFJM2014-6283.jpg?ssl=1\" alt=\"festivalOtroskePoezijeKDFJM2014-6283\" style=\"max-width: px; max-height: px; width: auto; height:auto; margin:auto\"><img data-recalc-dims=\"1\" decoding=\"async\" src=\"https:\/\/i0.wp.com\/www.kdfjm.si\/wp-content\/gallery\/9-fop\/festivalOtroskePoezijeKDFJM2014-6285.jpg?ssl=1\" alt=\"festivalOtroskePoezijeKDFJM2014-6285\" style=\"max-width: px; max-height: px; width: auto; height:auto; margin:auto\"><img data-recalc-dims=\"1\" decoding=\"async\" src=\"https:\/\/i0.wp.com\/www.kdfjm.si\/wp-content\/gallery\/9-fop\/festivalOtroskePoezijeKDFJM2014-6287.jpg?ssl=1\" alt=\"festivalOtroskePoezijeKDFJM2014-6287\" style=\"max-width: px; max-height: px; width: auto; height:auto; margin:auto\"><img data-recalc-dims=\"1\" decoding=\"async\" src=\"https:\/\/i0.wp.com\/www.kdfjm.si\/wp-content\/gallery\/9-fop\/festivalOtroskePoezijeKDFJM2014-6289.jpg?ssl=1\" alt=\"festivalOtroskePoezijeKDFJM2014-6289\" style=\"max-width: px; max-height: px; width: auto; height:auto; margin:auto\"><img data-recalc-dims=\"1\" decoding=\"async\" src=\"https:\/\/i0.wp.com\/www.kdfjm.si\/wp-content\/gallery\/9-fop\/festivalOtroskePoezijeKDFJM2014-6291.jpg?ssl=1\" alt=\"festivalOtroskePoezijeKDFJM2014-6291\" style=\"max-width: px; max-height: px; width: auto; height:auto; margin:auto\"><img data-recalc-dims=\"1\" decoding=\"async\" src=\"https:\/\/i0.wp.com\/www.kdfjm.si\/wp-content\/gallery\/9-fop\/festivalOtroskePoezijeKDFJM2014-6297.jpg?ssl=1\" alt=\"festivalOtroskePoezijeKDFJM2014-6297\" style=\"max-width: px; max-height: px; width: auto; height:auto; margin:auto\"><img data-recalc-dims=\"1\" decoding=\"async\" src=\"https:\/\/i0.wp.com\/www.kdfjm.si\/wp-content\/gallery\/9-fop\/festivalOtroskePoezijeKDFJM2014-6298.jpg?ssl=1\" alt=\"festivalOtroskePoezijeKDFJM2014-6298\" style=\"max-width: px; max-height: px; width: auto; height:auto; margin:auto\"><img data-recalc-dims=\"1\" decoding=\"async\" src=\"https:\/\/i0.wp.com\/www.kdfjm.si\/wp-content\/gallery\/9-fop\/festivalOtroskePoezijeKDFJM2014-6301.jpg?ssl=1\" alt=\"festivalOtroskePoezijeKDFJM2014-6301\" style=\"max-width: px; max-height: px; width: auto; height:auto; margin:auto\"><img data-recalc-dims=\"1\" decoding=\"async\" src=\"https:\/\/i0.wp.com\/www.kdfjm.si\/wp-content\/gallery\/9-fop\/festivalOtroskePoezijeKDFJM2014-6312.jpg?ssl=1\" alt=\"festivalOtroskePoezijeKDFJM2014-6312\" style=\"max-width: px; max-height: px; width: auto; height:auto; margin:auto\"><img data-recalc-dims=\"1\" decoding=\"async\" src=\"https:\/\/i0.wp.com\/www.kdfjm.si\/wp-content\/gallery\/9-fop\/festivalOtroskePoezijeKDFJM2014-6317.jpg?ssl=1\" alt=\"festivalOtroskePoezijeKDFJM2014-6317\" style=\"max-width: px; max-height: px; width: auto; height:auto; margin:auto\"><img data-recalc-dims=\"1\" decoding=\"async\" src=\"https:\/\/i0.wp.com\/www.kdfjm.si\/wp-content\/gallery\/9-fop\/festivalOtroskePoezijeKDFJM2014-6324.jpg?ssl=1\" alt=\"festivalOtroskePoezijeKDFJM2014-6324\" style=\"max-width: px; max-height: px; width: auto; height:auto; margin:auto\"><img data-recalc-dims=\"1\" decoding=\"async\" src=\"https:\/\/i0.wp.com\/www.kdfjm.si\/wp-content\/gallery\/9-fop\/festivalOtroskePoezijeKDFJM2014-6326.jpg?ssl=1\" alt=\"festivalOtroskePoezijeKDFJM2014-6326\" style=\"max-width: px; max-height: px; width: auto; height:auto; margin:auto\"><img data-recalc-dims=\"1\" decoding=\"async\" src=\"https:\/\/i0.wp.com\/www.kdfjm.si\/wp-content\/gallery\/9-fop\/festivalOtroskePoezijeKDFJM2014-8853.jpg?ssl=1\" alt=\"festivalOtroskePoezijeKDFJM2014-8853\" style=\"max-width: px; max-height: px; width: auto; height:auto; margin:auto\"><img data-recalc-dims=\"1\" decoding=\"async\" src=\"https:\/\/i0.wp.com\/www.kdfjm.si\/wp-content\/gallery\/9-fop\/festivalOtroskePoezijeKDFJM2014-8855.jpg?ssl=1\" alt=\"festivalOtroskePoezijeKDFJM2014-8855\" style=\"max-width: px; max-height: px; width: auto; height:auto; margin:auto\"><img data-recalc-dims=\"1\" decoding=\"async\" src=\"https:\/\/i0.wp.com\/www.kdfjm.si\/wp-content\/gallery\/9-fop\/festivalOtroskePoezijeKDFJM2014-8857.jpg?ssl=1\" alt=\"festivalOtroskePoezijeKDFJM2014-8857\" style=\"max-width: px; max-height: px; width: auto; height:auto; margin:auto\"><img data-recalc-dims=\"1\" decoding=\"async\" src=\"https:\/\/i0.wp.com\/www.kdfjm.si\/wp-content\/gallery\/9-fop\/festivalOtroskePoezijeKDFJM2014-8876.jpg?ssl=1\" alt=\"festivalOtroskePoezijeKDFJM2014-8876\" style=\"max-width: px; max-height: px; width: auto; height:auto; margin:auto\"><img data-recalc-dims=\"1\" decoding=\"async\" src=\"https:\/\/i0.wp.com\/www.kdfjm.si\/wp-content\/gallery\/9-fop\/festivalOtroskePoezijeKDFJM2014-8883.jpg?ssl=1\" alt=\"festivalOtroskePoezijeKDFJM2014-8883\" style=\"max-width: px; max-height: px; width: auto; height:auto; margin:auto\"><img data-recalc-dims=\"1\" decoding=\"async\" src=\"https:\/\/i0.wp.com\/www.kdfjm.si\/wp-content\/gallery\/9-fop\/festivalOtroskePoezijeKDFJM2014-8885.jpg?ssl=1\" alt=\"festivalOtroskePoezijeKDFJM2014-8885\" style=\"max-width: px; max-height: px; width: auto; height:auto; margin:auto\"><img data-recalc-dims=\"1\" decoding=\"async\" src=\"https:\/\/i0.wp.com\/www.kdfjm.si\/wp-content\/gallery\/9-fop\/festivalOtroskePoezijeKDFJM2014-8887.jpg?ssl=1\" alt=\"festivalOtroskePoezijeKDFJM2014-8887\" style=\"max-width: px; max-height: px; width: auto; height:auto; margin:auto\"><img data-recalc-dims=\"1\" decoding=\"async\" src=\"https:\/\/i0.wp.com\/www.kdfjm.si\/wp-content\/gallery\/9-fop\/festivalOtroskePoezijeKDFJM2014-8891.jpg?ssl=1\" alt=\"festivalOtroskePoezijeKDFJM2014-8891\" style=\"max-width: px; max-height: px; width: auto; height:auto; margin:auto\"><img data-recalc-dims=\"1\" decoding=\"async\" src=\"https:\/\/i0.wp.com\/www.kdfjm.si\/wp-content\/gallery\/9-fop\/festivalOtroskePoezijeKDFJM2014-8894.jpg?ssl=1\" alt=\"festivalOtroskePoezijeKDFJM2014-8894\" style=\"max-width: px; max-height: px; width: auto; height:auto; margin:auto\"><img data-recalc-dims=\"1\" decoding=\"async\" src=\"https:\/\/i0.wp.com\/www.kdfjm.si\/wp-content\/gallery\/9-fop\/festivalOtroskePoezijeKDFJM2014-8896.jpg?ssl=1\" alt=\"festivalOtroskePoezijeKDFJM2014-8896\" style=\"max-width: px; max-height: px; width: auto; height:auto; margin:auto\"><img data-recalc-dims=\"1\" decoding=\"async\" src=\"https:\/\/i0.wp.com\/www.kdfjm.si\/wp-content\/gallery\/9-fop\/festivalOtroskePoezijeKDFJM2014-8901.jpg?ssl=1\" alt=\"festivalOtroskePoezijeKDFJM2014-8901\" style=\"max-width: px; max-height: px; width: auto; height:auto; margin:auto\"><img data-recalc-dims=\"1\" decoding=\"async\" src=\"https:\/\/i0.wp.com\/www.kdfjm.si\/wp-content\/gallery\/9-fop\/festivalOtroskePoezijeKDFJM2014-8904.jpg?ssl=1\" alt=\"festivalOtroskePoezijeKDFJM2014-8904\" style=\"max-width: px; max-height: px; width: auto; height:auto; margin:auto\"><img data-recalc-dims=\"1\" decoding=\"async\" src=\"https:\/\/i0.wp.com\/www.kdfjm.si\/wp-content\/gallery\/9-fop\/festivalOtroskePoezijeKDFJM2014-8907.jpg?ssl=1\" alt=\"festivalOtroskePoezijeKDFJM2014-8907\" style=\"max-width: px; max-height: px; width: auto; height:auto; margin:auto\"><img data-recalc-dims=\"1\" decoding=\"async\" src=\"https:\/\/i0.wp.com\/www.kdfjm.si\/wp-content\/gallery\/9-fop\/festivalOtroskePoezijeKDFJM2014-8910.jpg?ssl=1\" alt=\"festivalOtroskePoezijeKDFJM2014-8910\" style=\"max-width: px; max-height: px; width: auto; height:auto; margin:auto\"><img data-recalc-dims=\"1\" decoding=\"async\" src=\"https:\/\/i0.wp.com\/www.kdfjm.si\/wp-content\/gallery\/9-fop\/festivalOtroskePoezijeKDFJM2014-8913.jpg?ssl=1\" alt=\"festivalOtroskePoezijeKDFJM2014-8913\" style=\"max-width: px; max-height: px; width: auto; height:auto; margin:auto\"><img data-recalc-dims=\"1\" decoding=\"async\" src=\"https:\/\/i0.wp.com\/www.kdfjm.si\/wp-content\/gallery\/9-fop\/festivalOtroskePoezijeKDFJM2014-8916.jpg?ssl=1\" alt=\"festivalOtroskePoezijeKDFJM2014-8916\" style=\"max-width: px; max-height: px; width: auto; height:auto; margin:auto\"><img data-recalc-dims=\"1\" decoding=\"async\" src=\"https:\/\/i0.wp.com\/www.kdfjm.si\/wp-content\/gallery\/9-fop\/festivalOtroskePoezijeKDFJM2014-8919.jpg?ssl=1\" alt=\"festivalOtroskePoezijeKDFJM2014-8919\" style=\"max-width: px; max-height: px; width: auto; height:auto; margin:auto\"><img data-recalc-dims=\"1\" decoding=\"async\" src=\"https:\/\/i0.wp.com\/www.kdfjm.si\/wp-content\/gallery\/9-fop\/festivalOtroskePoezijeKDFJM2014-8921.jpg?ssl=1\" alt=\"festivalOtroskePoezijeKDFJM2014-8921\" style=\"max-width: px; max-height: px; width: auto; height:auto; margin:auto\"><img data-recalc-dims=\"1\" decoding=\"async\" src=\"https:\/\/i0.wp.com\/www.kdfjm.si\/wp-content\/gallery\/9-fop\/festivalOtroskePoezijeKDFJM2014-8922.jpg?ssl=1\" alt=\"festivalOtroskePoezijeKDFJM2014-8922\" style=\"max-width: px; max-height: px; width: auto; height:auto; margin:auto\"><img data-recalc-dims=\"1\" decoding=\"async\" src=\"https:\/\/i0.wp.com\/www.kdfjm.si\/wp-content\/gallery\/9-fop\/festivalOtroskePoezijeKDFJM2014-8924.jpg?ssl=1\" alt=\"festivalOtroskePoezijeKDFJM2014-8924\" style=\"max-width: px; max-height: px; width: auto; height:auto; margin:auto\"><img data-recalc-dims=\"1\" decoding=\"async\" src=\"https:\/\/i0.wp.com\/www.kdfjm.si\/wp-content\/gallery\/9-fop\/festivalOtroskePoezijeKDFJM2014-8927.jpg?ssl=1\" alt=\"festivalOtroskePoezijeKDFJM2014-8927\" style=\"max-width: px; max-height: px; width: auto; height:auto; margin:auto\"><img data-recalc-dims=\"1\" decoding=\"async\" src=\"https:\/\/i0.wp.com\/www.kdfjm.si\/wp-content\/gallery\/9-fop\/festivalOtroskePoezijeKDFJM2014-8929.jpg?ssl=1\" alt=\"festivalOtroskePoezijeKDFJM2014-8929\" style=\"max-width: px; max-height: px; width: auto; height:auto; margin:auto\"><img data-recalc-dims=\"1\" decoding=\"async\" src=\"https:\/\/i0.wp.com\/www.kdfjm.si\/wp-content\/gallery\/9-fop\/festivalOtroskePoezijeKDFJM2014-8931.jpg?ssl=1\" alt=\"festivalOtroskePoezijeKDFJM2014-8931\" style=\"max-width: px; max-height: px; width: auto; height:auto; margin:auto\"><img data-recalc-dims=\"1\" decoding=\"async\" src=\"https:\/\/i0.wp.com\/www.kdfjm.si\/wp-content\/gallery\/9-fop\/festivalOtroskePoezijeKDFJM2014-8933.jpg?ssl=1\" alt=\"festivalOtroskePoezijeKDFJM2014-8933\" style=\"max-width: px; max-height: px; width: auto; height:auto; margin:auto\"><img data-recalc-dims=\"1\" decoding=\"async\" src=\"https:\/\/i0.wp.com\/www.kdfjm.si\/wp-content\/gallery\/9-fop\/festivalOtroskePoezijeKDFJM2014-8935.jpg?ssl=1\" alt=\"festivalOtroskePoezijeKDFJM2014-8935\" style=\"max-width: px; max-height: px; width: auto; height:auto; margin:auto\"><img data-recalc-dims=\"1\" decoding=\"async\" src=\"https:\/\/i0.wp.com\/www.kdfjm.si\/wp-content\/gallery\/9-fop\/festivalOtroskePoezijeKDFJM2014-8936.jpg?ssl=1\" alt=\"festivalOtroskePoezijeKDFJM2014-8936\" style=\"max-width: px; max-height: px; width: auto; height:auto; margin:auto\"><img data-recalc-dims=\"1\" decoding=\"async\" src=\"https:\/\/i0.wp.com\/www.kdfjm.si\/wp-content\/gallery\/9-fop\/festivalOtroskePoezijeKDFJM2014-8939.jpg?ssl=1\" alt=\"festivalOtroskePoezijeKDFJM2014-8939\" style=\"max-width: px; max-height: px; width: auto; height:auto; margin:auto\"><img data-recalc-dims=\"1\" decoding=\"async\" src=\"https:\/\/i0.wp.com\/www.kdfjm.si\/wp-content\/gallery\/9-fop\/festivalOtroskePoezijeKDFJM2014-8944.jpg?ssl=1\" alt=\"festivalOtroskePoezijeKDFJM2014-8944\" style=\"max-width: px; max-height: px; width: auto; height:auto; margin:auto\"><img data-recalc-dims=\"1\" decoding=\"async\" src=\"https:\/\/i0.wp.com\/www.kdfjm.si\/wp-content\/gallery\/9-fop\/festivalOtroskePoezijeKDFJM2014-8947.jpg?ssl=1\" alt=\"festivalOtroskePoezijeKDFJM2014-8947\" style=\"max-width: px; max-height: px; width: auto; height:auto; margin:auto\"><\/div><\/div>\n\n<script type=\"text\/javascript\">jQuery(document).ready(function($) {\r\n\t\t\tvar owl = $('#ngg_slideshow25630391');\r\n\t\t\towl.owlCarousel({\r\n\t\t\t\titems: 1,\r\n\t\t\t\tautoHeight: false,\r\n\t            dots: true,\r\n\t            autoplay: true,\r\n\t\t\t\tautoplayTimeout: 3000,\r\n\t\t\t\tautoplayHoverPause: true,\r\n\t\t\t\tanimateIn: 'fadeIn',\r\n\t\t\t\tanimateOut: 'fadeOut',\r\n\t\t\t\tloop: true,\r\n\t\t\t\tmouseDrag: true,\r\n\t\t\t\ttouchDrag: true\r\n\t\t\t});\nowl.click( function () {\r\n                    owl.trigger( 'next.owl.carousel' );\r\n                } );});\n<\/script>","protected":false},"excerpt":{"rendered":"<p>29. maj je rojstni dan slovenskega pisatelja, klasika Janeza Trdine, ki je \u017ee v mladosti skrbno prisluhnil bogatemu izro\u010dilu slovenskega \u010dloveka, ki je v bogati poeziji legend, bajk, povesti in pesmi ohranjal skozi stoletja samobitnost na\u0161ega naroda. Trdina je skozi celo \u017eivljenje to silno bogastvo raziskoval in globoko prevzet zapisoval in nadgrajeval. Drug tak vzor [&hellip;]<\/p>\n","protected":false},"author":4,"featured_media":0,"parent":361,"menu_order":0,"comment_status":"closed","ping_status":"open","template":"","meta":{"footnotes":""},"class_list":["post-3039","page","type-page","status-publish","hentry"],"jetpack_sharing_enabled":true,"jetpack_shortlink":"https:\/\/wp.me\/P73nhm-N1","jetpack-related-posts":[],"_links":{"self":[{"href":"https:\/\/www.kdfjm.si\/index.php?rest_route=\/wp\/v2\/pages\/3039","targetHints":{"allow":["GET"]}}],"collection":[{"href":"https:\/\/www.kdfjm.si\/index.php?rest_route=\/wp\/v2\/pages"}],"about":[{"href":"https:\/\/www.kdfjm.si\/index.php?rest_route=\/wp\/v2\/types\/page"}],"author":[{"embeddable":true,"href":"https:\/\/www.kdfjm.si\/index.php?rest_route=\/wp\/v2\/users\/4"}],"replies":[{"embeddable":true,"href":"https:\/\/www.kdfjm.si\/index.php?rest_route=%2Fwp%2Fv2%2Fcomments&post=3039"}],"version-history":[{"count":5,"href":"https:\/\/www.kdfjm.si\/index.php?rest_route=\/wp\/v2\/pages\/3039\/revisions"}],"predecessor-version":[{"id":3076,"href":"https:\/\/www.kdfjm.si\/index.php?rest_route=\/wp\/v2\/pages\/3039\/revisions\/3076"}],"up":[{"embeddable":true,"href":"https:\/\/www.kdfjm.si\/index.php?rest_route=\/wp\/v2\/pages\/361"}],"wp:attachment":[{"href":"https:\/\/www.kdfjm.si\/index.php?rest_route=%2Fwp%2Fv2%2Fmedia&parent=3039"}],"curies":[{"name":"wp","href":"https:\/\/api.w.org\/{rel}","templated":true}]}}