{"id":299,"date":"2008-12-26T13:50:38","date_gmt":"2008-12-26T11:50:38","guid":{"rendered":"http:\/\/www.kdfjm.si\/?page_id=299"},"modified":"2019-03-05T11:04:48","modified_gmt":"2019-03-05T10:04:48","slug":"likovne-delavnice","status":"publish","type":"page","link":"https:\/\/www.kdfjm.si\/?page_id=299","title":{"rendered":"Likovne delavnice"},"content":{"rendered":"<p><span style=\"color: #808080;\"><strong>2019<\/strong><\/span><\/p>\n<ul>\n<li><a href=\"http:\/\/www.kdfjm.si\/?page_id=4394\"><strong>Izdelovanje gnezdilnic za ptice<\/strong><\/a> (22. februar 2019)<\/li>\n<\/ul>\n<p><span style=\"color: #808080;\"><strong>2018<\/strong><\/span><\/p>\n<ul>\n<li><a href=\"http:\/\/www.kdfjm.si\/?page_id=4389\"><strong>Kerami\u010dne delavnice v Cankarjevem letu<\/strong><\/a> (18. &#8211; 21. junij 2018)<\/li>\n<li><a href=\"http:\/\/www.kdfjm.si\/?page_id=4385\"><strong>Izdelovanje \u017eegnov in butaric za cvetno nedeljo<\/strong><\/a> (23. marec 2018)<\/li>\n<li><a href=\"http:\/\/www.kdfjm.si\/?page_id=4381\"><strong>Izdelovanje ladjic za Gregorjevo<\/strong><\/a> (10. marec 2018)<\/li>\n<\/ul>\n<p><span style=\"color: #808080;\"><strong>2017<\/strong><\/span><\/p>\n<ul>\n<li><a href=\"http:\/\/www.kdfjm.si\/?page_id=4376\"><strong> Delavnica izdelovanja jaslic<\/strong><\/a> (9. in 16. december 2017)<\/li>\n<li><a href=\"http:\/\/www.kdfjm.si\/?page_id=4373\"><strong>Izdelovanje mozaikov na oratoriju v Ple\u010dnikovem letu<\/strong><\/a> (avgust 2017)<\/li>\n<li><a href=\"http:\/\/www.kdfjm.si\/?page_id=4369\"><strong>Izdelovanje \u017eegnov <\/strong><\/a>(7. april 2017)<\/li>\n<\/ul>\n<p><span style=\"color: #808080;\"><strong>2016<\/strong><\/span><\/p>\n<ul>\n<li><a href=\"http:\/\/www.kdfjm.si\/?page_id=4366\"><strong>Otro\u0161ki \u017div \u017eav na Osnovni \u0161oli Menge\u0161 <\/strong><\/a>(oktober 2016)<\/li>\n<li><a href=\"http:\/\/www.kdfjm.si\/?page_id=4362\"><strong>\u0160u\u0161tar\u0161i\u010devi dnevi &#8211; kerami\u010dna delavnica<\/strong><\/a> (12. -16. september 2016)<\/li>\n<li><strong><a href=\"http:\/\/www.kdfjm.si\/?page_id=4358\">Izdelovanje mozaikov na oratoriju<\/a><\/strong><\/li>\n<li><strong><a href=\"http:\/\/www.kdfjm.si\/?page_id=3772\">Izdelovanje \u017eegnov<\/a><\/strong> (18. marec 2016)<\/li>\n<li><span style=\"color: #333399;\"><strong><a style=\"color: #333399;\" href=\"http:\/\/www.kdfjm.si\/?page_id=3768\">Izdelovanje ladjic za Gregorjevo<\/a><\/strong><\/span> (5. marec 2016)<\/li>\n<\/ul>\n<p><span style=\"color: #808080;\"><strong>2015<\/strong><\/span><\/p>\n<ul>\n<li><strong>Modelarska delavnica izdelovanja raket<\/strong> (sobote v septembru 2015)<\/li>\n<li><strong><a href=\"http:\/\/www.kdfjm.si\/?page_id=3811\">Izdelovanje mozaikov na oratoriju v Meng\u0161u<\/a><\/strong> (17. &#8211; 21. avgust)<\/li>\n<li><strong><a href=\"http:\/\/www.kdfjm.si\/?page_id=3583\">Kerami\u010dni teden<\/a><\/strong> (6. &#8211; 10. julij 2015)<\/li>\n<li><strong><a href=\"http:\/\/www.kdfjm.si\/?page_id=3597\">Oratorij v Grosupljem<\/a><\/strong><\/li>\n<li><a title=\"Izdelovanje \u017eegnov 2015\" href=\"http:\/\/www.kdfjm.si\/?page_id=3178\"><strong>Izdelovanje \u017eegnov<\/strong><\/a> (27. marec 2015)<\/li>\n<li><a href=\"http:\/\/www.kdfjm.si\/?page_id=3068\"><strong>Izdelovanje ladjic za Gregorjevo<\/strong><\/a> (7. marec 2015)<\/li>\n<\/ul>\n<p><span style=\"color: #808080;\"><strong>2014<\/strong><\/span><\/p>\n<ul>\n<li><a href=\"http:\/\/www.kdfjm.si\/?page_id=3063\"><strong>Poletna delavnica mozaikov<\/strong><\/a><\/li>\n<li><strong><a href=\"http:\/\/www.kdfjm.si\/?page_id=3060\">Delavnica modeliranja v glini<\/a><\/strong> (17. in 18. julij 2014)<\/li>\n<li><strong><a href=\"http:\/\/www.kdfjm.si\/?page_id=3057\">Modelarska delavnica izdelovanja raket<\/a><\/strong> (31. maj 2014)<\/li>\n<li><a href=\"http:\/\/www.kdfjm.si\/?page_id=3053\"><strong>Izdelovanje \u017eegnov za cvetno nedeljo<\/strong><\/a> (11. april 2014)<\/li>\n<li><a title=\"Delavnica izdelovanja ladjic 2014\" href=\"http:\/\/www.kdfjm.si\/?page_id=3049\"><strong>Izdelovanje ladjic za Gregorjevo<\/strong><\/a><\/li>\n<li><a href=\"http:\/\/www.kdfjm.si\/?page_id=3045\"><strong>Kra\u0161enje sve\u010d za sve\u010dnico<\/strong><\/a> (1. februar 2014)<\/li>\n<\/ul>\n<p><span style=\"color: #888888;\"><strong>2013<\/strong><\/span><\/p>\n<ul>\n<li><a href=\"http:\/\/www.kdfjm.si\/?page_id=3126\"><strong>Delavnica izdelave mozaikov<\/strong><\/a> (21. november 2013)<\/li>\n<li><a href=\"http:\/\/www.kdfjm.si\/?page_id=3120\"><strong>Izdelovanje mozaikov na \u017div\u017eavu ob tednu otroka<\/strong><\/a> (3. oktober 2013)<\/li>\n<li><a href=\"http:\/\/www.kdfjm.si\/?page_id=2172\"><strong>Izdelovanje \u017eegnov za Cvetno nedeljo<\/strong><\/a> (22. marec 2013)<\/li>\n<li><strong><a href=\"http:\/\/www.kdfjm.si\/?page_id=2153\">Izdelovanje ladjic za Gregorjevo<\/a> <\/strong>(8. marec 2013)<\/li>\n<li><a href=\"http:\/\/www.kdfjm.si\/?page_id=2167\"><strong>Kra\u0161enje sve\u010d za Sve\u010dnico<\/strong><\/a> (1. februar 2013)<\/li>\n<\/ul>\n<p><span style=\"color: #888888;\"><strong>2012<\/strong><\/span><\/p>\n<ul>\n<li><a title=\"Mozaiki na \u0161olski trati\" href=\"http:\/\/www.kdfjm.si\/?p=1911\"><strong>Izdelovanje mozaikov na \u017div\u017eavu ob tednu otroka<\/strong><\/a> (4. oktober 2012)<\/li>\n<li><a title=\"Delavnica mozaikov med razstavljavci v Arboretumu Vol\u010dji potok\" href=\"http:\/\/www.kdfjm.si\/?page_id=1674\"><strong>Izdelovanje mozaikov v Arboretumu Vol\u010dji potok<\/strong><\/a> (28. april 2012)<\/li>\n<li><a href=\"http:\/\/www.kdfjm.si\/?page_id=1632\"><strong>Izdelovanje \u017eegnov in butaric<\/strong><\/a> (29. in 30. marec 2012)<\/li>\n<li><a href=\"http:\/\/www.kdfjm.si\/?page_id=1553&amp;preview=true\"><strong>Likovna delavnica kra\u0161enja sve\u010d<\/strong><\/a> (1. februar 2012)<\/li>\n<\/ul>\n<p><span style=\"color: #888888;\"><strong>2011<\/strong><\/span><\/p>\n<ul>\n<li><a title=\"Jaslice v glini\" href=\"http:\/\/www.kdfjm.si\/?p=1497\"><strong>Izdelovanje jaslic iz gline<\/strong><\/a> (16. in 17. december 2011)<\/li>\n<li><strong><a href=\"http:\/\/www.kdfjm.si\/?p=1433\">Izdelovanje bu\u010dnih strahov<\/a> <\/strong>(6. oktober 2011)<\/li>\n<li><strong><a href=\"http:\/\/www.kdfjm.si\/?p=1375\">Izdelovanje mozaikov<\/a><\/strong> (11. do 14. julij 2011)<\/li>\n<li><a href=\"http:\/\/www.kdfjm.si\/?page_id=1154\"><strong>Nabiranje zelenja in izdelovanje \u017eegnov<\/strong><\/a> (14. in 15. april 2011)<\/li>\n<li><a href=\"http:\/\/www.kdfjm.si\/?page_id=1127\"><strong>Izdelovanje ladjic<\/strong><\/a> (5. marec 2011)<\/li>\n<li><a href=\"http:\/\/www.kdfjm.si\/?page_id=1084\"><strong>Kra\u0161enje sve\u010d<\/strong><\/a> (29. januar 2011)<\/li>\n<\/ul>\n<p><span style=\"color: #888888;\"><strong>2010<\/strong><\/span><\/p>\n<ul>\n<li><strong><a href=\"http:\/\/www.kdfjm.si\/?page_id=1017\">Likovna delavnica Izdelovanje mozaikov\u00a0&#8211;\u00a0oratorij<\/a><\/strong> (16. &#8211; 19. avgust 2010)<\/li>\n<li><strong><a href=\"http:\/\/www.kdfjm.si\/?page_id=898\">Nabiranje zelenja in izdelovanje \u017eegnov<\/a><\/strong> (25., 26. marec 2010)<\/li>\n<li><a href=\"http:\/\/www.kdfjm.si\/?page_id=849\"><strong>Izdelovanje ladjic<\/strong><\/a> &#8211; Gregorjevo (6. marec 2010)<\/li>\n<li><a href=\"http:\/\/www.kdfjm.si\/?page_id=829\"><strong>Likovna delavnica Izdelovanje mozaikov<strong> &#8211; <\/strong><\/strong><strong>Imaginarium<\/strong><\/a> (20. januar 2010)<\/li>\n<li><a href=\"http:\/\/www.kdfjm.si\/?page_id=776\"><strong>Kra\u0161enje sve\u010d<\/strong><\/a> (29. januar 2010)<\/li>\n<\/ul>\n<p><span style=\"color: #888888;\"><strong>2009<\/strong><\/span><\/p>\n<ul>\n<li><strong><a href=\"http:\/\/www.kdfjm.si\/?page_id=699\">Polstenje<\/a><\/strong> (24. oktober 2009)<\/li>\n<li><strong><a href=\"http:\/\/www.kdfjm.si\/?page_id=665\">Izdelovanje mozaikov na Oratoriju<\/a><\/strong> (17. &#8211; 20. avgust 2009)<\/li>\n<li><a href=\"http:\/\/www.kdfjm.si\/?page_id=539\"><strong>Izdelovanje mozaikov, posve\u010denih svetovnemu letu astronomije<\/strong><\/a> (24. april 2009)<\/li>\n<li><a href=\"http:\/\/www.kdfjm.si\/?page_id=504\"><strong>Izdelovanje \u017eegnov oz. butaric<\/strong><\/a> (3. april 2009)<\/li>\n<li><a href=\"http:\/\/www.kdfjm.si\/?page_id=486\"><strong>Izdelovanje ladjic<\/strong><\/a> &#8211; Gregorjevo (7. marec 2009)<\/li>\n<li><a href=\"http:\/\/www.kdfjm.si\/?page_id=428\"><strong>Kra\u0161enje sve\u010d<\/strong><\/a> (30. januar 2009)<\/li>\n<li><a href=\"http:\/\/www.kdfjm.si\/?page_id=419\"><strong>Izdelovanje gnezdilnic<\/strong><\/a> (24. januar 2009)<\/li>\n<\/ul>\n<p><span style=\"color: #888888;\"><strong>2008<\/strong><\/span><\/p>\n<ul>\n<li><a href=\"http:\/\/www.kdfjm.si\/?page_id=312\"><strong>Knjigove\u0161tvo<\/strong><\/a> (13. december 2008)<\/li>\n<li><a href=\"http:\/\/www.kdfjm.si\/?page_id=302\"><strong>Rezbarjenje<\/strong><\/a> jaslic iz lesa (11. in 12. december 2008)<\/li>\n<li><a href=\"http:\/\/www.kdfjm.si\/?page_id=389\"><strong>Fotografska skupina<\/strong><\/a> (10. december 2008)<\/li>\n<li><a href=\"http:\/\/www.kdfjm.si\/?page_id=348\"><strong>Izdelovanje jaslic iz gline<\/strong><\/a> (9. december 2008)<\/li>\n<li><a href=\"http:\/\/www.kdfjm.si\/?page_id=335\"><strong>Izdelovanje strahov iz bu\u010d<\/strong><\/a> (14. oktober 2008)<\/li>\n<li><a href=\"http:\/\/www.kdfjm.si\/?page_id=358\"><strong>Izdelovanje mozaikov II.<\/strong><\/a> (12. maj 2008)<\/li>\n<li><a href=\"http:\/\/www.kdfjm.si\/?page_id=343\"><strong>Izdelovanje mozaikov<\/strong><\/a> (9. maj 2008)<\/li>\n<li><a href=\"http:\/\/www.kdfjm.si\/?page_id=332\"><strong>Izdelovanje \u017eegnov oz. butaric<\/strong><\/a> (14. marec 2008)<\/li>\n<li><a href=\"http:\/\/www.kdfjm.si\/?page_id=326\"><strong>Izdelovanje ladjic<\/strong><\/a> &#8211; Gregorjevo (7. marec 2008)<\/li>\n<li><strong><a href=\"http:\/\/www.kdfjm.si\/?page_id=316\">Kra\u0161enje sve\u010d<\/a> <\/strong>s slovenskimi narodnimi motivi (31. januar 2008)<\/li>\n<\/ul>\n<p><span style=\"color: #888888;\"><strong>2007<\/strong><\/span><\/p>\n<ul>\n<li><a href=\"http:\/\/www.kdfjm.si\/?page_id=404\"><strong>Izdelovanje jaslic iz gline<\/strong><\/a> (21. december 2007)<\/li>\n<li><a href=\"http:\/\/www.kdfjm.si\/?page_id=411\"><strong>Izdelovanje ladjic<\/strong><\/a> &#8211; Gregorjevo (3. marec 2007)<\/li>\n<\/ul>\n","protected":false},"excerpt":{"rendered":"<p>2019 Izdelovanje gnezdilnic za ptice (22. februar 2019) 2018 Kerami\u010dne delavnice v Cankarjevem letu (18. &#8211; 21. junij 2018) Izdelovanje \u017eegnov in butaric za cvetno nedeljo (23. marec 2018) Izdelovanje ladjic za Gregorjevo (10. marec 2018) 2017 Delavnica izdelovanja jaslic (9. in 16. december 2017) Izdelovanje mozaikov na oratoriju v Ple\u010dnikovem letu (avgust 2017) Izdelovanje [&hellip;]<\/p>\n","protected":false},"author":2,"featured_media":0,"parent":22,"menu_order":0,"comment_status":"closed","ping_status":"closed","template":"","meta":{"footnotes":""},"class_list":["post-299","page","type-page","status-publish","hentry"],"jetpack_sharing_enabled":true,"jetpack_shortlink":"https:\/\/wp.me\/P73nhm-4P","jetpack-related-posts":[],"_links":{"self":[{"href":"https:\/\/www.kdfjm.si\/index.php?rest_route=\/wp\/v2\/pages\/299","targetHints":{"allow":["GET"]}}],"collection":[{"href":"https:\/\/www.kdfjm.si\/index.php?rest_route=\/wp\/v2\/pages"}],"about":[{"href":"https:\/\/www.kdfjm.si\/index.php?rest_route=\/wp\/v2\/types\/page"}],"author":[{"embeddable":true,"href":"https:\/\/www.kdfjm.si\/index.php?rest_route=\/wp\/v2\/users\/2"}],"replies":[{"embeddable":true,"href":"https:\/\/www.kdfjm.si\/index.php?rest_route=%2Fwp%2Fv2%2Fcomments&post=299"}],"version-history":[{"count":92,"href":"https:\/\/www.kdfjm.si\/index.php?rest_route=\/wp\/v2\/pages\/299\/revisions"}],"predecessor-version":[{"id":4398,"href":"https:\/\/www.kdfjm.si\/index.php?rest_route=\/wp\/v2\/pages\/299\/revisions\/4398"}],"up":[{"embeddable":true,"href":"https:\/\/www.kdfjm.si\/index.php?rest_route=\/wp\/v2\/pages\/22"}],"wp:attachment":[{"href":"https:\/\/www.kdfjm.si\/index.php?rest_route=%2Fwp%2Fv2%2Fmedia&parent=299"}],"curies":[{"name":"wp","href":"https:\/\/api.w.org\/{rel}","templated":true}]}}