{"id":258,"date":"2008-12-19T14:16:24","date_gmt":"2008-12-19T12:16:24","guid":{"rendered":"http:\/\/www.kdfjm.si\/?page_id=258"},"modified":"2019-03-05T12:59:23","modified_gmt":"2019-03-05T11:59:23","slug":"ohranjanje-in-obnova-kulturnih-spomenikov","status":"publish","type":"page","link":"https:\/\/www.kdfjm.si\/?page_id=258","title":{"rendered":"Ohranjanje in obnova kulturnih spomenikov"},"content":{"rendered":"<p><a href=\"http:\/\/www.kdfjm.si\/?page_id=4450\"><strong>Osve\u017eitev za\u0161\u010dite Jelov\u0161kovega spomenika 2017<\/strong><\/a><\/p>\n<p><a href=\"http:\/\/www.kdfjm.si\/?page_id=4446\"><strong>Obnova znamenja pri Bognarjevem mostu 2017<\/strong><\/a><\/p>\n<p><span style=\"color: #333399;\"><strong><a style=\"color: #333399;\" href=\"http:\/\/www.kdfjm.si\/?page_id=3600\">Ureditev okolice Jelenove kapelice v Malem Meng\u0161u 2015<\/a><\/strong><\/span><\/p>\n<p><strong><a href=\"http:\/\/www.kdfjm.si\/?page_id=946\">Kraljeva kapelica v Loki pri Meng\u0161u 2010<\/a><\/strong><\/p>\n<p><strong><a href=\"http:\/\/www.kdfjm.si\/?page_id=674\">Me\u017enarjeva kapelica Marije Brezmade\u017ene v Pristavi 2009<\/a><\/strong><\/p>\n<p><strong><a href=\"http:\/\/www.kdfjm.si\/?page_id=1024\">Obnova lesenega kri\u017ea v Loki pri Meng\u0161u 2010<\/a><\/strong><\/p>\n<p><a href=\"http:\/\/www.kdfjm.si\/?page_id=3160\"><strong>Obnova \u010ci\u010dkove kapelice na Dobenu 2014<\/strong><\/a><\/p>\n<p><strong>Evharisti\u010dni kri\u017e &#8220;Pri angel\u010dku&#8221;<\/strong><\/p>\n<p>Kulturno dru\u0161tvo Franca Jelov\u0161ka Menge\u0161 je v sodelovanju z Muzejem Menge\u0161 in sofinanciranju \u017dupni\u0161\u010da Menge\u0161 rekonstruiralo Evharisti\u010dni kri\u017e &#8220;Pri angel\u010dku&#8221; na Gobavici. Kri\u017e je bil prvotno postavljen leta 1935 v spomin na 1900 let odre\u0161enja ob evharisti\u010dnem kongresu v Ljubljani. Leta 1937 je bil zaminiran, padel pa ni. Meng\u0161ani so kri\u017e popravili, 25. maja 1952 pa je bil po nalogu &#8220;vi\u0161jih&#8221; podrt. Kri\u017e je bil ponovno postavljen leta 1996 ob 1250. obletnici kr\u0161\u010danstva med Slovenci in v spomin na obisk pape\u017ea Janeza Pavla II. v Sloveniji. Na\u010drte za kri\u017e je po razpolo\u017eljivih podatkih izdelal \u0161tudent arhitekture Miha Skok. Kri\u017e je visok 7,5 m in je znotraj osvetljen.<\/p>\n<p><strong>Kapelice in znamenja<br \/>\n<\/strong><\/p>\n<p>Kapelice in znamenja, ki jih je obnovilo Kultudno dru\u0161tvo Franca Jelov\u0161ka Menge\u0161 v sodelovanju z Mestnim muzejem Menge\u0161.<\/p>\n<p><strong><div class=\"slideshow\"><div id=\"ngg_slideshow722581\" class=\"ngg-slideshow owl-carousel\" style=\"max-width: px; max-height: px;\"><img data-recalc-dims=\"1\" decoding=\"async\" src=\"https:\/\/i0.wp.com\/www.kdfjm.si\/wp-content\/gallery\/kapelice-in-znamenja\/kapeliceZnamenja-7408.jpg?ssl=1\" alt=\"kapeliceZnamenja-7408.jpg\" style=\"max-width: px; max-height: px; width: auto; height:auto; margin:auto\"><img data-recalc-dims=\"1\" decoding=\"async\" src=\"https:\/\/i0.wp.com\/www.kdfjm.si\/wp-content\/gallery\/kapelice-in-znamenja\/kapeliceZnamenja-7417.jpg?ssl=1\" alt=\"kapeliceZnamenja-7417.jpg\" style=\"max-width: px; max-height: px; width: auto; height:auto; margin:auto\"><img data-recalc-dims=\"1\" decoding=\"async\" src=\"https:\/\/i0.wp.com\/www.kdfjm.si\/wp-content\/gallery\/kapelice-in-znamenja\/kapeliceZnamenja-7424.jpg?ssl=1\" alt=\"kapeliceZnamenja-7424.jpg\" style=\"max-width: px; max-height: px; width: auto; height:auto; margin:auto\"><img data-recalc-dims=\"1\" decoding=\"async\" src=\"https:\/\/i0.wp.com\/www.kdfjm.si\/wp-content\/gallery\/kapelice-in-znamenja\/kapeliceZnamenja-7426.jpg?ssl=1\" alt=\"kapeliceZnamenja-7426.jpg\" style=\"max-width: px; max-height: px; width: auto; height:auto; margin:auto\"><img data-recalc-dims=\"1\" decoding=\"async\" src=\"https:\/\/i0.wp.com\/www.kdfjm.si\/wp-content\/gallery\/kapelice-in-znamenja\/kapeliceZnamenja-7432.jpg?ssl=1\" alt=\"kapeliceZnamenja-7432.jpg\" style=\"max-width: px; max-height: px; width: auto; height:auto; margin:auto\"><img data-recalc-dims=\"1\" decoding=\"async\" src=\"https:\/\/i0.wp.com\/www.kdfjm.si\/wp-content\/gallery\/kapelice-in-znamenja\/kapeliceZnamenja-7437.jpg?ssl=1\" alt=\"kapeliceZnamenja-7437.jpg\" style=\"max-width: px; max-height: px; width: auto; height:auto; margin:auto\"><img data-recalc-dims=\"1\" decoding=\"async\" src=\"https:\/\/i0.wp.com\/www.kdfjm.si\/wp-content\/gallery\/kapelice-in-znamenja\/kapeliceZnamenja-7461.jpg?ssl=1\" alt=\"kapeliceZnamenja-7461.jpg\" style=\"max-width: px; max-height: px; width: auto; height:auto; margin:auto\"><img data-recalc-dims=\"1\" decoding=\"async\" src=\"https:\/\/i0.wp.com\/www.kdfjm.si\/wp-content\/gallery\/kapelice-in-znamenja\/kapeliceZnamenja-7491.jpg?ssl=1\" alt=\"kapeliceZnamenja-7491.jpg\" style=\"max-width: px; max-height: px; width: auto; height:auto; margin:auto\"><img data-recalc-dims=\"1\" decoding=\"async\" src=\"https:\/\/i0.wp.com\/www.kdfjm.si\/wp-content\/gallery\/kapelice-in-znamenja\/kapeliceZnamenja-7495.jpg?ssl=1\" alt=\"kapeliceZnamenja-7495.jpg\" style=\"max-width: px; max-height: px; width: auto; height:auto; margin:auto\"><img data-recalc-dims=\"1\" decoding=\"async\" src=\"https:\/\/i0.wp.com\/www.kdfjm.si\/wp-content\/gallery\/kapelice-in-znamenja\/kapeliceZnamenja-7501.jpg?ssl=1\" alt=\"kapeliceZnamenja-7501.jpg\" style=\"max-width: px; max-height: px; width: auto; height:auto; margin:auto\"><img data-recalc-dims=\"1\" decoding=\"async\" src=\"https:\/\/i0.wp.com\/www.kdfjm.si\/wp-content\/gallery\/kapelice-in-znamenja\/kapeliceZnamenja-7503.jpg?ssl=1\" alt=\"kapeliceZnamenja-7503.jpg\" style=\"max-width: px; max-height: px; width: auto; height:auto; margin:auto\"><img data-recalc-dims=\"1\" decoding=\"async\" src=\"https:\/\/i0.wp.com\/www.kdfjm.si\/wp-content\/gallery\/kapelice-in-znamenja\/kapeliceZnamenja-7507.jpg?ssl=1\" alt=\"kapeliceZnamenja-7507.jpg\" style=\"max-width: px; max-height: px; width: auto; height:auto; margin:auto\"><img data-recalc-dims=\"1\" decoding=\"async\" src=\"https:\/\/i0.wp.com\/www.kdfjm.si\/wp-content\/gallery\/kapelice-in-znamenja\/kapeliceZnamenja-7513.jpg?ssl=1\" alt=\"kapeliceZnamenja-7513.jpg\" style=\"max-width: px; max-height: px; width: auto; height:auto; margin:auto\"><img data-recalc-dims=\"1\" decoding=\"async\" src=\"https:\/\/i0.wp.com\/www.kdfjm.si\/wp-content\/gallery\/kapelice-in-znamenja\/kapeliceZnamenja-7523.jpg?ssl=1\" alt=\"kapeliceZnamenja-7523.jpg\" style=\"max-width: px; max-height: px; width: auto; height:auto; margin:auto\"><img data-recalc-dims=\"1\" decoding=\"async\" src=\"https:\/\/i0.wp.com\/www.kdfjm.si\/wp-content\/gallery\/kapelice-in-znamenja\/kapeliceZnamenja-7526.jpg?ssl=1\" alt=\"kapeliceZnamenja-7526.jpg\" style=\"max-width: px; max-height: px; width: auto; height:auto; margin:auto\"><img data-recalc-dims=\"1\" decoding=\"async\" src=\"https:\/\/i0.wp.com\/www.kdfjm.si\/wp-content\/gallery\/kapelice-in-znamenja\/kapeliceZnamenja-7530.jpg?ssl=1\" alt=\"kapeliceZnamenja-7530.jpg\" style=\"max-width: px; max-height: px; width: auto; height:auto; margin:auto\"><img data-recalc-dims=\"1\" decoding=\"async\" src=\"https:\/\/i0.wp.com\/www.kdfjm.si\/wp-content\/gallery\/kapelice-in-znamenja\/kapeliceZnamenja-7534.jpg?ssl=1\" alt=\"kapeliceZnamenja-7534.jpg\" style=\"max-width: px; max-height: px; width: auto; height:auto; margin:auto\"><img data-recalc-dims=\"1\" decoding=\"async\" src=\"https:\/\/i0.wp.com\/www.kdfjm.si\/wp-content\/gallery\/kapelice-in-znamenja\/kapeliceZnamenja-7540.jpg?ssl=1\" alt=\"kapeliceZnamenja-7540.jpg\" style=\"max-width: px; max-height: px; width: auto; height:auto; margin:auto\"><img data-recalc-dims=\"1\" decoding=\"async\" src=\"https:\/\/i0.wp.com\/www.kdfjm.si\/wp-content\/gallery\/kapelice-in-znamenja\/kapeliceZnamenja-7553.jpg?ssl=1\" alt=\"kapeliceZnamenja-7553.jpg\" style=\"max-width: px; max-height: px; width: auto; height:auto; margin:auto\"><img data-recalc-dims=\"1\" decoding=\"async\" src=\"https:\/\/i0.wp.com\/www.kdfjm.si\/wp-content\/gallery\/kapelice-in-znamenja\/20100130-PS9_8528.jpg?ssl=1\" alt=\"20100130-PS9_8528\" style=\"max-width: px; max-height: px; width: auto; height:auto; margin:auto\"><img data-recalc-dims=\"1\" decoding=\"async\" src=\"https:\/\/i0.wp.com\/www.kdfjm.si\/wp-content\/gallery\/kapelice-in-znamenja\/20100130-PS9_8547.jpg?ssl=1\" alt=\"20100130-PS9_8547\" style=\"max-width: px; max-height: px; width: auto; height:auto; margin:auto\"><img data-recalc-dims=\"1\" decoding=\"async\" src=\"https:\/\/i0.wp.com\/www.kdfjm.si\/wp-content\/gallery\/kapelice-in-znamenja\/20100130-PS9_8554.jpg?ssl=1\" alt=\"20100130-PS9_8554\" style=\"max-width: px; max-height: px; width: auto; height:auto; margin:auto\"><img data-recalc-dims=\"1\" decoding=\"async\" src=\"https:\/\/i0.wp.com\/www.kdfjm.si\/wp-content\/gallery\/kapelice-in-znamenja\/20100130-PS9_8558.jpg?ssl=1\" alt=\"20100130-PS9_8558\" style=\"max-width: px; max-height: px; width: auto; height:auto; margin:auto\"><img data-recalc-dims=\"1\" decoding=\"async\" src=\"https:\/\/i0.wp.com\/www.kdfjm.si\/wp-content\/gallery\/kapelice-in-znamenja\/20100130-PS9_8564.jpg?ssl=1\" alt=\"20100130-PS9_8564\" style=\"max-width: px; max-height: px; width: auto; height:auto; margin:auto\"><img data-recalc-dims=\"1\" decoding=\"async\" src=\"https:\/\/i0.wp.com\/www.kdfjm.si\/wp-content\/gallery\/kapelice-in-znamenja\/20100130-PS9_8569.jpg?ssl=1\" alt=\"20100130-PS9_8569\" style=\"max-width: px; max-height: px; width: auto; height:auto; margin:auto\"><img data-recalc-dims=\"1\" decoding=\"async\" src=\"https:\/\/i0.wp.com\/www.kdfjm.si\/wp-content\/gallery\/kapelice-in-znamenja\/20100130-PS9_8581.jpg?ssl=1\" alt=\"20100130-PS9_8581\" style=\"max-width: px; max-height: px; width: auto; height:auto; margin:auto\"><img data-recalc-dims=\"1\" decoding=\"async\" src=\"https:\/\/i0.wp.com\/www.kdfjm.si\/wp-content\/gallery\/kapelice-in-znamenja\/20100130-PS9_8584.jpg?ssl=1\" alt=\"20100130-PS9_8584\" style=\"max-width: px; max-height: px; width: auto; height:auto; margin:auto\"><img data-recalc-dims=\"1\" decoding=\"async\" src=\"https:\/\/i0.wp.com\/www.kdfjm.si\/wp-content\/gallery\/kapelice-in-znamenja\/JSM_5300.jpg?ssl=1\" alt=\"JSM_5300\" style=\"max-width: px; max-height: px; width: auto; height:auto; margin:auto\"><img data-recalc-dims=\"1\" decoding=\"async\" src=\"https:\/\/i0.wp.com\/www.kdfjm.si\/wp-content\/gallery\/kapelice-in-znamenja\/JSM_5395.jpg?ssl=1\" alt=\"JSM_5395\" style=\"max-width: px; max-height: px; width: auto; height:auto; margin:auto\"><img data-recalc-dims=\"1\" decoding=\"async\" src=\"https:\/\/i0.wp.com\/www.kdfjm.si\/wp-content\/gallery\/kapelice-in-znamenja\/JSM_5403.jpg?ssl=1\" alt=\"JSM_5403\" style=\"max-width: px; max-height: px; width: auto; height:auto; margin:auto\"><img data-recalc-dims=\"1\" decoding=\"async\" src=\"https:\/\/i0.wp.com\/www.kdfjm.si\/wp-content\/gallery\/kapelice-in-znamenja\/JSM_5405.jpg?ssl=1\" alt=\"JSM_5405\" style=\"max-width: px; max-height: px; width: auto; height:auto; margin:auto\"><\/div><\/div>\n\n<script type=\"text\/javascript\">jQuery(document).ready(function($) {\r\n\t\t\tvar owl = $('#ngg_slideshow722581');\r\n\t\t\towl.owlCarousel({\r\n\t\t\t\titems: 1,\r\n\t\t\t\tautoHeight: false,\r\n\t            dots: true,\r\n\t            autoplay: true,\r\n\t\t\t\tautoplayTimeout: 3000,\r\n\t\t\t\tautoplayHoverPause: true,\r\n\t\t\t\tanimateIn: 'fadeIn',\r\n\t\t\t\tanimateOut: 'fadeOut',\r\n\t\t\t\tloop: true,\r\n\t\t\t\tmouseDrag: true,\r\n\t\t\t\ttouchDrag: true\r\n\t\t\t});\nowl.click( function () {\r\n                    owl.trigger( 'next.owl.carousel' );\r\n                } );});\n<\/script><\/strong><\/p>\n<p><strong>Mha\u010devo znamenje v Loki pri Meng\u0161u<\/strong><\/p>\n<p>Skupaj z Mestnim muzejem Menge\u0161 smo naredili na\u010drte za ureditev okolice Mha\u010devega znamenja v Loki pri Meng\u0161u.<\/p><div class=\"slideshow\"><div id=\"ngg_slideshow1442583\" class=\"ngg-slideshow owl-carousel\" style=\"max-width: px; max-height: px;\"><img data-recalc-dims=\"1\" decoding=\"async\" src=\"https:\/\/i0.wp.com\/www.kdfjm.si\/wp-content\/gallery\/2010-mhacevo-znemenje\/20100623-5R9_0014.jpg?ssl=1\" alt=\"20100623-5R9_0014\" style=\"max-width: px; max-height: px; width: auto; height:auto; margin:auto\"><img data-recalc-dims=\"1\" decoding=\"async\" src=\"https:\/\/i0.wp.com\/www.kdfjm.si\/wp-content\/gallery\/2010-mhacevo-znemenje\/20100623-5R9_0016.jpg?ssl=1\" alt=\"20100623-5R9_0016\" style=\"max-width: px; max-height: px; width: auto; height:auto; margin:auto\"><\/div><\/div>\n\n<script type=\"text\/javascript\">jQuery(document).ready(function($) {\r\n\t\t\tvar owl = $('#ngg_slideshow1442583');\r\n\t\t\towl.owlCarousel({\r\n\t\t\t\titems: 1,\r\n\t\t\t\tautoHeight: false,\r\n\t            dots: true,\r\n\t            autoplay: true,\r\n\t\t\t\tautoplayTimeout: 3000,\r\n\t\t\t\tautoplayHoverPause: true,\r\n\t\t\t\tanimateIn: 'fadeIn',\r\n\t\t\t\tanimateOut: 'fadeOut',\r\n\t\t\t\tloop: true,\r\n\t\t\t\tmouseDrag: true,\r\n\t\t\t\ttouchDrag: true\r\n\t\t\t});\nowl.click( function () {\r\n                    owl.trigger( 'next.owl.carousel' );\r\n                } );});\n<\/script>","protected":false},"excerpt":{"rendered":"<p>Osve\u017eitev za\u0161\u010dite Jelov\u0161kovega spomenika 2017 Obnova znamenja pri Bognarjevem mostu 2017 Ureditev okolice Jelenove kapelice v Malem Meng\u0161u 2015 Kraljeva kapelica v Loki pri Meng\u0161u 2010 Me\u017enarjeva kapelica Marije Brezmade\u017ene v Pristavi 2009 Obnova lesenega kri\u017ea v Loki pri Meng\u0161u 2010 Obnova \u010ci\u010dkove kapelice na Dobenu 2014 Evharisti\u010dni kri\u017e &#8220;Pri angel\u010dku&#8221; Kulturno dru\u0161tvo Franca Jelov\u0161ka [&hellip;]<\/p>\n","protected":false},"author":2,"featured_media":0,"parent":249,"menu_order":0,"comment_status":"closed","ping_status":"closed","template":"","meta":{"footnotes":""},"class_list":["post-258","page","type-page","status-publish","hentry"],"jetpack_sharing_enabled":true,"jetpack_shortlink":"https:\/\/wp.me\/P73nhm-4a","jetpack-related-posts":[],"_links":{"self":[{"href":"https:\/\/www.kdfjm.si\/index.php?rest_route=\/wp\/v2\/pages\/258","targetHints":{"allow":["GET"]}}],"collection":[{"href":"https:\/\/www.kdfjm.si\/index.php?rest_route=\/wp\/v2\/pages"}],"about":[{"href":"https:\/\/www.kdfjm.si\/index.php?rest_route=\/wp\/v2\/types\/page"}],"author":[{"embeddable":true,"href":"https:\/\/www.kdfjm.si\/index.php?rest_route=\/wp\/v2\/users\/2"}],"replies":[{"embeddable":true,"href":"https:\/\/www.kdfjm.si\/index.php?rest_route=%2Fwp%2Fv2%2Fcomments&post=258"}],"version-history":[{"count":20,"href":"https:\/\/www.kdfjm.si\/index.php?rest_route=\/wp\/v2\/pages\/258\/revisions"}],"predecessor-version":[{"id":4457,"href":"https:\/\/www.kdfjm.si\/index.php?rest_route=\/wp\/v2\/pages\/258\/revisions\/4457"}],"up":[{"embeddable":true,"href":"https:\/\/www.kdfjm.si\/index.php?rest_route=\/wp\/v2\/pages\/249"}],"wp:attachment":[{"href":"https:\/\/www.kdfjm.si\/index.php?rest_route=%2Fwp%2Fv2%2Fmedia&parent=258"}],"curies":[{"name":"wp","href":"https:\/\/api.w.org\/{rel}","templated":true}]}}