{"id":2175,"date":"2013-04-10T11:28:41","date_gmt":"2013-04-10T10:28:41","guid":{"rendered":"http:\/\/www.kdfjm.si\/?page_id=2175"},"modified":"2015-10-11T21:29:24","modified_gmt":"2015-10-11T20:29:24","slug":"marta-jakopic-kunaver","status":"publish","type":"page","link":"https:\/\/www.kdfjm.si\/?page_id=2175","title":{"rendered":"Marta Jakopi\u010d Kunaver &#8211; Kri\u017eani"},"content":{"rendered":"<p>Marta Jakopi\u010d Kunaver se v Galeriji me\u017enariji predstavlja z motivi postnega in velikono\u010dnega \u010dasa ter evharisti\u010dne skrivnosti. Podobe Kri\u017eanega v potezah, ostrih kakor \u017eeblji in trnje v kroni, se osredoto\u010dijo na Jezusove doma\u010de, na Marijo in Janeza Evangelista. Skozi odnos svetih oseb se sami neposredno v\u017eivimo v tesnobo velikega petka. Ekspresivnost kolorita in jasnih sledi \u010dopi\u010da v podobah Marte Jakopi\u010d Kunaver nas s skoraj filmsko u\u010dinkovitostjo prestavlja enkrat v vlogo \u017ealostne Bo\u017eje matere, drugi\u010d v vlogo bratskega prijatelja Janeza Evangelista in ne nazadnje v vlogo Trpe\u010dega. Ve\u010dne resnice \u010dlove\u0161kih usod se vse stekajo v velikono\u010dno skrivnost, krog \u017eivljenja, trpljenja in veselega odre\u0161enja je neskon\u010den, kakor je neskon\u010dna Bo\u017eja dobrota in se neskon\u010dnost skriva v slikarkini upodobitvi Veronikinega prta. Marta Jakopi\u010d Kunaver v svoji zvesti barvno bogati izpovedi ostaja svetel steber vere, ki nepreklicno in z done\u010dimi cimbalami mo\u010dnih barv oznanja svetu, da je Kristus zares vstal in \u017eivi v evharisti\u010dni skrivnosti. Kristus nam, nejevernim Toma\u017eem, zmagovito poka\u017ee svoje rane in dobro srce ter z blagoslavljajo\u010do potezo ustvarja portal, slavnostni vhod v nebe\u0161ko kraljestvo skozi trpljenje in vstajenje. Spet drugod z lahkotnim poplesujo\u010dim korakom sko\u010di iz groba \u2013 premagal je vendar smrt! Zmagoslavno kot romanski Kri\u017eani ne pove\u0161a pogleda, ampak ponosno dr\u017ei glavo vzravnano, neustra\u0161no zre v Bo\u017eje veli\u010dastvo v ve\u010dnosti. Evharisti\u010dna skrivnost z obljubo, da bomo smrt premagali tudi mi, se v \u017earkastih, kakor \u0161opek ali kro\u0161nja razlivajo\u010dih se vzorcih spreminja v mon\u0161tranco. Hostija je sredi\u0161\u010de slike in hkrati sredi\u0161\u010de kristjanove priprave na ve\u010dno \u017eivljenje.<br \/>\nZa NAS je bila premagana smrt. Kak\u0161en privilegij je biti kristjan, saj je za nas utele\u0161ena \u00bbsama Ljubezen\u00ab. To nam sporo\u010da umetnost Marte Jakopi\u010d Kunaver.<\/p><div class=\"slideshow\"><div id=\"ngg_slideshow22421751\" class=\"ngg-slideshow owl-carousel\" style=\"max-width: px; max-height: px;\"><img data-recalc-dims=\"1\" decoding=\"async\" src=\"https:\/\/i0.wp.com\/www.kdfjm.si\/wp-content\/gallery\/marta-jakopic-kunaver-krizani\/fotoPeterSkrlep-8851.jpg?ssl=1\" alt=\"fotoPeterSkrlep-8851\" style=\"max-width: px; max-height: px; width: auto; height:auto; margin:auto\"><img data-recalc-dims=\"1\" decoding=\"async\" src=\"https:\/\/i0.wp.com\/www.kdfjm.si\/wp-content\/gallery\/marta-jakopic-kunaver-krizani\/fotoPeterSkrlep-8853.jpg?ssl=1\" alt=\"fotoPeterSkrlep-8853\" style=\"max-width: px; max-height: px; width: auto; height:auto; margin:auto\"><img data-recalc-dims=\"1\" decoding=\"async\" src=\"https:\/\/i0.wp.com\/www.kdfjm.si\/wp-content\/gallery\/marta-jakopic-kunaver-krizani\/fotoPeterSkrlep-8856.jpg?ssl=1\" alt=\"fotoPeterSkrlep-8856\" style=\"max-width: px; max-height: px; width: auto; height:auto; margin:auto\"><img data-recalc-dims=\"1\" decoding=\"async\" src=\"https:\/\/i0.wp.com\/www.kdfjm.si\/wp-content\/gallery\/marta-jakopic-kunaver-krizani\/fotoPeterSkrlep-8857.jpg?ssl=1\" alt=\"fotoPeterSkrlep-8857\" style=\"max-width: px; max-height: px; width: auto; height:auto; margin:auto\"><img data-recalc-dims=\"1\" decoding=\"async\" src=\"https:\/\/i0.wp.com\/www.kdfjm.si\/wp-content\/gallery\/marta-jakopic-kunaver-krizani\/fotoPeterSkrlep-8860.jpg?ssl=1\" alt=\"fotoPeterSkrlep-8860\" style=\"max-width: px; max-height: px; width: auto; height:auto; margin:auto\"><\/div><\/div>\n\n<script type=\"text\/javascript\">jQuery(document).ready(function($) {\r\n\t\t\tvar owl = $('#ngg_slideshow22421751');\r\n\t\t\towl.owlCarousel({\r\n\t\t\t\titems: 1,\r\n\t\t\t\tautoHeight: false,\r\n\t            dots: true,\r\n\t            autoplay: true,\r\n\t\t\t\tautoplayTimeout: 3000,\r\n\t\t\t\tautoplayHoverPause: true,\r\n\t\t\t\tanimateIn: 'fadeIn',\r\n\t\t\t\tanimateOut: 'fadeOut',\r\n\t\t\t\tloop: true,\r\n\t\t\t\tmouseDrag: true,\r\n\t\t\t\ttouchDrag: true\r\n\t\t\t});\nowl.click( function () {\r\n                    owl.trigger( 'next.owl.carousel' );\r\n                } );});\n<\/script>","protected":false},"excerpt":{"rendered":"<p>Marta Jakopi\u010d Kunaver se v Galeriji me\u017enariji predstavlja z motivi postnega in velikono\u010dnega \u010dasa ter evharisti\u010dne skrivnosti. Podobe Kri\u017eanega v potezah, ostrih kakor \u017eeblji in trnje v kroni, se osredoto\u010dijo na Jezusove doma\u010de, na Marijo in Janeza Evangelista. Skozi odnos svetih oseb se sami neposredno v\u017eivimo v tesnobo velikega petka. Ekspresivnost kolorita in jasnih sledi [&hellip;]<\/p>\n","protected":false},"author":4,"featured_media":0,"parent":67,"menu_order":0,"comment_status":"closed","ping_status":"open","template":"","meta":{"footnotes":""},"class_list":["post-2175","page","type-page","status-publish","hentry"],"jetpack_sharing_enabled":true,"jetpack_shortlink":"https:\/\/wp.me\/P73nhm-z5","jetpack-related-posts":[],"_links":{"self":[{"href":"https:\/\/www.kdfjm.si\/index.php?rest_route=\/wp\/v2\/pages\/2175","targetHints":{"allow":["GET"]}}],"collection":[{"href":"https:\/\/www.kdfjm.si\/index.php?rest_route=\/wp\/v2\/pages"}],"about":[{"href":"https:\/\/www.kdfjm.si\/index.php?rest_route=\/wp\/v2\/types\/page"}],"author":[{"embeddable":true,"href":"https:\/\/www.kdfjm.si\/index.php?rest_route=\/wp\/v2\/users\/4"}],"replies":[{"embeddable":true,"href":"https:\/\/www.kdfjm.si\/index.php?rest_route=%2Fwp%2Fv2%2Fcomments&post=2175"}],"version-history":[{"count":4,"href":"https:\/\/www.kdfjm.si\/index.php?rest_route=\/wp\/v2\/pages\/2175\/revisions"}],"predecessor-version":[{"id":3518,"href":"https:\/\/www.kdfjm.si\/index.php?rest_route=\/wp\/v2\/pages\/2175\/revisions\/3518"}],"up":[{"embeddable":true,"href":"https:\/\/www.kdfjm.si\/index.php?rest_route=\/wp\/v2\/pages\/67"}],"wp:attachment":[{"href":"https:\/\/www.kdfjm.si\/index.php?rest_route=%2Fwp%2Fv2%2Fmedia&parent=2175"}],"curies":[{"name":"wp","href":"https:\/\/api.w.org\/{rel}","templated":true}]}}