{"id":2153,"date":"2013-04-10T10:31:48","date_gmt":"2013-04-10T09:31:48","guid":{"rendered":"http:\/\/www.kdfjm.si\/?page_id=2153"},"modified":"2015-10-11T21:29:47","modified_gmt":"2015-10-11T20:29:47","slug":"likovna-delavnica-gregorjevo-2013","status":"publish","type":"page","link":"https:\/\/www.kdfjm.si\/?page_id=2153","title":{"rendered":"Likovna delavnica gregorjevo 2013"},"content":{"rendered":"<p>Vabimo vas na spu\u0161\u010danje lu\u010dk po P\u0161ati. Dobimo se v ponedeljek, 11.  marca 2013, ob 18.00 pri Bognarjevem mostu v Pristavi v Meng\u0161u.<br \/>\nLadjice bomo izdelovali na likovni delavnici v petek, 8. marca 2013, ob  17.00 uri v dru\u0161tvenih prostorih na Slovenski cesti 30 v Meng\u0161u.  Material lahko prinesete tudi s seboj.<br \/>\nOtroci, ki bodo naredili najlep\u0161e ladjice iz okolju prijaznih materialov, bodo nagrajeni.<\/p>\n<p><a href=\"https:\/\/i0.wp.com\/www.kdfjm.si\/wp-content\/uploads\/2013\/03\/gregor.png\"><img data-recalc-dims=\"1\" loading=\"lazy\" decoding=\"async\" title=\"gregor\" src=\"https:\/\/i0.wp.com\/www.kdfjm.si\/wp-content\/uploads\/2013\/03\/gregor.png?resize=528%2C374\" alt=\"\" width=\"528\" height=\"374\" \/><\/a><\/p>\n<p>&nbsp;<\/p>\n<p>&nbsp;<\/p>\n<p>&nbsp;<\/p>\n","protected":false},"excerpt":{"rendered":"<p>Vabimo vas na spu\u0161\u010danje lu\u010dk po P\u0161ati. Dobimo se v ponedeljek, 11. marca 2013, ob 18.00 pri Bognarjevem mostu v Pristavi v Meng\u0161u. Ladjice bomo izdelovali na likovni delavnici v petek, 8. marca 2013, ob 17.00 uri v dru\u0161tvenih prostorih na Slovenski cesti 30 v Meng\u0161u. Material lahko prinesete tudi s seboj. Otroci, ki bodo [&hellip;]<\/p>\n","protected":false},"author":4,"featured_media":0,"parent":299,"menu_order":0,"comment_status":"closed","ping_status":"open","template":"","meta":{"footnotes":""},"class_list":["post-2153","page","type-page","status-publish","hentry"],"jetpack_sharing_enabled":true,"jetpack_shortlink":"https:\/\/wp.me\/P73nhm-yJ","jetpack-related-posts":[],"_links":{"self":[{"href":"https:\/\/www.kdfjm.si\/index.php?rest_route=\/wp\/v2\/pages\/2153","targetHints":{"allow":["GET"]}}],"collection":[{"href":"https:\/\/www.kdfjm.si\/index.php?rest_route=\/wp\/v2\/pages"}],"about":[{"href":"https:\/\/www.kdfjm.si\/index.php?rest_route=\/wp\/v2\/types\/page"}],"author":[{"embeddable":true,"href":"https:\/\/www.kdfjm.si\/index.php?rest_route=\/wp\/v2\/users\/4"}],"replies":[{"embeddable":true,"href":"https:\/\/www.kdfjm.si\/index.php?rest_route=%2Fwp%2Fv2%2Fcomments&post=2153"}],"version-history":[{"count":3,"href":"https:\/\/www.kdfjm.si\/index.php?rest_route=\/wp\/v2\/pages\/2153\/revisions"}],"predecessor-version":[{"id":3563,"href":"https:\/\/www.kdfjm.si\/index.php?rest_route=\/wp\/v2\/pages\/2153\/revisions\/3563"}],"up":[{"embeddable":true,"href":"https:\/\/www.kdfjm.si\/index.php?rest_route=\/wp\/v2\/pages\/299"}],"wp:attachment":[{"href":"https:\/\/www.kdfjm.si\/index.php?rest_route=%2Fwp%2Fv2%2Fmedia&parent=2153"}],"curies":[{"name":"wp","href":"https:\/\/api.w.org\/{rel}","templated":true}]}}