{"id":206,"date":"2008-12-09T23:35:33","date_gmt":"2008-12-09T21:35:33","guid":{"rendered":"http:\/\/www.kdfjm.si\/?page_id=206"},"modified":"2015-10-11T21:29:23","modified_gmt":"2015-10-11T20:29:23","slug":"zhao-qiu","status":"publish","type":"page","link":"https:\/\/www.kdfjm.si\/?page_id=206","title":{"rendered":"Zhao Qiu"},"content":{"rendered":"<p><strong>Odprtje slikarske razstave<\/strong> profesorja Zhao Qiu je bilo v ponedeljek 14. aprila 2008 ob 19. uri v Galeriji klet na Slovenski cesti 30 v Meng\u0161u.<\/p>\r\n<div class=\"ngg-albumoverview\">\t\r\n\t<!-- List of galleries -->\r\n\t\r\n\t<div class=\"ngg-album\">\r\n\t\t<div class=\"ngg-albumtitle\"><a href=\"https:\/\/www.kdfjm.si\/?page_id=206&amp;album=2&amp;gallery=23\">Zhao Qiu - fotografije z odprtja razstave<\/a><\/div>\r\n\t\t\t<div class=\"ngg-albumcontent\">\r\n\t\t\t\t<div class=\"ngg-thumbnail\">\r\n\t\t\t\t\t<a href=\"https:\/\/www.kdfjm.si\/?page_id=206&amp;album=2&amp;gallery=23\"><img data-recalc-dims=\"1\" decoding=\"async\" class=\"Thumb\" alt=\"Zhao Qiu - fotografije z odprtja razstave\" src=\"https:\/\/i0.wp.com\/www.kdfjm.si\/wp-content\/gallery\/2008zhaoqiuodprtjerazstave\/thumbs\/thumbs_razZhaoQIO140408-99-52.jpg?ssl=1\"\/><\/a>\r\n\t\t\t\t<\/div>\r\n\t\t\t\t<div class=\"ngg-description\">\r\n\t\t\t\t<p><\/p>\r\n\t\t\t\t\t\t\t\t<p><strong>35<\/strong> Photos<\/p>\r\n\t\t\t\t\t\t\t<\/div>\r\n\t\t<\/div>\r\n\t<\/div>\r\n\r\n \t \t\r\n\t<!-- Pagination -->\r\n \t<div class=\"ngg-clear\"><\/div> \t\r\n<\/div>\r\n\r\n<p><strong>Razstava je bila postavljena<\/strong> v okviru Projekta Hallerstein in je bila na ogled do 24. aprila 2008,<br \/>\nvsak dan med 17. in 19. uro, ob nedeljah in praznikih pa je bila zaprta.<\/p>\n<p><strong>Organizatorja razstave: <\/strong>Mestni muzej Menge\u0161 in Kulturno dru\u0161tvo Franca Jelov\u0161ka Menge\u0161<\/p>\n<p><strong>Razstavo je omogo\u010dila: <\/strong>Ob\u010dina Menge\u0161<\/p>\n","protected":false},"excerpt":{"rendered":"<p>Odprtje slikarske razstave profesorja Zhao Qiu je bilo v ponedeljek 14. aprila 2008 ob 19. uri v Galeriji klet na Slovenski cesti 30 v Meng\u0161u. Razstava je bila postavljena v okviru Projekta Hallerstein in je bila na ogled do 24. aprila 2008, vsak dan med 17. in 19. uro, ob nedeljah in praznikih pa je [&hellip;]<\/p>\n","protected":false},"author":2,"featured_media":0,"parent":82,"menu_order":0,"comment_status":"closed","ping_status":"closed","template":"","meta":{"footnotes":""},"class_list":["post-206","page","type-page","status-publish","hentry"],"jetpack_sharing_enabled":true,"jetpack_shortlink":"https:\/\/wp.me\/P73nhm-3k","jetpack-related-posts":[],"_links":{"self":[{"href":"https:\/\/www.kdfjm.si\/index.php?rest_route=\/wp\/v2\/pages\/206","targetHints":{"allow":["GET"]}}],"collection":[{"href":"https:\/\/www.kdfjm.si\/index.php?rest_route=\/wp\/v2\/pages"}],"about":[{"href":"https:\/\/www.kdfjm.si\/index.php?rest_route=\/wp\/v2\/types\/page"}],"author":[{"embeddable":true,"href":"https:\/\/www.kdfjm.si\/index.php?rest_route=\/wp\/v2\/users\/2"}],"replies":[{"embeddable":true,"href":"https:\/\/www.kdfjm.si\/index.php?rest_route=%2Fwp%2Fv2%2Fcomments&post=206"}],"version-history":[{"count":8,"href":"https:\/\/www.kdfjm.si\/index.php?rest_route=\/wp\/v2\/pages\/206\/revisions"}],"predecessor-version":[{"id":3505,"href":"https:\/\/www.kdfjm.si\/index.php?rest_route=\/wp\/v2\/pages\/206\/revisions\/3505"}],"up":[{"embeddable":true,"href":"https:\/\/www.kdfjm.si\/index.php?rest_route=\/wp\/v2\/pages\/82"}],"wp:attachment":[{"href":"https:\/\/www.kdfjm.si\/index.php?rest_route=%2Fwp%2Fv2%2Fmedia&parent=206"}],"curies":[{"name":"wp","href":"https:\/\/api.w.org\/{rel}","templated":true}]}}