{"id":1752,"date":"2012-06-04T10:08:30","date_gmt":"2012-06-04T09:08:30","guid":{"rendered":"http:\/\/www.kdfjm.si\/?page_id=1752"},"modified":"2015-10-11T21:29:47","modified_gmt":"2015-10-11T20:29:47","slug":"7-festival-otroske-poezije-2012","status":"publish","type":"page","link":"https:\/\/www.kdfjm.si\/?page_id=1752","title":{"rendered":"7. Festival otro\u0161ke poezije 2012"},"content":{"rendered":"<p>V petek, 1. junija 2012 smo se zbrali pri razvalinah grajske kapele sv. Lovrenca na Gobavici, kjer so otroci iz okoli\u0161kih osnovnih \u0161ol pogumno pripovedovali do\u017eivetja, ob\u010dutja in sanje svojih mladih \u017eivljenj v pesmih.<\/p>\n<p>Vsi sodelujo\u010di na festivalu so dobili spominske majice in priznanja.   Mentorji so dobili potrdila o mentorstvu in sodelovanju. Izbrane pesmi   in prozna dela bodo objavljena v posebni publikaciji.<\/p><div class=\"slideshow\"><div id=\"ngg_slideshow19817521\" class=\"ngg-slideshow owl-carousel\" style=\"max-width: px; max-height: px;\"><img data-recalc-dims=\"1\" decoding=\"async\" src=\"https:\/\/i0.wp.com\/www.kdfjm.si\/wp-content\/gallery\/7-festival-otroske-poezije\/20120601-P11_0002.jpg?ssl=1\" alt=\"20120601-P11_0002\" style=\"max-width: px; max-height: px; width: auto; height:auto; margin:auto\"><img data-recalc-dims=\"1\" decoding=\"async\" src=\"https:\/\/i0.wp.com\/www.kdfjm.si\/wp-content\/gallery\/7-festival-otroske-poezije\/20120601-P11_0005.jpg?ssl=1\" alt=\"20120601-P11_0005\" style=\"max-width: px; max-height: px; width: auto; height:auto; margin:auto\"><img data-recalc-dims=\"1\" decoding=\"async\" src=\"https:\/\/i0.wp.com\/www.kdfjm.si\/wp-content\/gallery\/7-festival-otroske-poezije\/20120601-P11_0006.jpg?ssl=1\" alt=\"20120601-P11_0006\" style=\"max-width: px; max-height: px; width: auto; height:auto; margin:auto\"><img data-recalc-dims=\"1\" decoding=\"async\" src=\"https:\/\/i0.wp.com\/www.kdfjm.si\/wp-content\/gallery\/7-festival-otroske-poezije\/20120601-P11_0008.jpg?ssl=1\" alt=\"20120601-P11_0008\" style=\"max-width: px; max-height: px; width: auto; height:auto; margin:auto\"><img data-recalc-dims=\"1\" decoding=\"async\" src=\"https:\/\/i0.wp.com\/www.kdfjm.si\/wp-content\/gallery\/7-festival-otroske-poezije\/20120601-P11_0010.jpg?ssl=1\" alt=\"20120601-P11_0010\" style=\"max-width: px; max-height: px; width: auto; height:auto; margin:auto\"><img data-recalc-dims=\"1\" decoding=\"async\" src=\"https:\/\/i0.wp.com\/www.kdfjm.si\/wp-content\/gallery\/7-festival-otroske-poezije\/20120601-P11_0012.jpg?ssl=1\" alt=\"20120601-P11_0012\" style=\"max-width: px; max-height: px; width: auto; height:auto; margin:auto\"><img data-recalc-dims=\"1\" decoding=\"async\" src=\"https:\/\/i0.wp.com\/www.kdfjm.si\/wp-content\/gallery\/7-festival-otroske-poezije\/20120601-P11_0015.jpg?ssl=1\" alt=\"20120601-P11_0015\" style=\"max-width: px; max-height: px; width: auto; height:auto; margin:auto\"><img data-recalc-dims=\"1\" decoding=\"async\" src=\"https:\/\/i0.wp.com\/www.kdfjm.si\/wp-content\/gallery\/7-festival-otroske-poezije\/20120601-P11_0018.jpg?ssl=1\" alt=\"20120601-P11_0018\" style=\"max-width: px; max-height: px; width: auto; height:auto; margin:auto\"><img data-recalc-dims=\"1\" decoding=\"async\" src=\"https:\/\/i0.wp.com\/www.kdfjm.si\/wp-content\/gallery\/7-festival-otroske-poezije\/20120601-P11_0021.jpg?ssl=1\" alt=\"20120601-P11_0021\" style=\"max-width: px; max-height: px; width: auto; height:auto; margin:auto\"><img data-recalc-dims=\"1\" decoding=\"async\" src=\"https:\/\/i0.wp.com\/www.kdfjm.si\/wp-content\/gallery\/7-festival-otroske-poezije\/20120601-P11_0023.jpg?ssl=1\" alt=\"20120601-P11_0023\" style=\"max-width: px; max-height: px; width: auto; height:auto; margin:auto\"><img data-recalc-dims=\"1\" decoding=\"async\" src=\"https:\/\/i0.wp.com\/www.kdfjm.si\/wp-content\/gallery\/7-festival-otroske-poezije\/20120601-P11_0025.jpg?ssl=1\" alt=\"20120601-P11_0025\" style=\"max-width: px; max-height: px; width: auto; height:auto; margin:auto\"><img data-recalc-dims=\"1\" decoding=\"async\" src=\"https:\/\/i0.wp.com\/www.kdfjm.si\/wp-content\/gallery\/7-festival-otroske-poezije\/20120601-P11_0027.jpg?ssl=1\" alt=\"20120601-P11_0027\" style=\"max-width: px; max-height: px; width: auto; height:auto; margin:auto\"><img data-recalc-dims=\"1\" decoding=\"async\" src=\"https:\/\/i0.wp.com\/www.kdfjm.si\/wp-content\/gallery\/7-festival-otroske-poezije\/20120601-P11_0033.jpg?ssl=1\" alt=\"20120601-P11_0033\" style=\"max-width: px; max-height: px; width: auto; height:auto; margin:auto\"><img data-recalc-dims=\"1\" decoding=\"async\" src=\"https:\/\/i0.wp.com\/www.kdfjm.si\/wp-content\/gallery\/7-festival-otroske-poezije\/20120601-P11_0035.jpg?ssl=1\" alt=\"20120601-P11_0035\" style=\"max-width: px; max-height: px; width: auto; height:auto; margin:auto\"><img data-recalc-dims=\"1\" decoding=\"async\" src=\"https:\/\/i0.wp.com\/www.kdfjm.si\/wp-content\/gallery\/7-festival-otroske-poezije\/20120601-P11_0039.jpg?ssl=1\" alt=\"20120601-P11_0039\" style=\"max-width: px; max-height: px; width: auto; height:auto; margin:auto\"><img data-recalc-dims=\"1\" decoding=\"async\" src=\"https:\/\/i0.wp.com\/www.kdfjm.si\/wp-content\/gallery\/7-festival-otroske-poezije\/20120601-P11_0043.jpg?ssl=1\" alt=\"20120601-P11_0043\" style=\"max-width: px; max-height: px; width: auto; height:auto; margin:auto\"><img data-recalc-dims=\"1\" decoding=\"async\" src=\"https:\/\/i0.wp.com\/www.kdfjm.si\/wp-content\/gallery\/7-festival-otroske-poezije\/20120601-P11_0044.jpg?ssl=1\" alt=\"20120601-P11_0044\" style=\"max-width: px; max-height: px; width: auto; height:auto; margin:auto\"><img data-recalc-dims=\"1\" decoding=\"async\" src=\"https:\/\/i0.wp.com\/www.kdfjm.si\/wp-content\/gallery\/7-festival-otroske-poezije\/20120601-P11_0045.jpg?ssl=1\" alt=\"20120601-P11_0045\" style=\"max-width: px; max-height: px; width: auto; height:auto; margin:auto\"><img data-recalc-dims=\"1\" decoding=\"async\" src=\"https:\/\/i0.wp.com\/www.kdfjm.si\/wp-content\/gallery\/7-festival-otroske-poezije\/20120601-P11_0047.jpg?ssl=1\" alt=\"20120601-P11_0047\" style=\"max-width: px; max-height: px; width: auto; height:auto; margin:auto\"><img data-recalc-dims=\"1\" decoding=\"async\" src=\"https:\/\/i0.wp.com\/www.kdfjm.si\/wp-content\/gallery\/7-festival-otroske-poezije\/20120601-P11_0055.jpg?ssl=1\" alt=\"20120601-P11_0055\" style=\"max-width: px; max-height: px; width: auto; height:auto; margin:auto\"><img data-recalc-dims=\"1\" decoding=\"async\" src=\"https:\/\/i0.wp.com\/www.kdfjm.si\/wp-content\/gallery\/7-festival-otroske-poezije\/20120601-P11_0057.jpg?ssl=1\" alt=\"20120601-P11_0057\" style=\"max-width: px; max-height: px; width: auto; height:auto; margin:auto\"><img data-recalc-dims=\"1\" decoding=\"async\" src=\"https:\/\/i0.wp.com\/www.kdfjm.si\/wp-content\/gallery\/7-festival-otroske-poezije\/20120601-P11_0059.jpg?ssl=1\" alt=\"20120601-P11_0059\" style=\"max-width: px; max-height: px; width: auto; height:auto; margin:auto\"><img data-recalc-dims=\"1\" decoding=\"async\" src=\"https:\/\/i0.wp.com\/www.kdfjm.si\/wp-content\/gallery\/7-festival-otroske-poezije\/20120601-P11_0061.jpg?ssl=1\" alt=\"20120601-P11_0061\" style=\"max-width: px; max-height: px; width: auto; height:auto; margin:auto\"><img data-recalc-dims=\"1\" decoding=\"async\" src=\"https:\/\/i0.wp.com\/www.kdfjm.si\/wp-content\/gallery\/7-festival-otroske-poezije\/20120601-P11_0062.jpg?ssl=1\" alt=\"20120601-P11_0062\" style=\"max-width: px; max-height: px; width: auto; height:auto; margin:auto\"><img data-recalc-dims=\"1\" decoding=\"async\" src=\"https:\/\/i0.wp.com\/www.kdfjm.si\/wp-content\/gallery\/7-festival-otroske-poezije\/20120601-P11_0065.jpg?ssl=1\" alt=\"20120601-P11_0065\" style=\"max-width: px; max-height: px; width: auto; height:auto; margin:auto\"><img data-recalc-dims=\"1\" decoding=\"async\" src=\"https:\/\/i0.wp.com\/www.kdfjm.si\/wp-content\/gallery\/7-festival-otroske-poezije\/20120601-P11_0066.jpg?ssl=1\" alt=\"20120601-P11_0066\" style=\"max-width: px; max-height: px; width: auto; height:auto; margin:auto\"><img data-recalc-dims=\"1\" decoding=\"async\" src=\"https:\/\/i0.wp.com\/www.kdfjm.si\/wp-content\/gallery\/7-festival-otroske-poezije\/20120601-P11_0069.jpg?ssl=1\" alt=\"20120601-P11_0069\" style=\"max-width: px; max-height: px; width: auto; height:auto; margin:auto\"><img data-recalc-dims=\"1\" decoding=\"async\" src=\"https:\/\/i0.wp.com\/www.kdfjm.si\/wp-content\/gallery\/7-festival-otroske-poezije\/20120601-P11_0070.jpg?ssl=1\" alt=\"20120601-P11_0070\" style=\"max-width: px; max-height: px; width: auto; height:auto; margin:auto\"><img data-recalc-dims=\"1\" decoding=\"async\" src=\"https:\/\/i0.wp.com\/www.kdfjm.si\/wp-content\/gallery\/7-festival-otroske-poezije\/20120601-P11_0071.jpg?ssl=1\" alt=\"20120601-P11_0071\" style=\"max-width: px; max-height: px; width: auto; height:auto; margin:auto\"><img data-recalc-dims=\"1\" decoding=\"async\" src=\"https:\/\/i0.wp.com\/www.kdfjm.si\/wp-content\/gallery\/7-festival-otroske-poezije\/20120601-P11_0074.jpg?ssl=1\" alt=\"20120601-P11_0074\" style=\"max-width: px; max-height: px; width: auto; height:auto; margin:auto\"><img data-recalc-dims=\"1\" decoding=\"async\" src=\"https:\/\/i0.wp.com\/www.kdfjm.si\/wp-content\/gallery\/7-festival-otroske-poezije\/20120601-P11_0075.jpg?ssl=1\" alt=\"20120601-P11_0075\" style=\"max-width: px; max-height: px; width: auto; height:auto; margin:auto\"><img data-recalc-dims=\"1\" decoding=\"async\" src=\"https:\/\/i0.wp.com\/www.kdfjm.si\/wp-content\/gallery\/7-festival-otroske-poezije\/20120601-P11_0076.jpg?ssl=1\" alt=\"20120601-P11_0076\" style=\"max-width: px; max-height: px; width: auto; height:auto; margin:auto\"><img data-recalc-dims=\"1\" decoding=\"async\" src=\"https:\/\/i0.wp.com\/www.kdfjm.si\/wp-content\/gallery\/7-festival-otroske-poezije\/20120601-P11_0080.jpg?ssl=1\" alt=\"20120601-P11_0080\" style=\"max-width: px; max-height: px; width: auto; height:auto; margin:auto\"><img data-recalc-dims=\"1\" decoding=\"async\" src=\"https:\/\/i0.wp.com\/www.kdfjm.si\/wp-content\/gallery\/7-festival-otroske-poezije\/20120601-P11_0081.jpg?ssl=1\" alt=\"20120601-P11_0081\" style=\"max-width: px; max-height: px; width: auto; height:auto; margin:auto\"><img data-recalc-dims=\"1\" decoding=\"async\" src=\"https:\/\/i0.wp.com\/www.kdfjm.si\/wp-content\/gallery\/7-festival-otroske-poezije\/20120601-P11_0082.jpg?ssl=1\" alt=\"20120601-P11_0082\" style=\"max-width: px; max-height: px; width: auto; height:auto; margin:auto\"><img data-recalc-dims=\"1\" decoding=\"async\" src=\"https:\/\/i0.wp.com\/www.kdfjm.si\/wp-content\/gallery\/7-festival-otroske-poezije\/20120601-P11_0086.jpg?ssl=1\" alt=\"20120601-P11_0086\" style=\"max-width: px; max-height: px; width: auto; height:auto; margin:auto\"><img data-recalc-dims=\"1\" decoding=\"async\" src=\"https:\/\/i0.wp.com\/www.kdfjm.si\/wp-content\/gallery\/7-festival-otroske-poezije\/20120601-P11_0090.jpg?ssl=1\" alt=\"20120601-P11_0090\" style=\"max-width: px; max-height: px; width: auto; height:auto; margin:auto\"><img data-recalc-dims=\"1\" decoding=\"async\" src=\"https:\/\/i0.wp.com\/www.kdfjm.si\/wp-content\/gallery\/7-festival-otroske-poezije\/20120601-P11_0094.jpg?ssl=1\" alt=\"20120601-P11_0094\" style=\"max-width: px; max-height: px; width: auto; height:auto; margin:auto\"><img data-recalc-dims=\"1\" decoding=\"async\" src=\"https:\/\/i0.wp.com\/www.kdfjm.si\/wp-content\/gallery\/7-festival-otroske-poezije\/20120601-P11_0102.jpg?ssl=1\" alt=\"20120601-P11_0102\" style=\"max-width: px; max-height: px; width: auto; height:auto; margin:auto\"><img data-recalc-dims=\"1\" decoding=\"async\" src=\"https:\/\/i0.wp.com\/www.kdfjm.si\/wp-content\/gallery\/7-festival-otroske-poezije\/20120601-P11_0106.jpg?ssl=1\" alt=\"20120601-P11_0106\" style=\"max-width: px; max-height: px; width: auto; height:auto; margin:auto\"><img data-recalc-dims=\"1\" decoding=\"async\" src=\"https:\/\/i0.wp.com\/www.kdfjm.si\/wp-content\/gallery\/7-festival-otroske-poezije\/20120601-P11_0107.jpg?ssl=1\" alt=\"20120601-P11_0107\" style=\"max-width: px; max-height: px; width: auto; height:auto; margin:auto\"><img data-recalc-dims=\"1\" decoding=\"async\" src=\"https:\/\/i0.wp.com\/www.kdfjm.si\/wp-content\/gallery\/7-festival-otroske-poezije\/20120601-P11_9911.jpg?ssl=1\" alt=\"20120601-P11_9911\" style=\"max-width: px; max-height: px; width: auto; height:auto; margin:auto\"><img data-recalc-dims=\"1\" decoding=\"async\" src=\"https:\/\/i0.wp.com\/www.kdfjm.si\/wp-content\/gallery\/7-festival-otroske-poezije\/20120601-P11_9912.jpg?ssl=1\" alt=\"20120601-P11_9912\" style=\"max-width: px; max-height: px; width: auto; height:auto; margin:auto\"><img data-recalc-dims=\"1\" decoding=\"async\" src=\"https:\/\/i0.wp.com\/www.kdfjm.si\/wp-content\/gallery\/7-festival-otroske-poezije\/20120601-P11_9913.jpg?ssl=1\" alt=\"20120601-P11_9913\" style=\"max-width: px; max-height: px; width: auto; height:auto; margin:auto\"><img data-recalc-dims=\"1\" decoding=\"async\" src=\"https:\/\/i0.wp.com\/www.kdfjm.si\/wp-content\/gallery\/7-festival-otroske-poezije\/20120601-P11_9915.jpg?ssl=1\" alt=\"20120601-P11_9915\" style=\"max-width: px; max-height: px; width: auto; height:auto; margin:auto\"><img data-recalc-dims=\"1\" decoding=\"async\" src=\"https:\/\/i0.wp.com\/www.kdfjm.si\/wp-content\/gallery\/7-festival-otroske-poezije\/20120601-P11_9919.jpg?ssl=1\" alt=\"20120601-P11_9919\" style=\"max-width: px; max-height: px; width: auto; height:auto; margin:auto\"><img data-recalc-dims=\"1\" decoding=\"async\" src=\"https:\/\/i0.wp.com\/www.kdfjm.si\/wp-content\/gallery\/7-festival-otroske-poezije\/20120601-P11_9921.jpg?ssl=1\" alt=\"20120601-P11_9921\" style=\"max-width: px; max-height: px; width: auto; height:auto; margin:auto\"><img data-recalc-dims=\"1\" decoding=\"async\" src=\"https:\/\/i0.wp.com\/www.kdfjm.si\/wp-content\/gallery\/7-festival-otroske-poezije\/20120601-P11_9924.jpg?ssl=1\" alt=\"20120601-P11_9924\" style=\"max-width: px; max-height: px; width: auto; height:auto; margin:auto\"><img data-recalc-dims=\"1\" decoding=\"async\" src=\"https:\/\/i0.wp.com\/www.kdfjm.si\/wp-content\/gallery\/7-festival-otroske-poezije\/20120601-P11_9925.jpg?ssl=1\" alt=\"20120601-P11_9925\" style=\"max-width: px; max-height: px; width: auto; height:auto; margin:auto\"><img data-recalc-dims=\"1\" decoding=\"async\" src=\"https:\/\/i0.wp.com\/www.kdfjm.si\/wp-content\/gallery\/7-festival-otroske-poezije\/20120601-P11_9929.jpg?ssl=1\" alt=\"20120601-P11_9929\" style=\"max-width: px; max-height: px; width: auto; height:auto; margin:auto\"><img data-recalc-dims=\"1\" decoding=\"async\" src=\"https:\/\/i0.wp.com\/www.kdfjm.si\/wp-content\/gallery\/7-festival-otroske-poezije\/20120601-P11_9932.jpg?ssl=1\" alt=\"20120601-P11_9932\" style=\"max-width: px; max-height: px; width: auto; height:auto; margin:auto\"><img data-recalc-dims=\"1\" decoding=\"async\" src=\"https:\/\/i0.wp.com\/www.kdfjm.si\/wp-content\/gallery\/7-festival-otroske-poezije\/20120601-P11_9934.jpg?ssl=1\" alt=\"20120601-P11_9934\" style=\"max-width: px; max-height: px; width: auto; height:auto; margin:auto\"><img data-recalc-dims=\"1\" decoding=\"async\" src=\"https:\/\/i0.wp.com\/www.kdfjm.si\/wp-content\/gallery\/7-festival-otroske-poezije\/20120601-P11_9935.jpg?ssl=1\" alt=\"20120601-P11_9935\" style=\"max-width: px; max-height: px; width: auto; height:auto; margin:auto\"><img data-recalc-dims=\"1\" decoding=\"async\" src=\"https:\/\/i0.wp.com\/www.kdfjm.si\/wp-content\/gallery\/7-festival-otroske-poezije\/20120601-P11_9936.jpg?ssl=1\" alt=\"20120601-P11_9936\" style=\"max-width: px; max-height: px; width: auto; height:auto; margin:auto\"><img data-recalc-dims=\"1\" decoding=\"async\" src=\"https:\/\/i0.wp.com\/www.kdfjm.si\/wp-content\/gallery\/7-festival-otroske-poezije\/20120601-P11_9939.jpg?ssl=1\" alt=\"20120601-P11_9939\" style=\"max-width: px; max-height: px; width: auto; height:auto; margin:auto\"><img data-recalc-dims=\"1\" decoding=\"async\" src=\"https:\/\/i0.wp.com\/www.kdfjm.si\/wp-content\/gallery\/7-festival-otroske-poezije\/20120601-P11_9942.jpg?ssl=1\" alt=\"20120601-P11_9942\" style=\"max-width: px; max-height: px; width: auto; height:auto; margin:auto\"><img data-recalc-dims=\"1\" decoding=\"async\" src=\"https:\/\/i0.wp.com\/www.kdfjm.si\/wp-content\/gallery\/7-festival-otroske-poezije\/20120601-P11_9944.jpg?ssl=1\" alt=\"20120601-P11_9944\" style=\"max-width: px; max-height: px; width: auto; height:auto; margin:auto\"><img data-recalc-dims=\"1\" decoding=\"async\" src=\"https:\/\/i0.wp.com\/www.kdfjm.si\/wp-content\/gallery\/7-festival-otroske-poezije\/20120601-P11_9953.jpg?ssl=1\" alt=\"20120601-P11_9953\" style=\"max-width: px; max-height: px; width: auto; height:auto; margin:auto\"><img data-recalc-dims=\"1\" decoding=\"async\" src=\"https:\/\/i0.wp.com\/www.kdfjm.si\/wp-content\/gallery\/7-festival-otroske-poezije\/20120601-P11_9957.jpg?ssl=1\" alt=\"20120601-P11_9957\" style=\"max-width: px; max-height: px; width: auto; height:auto; margin:auto\"><img data-recalc-dims=\"1\" decoding=\"async\" src=\"https:\/\/i0.wp.com\/www.kdfjm.si\/wp-content\/gallery\/7-festival-otroske-poezije\/20120601-P11_9958.jpg?ssl=1\" alt=\"20120601-P11_9958\" style=\"max-width: px; max-height: px; width: auto; height:auto; margin:auto\"><img data-recalc-dims=\"1\" decoding=\"async\" src=\"https:\/\/i0.wp.com\/www.kdfjm.si\/wp-content\/gallery\/7-festival-otroske-poezije\/20120601-P11_9962.jpg?ssl=1\" alt=\"20120601-P11_9962\" style=\"max-width: px; max-height: px; width: auto; height:auto; margin:auto\"><img data-recalc-dims=\"1\" decoding=\"async\" src=\"https:\/\/i0.wp.com\/www.kdfjm.si\/wp-content\/gallery\/7-festival-otroske-poezije\/20120601-P11_9963.jpg?ssl=1\" alt=\"20120601-P11_9963\" style=\"max-width: px; max-height: px; width: auto; height:auto; margin:auto\"><img data-recalc-dims=\"1\" decoding=\"async\" src=\"https:\/\/i0.wp.com\/www.kdfjm.si\/wp-content\/gallery\/7-festival-otroske-poezije\/20120601-P11_9965.jpg?ssl=1\" alt=\"20120601-P11_9965\" style=\"max-width: px; max-height: px; width: auto; height:auto; margin:auto\"><img data-recalc-dims=\"1\" decoding=\"async\" src=\"https:\/\/i0.wp.com\/www.kdfjm.si\/wp-content\/gallery\/7-festival-otroske-poezije\/20120601-P11_9967.jpg?ssl=1\" alt=\"20120601-P11_9967\" style=\"max-width: px; max-height: px; width: auto; height:auto; margin:auto\"><img data-recalc-dims=\"1\" decoding=\"async\" src=\"https:\/\/i0.wp.com\/www.kdfjm.si\/wp-content\/gallery\/7-festival-otroske-poezije\/20120601-P11_9970.jpg?ssl=1\" alt=\"20120601-P11_9970\" style=\"max-width: px; max-height: px; width: auto; height:auto; margin:auto\"><img data-recalc-dims=\"1\" decoding=\"async\" src=\"https:\/\/i0.wp.com\/www.kdfjm.si\/wp-content\/gallery\/7-festival-otroske-poezije\/20120601-P11_9974.jpg?ssl=1\" alt=\"20120601-P11_9974\" style=\"max-width: px; max-height: px; width: auto; height:auto; margin:auto\"><img data-recalc-dims=\"1\" decoding=\"async\" src=\"https:\/\/i0.wp.com\/www.kdfjm.si\/wp-content\/gallery\/7-festival-otroske-poezije\/20120601-P11_9976.jpg?ssl=1\" alt=\"20120601-P11_9976\" style=\"max-width: px; max-height: px; width: auto; height:auto; margin:auto\"><img data-recalc-dims=\"1\" decoding=\"async\" src=\"https:\/\/i0.wp.com\/www.kdfjm.si\/wp-content\/gallery\/7-festival-otroske-poezije\/20120601-P11_9982.jpg?ssl=1\" alt=\"20120601-P11_9982\" style=\"max-width: px; max-height: px; width: auto; height:auto; margin:auto\"><img data-recalc-dims=\"1\" decoding=\"async\" src=\"https:\/\/i0.wp.com\/www.kdfjm.si\/wp-content\/gallery\/7-festival-otroske-poezije\/20120601-P11_9984.jpg?ssl=1\" alt=\"20120601-P11_9984\" style=\"max-width: px; max-height: px; width: auto; height:auto; margin:auto\"><img data-recalc-dims=\"1\" decoding=\"async\" src=\"https:\/\/i0.wp.com\/www.kdfjm.si\/wp-content\/gallery\/7-festival-otroske-poezije\/20120601-P11_9986.jpg?ssl=1\" alt=\"20120601-P11_9986\" style=\"max-width: px; max-height: px; width: auto; height:auto; margin:auto\"><img data-recalc-dims=\"1\" decoding=\"async\" src=\"https:\/\/i0.wp.com\/www.kdfjm.si\/wp-content\/gallery\/7-festival-otroske-poezije\/20120601-P11_9997.jpg?ssl=1\" alt=\"20120601-P11_9997\" style=\"max-width: px; max-height: px; width: auto; height:auto; margin:auto\"><img data-recalc-dims=\"1\" decoding=\"async\" src=\"https:\/\/i0.wp.com\/www.kdfjm.si\/wp-content\/gallery\/7-festival-otroske-poezije\/20120601-P11_9999.jpg?ssl=1\" alt=\"20120601-P11_9999\" style=\"max-width: px; max-height: px; width: auto; height:auto; margin:auto\"><\/div><\/div>\n\n<script type=\"text\/javascript\">jQuery(document).ready(function($) {\r\n\t\t\tvar owl = $('#ngg_slideshow19817521');\r\n\t\t\towl.owlCarousel({\r\n\t\t\t\titems: 1,\r\n\t\t\t\tautoHeight: false,\r\n\t            dots: true,\r\n\t            autoplay: true,\r\n\t\t\t\tautoplayTimeout: 3000,\r\n\t\t\t\tautoplayHoverPause: true,\r\n\t\t\t\tanimateIn: 'fadeIn',\r\n\t\t\t\tanimateOut: 'fadeOut',\r\n\t\t\t\tloop: true,\r\n\t\t\t\tmouseDrag: true,\r\n\t\t\t\ttouchDrag: true\r\n\t\t\t});\nowl.click( function () {\r\n                    owl.trigger( 'next.owl.carousel' );\r\n                } );});\n<\/script>","protected":false},"excerpt":{"rendered":"<p>V petek, 1. junija 2012 smo se zbrali pri razvalinah grajske kapele sv. Lovrenca na Gobavici, kjer so otroci iz okoli\u0161kih osnovnih \u0161ol pogumno pripovedovali do\u017eivetja, ob\u010dutja in sanje svojih mladih \u017eivljenj v pesmih. Vsi sodelujo\u010di na festivalu so dobili spominske majice in priznanja. Mentorji so dobili potrdila o mentorstvu in sodelovanju. Izbrane pesmi in [&hellip;]<\/p>\n","protected":false},"author":4,"featured_media":0,"parent":361,"menu_order":0,"comment_status":"closed","ping_status":"open","template":"","meta":{"footnotes":""},"class_list":["post-1752","page","type-page","status-publish","hentry"],"jetpack_sharing_enabled":true,"jetpack_shortlink":"https:\/\/wp.me\/P73nhm-sg","jetpack-related-posts":[],"_links":{"self":[{"href":"https:\/\/www.kdfjm.si\/index.php?rest_route=\/wp\/v2\/pages\/1752","targetHints":{"allow":["GET"]}}],"collection":[{"href":"https:\/\/www.kdfjm.si\/index.php?rest_route=\/wp\/v2\/pages"}],"about":[{"href":"https:\/\/www.kdfjm.si\/index.php?rest_route=\/wp\/v2\/types\/page"}],"author":[{"embeddable":true,"href":"https:\/\/www.kdfjm.si\/index.php?rest_route=\/wp\/v2\/users\/4"}],"replies":[{"embeddable":true,"href":"https:\/\/www.kdfjm.si\/index.php?rest_route=%2Fwp%2Fv2%2Fcomments&post=1752"}],"version-history":[{"count":7,"href":"https:\/\/www.kdfjm.si\/index.php?rest_route=\/wp\/v2\/pages\/1752\/revisions"}],"predecessor-version":[{"id":1778,"href":"https:\/\/www.kdfjm.si\/index.php?rest_route=\/wp\/v2\/pages\/1752\/revisions\/1778"}],"up":[{"embeddable":true,"href":"https:\/\/www.kdfjm.si\/index.php?rest_route=\/wp\/v2\/pages\/361"}],"wp:attachment":[{"href":"https:\/\/www.kdfjm.si\/index.php?rest_route=%2Fwp%2Fv2%2Fmedia&parent=1752"}],"curies":[{"name":"wp","href":"https:\/\/api.w.org\/{rel}","templated":true}]}}