{"id":174,"date":"2008-11-27T13:46:34","date_gmt":"2008-11-27T11:46:34","guid":{"rendered":"http:\/\/www.kdfjm.si\/?page_id=174"},"modified":"2015-10-11T21:29:24","modified_gmt":"2015-10-11T20:29:24","slug":"matej-kunaver-slikarska-razstava","status":"publish","type":"page","link":"https:\/\/www.kdfjm.si\/?page_id=174","title":{"rendered":"Matej Kunaver &#8211; Slikarska razstava"},"content":{"rendered":"<p><strong>Slikarski svet Mateja Kunaverja<\/strong><\/p>\n<p>Matej Kunaver, otro\u0161ki zdravnik specialist, izhaja iz \u0161ir\u0161e dru\u017eine Kunaverjev, ki je bila v preteklosti in je tudi danes zaznamovana z mnogimi likovnimi ustvarjalci. Naj na\u0161tejem nekatere: stric Pavel Kunaver, geograf, pisatelj, ustanovitelj skavtov na Slovenskem in slikar; akademski slikar in kipar France Kunaver, Matejev bratranec; stric Jo\u017ee Kunaver, fotograf z za\u010detka prej\u0161njega stoletja, eden pionirjev slovenske fotografije; sin Matejevega bratranca, akademski kipar Bojan Kunaver, ki je za Menge\u0161 ustvaril kip Franca Jelov\u0161ka. Na podro\u010dju likovne umetnosti profesionalno delujeta tudi najina h\u010di Polona Kunaver &#8211; Li\u010den in njen mo\u017e David Li\u010den, oba kot ilustratorja, slikarja, oblikovalca in likovna pedagoga. Najin sin Klemen Kunaver je arhitekt, oblikovalec in fotograf. Potem sta tu \u0161e Matejeva svaka, akademska slikarja Brako Sim\u010di\u010d in Matej Metlikovi\u010d. Ne nazadnje pa tudi jaz, \u017eena tokratnega razstavljavca, univerzitetna diplomirana arhitektka in slikarka.<\/p>\n<p>Za\u010detki Matejevega ustvarjanja segajo v zgodnja dija\u0161ka in \u0161tudentska leta, ko je prijateljeval s sedaj \u017ee pokojnim akademskim slikarjem Ivanom Fidlerjem in se z njim ustvarjalno potepal po Sloveniji. Fidler mu je bil prvi mentor v slikanju \u2013 od njega je dobil precej mojstrskega znanja in nekaj tiste zadr\u017eanosti do barv, v \u010demer se \u017ee na prvi pogled razlikuje od mojega slikarstva, zazamovanega s pestrimi, domi\u0161ljijsko-sanjskimi barvami. Povedati ho\u010dem, da uporablja barvo ne toliko spontano, ampak z velikim premislekom in ubranostjo (cum gr\u2019ano s\u2019alis).<\/p>\n<p>V Beogradu je skupaj z zdravni\u0161kimi kolegi slikarji med slu\u017eenjem voja\u0161\u010dine pripravil svojo prvo umeti\u0161ko razstavo. Od ve\u010djega \u0161tevila olj, ki jih je tam razstavil, je tukaj na ogled le \u201cLjubljana\u201d.<\/p>\n<p>Odkar je upokojen, se z mano udele\u017euje mojih slikarskih kolonij po Sloveniji in v zamejstvu. O\u010ditno se dobro po\u010duti v dru\u017ebi umetnikov. Navadno v tem \u010dasu tudi slika in svoja dela razstavi. Tako je bil \u017ee trinajst let zapovrstjo v slikarski koloniji na Krivi Vrbi na Koro\u0161kem in je dela, ki so tam nastala, predstavil na skupinskih razstavah v Celovcu. Zdaj so razstavljena v presti\u017eni hi\u0161i za starej\u0161e ob\u010dane \u201cMARTA\u201d v samem sredi\u0161\u010du Celovca. Skupaj z menoj ima v njej stalno razstavo v petem nadstropju te hi\u0161e.<\/p>\n<p>\u017de kot zdravnik je moral Matej znati dobro opazovati. To se ka\u017ee tudi v njegovih slikarskih delih. Slike ustvarja po naravi \u2013 krajine in tudi portrete. Za medij uporablja najve\u010d akvarel in pastel, izjema so olja z beograjske razstave. Ker je po naravi zelo zvedav, z barvo eksperimentira.<\/p>\n<p>Od slikarjev akvarelistov je nanj najbolj vplival Robert Hlavaty, ki ga je \u201cpovabil\u201d k ve\u010dji razgibanosti z odlo\u010dnej\u0161imi potezami \u010dopi\u010da in \u017eivahnej\u0161imi barvnimi kontrasti. S tem vzorom za\u010dne Matej svoje najodlo\u010dnej\u0161e, a tudi najbolj abstrahirane slike.<\/p>\n<p>Narava ga tako privla\u010di, da pravzaprav vse \u017eivljenje povsod nosi s seboj \u010dopi\u010de in barve. Pri njegovih akvarelih \u010duti\u0161, da pravzaprav niso ve\u010d za\u010detni\u0161ki. V njih odkriva skrivno anatomijo narave in \u010dlovek \u010duti, da se ujemajo z njeno zakonitostjo. Nekatere stvari samo skiciozno nakazuje, druge poudarja in izrisuje.<\/p>\n<p>V nekaterih zadnjih delih v akvarelu, ki so bolj abstrahirani, je \u010dutiti \u017ee precej samoniklosti. Njegove po\u010ditni\u0161ke akvarele s Paga odlikuje pestrej\u0161i barvni svet in svetlobni kontrasti, medtem ko njegove zimske krajine odsevajo izredno ubranost barve z nevtralno belino. V novej\u0161ih delih tudi prevladuje te\u017enja po poenostavljanju in skrajni sintezi upodobljenega motiva \u2013 kot le namig predmetov in vedut.<\/p>\n<p>Kot \u010dlovek, \u010digar korenine baje segajo v Lotaringijo, kjer so bili njegovi davni predniki kamnoseki in kiparji, se tudi Matej pogosto spoprime z glino ali kamnom. V\u010dasih zbira in dopolnjuje tudi ostanke lesa, ki jih pobira kot naplavine ali drugod v naravi.<\/p>\n<p>Morda bo tukaj neko\u010d nadaljeval svoje umetni\u0161ko ustvarjanje.<\/p>\n<p style=\"text-align: right;\">Marta Jakopi\u010d &#8211; Kunaver<\/p>\n<p><code>\r\n<div class=\"ngg-albumoverview\">\t\r\n\t<!-- List of galleries -->\r\n\t\r\n\t<div class=\"ngg-album\">\r\n\t\t<div class=\"ngg-albumtitle\"><a href=\"https:\/\/www.kdfjm.si\/?page_id=174&amp;album=1&amp;gallery=24\">Odprtje razstave Mateja Kunaverja<\/a><\/div>\r\n\t\t\t<div class=\"ngg-albumcontent\">\r\n\t\t\t\t<div class=\"ngg-thumbnail\">\r\n\t\t\t\t\t<a href=\"https:\/\/www.kdfjm.si\/?page_id=174&amp;album=1&amp;gallery=24\"><img data-recalc-dims=\"1\" decoding=\"async\" class=\"Thumb\" alt=\"Odprtje razstave Mateja Kunaverja\" src=\"https:\/\/i0.wp.com\/www.kdfjm.si\/wp-content\/gallery\/2008kunaverodprtje\/thumbs\/thumbs_mKunaver8.5.2008razstava%20meznarija-67.jpg?ssl=1\"\/><\/a>\r\n\t\t\t\t<\/div>\r\n\t\t\t\t<div class=\"ngg-description\">\r\n\t\t\t\t<p><\/p>\r\n\t\t\t\t\t\t\t\t<p><strong>22<\/strong> Photos<\/p>\r\n\t\t\t\t\t\t\t<\/div>\r\n\t\t<\/div>\r\n\t<\/div>\r\n\r\n \t \t\r\n\t<!-- Pagination -->\r\n \t<div class=\"ngg-clear\"><\/div> \t\r\n<\/div>\r\n\r\n<\/code><\/p>\n<p><strong>Odprtje slikarske razstave<\/strong> Mateja Kunaverja je bilo v \u010detrtek, 8. maja 2008, ob 19.30 v Galeriji me\u017enariji na Trdinovem trgu 11 v Meng\u0161u.<\/p>\n<p><strong>Razstava je bila na ogled<\/strong> do 20. maja 2008 vsak dan med 17. in 19. uro, ob nedeljah in praznikih pa je bila zaprta.<\/p>\n<p><strong>Organizatorja:<\/strong> Kulturno dru\u0161tvo Franca Jelov\u0161ka Menge\u0161 in Mestni muzej Menge\u0161.<\/p>\n<p><strong>Razstavo sta omogo\u010dili:<\/strong> Ob\u010dina Menge\u0161 in \u017dupnija Menge\u0161.<\/p>\n","protected":false},"excerpt":{"rendered":"<p>Slikarski svet Mateja Kunaverja Matej Kunaver, otro\u0161ki zdravnik specialist, izhaja iz \u0161ir\u0161e dru\u017eine Kunaverjev, ki je bila v preteklosti in je tudi danes zaznamovana z mnogimi likovnimi ustvarjalci. Naj na\u0161tejem nekatere: stric Pavel Kunaver, geograf, pisatelj, ustanovitelj skavtov na Slovenskem in slikar; akademski slikar in kipar France Kunaver, Matejev bratranec; stric Jo\u017ee Kunaver, fotograf z [&hellip;]<\/p>\n","protected":false},"author":2,"featured_media":0,"parent":67,"menu_order":0,"comment_status":"closed","ping_status":"closed","template":"","meta":{"footnotes":""},"class_list":["post-174","page","type-page","status-publish","hentry"],"jetpack_sharing_enabled":true,"jetpack_shortlink":"https:\/\/wp.me\/P73nhm-2O","jetpack-related-posts":[],"_links":{"self":[{"href":"https:\/\/www.kdfjm.si\/index.php?rest_route=\/wp\/v2\/pages\/174","targetHints":{"allow":["GET"]}}],"collection":[{"href":"https:\/\/www.kdfjm.si\/index.php?rest_route=\/wp\/v2\/pages"}],"about":[{"href":"https:\/\/www.kdfjm.si\/index.php?rest_route=\/wp\/v2\/types\/page"}],"author":[{"embeddable":true,"href":"https:\/\/www.kdfjm.si\/index.php?rest_route=\/wp\/v2\/users\/2"}],"replies":[{"embeddable":true,"href":"https:\/\/www.kdfjm.si\/index.php?rest_route=%2Fwp%2Fv2%2Fcomments&post=174"}],"version-history":[{"count":20,"href":"https:\/\/www.kdfjm.si\/index.php?rest_route=\/wp\/v2\/pages\/174\/revisions"}],"predecessor-version":[{"id":3520,"href":"https:\/\/www.kdfjm.si\/index.php?rest_route=\/wp\/v2\/pages\/174\/revisions\/3520"}],"up":[{"embeddable":true,"href":"https:\/\/www.kdfjm.si\/index.php?rest_route=\/wp\/v2\/pages\/67"}],"wp:attachment":[{"href":"https:\/\/www.kdfjm.si\/index.php?rest_route=%2Fwp%2Fv2%2Fmedia&parent=174"}],"curies":[{"name":"wp","href":"https:\/\/api.w.org\/{rel}","templated":true}]}}