{"id":166,"date":"2008-11-27T13:10:43","date_gmt":"2008-11-27T11:10:43","guid":{"rendered":"http:\/\/www.kdfjm.si\/?page_id=166"},"modified":"2019-03-06T22:00:57","modified_gmt":"2019-03-06T21:00:57","slug":"galerija-menges-mozaiki","status":"publish","type":"page","link":"https:\/\/www.kdfjm.si\/?page_id=166","title":{"rendered":"Galerija Menge\u0161"},"content":{"rendered":"<div class=\"slideshow\"><div id=\"ngg_slideshow81661\" class=\"ngg-slideshow owl-carousel\" style=\"max-width: 500px; max-height: 500px;\"><img data-recalc-dims=\"1\" decoding=\"async\" src=\"https:\/\/i0.wp.com\/www.kdfjm.si\/wp-content\/gallery\/mozaiki\/20070512-p07_0030.jpg?ssl=1\" alt=\"20070512-P07_0030.jpg\" style=\"max-width: 500px; max-height: 500px; width: auto; height:auto; margin:auto\"><img data-recalc-dims=\"1\" decoding=\"async\" src=\"https:\/\/i0.wp.com\/www.kdfjm.si\/wp-content\/gallery\/mozaiki\/20070512-p07_0032.jpg?ssl=1\" alt=\"20070512-P07_0032.jpg\" style=\"max-width: 500px; max-height: 500px; width: auto; height:auto; margin:auto\"><img data-recalc-dims=\"1\" decoding=\"async\" src=\"https:\/\/i0.wp.com\/www.kdfjm.si\/wp-content\/gallery\/mozaiki\/20070512-p07_0033.jpg?ssl=1\" alt=\"20070512-P07_0033.jpg\" style=\"max-width: 500px; max-height: 500px; width: auto; height:auto; margin:auto\"><img data-recalc-dims=\"1\" decoding=\"async\" src=\"https:\/\/i0.wp.com\/www.kdfjm.si\/wp-content\/gallery\/mozaiki\/20070512-p07_0034.jpg?ssl=1\" alt=\"20070512-P07_0034.jpg\" style=\"max-width: 500px; max-height: 500px; width: auto; height:auto; margin:auto\"><img data-recalc-dims=\"1\" decoding=\"async\" src=\"https:\/\/i0.wp.com\/www.kdfjm.si\/wp-content\/gallery\/mozaiki\/20070512-p07_0035.jpg?ssl=1\" alt=\"20070512-P07_0035.jpg\" style=\"max-width: 500px; max-height: 500px; width: auto; height:auto; margin:auto\"><img data-recalc-dims=\"1\" decoding=\"async\" src=\"https:\/\/i0.wp.com\/www.kdfjm.si\/wp-content\/gallery\/mozaiki\/20070512-p07_0036.jpg?ssl=1\" alt=\"20070512-P07_0036.jpg\" style=\"max-width: 500px; max-height: 500px; width: auto; height:auto; margin:auto\"><img data-recalc-dims=\"1\" decoding=\"async\" src=\"https:\/\/i0.wp.com\/www.kdfjm.si\/wp-content\/gallery\/mozaiki\/20070512-p07_0037.jpg?ssl=1\" alt=\"20070512-P07_0037.jpg\" style=\"max-width: 500px; max-height: 500px; width: auto; height:auto; margin:auto\"><img data-recalc-dims=\"1\" decoding=\"async\" src=\"https:\/\/i0.wp.com\/www.kdfjm.si\/wp-content\/gallery\/mozaiki\/20070512-p07_0038.jpg?ssl=1\" alt=\"20070512-P07_0038.jpg\" style=\"max-width: 500px; max-height: 500px; width: auto; height:auto; margin:auto\"><img data-recalc-dims=\"1\" decoding=\"async\" src=\"https:\/\/i0.wp.com\/www.kdfjm.si\/wp-content\/gallery\/mozaiki\/20070512-p07_0039.jpg?ssl=1\" alt=\"20070512-P07_0039.jpg\" style=\"max-width: 500px; max-height: 500px; width: auto; height:auto; margin:auto\"><img data-recalc-dims=\"1\" decoding=\"async\" src=\"https:\/\/i0.wp.com\/www.kdfjm.si\/wp-content\/gallery\/mozaiki\/20070512-p07_0040.jpg?ssl=1\" alt=\"20070512-P07_0040.jpg\" style=\"max-width: 500px; max-height: 500px; width: auto; height:auto; margin:auto\"><img data-recalc-dims=\"1\" decoding=\"async\" src=\"https:\/\/i0.wp.com\/www.kdfjm.si\/wp-content\/gallery\/mozaiki\/20070512-p07_0043.jpg?ssl=1\" alt=\"20070512-P07_0043.jpg\" style=\"max-width: 500px; max-height: 500px; width: auto; height:auto; margin:auto\"><img data-recalc-dims=\"1\" decoding=\"async\" src=\"https:\/\/i0.wp.com\/www.kdfjm.si\/wp-content\/gallery\/mozaiki\/20070512-p07_0047.jpg?ssl=1\" alt=\"20070512-P07_0047.jpg\" style=\"max-width: 500px; max-height: 500px; width: auto; height:auto; margin:auto\"><img data-recalc-dims=\"1\" decoding=\"async\" src=\"https:\/\/i0.wp.com\/www.kdfjm.si\/wp-content\/gallery\/mozaiki\/20070512-p07_0048.jpg?ssl=1\" alt=\"20070512-P07_0048.jpg\" style=\"max-width: 500px; max-height: 500px; width: auto; height:auto; margin:auto\"><img data-recalc-dims=\"1\" decoding=\"async\" src=\"https:\/\/i0.wp.com\/www.kdfjm.si\/wp-content\/gallery\/mozaiki\/20070512-p07_0049.jpg?ssl=1\" alt=\"20070512-P07_0049.jpg\" style=\"max-width: 500px; max-height: 500px; width: auto; height:auto; margin:auto\"><img data-recalc-dims=\"1\" decoding=\"async\" src=\"https:\/\/i0.wp.com\/www.kdfjm.si\/wp-content\/gallery\/mozaiki\/20070512-p07_0050.jpg?ssl=1\" alt=\"20070512-P07_0050.jpg\" style=\"max-width: 500px; max-height: 500px; width: auto; height:auto; margin:auto\"><img data-recalc-dims=\"1\" decoding=\"async\" src=\"https:\/\/i0.wp.com\/www.kdfjm.si\/wp-content\/gallery\/mozaiki\/20070512-p07_0051.jpg?ssl=1\" alt=\"20070512-P07_0051.jpg\" style=\"max-width: 500px; max-height: 500px; width: auto; height:auto; margin:auto\"><img data-recalc-dims=\"1\" decoding=\"async\" src=\"https:\/\/i0.wp.com\/www.kdfjm.si\/wp-content\/gallery\/mozaiki\/20070512-p07_0052.jpg?ssl=1\" alt=\"20070512-P07_0052.jpg\" style=\"max-width: 500px; max-height: 500px; width: auto; height:auto; margin:auto\"><img data-recalc-dims=\"1\" decoding=\"async\" src=\"https:\/\/i0.wp.com\/www.kdfjm.si\/wp-content\/gallery\/mozaiki\/20070512-p07_0053.jpg?ssl=1\" alt=\"20070512-P07_0053.jpg\" style=\"max-width: 500px; max-height: 500px; width: auto; height:auto; margin:auto\"><img data-recalc-dims=\"1\" decoding=\"async\" src=\"https:\/\/i0.wp.com\/www.kdfjm.si\/wp-content\/gallery\/mozaiki\/20070512-p07_0054.jpg?ssl=1\" alt=\"20070512-P07_0054.jpg\" style=\"max-width: 500px; max-height: 500px; width: auto; height:auto; margin:auto\"><img data-recalc-dims=\"1\" decoding=\"async\" src=\"https:\/\/i0.wp.com\/www.kdfjm.si\/wp-content\/gallery\/mozaiki\/20070512-p07_0055.jpg?ssl=1\" alt=\"20070512-P07_0055.jpg\" style=\"max-width: 500px; max-height: 500px; width: auto; height:auto; margin:auto\"><img data-recalc-dims=\"1\" decoding=\"async\" src=\"https:\/\/i0.wp.com\/www.kdfjm.si\/wp-content\/gallery\/mozaiki\/20070512-p07_0056.jpg?ssl=1\" alt=\"20070512-P07_0056.jpg\" style=\"max-width: 500px; max-height: 500px; width: auto; height:auto; margin:auto\"><img data-recalc-dims=\"1\" decoding=\"async\" src=\"https:\/\/i0.wp.com\/www.kdfjm.si\/wp-content\/gallery\/mozaiki\/20070512-p07_0057.jpg?ssl=1\" alt=\"20070512-P07_0057.jpg\" style=\"max-width: 500px; max-height: 500px; width: auto; height:auto; margin:auto\"><img data-recalc-dims=\"1\" decoding=\"async\" src=\"https:\/\/i0.wp.com\/www.kdfjm.si\/wp-content\/gallery\/mozaiki\/20070512-p07_0058.jpg?ssl=1\" alt=\"20070512-P07_0058.jpg\" style=\"max-width: 500px; max-height: 500px; width: auto; height:auto; margin:auto\"><img data-recalc-dims=\"1\" decoding=\"async\" src=\"https:\/\/i0.wp.com\/www.kdfjm.si\/wp-content\/gallery\/mozaiki\/20070512-p07_0059.jpg?ssl=1\" alt=\"20070512-P07_0059.jpg\" style=\"max-width: 500px; max-height: 500px; width: auto; height:auto; margin:auto\"><img data-recalc-dims=\"1\" decoding=\"async\" src=\"https:\/\/i0.wp.com\/www.kdfjm.si\/wp-content\/gallery\/mozaiki\/20070512-p07_0060.jpg?ssl=1\" alt=\"20070512-P07_0060.jpg\" style=\"max-width: 500px; max-height: 500px; width: auto; height:auto; margin:auto\"><img data-recalc-dims=\"1\" decoding=\"async\" src=\"https:\/\/i0.wp.com\/www.kdfjm.si\/wp-content\/gallery\/mozaiki\/20070512-p07_0061.jpg?ssl=1\" alt=\"20070512-P07_0061.jpg\" style=\"max-width: 500px; max-height: 500px; width: auto; height:auto; margin:auto\"><img data-recalc-dims=\"1\" decoding=\"async\" src=\"https:\/\/i0.wp.com\/www.kdfjm.si\/wp-content\/gallery\/mozaiki\/20070512-p07_0062.jpg?ssl=1\" alt=\"20070512-P07_0062.jpg\" style=\"max-width: 500px; max-height: 500px; width: auto; height:auto; margin:auto\"><img data-recalc-dims=\"1\" decoding=\"async\" src=\"https:\/\/i0.wp.com\/www.kdfjm.si\/wp-content\/gallery\/mozaiki\/20070512-p07_0063.jpg?ssl=1\" alt=\"20070512-P07_0063.jpg\" style=\"max-width: 500px; max-height: 500px; width: auto; height:auto; margin:auto\"><img data-recalc-dims=\"1\" decoding=\"async\" src=\"https:\/\/i0.wp.com\/www.kdfjm.si\/wp-content\/gallery\/mozaiki\/20070512-p07_0067.jpg?ssl=1\" alt=\"20070512-P07_0067.jpg\" style=\"max-width: 500px; max-height: 500px; width: auto; height:auto; margin:auto\"><img data-recalc-dims=\"1\" decoding=\"async\" src=\"https:\/\/i0.wp.com\/www.kdfjm.si\/wp-content\/gallery\/mozaiki\/20070512-p07_0069.jpg?ssl=1\" alt=\"20070512-P07_0069.jpg\" style=\"max-width: 500px; max-height: 500px; width: auto; height:auto; margin:auto\"><img data-recalc-dims=\"1\" decoding=\"async\" src=\"https:\/\/i0.wp.com\/www.kdfjm.si\/wp-content\/gallery\/mozaiki\/20070512-p07_0071.jpg?ssl=1\" alt=\"20070512-P07_0071.jpg\" style=\"max-width: 500px; max-height: 500px; width: auto; height:auto; margin:auto\"><img data-recalc-dims=\"1\" decoding=\"async\" src=\"https:\/\/i0.wp.com\/www.kdfjm.si\/wp-content\/gallery\/mozaiki\/20070512-p07_0073.jpg?ssl=1\" alt=\"20070512-P07_0073.jpg\" style=\"max-width: 500px; max-height: 500px; width: auto; height:auto; margin:auto\"><img data-recalc-dims=\"1\" decoding=\"async\" src=\"https:\/\/i0.wp.com\/www.kdfjm.si\/wp-content\/gallery\/mozaiki\/20070512-p07_0074.jpg?ssl=1\" alt=\"20070512-P07_0074.jpg\" style=\"max-width: 500px; max-height: 500px; width: auto; height:auto; margin:auto\"><img data-recalc-dims=\"1\" decoding=\"async\" src=\"https:\/\/i0.wp.com\/www.kdfjm.si\/wp-content\/gallery\/mozaiki\/20070512-p07_0075.jpg?ssl=1\" alt=\"20070512-P07_0075.jpg\" style=\"max-width: 500px; max-height: 500px; width: auto; height:auto; margin:auto\"><img data-recalc-dims=\"1\" decoding=\"async\" src=\"https:\/\/i0.wp.com\/www.kdfjm.si\/wp-content\/gallery\/mozaiki\/20070512-p07_0076.jpg?ssl=1\" alt=\"20070512-P07_0076.jpg\" style=\"max-width: 500px; max-height: 500px; width: auto; height:auto; margin:auto\"><img data-recalc-dims=\"1\" decoding=\"async\" src=\"https:\/\/i0.wp.com\/www.kdfjm.si\/wp-content\/gallery\/mozaiki\/20070512-p07_0077.jpg?ssl=1\" alt=\"20070512-P07_0077.jpg\" style=\"max-width: 500px; max-height: 500px; width: auto; height:auto; margin:auto\"><img data-recalc-dims=\"1\" decoding=\"async\" src=\"https:\/\/i0.wp.com\/www.kdfjm.si\/wp-content\/gallery\/mozaiki\/20070519-p07_0055.jpg?ssl=1\" alt=\"20070519-P07_0055.jpg\" style=\"max-width: 500px; max-height: 500px; width: auto; height:auto; margin:auto\"><img data-recalc-dims=\"1\" decoding=\"async\" src=\"https:\/\/i0.wp.com\/www.kdfjm.si\/wp-content\/gallery\/mozaiki\/20070519-p07_0062.jpg?ssl=1\" alt=\"20070519-P07_0062.jpg\" style=\"max-width: 500px; max-height: 500px; width: auto; height:auto; margin:auto\"><img data-recalc-dims=\"1\" decoding=\"async\" src=\"https:\/\/i0.wp.com\/www.kdfjm.si\/wp-content\/gallery\/mozaiki\/20070519-p07_0063.jpg?ssl=1\" alt=\"20070519-P07_0063.jpg\" style=\"max-width: 500px; max-height: 500px; width: auto; height:auto; margin:auto\"><img data-recalc-dims=\"1\" decoding=\"async\" src=\"https:\/\/i0.wp.com\/www.kdfjm.si\/wp-content\/gallery\/mozaiki\/20070519-p07_0064.jpg?ssl=1\" alt=\"20070519-P07_0064.jpg\" style=\"max-width: 500px; max-height: 500px; width: auto; height:auto; margin:auto\"><img data-recalc-dims=\"1\" decoding=\"async\" src=\"https:\/\/i0.wp.com\/www.kdfjm.si\/wp-content\/gallery\/mozaiki\/20070620-zu-81.jpg?ssl=1\" alt=\"20070620-zu-81.jpg\" style=\"max-width: 500px; max-height: 500px; width: auto; height:auto; margin:auto\"><img data-recalc-dims=\"1\" decoding=\"async\" src=\"https:\/\/i0.wp.com\/www.kdfjm.si\/wp-content\/gallery\/mozaiki\/mozaiki-1.jpg?ssl=1\" alt=\"mozaiki-1.jpg\" style=\"max-width: 500px; max-height: 500px; width: auto; height:auto; margin:auto\"><img data-recalc-dims=\"1\" decoding=\"async\" src=\"https:\/\/i0.wp.com\/www.kdfjm.si\/wp-content\/gallery\/mozaiki\/mozaiki-11.jpg?ssl=1\" alt=\"mozaiki-11.jpg\" style=\"max-width: 500px; max-height: 500px; width: auto; height:auto; margin:auto\"><img data-recalc-dims=\"1\" decoding=\"async\" src=\"https:\/\/i0.wp.com\/www.kdfjm.si\/wp-content\/gallery\/mozaiki\/mozaiki-13.jpg?ssl=1\" alt=\"mozaiki-13.jpg\" style=\"max-width: 500px; max-height: 500px; width: auto; height:auto; margin:auto\"><img data-recalc-dims=\"1\" decoding=\"async\" src=\"https:\/\/i0.wp.com\/www.kdfjm.si\/wp-content\/gallery\/mozaiki\/mozaiki-2.jpg?ssl=1\" alt=\"mozaiki-2.jpg\" style=\"max-width: 500px; max-height: 500px; width: auto; height:auto; margin:auto\"><img data-recalc-dims=\"1\" decoding=\"async\" src=\"https:\/\/i0.wp.com\/www.kdfjm.si\/wp-content\/gallery\/mozaiki\/mozaiki-3.jpg?ssl=1\" alt=\"mozaiki-3.jpg\" style=\"max-width: 500px; max-height: 500px; width: auto; height:auto; margin:auto\"><img data-recalc-dims=\"1\" decoding=\"async\" src=\"https:\/\/i0.wp.com\/www.kdfjm.si\/wp-content\/gallery\/mozaiki\/mozaiki-4.jpg?ssl=1\" alt=\"mozaiki-4.jpg\" style=\"max-width: 500px; max-height: 500px; width: auto; height:auto; margin:auto\"><img data-recalc-dims=\"1\" decoding=\"async\" src=\"https:\/\/i0.wp.com\/www.kdfjm.si\/wp-content\/gallery\/mozaiki\/mozaiki-5.jpg?ssl=1\" alt=\"mozaiki-5.jpg\" style=\"max-width: 500px; max-height: 500px; width: auto; height:auto; margin:auto\"><img data-recalc-dims=\"1\" decoding=\"async\" src=\"https:\/\/i0.wp.com\/www.kdfjm.si\/wp-content\/gallery\/mozaiki\/mozaiki-6.jpg?ssl=1\" alt=\"mozaiki-6.jpg\" style=\"max-width: 500px; max-height: 500px; width: auto; height:auto; margin:auto\"><img data-recalc-dims=\"1\" decoding=\"async\" src=\"https:\/\/i0.wp.com\/www.kdfjm.si\/wp-content\/gallery\/mozaiki\/mozaiki-7.jpg?ssl=1\" alt=\"mozaiki-7.jpg\" style=\"max-width: 500px; max-height: 500px; width: auto; height:auto; margin:auto\"><img data-recalc-dims=\"1\" decoding=\"async\" src=\"https:\/\/i0.wp.com\/www.kdfjm.si\/wp-content\/gallery\/mozaiki\/mozaiki-8.jpg?ssl=1\" alt=\"mozaiki-8.jpg\" style=\"max-width: 500px; max-height: 500px; width: auto; height:auto; margin:auto\"><img data-recalc-dims=\"1\" decoding=\"async\" src=\"https:\/\/i0.wp.com\/www.kdfjm.si\/wp-content\/gallery\/mozaiki\/20090827-5r9_0036.jpg?ssl=1\" alt=\"20090827-5R9_0036\" style=\"max-width: 500px; max-height: 500px; width: auto; height:auto; margin:auto\"><img data-recalc-dims=\"1\" decoding=\"async\" src=\"https:\/\/i0.wp.com\/www.kdfjm.si\/wp-content\/gallery\/mozaiki\/20090827-5r9_0040.jpg?ssl=1\" alt=\"20090827-5R9_0040\" style=\"max-width: 500px; max-height: 500px; width: auto; height:auto; margin:auto\"><img data-recalc-dims=\"1\" decoding=\"async\" src=\"https:\/\/i0.wp.com\/www.kdfjm.si\/wp-content\/gallery\/mozaiki\/20090827-5r9_0042.jpg?ssl=1\" alt=\"20090827-5R9_0042\" style=\"max-width: 500px; max-height: 500px; width: auto; height:auto; margin:auto\"><img data-recalc-dims=\"1\" decoding=\"async\" src=\"https:\/\/i0.wp.com\/www.kdfjm.si\/wp-content\/gallery\/mozaiki\/20090827-5r9_0045.jpg?ssl=1\" alt=\"20090827-5R9_0045\" style=\"max-width: 500px; max-height: 500px; width: auto; height:auto; margin:auto\"><img data-recalc-dims=\"1\" decoding=\"async\" src=\"https:\/\/i0.wp.com\/www.kdfjm.si\/wp-content\/gallery\/mozaiki\/20090827-5r9_0047.jpg?ssl=1\" alt=\"20090827-5R9_0047\" style=\"max-width: 500px; max-height: 500px; width: auto; height:auto; margin:auto\"><img data-recalc-dims=\"1\" decoding=\"async\" src=\"https:\/\/i0.wp.com\/www.kdfjm.si\/wp-content\/gallery\/mozaiki\/20090828-5r9_0049.jpg?ssl=1\" alt=\"20090828-5R9_0049\" style=\"max-width: 500px; max-height: 500px; width: auto; height:auto; margin:auto\"><img data-recalc-dims=\"1\" decoding=\"async\" src=\"https:\/\/i0.wp.com\/www.kdfjm.si\/wp-content\/gallery\/mozaiki\/20110902-5r9_0076.jpg?ssl=1\" alt=\"20110902-5R9_0076\" style=\"max-width: 500px; max-height: 500px; width: auto; height:auto; margin:auto\"><img data-recalc-dims=\"1\" decoding=\"async\" src=\"https:\/\/i0.wp.com\/www.kdfjm.si\/wp-content\/gallery\/mozaiki\/20110902-5r9_0078.jpg?ssl=1\" alt=\"20110902-5R9_0078\" style=\"max-width: 500px; max-height: 500px; width: auto; height:auto; margin:auto\"><img data-recalc-dims=\"1\" decoding=\"async\" src=\"https:\/\/i0.wp.com\/www.kdfjm.si\/wp-content\/gallery\/mozaiki\/20110902-5r9_0080.jpg?ssl=1\" alt=\"20110902-5R9_0080\" style=\"max-width: 500px; max-height: 500px; width: auto; height:auto; margin:auto\"><img data-recalc-dims=\"1\" decoding=\"async\" src=\"https:\/\/i0.wp.com\/www.kdfjm.si\/wp-content\/gallery\/mozaiki\/20110902-5r9_0082.jpg?ssl=1\" alt=\"20110902-5R9_0082\" style=\"max-width: 500px; max-height: 500px; width: auto; height:auto; margin:auto\"><img data-recalc-dims=\"1\" decoding=\"async\" src=\"https:\/\/i0.wp.com\/www.kdfjm.si\/wp-content\/gallery\/mozaiki\/20110902-5r9_0084.jpg?ssl=1\" alt=\"20110902-5R9_0084\" style=\"max-width: 500px; max-height: 500px; width: auto; height:auto; margin:auto\"><img data-recalc-dims=\"1\" decoding=\"async\" src=\"https:\/\/i0.wp.com\/www.kdfjm.si\/wp-content\/gallery\/mozaiki\/20110902-5r9_0090.jpg?ssl=1\" alt=\"20110902-5R9_0090\" style=\"max-width: 500px; max-height: 500px; width: auto; height:auto; margin:auto\"><img data-recalc-dims=\"1\" decoding=\"async\" src=\"https:\/\/i0.wp.com\/www.kdfjm.si\/wp-content\/gallery\/mozaiki\/20130831-5r9_0008.jpg?ssl=1\" alt=\"20130831-5R9_0008\" style=\"max-width: 500px; max-height: 500px; width: auto; height:auto; margin:auto\"><img data-recalc-dims=\"1\" decoding=\"async\" src=\"https:\/\/i0.wp.com\/www.kdfjm.si\/wp-content\/gallery\/mozaiki\/20130831-5r9_0009.jpg?ssl=1\" alt=\"20130831-5R9_0009\" style=\"max-width: 500px; max-height: 500px; width: auto; height:auto; margin:auto\"><img data-recalc-dims=\"1\" decoding=\"async\" src=\"https:\/\/i0.wp.com\/www.kdfjm.si\/wp-content\/gallery\/mozaiki\/20130831-5r9_0010.jpg?ssl=1\" alt=\"20130831-5R9_0010\" style=\"max-width: 500px; max-height: 500px; width: auto; height:auto; margin:auto\"><img data-recalc-dims=\"1\" decoding=\"async\" src=\"https:\/\/i0.wp.com\/www.kdfjm.si\/wp-content\/gallery\/mozaiki\/20130831-5r9_0015.jpg?ssl=1\" alt=\"20130831-5R9_0015\" style=\"max-width: 500px; max-height: 500px; width: auto; height:auto; margin:auto\"><img data-recalc-dims=\"1\" decoding=\"async\" src=\"https:\/\/i0.wp.com\/www.kdfjm.si\/wp-content\/gallery\/mozaiki\/20140830-5r9_0034.jpg?ssl=1\" alt=\"20140830-5r9_0034\" style=\"max-width: 500px; max-height: 500px; width: auto; height:auto; margin:auto\"><img data-recalc-dims=\"1\" decoding=\"async\" src=\"https:\/\/i0.wp.com\/www.kdfjm.si\/wp-content\/gallery\/mozaiki\/20140830-5r9_0035.jpg?ssl=1\" alt=\"20140830-5r9_0035\" style=\"max-width: 500px; max-height: 500px; width: auto; height:auto; margin:auto\"><img data-recalc-dims=\"1\" decoding=\"async\" src=\"https:\/\/i0.wp.com\/www.kdfjm.si\/wp-content\/gallery\/mozaiki\/20140830-5r9_0036.jpg?ssl=1\" alt=\"20140830-5r9_0036\" style=\"max-width: 500px; max-height: 500px; width: auto; height:auto; margin:auto\"><img data-recalc-dims=\"1\" decoding=\"async\" src=\"https:\/\/i0.wp.com\/www.kdfjm.si\/wp-content\/gallery\/mozaiki\/20140830-5r9_0037.jpg?ssl=1\" alt=\"20140830-5r9_0037\" style=\"max-width: 500px; max-height: 500px; width: auto; height:auto; margin:auto\"><img data-recalc-dims=\"1\" decoding=\"async\" src=\"https:\/\/i0.wp.com\/www.kdfjm.si\/wp-content\/gallery\/mozaiki\/20140830-5r9_0038.jpg?ssl=1\" alt=\"20140830-5r9_0038\" style=\"max-width: 500px; max-height: 500px; width: auto; height:auto; margin:auto\"><img data-recalc-dims=\"1\" decoding=\"async\" src=\"https:\/\/i0.wp.com\/www.kdfjm.si\/wp-content\/gallery\/mozaiki\/20140830-5r9_0039.jpg?ssl=1\" alt=\"20140830-5r9_0039\" style=\"max-width: 500px; max-height: 500px; width: auto; height:auto; margin:auto\"><img data-recalc-dims=\"1\" decoding=\"async\" src=\"https:\/\/i0.wp.com\/www.kdfjm.si\/wp-content\/gallery\/mozaiki\/20140830-5r9_0033.jpg?ssl=1\" alt=\"20140830-5r9_0033\" style=\"max-width: 500px; max-height: 500px; width: auto; height:auto; margin:auto\"><img data-recalc-dims=\"1\" decoding=\"async\" src=\"https:\/\/i0.wp.com\/www.kdfjm.si\/wp-content\/gallery\/mozaiki\/mozaikioratorijkdfjm092015-0001.jpg?ssl=1\" alt=\"mozaikioratorijkdfjm092015-0001\" style=\"max-width: 500px; max-height: 500px; width: auto; height:auto; margin:auto\"><img data-recalc-dims=\"1\" decoding=\"async\" src=\"https:\/\/i0.wp.com\/www.kdfjm.si\/wp-content\/gallery\/mozaiki\/mozaikioratorijkdfjm092015-0002.jpg?ssl=1\" alt=\"mozaikioratorijkdfjm092015-0002\" style=\"max-width: 500px; max-height: 500px; width: auto; height:auto; margin:auto\"><img data-recalc-dims=\"1\" decoding=\"async\" src=\"https:\/\/i0.wp.com\/www.kdfjm.si\/wp-content\/gallery\/mozaiki\/mozaikioratorijkdfjm092015-0003.jpg?ssl=1\" alt=\"mozaikioratorijkdfjm092015-0003\" style=\"max-width: 500px; max-height: 500px; width: auto; height:auto; margin:auto\"><img data-recalc-dims=\"1\" decoding=\"async\" src=\"https:\/\/i0.wp.com\/www.kdfjm.si\/wp-content\/gallery\/mozaiki\/mozaikioratorijkdfjm092015-0004.jpg?ssl=1\" alt=\"mozaikioratorijkdfjm092015-0004\" style=\"max-width: 500px; max-height: 500px; width: auto; height:auto; margin:auto\"><img data-recalc-dims=\"1\" decoding=\"async\" src=\"https:\/\/i0.wp.com\/www.kdfjm.si\/wp-content\/gallery\/mozaiki\/mozaikioratorijkdfjm092015-0005.jpg?ssl=1\" alt=\"mozaikioratorijkdfjm092015-0005\" style=\"max-width: 500px; max-height: 500px; width: auto; height:auto; margin:auto\"><\/div><\/div>\n\n<script type=\"text\/javascript\">jQuery(document).ready(function($) {\r\n\t\t\tvar owl = $('#ngg_slideshow81661');\r\n\t\t\towl.owlCarousel({\r\n\t\t\t\titems: 1,\r\n\t\t\t\tautoHeight: false,\r\n\t            dots: true,\r\n\t            autoplay: true,\r\n\t\t\t\tautoplayTimeout: 3000,\r\n\t\t\t\tautoplayHoverPause: true,\r\n\t\t\t\tanimateIn: 'fadeIn',\r\n\t\t\t\tanimateOut: 'fadeOut',\r\n\t\t\t\tloop: true,\r\n\t\t\t\tmouseDrag: true,\r\n\t\t\t\ttouchDrag: true\r\n\t\t\t});\nowl.click( function () {\r\n                    owl.trigger( 'next.owl.carousel' );\r\n                } );});\n<\/script>\n<p>Dru\u0161tvo ob razli\u010dnih prilo\u017enostih organizira likovne delavnice, na katerih izdelujemo mozaike na pokrovih ja\u0161kov za meteorno vodo. Ko je mozaik izdelan, pokrov namestimo na eno od menge\u0161kih ulic.<\/p>\n<p>Ideja in na\u010din izvedbe sta avtorsko za\u0161\u010diteni.<\/p>\n<blockquote class=\"wp-embedded-content\" data-secret=\"6G4Vto7c3t\"><p><a href=\"https:\/\/www.kdfjm.si\/?page_id=4554\">Razstava novih mozaikov<\/a><\/p><\/blockquote>\n<p><iframe loading=\"lazy\" class=\"wp-embedded-content\" sandbox=\"allow-scripts\" security=\"restricted\" style=\"position: absolute; clip: rect(1px, 1px, 1px, 1px);\" title=\"&#8220;Razstava novih mozaikov&#8221; &#8212; Kulturno dru\u0161tvo Franca Jelov\u0161ka Menge\u0161\" src=\"https:\/\/www.kdfjm.si\/?page_id=4554&#038;embed=true#?secret=TdkfvhOgCB#?secret=6G4Vto7c3t\" data-secret=\"6G4Vto7c3t\" width=\"500\" height=\"282\" frameborder=\"0\" marginwidth=\"0\" marginheight=\"0\" scrolling=\"no\"><\/iframe><\/p>\n<blockquote class=\"wp-embedded-content\" data-secret=\"HFZy1lgRR8\"><p><a href=\"https:\/\/www.kdfjm.si\/?page_id=4503\">Razstava mozaikov v Galeriji Menge\u0161<\/a><\/p><\/blockquote>\n<p><iframe loading=\"lazy\" class=\"wp-embedded-content\" sandbox=\"allow-scripts\" security=\"restricted\" style=\"position: absolute; clip: rect(1px, 1px, 1px, 1px);\" title=\"&#8220;Razstava mozaikov v Galeriji Menge\u0161&#8221; &#8212; Kulturno dru\u0161tvo Franca Jelov\u0161ka Menge\u0161\" src=\"https:\/\/www.kdfjm.si\/?page_id=4503&#038;embed=true#?secret=HVj7JrtO03#?secret=HFZy1lgRR8\" data-secret=\"HFZy1lgRR8\" width=\"500\" height=\"282\" frameborder=\"0\" marginwidth=\"0\" marginheight=\"0\" scrolling=\"no\"><\/iframe><\/p>\n","protected":false},"excerpt":{"rendered":"<p>Dru\u0161tvo ob razli\u010dnih prilo\u017enostih organizira likovne delavnice, na katerih izdelujemo mozaike na pokrovih ja\u0161kov za meteorno vodo. Ko je mozaik izdelan, pokrov namestimo na eno od menge\u0161kih ulic. Ideja in na\u010din izvedbe sta avtorsko za\u0161\u010diteni. Razstava novih mozaikov Razstava mozaikov v Galeriji Menge\u0161<\/p>\n","protected":false},"author":2,"featured_media":0,"parent":24,"menu_order":0,"comment_status":"closed","ping_status":"closed","template":"","meta":{"footnotes":""},"class_list":["post-166","page","type-page","status-publish","hentry"],"jetpack_sharing_enabled":true,"jetpack_shortlink":"https:\/\/wp.me\/P73nhm-2G","jetpack-related-posts":[],"_links":{"self":[{"href":"https:\/\/www.kdfjm.si\/index.php?rest_route=\/wp\/v2\/pages\/166","targetHints":{"allow":["GET"]}}],"collection":[{"href":"https:\/\/www.kdfjm.si\/index.php?rest_route=\/wp\/v2\/pages"}],"about":[{"href":"https:\/\/www.kdfjm.si\/index.php?rest_route=\/wp\/v2\/types\/page"}],"author":[{"embeddable":true,"href":"https:\/\/www.kdfjm.si\/index.php?rest_route=\/wp\/v2\/users\/2"}],"replies":[{"embeddable":true,"href":"https:\/\/www.kdfjm.si\/index.php?rest_route=%2Fwp%2Fv2%2Fcomments&post=166"}],"version-history":[{"count":13,"href":"https:\/\/www.kdfjm.si\/index.php?rest_route=\/wp\/v2\/pages\/166\/revisions"}],"predecessor-version":[{"id":4556,"href":"https:\/\/www.kdfjm.si\/index.php?rest_route=\/wp\/v2\/pages\/166\/revisions\/4556"}],"up":[{"embeddable":true,"href":"https:\/\/www.kdfjm.si\/index.php?rest_route=\/wp\/v2\/pages\/24"}],"wp:attachment":[{"href":"https:\/\/www.kdfjm.si\/index.php?rest_route=%2Fwp%2Fv2%2Fmedia&parent=166"}],"curies":[{"name":"wp","href":"https:\/\/api.w.org\/{rel}","templated":true}]}}