{"id":1648,"date":"2012-04-12T11:44:31","date_gmt":"2012-04-12T10:44:31","guid":{"rendered":"http:\/\/www.kdfjm.si\/?page_id=1648"},"modified":"2015-10-11T21:29:47","modified_gmt":"2015-10-11T20:29:47","slug":"pogovor-z-martino-kraljic-in-jano-vizjak","status":"publish","type":"page","link":"https:\/\/www.kdfjm.si\/?page_id=1648","title":{"rendered":"Pogovor z Martino Kralji\u010d in Jano Vizjak"},"content":{"rendered":"<p>Ob izteku slikarske razstave Jane Vizjak Slike posve\u010dene Magdaleni Gornik smo se na literarnem ve\u010deru pogovarjali s slikarko Jano Vizjak in avtorico knjige o slovenski mistikinji Magdaleni Gornik Martino Kralji\u010d. Pogovor je bil v sredo, 11. aprila 2012 ob 20.uri.<\/p><div class=\"slideshow\"><div id=\"ngg_slideshow19316481\" class=\"ngg-slideshow owl-carousel\" style=\"max-width: px; max-height: px;\"><img data-recalc-dims=\"1\" decoding=\"async\" src=\"https:\/\/i0.wp.com\/www.kdfjm.si\/wp-content\/gallery\/pogovor-z-martino-kraljic-in-jano-vizjak\/20120410-DSC_6005.jpg?ssl=1\" alt=\"20120410-DSC_6005\" style=\"max-width: px; max-height: px; width: auto; height:auto; margin:auto\"><img data-recalc-dims=\"1\" decoding=\"async\" src=\"https:\/\/i0.wp.com\/www.kdfjm.si\/wp-content\/gallery\/pogovor-z-martino-kraljic-in-jano-vizjak\/20120410-DSC_6009.jpg?ssl=1\" alt=\"20120410-DSC_6009\" style=\"max-width: px; max-height: px; width: auto; height:auto; margin:auto\"><img data-recalc-dims=\"1\" decoding=\"async\" src=\"https:\/\/i0.wp.com\/www.kdfjm.si\/wp-content\/gallery\/pogovor-z-martino-kraljic-in-jano-vizjak\/20120410-DSC_6016.jpg?ssl=1\" alt=\"20120410-DSC_6016\" style=\"max-width: px; max-height: px; width: auto; height:auto; margin:auto\"><img data-recalc-dims=\"1\" decoding=\"async\" src=\"https:\/\/i0.wp.com\/www.kdfjm.si\/wp-content\/gallery\/pogovor-z-martino-kraljic-in-jano-vizjak\/20120410-DSC_6022.jpg?ssl=1\" alt=\"20120410-DSC_6022\" style=\"max-width: px; max-height: px; width: auto; height:auto; margin:auto\"><img data-recalc-dims=\"1\" decoding=\"async\" src=\"https:\/\/i0.wp.com\/www.kdfjm.si\/wp-content\/gallery\/pogovor-z-martino-kraljic-in-jano-vizjak\/20120410-DSC_6023.jpg?ssl=1\" alt=\"20120410-DSC_6023\" style=\"max-width: px; max-height: px; width: auto; height:auto; margin:auto\"><img data-recalc-dims=\"1\" decoding=\"async\" src=\"https:\/\/i0.wp.com\/www.kdfjm.si\/wp-content\/gallery\/pogovor-z-martino-kraljic-in-jano-vizjak\/20120410-DSC_6024.jpg?ssl=1\" alt=\"20120410-DSC_6024\" style=\"max-width: px; max-height: px; width: auto; height:auto; margin:auto\"><img data-recalc-dims=\"1\" decoding=\"async\" src=\"https:\/\/i0.wp.com\/www.kdfjm.si\/wp-content\/gallery\/pogovor-z-martino-kraljic-in-jano-vizjak\/20120410-DSC_6025.jpg?ssl=1\" alt=\"20120410-DSC_6025\" style=\"max-width: px; max-height: px; width: auto; height:auto; margin:auto\"><img data-recalc-dims=\"1\" decoding=\"async\" src=\"https:\/\/i0.wp.com\/www.kdfjm.si\/wp-content\/gallery\/pogovor-z-martino-kraljic-in-jano-vizjak\/20120410-DSC_6027.jpg?ssl=1\" alt=\"20120410-DSC_6027\" style=\"max-width: px; max-height: px; width: auto; height:auto; margin:auto\"><img data-recalc-dims=\"1\" decoding=\"async\" src=\"https:\/\/i0.wp.com\/www.kdfjm.si\/wp-content\/gallery\/pogovor-z-martino-kraljic-in-jano-vizjak\/20120410-DSC_6031.jpg?ssl=1\" alt=\"20120410-DSC_6031\" style=\"max-width: px; max-height: px; width: auto; height:auto; margin:auto\"><img data-recalc-dims=\"1\" decoding=\"async\" src=\"https:\/\/i0.wp.com\/www.kdfjm.si\/wp-content\/gallery\/pogovor-z-martino-kraljic-in-jano-vizjak\/20120410-DSC_6035.jpg?ssl=1\" alt=\"20120410-DSC_6035\" style=\"max-width: px; max-height: px; width: auto; height:auto; margin:auto\"><img data-recalc-dims=\"1\" decoding=\"async\" src=\"https:\/\/i0.wp.com\/www.kdfjm.si\/wp-content\/gallery\/pogovor-z-martino-kraljic-in-jano-vizjak\/20120410-DSC_6036.jpg?ssl=1\" alt=\"20120410-DSC_6036\" style=\"max-width: px; max-height: px; width: auto; height:auto; margin:auto\"><img data-recalc-dims=\"1\" decoding=\"async\" src=\"https:\/\/i0.wp.com\/www.kdfjm.si\/wp-content\/gallery\/pogovor-z-martino-kraljic-in-jano-vizjak\/20120410-DSC_6039.jpg?ssl=1\" alt=\"20120410-DSC_6039\" style=\"max-width: px; max-height: px; width: auto; height:auto; margin:auto\"><img data-recalc-dims=\"1\" decoding=\"async\" src=\"https:\/\/i0.wp.com\/www.kdfjm.si\/wp-content\/gallery\/pogovor-z-martino-kraljic-in-jano-vizjak\/20120410-DSC_6041.jpg?ssl=1\" alt=\"20120410-DSC_6041\" style=\"max-width: px; max-height: px; width: auto; height:auto; margin:auto\"><img data-recalc-dims=\"1\" decoding=\"async\" src=\"https:\/\/i0.wp.com\/www.kdfjm.si\/wp-content\/gallery\/pogovor-z-martino-kraljic-in-jano-vizjak\/20120410-DSC_6043.jpg?ssl=1\" alt=\"20120410-DSC_6043\" style=\"max-width: px; max-height: px; width: auto; height:auto; margin:auto\"><img data-recalc-dims=\"1\" decoding=\"async\" src=\"https:\/\/i0.wp.com\/www.kdfjm.si\/wp-content\/gallery\/pogovor-z-martino-kraljic-in-jano-vizjak\/20120410-DSC_6044.jpg?ssl=1\" alt=\"20120410-DSC_6044\" style=\"max-width: px; max-height: px; width: auto; height:auto; margin:auto\"><img data-recalc-dims=\"1\" decoding=\"async\" src=\"https:\/\/i0.wp.com\/www.kdfjm.si\/wp-content\/gallery\/pogovor-z-martino-kraljic-in-jano-vizjak\/20120410-DSC_6045.jpg?ssl=1\" alt=\"20120410-DSC_6045\" style=\"max-width: px; max-height: px; width: auto; height:auto; margin:auto\"><img data-recalc-dims=\"1\" decoding=\"async\" src=\"https:\/\/i0.wp.com\/www.kdfjm.si\/wp-content\/gallery\/pogovor-z-martino-kraljic-in-jano-vizjak\/20120410-DSC_6048.jpg?ssl=1\" alt=\"20120410-DSC_6048\" style=\"max-width: px; max-height: px; width: auto; height:auto; margin:auto\"><img data-recalc-dims=\"1\" decoding=\"async\" src=\"https:\/\/i0.wp.com\/www.kdfjm.si\/wp-content\/gallery\/pogovor-z-martino-kraljic-in-jano-vizjak\/20120410-DSC_6049.jpg?ssl=1\" alt=\"20120410-DSC_6049\" style=\"max-width: px; max-height: px; width: auto; height:auto; margin:auto\"><img data-recalc-dims=\"1\" decoding=\"async\" src=\"https:\/\/i0.wp.com\/www.kdfjm.si\/wp-content\/gallery\/pogovor-z-martino-kraljic-in-jano-vizjak\/20120410-DSC_6053.jpg?ssl=1\" alt=\"20120410-DSC_6053\" style=\"max-width: px; max-height: px; width: auto; height:auto; margin:auto\"><img data-recalc-dims=\"1\" decoding=\"async\" src=\"https:\/\/i0.wp.com\/www.kdfjm.si\/wp-content\/gallery\/pogovor-z-martino-kraljic-in-jano-vizjak\/20120410-DSC_6059.jpg?ssl=1\" alt=\"20120410-DSC_6059\" style=\"max-width: px; max-height: px; width: auto; height:auto; margin:auto\"><\/div><\/div>\n\n<script type=\"text\/javascript\">jQuery(document).ready(function($) {\r\n\t\t\tvar owl = $('#ngg_slideshow19316481');\r\n\t\t\towl.owlCarousel({\r\n\t\t\t\titems: 1,\r\n\t\t\t\tautoHeight: false,\r\n\t            dots: true,\r\n\t            autoplay: true,\r\n\t\t\t\tautoplayTimeout: 3000,\r\n\t\t\t\tautoplayHoverPause: true,\r\n\t\t\t\tanimateIn: 'fadeIn',\r\n\t\t\t\tanimateOut: 'fadeOut',\r\n\t\t\t\tloop: true,\r\n\t\t\t\tmouseDrag: true,\r\n\t\t\t\ttouchDrag: true\r\n\t\t\t});\nowl.click( function () {\r\n                    owl.trigger( 'next.owl.carousel' );\r\n                } );});\n<\/script>","protected":false},"excerpt":{"rendered":"<p>Ob izteku slikarske razstave Jane Vizjak Slike posve\u010dene Magdaleni Gornik smo se na literarnem ve\u010deru pogovarjali s slikarko Jano Vizjak in avtorico knjige o slovenski mistikinji Magdaleni Gornik Martino Kralji\u010d. Pogovor je bil v sredo, 11. aprila 2012 ob 20.uri.<\/p>\n","protected":false},"author":4,"featured_media":0,"parent":361,"menu_order":0,"comment_status":"closed","ping_status":"open","template":"","meta":{"footnotes":""},"class_list":["post-1648","page","type-page","status-publish","hentry"],"jetpack_sharing_enabled":true,"jetpack_shortlink":"https:\/\/wp.me\/P73nhm-qA","jetpack-related-posts":[],"_links":{"self":[{"href":"https:\/\/www.kdfjm.si\/index.php?rest_route=\/wp\/v2\/pages\/1648","targetHints":{"allow":["GET"]}}],"collection":[{"href":"https:\/\/www.kdfjm.si\/index.php?rest_route=\/wp\/v2\/pages"}],"about":[{"href":"https:\/\/www.kdfjm.si\/index.php?rest_route=\/wp\/v2\/types\/page"}],"author":[{"embeddable":true,"href":"https:\/\/www.kdfjm.si\/index.php?rest_route=\/wp\/v2\/users\/4"}],"replies":[{"embeddable":true,"href":"https:\/\/www.kdfjm.si\/index.php?rest_route=%2Fwp%2Fv2%2Fcomments&post=1648"}],"version-history":[{"count":6,"href":"https:\/\/www.kdfjm.si\/index.php?rest_route=\/wp\/v2\/pages\/1648\/revisions"}],"predecessor-version":[{"id":1657,"href":"https:\/\/www.kdfjm.si\/index.php?rest_route=\/wp\/v2\/pages\/1648\/revisions\/1657"}],"up":[{"embeddable":true,"href":"https:\/\/www.kdfjm.si\/index.php?rest_route=\/wp\/v2\/pages\/361"}],"wp:attachment":[{"href":"https:\/\/www.kdfjm.si\/index.php?rest_route=%2Fwp%2Fv2%2Fmedia&parent=1648"}],"curies":[{"name":"wp","href":"https:\/\/api.w.org\/{rel}","templated":true}]}}