{"id":1602,"date":"2012-03-15T11:35:29","date_gmt":"2012-03-15T10:35:29","guid":{"rendered":"http:\/\/www.kdfjm.si\/?page_id=1602"},"modified":"2015-10-11T21:29:23","modified_gmt":"2015-10-11T20:29:23","slug":"jana-vizjak-slike-posvecene-magdaleni-gornik","status":"publish","type":"page","link":"https:\/\/www.kdfjm.si\/?page_id=1602","title":{"rendered":"Jana Vizjak &#8211; Slike posve\u010dene Magdaleni Gornik"},"content":{"rendered":"<p>Jana Vizjak se ob \u017eivljenje zaznamujo\u010dem ciklu Kri\u017eevega pota tokrat  obra\u010da k Magdaleni Gornik. Dve \u017denski, dve rahlo\u010dutni du\u0161i in dve  nemalenkostni poti, ki ju je neizprosno zaznamoval Evin sad \u2013 sad  spoznanja, sad poguma za sprejemanje odlo\u010ditev, ki prina\u0161ajo odgovornost  in nemalokrat trpljenje, ob tem pa v\u00e9liki privilegij biti kristjan.<\/p>\n<p>Prevzeta nad zgodbo Magdalene Gornik, mistikinje z Gore nad Sodra\u017eico,  je Jana Vizjak za\u010dutila poklicanost, da s Slikarstvom pripomore k  priznanju velikega pomena za slovenski narod \u017eene, ki bi v marsikaterem  drugem okolju \u017ee nosila belo obla\u010dilo in svetni\u0161ko lilijo v rokah.  Magdalena Gornik pa je danes \u201ele\u201c \u017eena, ki se jo sme \u010dastiti zaradi  njenega vdanega prena\u0161anja trpljenja in pobo\u017enosti. V \u017eivljenju je  do\u017eivljala videnja, zamaknjenja, stigme, prejemala je misti\u010dno obhajilo  in druge misti\u010dne darove. Vse to je zapisovala sama in ljudje, ki so jo  obkro\u017eali in spremljali njeno trnovo pot. Skozi misti\u010dna razodetja je  Magdalena Gornik prejela uvid v nebe\u0161ko kraljestvo in ga v preprosti  rodni govorici skromno delila naprej. Sorodna du\u0161a Jane Vizjak v  nesebi\u010dni izpovedi to sporo\u010dilo posreduje nam, da bi skozi mo\u010d pravega,  globoko do\u017eivetega slikarstva la\u017ee razumeli bo\u017eje skrivnosti. Umetnica k  ciklu upodobitev \u017eivljenja Magdalene Gornik pristopa poni\u017eno in se  pokloni pogumu te \u017eene, ki se je vedno znova odlo\u010dala za pravo trnovo  pot.<\/p>\n<p>S tem ciklom opozarja na nujnost mistike v svetu, ko se je \u010dlovek  pretirano oddaljil od Boga, ko je skoraj popolnoma prekinil stik z njim,  ustavil notranji dialog z njim. Cikel sicer predstavlja Magdaleno  Gornik, a je izpoved o prese\u017enem, o idealizmu, ki se mora nujno vrniti v  izogib do\u017eivetju Magdaleninega videnja pekla: to je prepad v \u010drnih  plamenih, je prostor, v katerem se ni mogo\u010de premakniti in kjer se \u010das  nikamor ne premakne.<\/p>\n<p>Podobno kakor Magdalena Gornik je tudi Jano Vizjak bolj prevzela lepota  nebe\u0161kega kraljestva. V njene slike se skoraj nenamerno in naravno  prikrade \u010dudovita notranja svetloba. V svojih videnjih Magdalena Gornik  pripoveduje o nebesih kot o svetlobi neizre\u010dene lepote, veselem kraju,  polnem angelov prosojnih teles, du\u0161 v belih obla\u010dilih in s cvetjem v  rokah. Tu \u010das mineva hitro. Jana Vizjak v svojih delih izpoveduje prav  svojo \u017eeljo po dvigu kvi\u0161ku, v nebesa, nasproti globljemu razumevanju in  ob\u010dutenju svetega in misti\u010dnega, k notranjemu miru, modrosti in  simbolni modrini neba. Cikel slik je mo\u010dan izraz slikarkinega  prepri\u010danja o resni\u010dnosti videnj slovenske mistikinje, o njenem \u010dasu, ki  je pri\u0161el zdaj, in o uresni\u010devanju znamenj, ki niso naklju\u010dna.<\/p>\n<p>Ve\u010dnost v Sveti Trojici, obdani z angelskimi zbori, je resni\u010dnost, na  katero prepogosto ne upamo ve\u010d ne upati ne vanjo verovati. Pri\u010dujo\u010di  cikel Jane Vizjak nas opomni, da smemo.<\/p>\n<p style=\"text-align: right;\">Ana \u0160krlep<\/p><div class=\"slideshow\"><div id=\"ngg_slideshow18916021\" class=\"ngg-slideshow owl-carousel\" style=\"max-width: px; max-height: px;\"><img data-recalc-dims=\"1\" decoding=\"async\" src=\"https:\/\/i0.wp.com\/www.kdfjm.si\/wp-content\/gallery\/jana-vizjak-slike-posvecene-magdaleni-gornik\/image-zo9bbw.png?ssl=1\" alt=\"image-zo9bbw\" style=\"max-width: px; max-height: px; width: auto; height:auto; margin:auto\"><img data-recalc-dims=\"1\" decoding=\"async\" src=\"https:\/\/i0.wp.com\/www.kdfjm.si\/wp-content\/gallery\/jana-vizjak-slike-posvecene-magdaleni-gornik\/image-tvs9aw.png?ssl=1\" alt=\"image-tvs9aw\" style=\"max-width: px; max-height: px; width: auto; height:auto; margin:auto\"><img data-recalc-dims=\"1\" decoding=\"async\" src=\"https:\/\/i0.wp.com\/www.kdfjm.si\/wp-content\/gallery\/jana-vizjak-slike-posvecene-magdaleni-gornik\/image-s7labw.png?ssl=1\" alt=\"image-s7labw\" style=\"max-width: px; max-height: px; width: auto; height:auto; margin:auto\"><img data-recalc-dims=\"1\" decoding=\"async\" src=\"https:\/\/i0.wp.com\/www.kdfjm.si\/wp-content\/gallery\/jana-vizjak-slike-posvecene-magdaleni-gornik\/image-kqgnbw.png?ssl=1\" alt=\"image-kqgnbw\" style=\"max-width: px; max-height: px; width: auto; height:auto; margin:auto\"><\/div><\/div>\n\n<script type=\"text\/javascript\">jQuery(document).ready(function($) {\r\n\t\t\tvar owl = $('#ngg_slideshow18916021');\r\n\t\t\towl.owlCarousel({\r\n\t\t\t\titems: 1,\r\n\t\t\t\tautoHeight: false,\r\n\t            dots: true,\r\n\t            autoplay: true,\r\n\t\t\t\tautoplayTimeout: 3000,\r\n\t\t\t\tautoplayHoverPause: true,\r\n\t\t\t\tanimateIn: 'fadeIn',\r\n\t\t\t\tanimateOut: 'fadeOut',\r\n\t\t\t\tloop: true,\r\n\t\t\t\tmouseDrag: true,\r\n\t\t\t\ttouchDrag: true\r\n\t\t\t});\nowl.click( function () {\r\n                    owl.trigger( 'next.owl.carousel' );\r\n                } );});\n<\/script><p>&nbsp;<\/p>\n<p>Odprtje slikarske razstave Jane  Vizjak je bilo v sredo, 21. marca 2012, ob 19. uri v Galeriji me\u017enariji  na  Trdinovem trgu 11 v Meng\u0161u. Razstava je bila odprta do srede, 11. aprila 2012, vsak dan med 18. in 20. uro.<\/p>\n<p>Ve\u010der sta kulturno obogatila glasbenika Drago Arko in Vlasta Dole\u017eal Rus.<\/p><div class=\"slideshow\"><div id=\"ngg_slideshow19016023\" class=\"ngg-slideshow owl-carousel\" style=\"max-width: px; max-height: px;\"><img data-recalc-dims=\"1\" decoding=\"async\" src=\"https:\/\/i0.wp.com\/www.kdfjm.si\/wp-content\/gallery\/jana-vizjak-odprtje-razstave\/P11_5465.jpg?ssl=1\" alt=\"P11_5465\" style=\"max-width: px; max-height: px; width: auto; height:auto; margin:auto\"><img data-recalc-dims=\"1\" decoding=\"async\" src=\"https:\/\/i0.wp.com\/www.kdfjm.si\/wp-content\/gallery\/jana-vizjak-odprtje-razstave\/P11_5467.jpg?ssl=1\" alt=\"P11_5467\" style=\"max-width: px; max-height: px; width: auto; height:auto; margin:auto\"><img data-recalc-dims=\"1\" decoding=\"async\" src=\"https:\/\/i0.wp.com\/www.kdfjm.si\/wp-content\/gallery\/jana-vizjak-odprtje-razstave\/P11_5468.jpg?ssl=1\" alt=\"P11_5468\" style=\"max-width: px; max-height: px; width: auto; height:auto; margin:auto\"><img data-recalc-dims=\"1\" decoding=\"async\" src=\"https:\/\/i0.wp.com\/www.kdfjm.si\/wp-content\/gallery\/jana-vizjak-odprtje-razstave\/P11_5469.jpg?ssl=1\" alt=\"P11_5469\" style=\"max-width: px; max-height: px; width: auto; height:auto; margin:auto\"><img data-recalc-dims=\"1\" decoding=\"async\" src=\"https:\/\/i0.wp.com\/www.kdfjm.si\/wp-content\/gallery\/jana-vizjak-odprtje-razstave\/P11_5471.jpg?ssl=1\" alt=\"P11_5471\" style=\"max-width: px; max-height: px; width: auto; height:auto; margin:auto\"><img data-recalc-dims=\"1\" decoding=\"async\" src=\"https:\/\/i0.wp.com\/www.kdfjm.si\/wp-content\/gallery\/jana-vizjak-odprtje-razstave\/P11_5472.jpg?ssl=1\" alt=\"P11_5472\" style=\"max-width: px; max-height: px; width: auto; height:auto; margin:auto\"><img data-recalc-dims=\"1\" decoding=\"async\" src=\"https:\/\/i0.wp.com\/www.kdfjm.si\/wp-content\/gallery\/jana-vizjak-odprtje-razstave\/P11_5474.jpg?ssl=1\" alt=\"P11_5474\" style=\"max-width: px; max-height: px; width: auto; height:auto; margin:auto\"><img data-recalc-dims=\"1\" decoding=\"async\" src=\"https:\/\/i0.wp.com\/www.kdfjm.si\/wp-content\/gallery\/jana-vizjak-odprtje-razstave\/P11_5476.jpg?ssl=1\" alt=\"P11_5476\" style=\"max-width: px; max-height: px; width: auto; height:auto; margin:auto\"><img data-recalc-dims=\"1\" decoding=\"async\" src=\"https:\/\/i0.wp.com\/www.kdfjm.si\/wp-content\/gallery\/jana-vizjak-odprtje-razstave\/P11_5480.jpg?ssl=1\" alt=\"P11_5480\" style=\"max-width: px; max-height: px; width: auto; height:auto; margin:auto\"><img data-recalc-dims=\"1\" decoding=\"async\" src=\"https:\/\/i0.wp.com\/www.kdfjm.si\/wp-content\/gallery\/jana-vizjak-odprtje-razstave\/P11_5484.jpg?ssl=1\" alt=\"P11_5484\" style=\"max-width: px; max-height: px; width: auto; height:auto; margin:auto\"><img data-recalc-dims=\"1\" decoding=\"async\" src=\"https:\/\/i0.wp.com\/www.kdfjm.si\/wp-content\/gallery\/jana-vizjak-odprtje-razstave\/P11_5486.jpg?ssl=1\" alt=\"P11_5486\" style=\"max-width: px; max-height: px; width: auto; height:auto; margin:auto\"><img data-recalc-dims=\"1\" decoding=\"async\" src=\"https:\/\/i0.wp.com\/www.kdfjm.si\/wp-content\/gallery\/jana-vizjak-odprtje-razstave\/P11_5490.jpg?ssl=1\" alt=\"P11_5490\" style=\"max-width: px; max-height: px; width: auto; height:auto; margin:auto\"><img data-recalc-dims=\"1\" decoding=\"async\" src=\"https:\/\/i0.wp.com\/www.kdfjm.si\/wp-content\/gallery\/jana-vizjak-odprtje-razstave\/P11_5492.jpg?ssl=1\" alt=\"P11_5492\" style=\"max-width: px; max-height: px; width: auto; height:auto; margin:auto\"><img data-recalc-dims=\"1\" decoding=\"async\" src=\"https:\/\/i0.wp.com\/www.kdfjm.si\/wp-content\/gallery\/jana-vizjak-odprtje-razstave\/P11_5501.jpg?ssl=1\" alt=\"P11_5501\" style=\"max-width: px; max-height: px; width: auto; height:auto; margin:auto\"><img data-recalc-dims=\"1\" decoding=\"async\" src=\"https:\/\/i0.wp.com\/www.kdfjm.si\/wp-content\/gallery\/jana-vizjak-odprtje-razstave\/P11_5505.jpg?ssl=1\" alt=\"P11_5505\" style=\"max-width: px; max-height: px; width: auto; height:auto; margin:auto\"><img data-recalc-dims=\"1\" decoding=\"async\" src=\"https:\/\/i0.wp.com\/www.kdfjm.si\/wp-content\/gallery\/jana-vizjak-odprtje-razstave\/P11_5509.jpg?ssl=1\" alt=\"P11_5509\" style=\"max-width: px; max-height: px; width: auto; height:auto; margin:auto\"><img data-recalc-dims=\"1\" decoding=\"async\" src=\"https:\/\/i0.wp.com\/www.kdfjm.si\/wp-content\/gallery\/jana-vizjak-odprtje-razstave\/P11_5512.jpg?ssl=1\" alt=\"P11_5512\" style=\"max-width: px; max-height: px; width: auto; height:auto; margin:auto\"><img data-recalc-dims=\"1\" decoding=\"async\" src=\"https:\/\/i0.wp.com\/www.kdfjm.si\/wp-content\/gallery\/jana-vizjak-odprtje-razstave\/P11_5519.jpg?ssl=1\" alt=\"P11_5519\" style=\"max-width: px; max-height: px; width: auto; height:auto; margin:auto\"><img data-recalc-dims=\"1\" decoding=\"async\" src=\"https:\/\/i0.wp.com\/www.kdfjm.si\/wp-content\/gallery\/jana-vizjak-odprtje-razstave\/P11_5520.jpg?ssl=1\" alt=\"P11_5520\" style=\"max-width: px; max-height: px; width: auto; height:auto; margin:auto\"><img data-recalc-dims=\"1\" decoding=\"async\" src=\"https:\/\/i0.wp.com\/www.kdfjm.si\/wp-content\/gallery\/jana-vizjak-odprtje-razstave\/P11_5524.jpg?ssl=1\" alt=\"P11_5524\" style=\"max-width: px; max-height: px; width: auto; height:auto; margin:auto\"><\/div><\/div>\n\n<script type=\"text\/javascript\">jQuery(document).ready(function($) {\r\n\t\t\tvar owl = $('#ngg_slideshow19016023');\r\n\t\t\towl.owlCarousel({\r\n\t\t\t\titems: 1,\r\n\t\t\t\tautoHeight: false,\r\n\t            dots: true,\r\n\t            autoplay: true,\r\n\t\t\t\tautoplayTimeout: 3000,\r\n\t\t\t\tautoplayHoverPause: true,\r\n\t\t\t\tanimateIn: 'fadeIn',\r\n\t\t\t\tanimateOut: 'fadeOut',\r\n\t\t\t\tloop: true,\r\n\t\t\t\tmouseDrag: true,\r\n\t\t\t\ttouchDrag: true\r\n\t\t\t});\nowl.click( function () {\r\n                    owl.trigger( 'next.owl.carousel' );\r\n                } );});\n<\/script>","protected":false},"excerpt":{"rendered":"<p>Jana Vizjak se ob \u017eivljenje zaznamujo\u010dem ciklu Kri\u017eevega pota tokrat obra\u010da k Magdaleni Gornik. Dve \u017denski, dve rahlo\u010dutni du\u0161i in dve nemalenkostni poti, ki ju je neizprosno zaznamoval Evin sad \u2013 sad spoznanja, sad poguma za sprejemanje odlo\u010ditev, ki prina\u0161ajo odgovornost in nemalokrat trpljenje, ob tem pa v\u00e9liki privilegij biti kristjan. Prevzeta nad zgodbo Magdalene [&hellip;]<\/p>\n","protected":false},"author":4,"featured_media":0,"parent":67,"menu_order":0,"comment_status":"closed","ping_status":"open","template":"","meta":{"footnotes":""},"class_list":["post-1602","page","type-page","status-publish","hentry"],"jetpack_sharing_enabled":true,"jetpack_shortlink":"https:\/\/wp.me\/P73nhm-pQ","jetpack-related-posts":[],"_links":{"self":[{"href":"https:\/\/www.kdfjm.si\/index.php?rest_route=\/wp\/v2\/pages\/1602","targetHints":{"allow":["GET"]}}],"collection":[{"href":"https:\/\/www.kdfjm.si\/index.php?rest_route=\/wp\/v2\/pages"}],"about":[{"href":"https:\/\/www.kdfjm.si\/index.php?rest_route=\/wp\/v2\/types\/page"}],"author":[{"embeddable":true,"href":"https:\/\/www.kdfjm.si\/index.php?rest_route=\/wp\/v2\/users\/4"}],"replies":[{"embeddable":true,"href":"https:\/\/www.kdfjm.si\/index.php?rest_route=%2Fwp%2Fv2%2Fcomments&post=1602"}],"version-history":[{"count":6,"href":"https:\/\/www.kdfjm.si\/index.php?rest_route=\/wp\/v2\/pages\/1602\/revisions"}],"predecessor-version":[{"id":3511,"href":"https:\/\/www.kdfjm.si\/index.php?rest_route=\/wp\/v2\/pages\/1602\/revisions\/3511"}],"up":[{"embeddable":true,"href":"https:\/\/www.kdfjm.si\/index.php?rest_route=\/wp\/v2\/pages\/67"}],"wp:attachment":[{"href":"https:\/\/www.kdfjm.si\/index.php?rest_route=%2Fwp%2Fv2%2Fmedia&parent=1602"}],"curies":[{"name":"wp","href":"https:\/\/api.w.org\/{rel}","templated":true}]}}