{"id":16,"date":"2008-10-19T13:47:26","date_gmt":"2008-10-19T11:47:26","guid":{"rendered":"http:\/\/www.kdfjm.si\/?page_id=16"},"modified":"2022-12-03T12:20:55","modified_gmt":"2022-12-03T11:20:55","slug":"kdo-je-bil-franc-jelovsek","status":"publish","type":"page","link":"https:\/\/www.kdfjm.si\/?page_id=16","title":{"rendered":"Franc Jelov\u0161ek"},"content":{"rendered":"<p>Kot sin organista in me\u017enarja se je rodil 4. oktobra 1700 v Meng\u0161u. Prvi slikarski pouk je najbr\u017e dobil pri slikarju Janezu Mihaelu Rainbaldu v Ljubljani. Za njegov nadaljnji slikarski razvoj je bilo gotovo odlo\u010dilno sre\u010danje z znanim italijanskim iluzionisti\u010dnim slikarjem Quaglijem, ki je v letih 1721 do 1723 poslikaval ljubljansko stolnico. Ko se je Jelov\u0161ek leta 1723 poro\u010dil, mu je bil poleg Janeza Pe\u010dnika za poro\u010dno pri\u010do tudi slikar Rainbald. V letu 1729 se je Jelov\u0161ek preselil v Ljubljano in \u017ee naslednje leto postal ljubljanski me\u0161\u010dan. V Ljubljani v Ro\u017eni dolini si je v letih 1740 in 1756 kupil dve hi\u0161i, kar ka\u017ee, da je bil premo\u017een. Tam se je spoznal z velikim baro\u010dnim slikarjem Valentinom Mencingerjem, kiprajem Lehrom in arhitektom Gregorjem Ma\u010dkom. Jelov\u0161ek je umrl 31. maja 1764 v Ljubljani.<\/p>\n<p>Na mladega Jelov\u0161ka so najbr\u017e vplivale prav Quaglijeve freske v ljubljanski stolnici, ki jih je morda celo pomagal slikati. Po tem se je posebej posvetil slikanju fresk.<\/p>\n<p>V za\u010detnem obdobju se je naslanjal \u0161e na starej\u0161o doma\u010do baro\u010dno tradicijo. V letu 1725 je naslikal freske v gradu Zalog pri Morav\u010dah, nato je poslikal kapelico sv. Janeza Nepomuka v gradu Tustanj. Iz leta 1730 je ohranjena njegova \u017ee bolj kakovostno slikana oltarna arhitektura v cerkvi na \u017dalah v Kamniku. Jelov\u0161kov napredek se ka\u017ee n naslednjih njegovih slikarskih delih. V letih 1731 do 1734 je s freskami obogatil cerkev sv. Petra v Ljubljani, v letu 1734 pa je poslikal tudi Codelijevo kapelo in naslikal freske pri Vitezu v Ljubljani. Iz leta 1735 so freske na \u017dalostni gori pri Mokronogu.<\/p>\n<p>\u0160e ve\u010dji napredek je pokazal v svojih poznej\u0161ih slikarskih delih. Uveljavil je ve\u010djo barvno \u017eivahnost, vi\u0161ek pa je doseglo naturalisti\u010dno slikanje. \u017dupno cerkev v Kamniku je poslikal v letih 1734 in 1735. Leta 1736 je poslikal \u017eupno cerkev v Lescah, leta 1737 pa veliki oltar v Nevljah in s fresko obogatil vhod v samostan v Kostanjevici na Krki.<\/p>\n<p>Freske v kapelah diskalceatske cerkve bosonogih avgu\u0161tincev v Ljubljani, Jelov\u0161ek jih je naslikal v letih 1739 in 1742, in oltarna arhitektura v cerkvi sv. Mihaela v Meng\u0161u iz leta 1740 se niso ohranile. V letu 1742 je poslikal cerkev v \u0160tepanji vasi pri Ljubljani. Svoj naturalisti\u010dni slog je posebej uveljavil na freskah v gradu Jablje leta 1745. Med njegova najbolj kakovostna dela sodijo pred desetletji odkrite freske v kapeli sv. Antona v cerkvi sv. Rozalije pri \u0160t. Juriju, ki jih je naslikal v letu 1746. Na freskah v skaru\u010denski cerkvi iz leta 1748 je naslikal tudi avtoportret. V \u017eupnijski cerkvi v \u0160en\u010durju pri Kranju je na freskah zaklju\u010dil kompozicijo z angelskim orkestrom. Iz leta 1753 so freske v cerkvi na Sladki gori na \u0160tajerskem, ki so vi\u0161ek Jelov\u0161kovega ustvarjanja. V tem \u010dasu je obogatil tudi \u0161kofijski dvorec v Gori\u010danah, kapelo sv. Peregrina in cerkev Matere bo\u017eje na Brdu. Njegove so najbr\u017e tudi freske v kapelici \u017dalostne Matere bo\u017eje ob poti z Brda proti Lukovici iz leta 1755. Jelov\u0161kove freske v Nazarjih pri Gornjem Gradu se niso ohranile.<\/p>\n<p>V letih 1759 do 1761 je ustvaril zadnje veliko delo &#8211; freske v cerkvi sv. Mohorja in Fortunata v Grobljah, kjer je naslikal tudi avtoportret. Njegovi so najbr\u017e tudi oltarji. Freske v grobeljskem gradu in kapelici sv. Notburge so po drugi svetovni vojni propadle.<\/p>\n<p>Skromnej\u0161a je Jelov\u0161kova zakladnica del v oljni tehniki. V cerkvi na Grabnu v Tuhinjski dolini sta sliki sv Franm\u010di\u0161ka Ksaverija in Joba iz leta 1724. Posebej znana je njegova oltarna slika Svete Dru\u017eine (hrani jo Narodna galerija v Ljubljani) in slika Vstalega Kristusa z Magdaleno za cerkev sv. Petra v Ljubljani. Za komendsko cerkev je naslikal Kristusa in sv. Janeza Evangelista, za cerkev sv. Martina pri \u017dalni sv. Ano in sliko za glavni oltar v Grobljah. Za cerkev v Trzinu je leta 1724 z oljnimi barvami na smrekove deske naslikal tri antependije.<\/p>\n<p>Iz leta 1757 je ohranjena skica za veliki oltar in pri\u017enico v komendski cerkvi, ki ju je izdelal kipar Andrej Gabri\u010d.<\/p>\n<p>V grafi\u010dni umetnosti sta posebej znani bakrorezna diploma Tretjega reda za fran\u010di\u0161kane v Ljubljani in list s sv. Avgu\u0161tinom.<\/p>\n<p>Jelov\u0161ek je najbolj uspe\u0161ni baro\u010dni slikar na Slovenskem.<\/p>\n<p><a href=\"https:\/\/www.kdfjm.si\/wp-content\/uploads\/2022\/12\/Franc_Jelovsek_sv_Jurij_Sencur_KDFJM_2022_za_splet.pdf\">Franc Jelov\u0161ek &#8211; Cerkev sv. Jurija v \u0160en\u010durju, fotote\u010dna monografija restavriranega oltarja 2022<\/a><\/p>\n<p><a href=\"..\/wp-content\/uploads\/2008\/10\/GradJablje-fotote%C4%8Dna-monografija-1.del_.pdf\"><strong>Franc Jelov\u0161ek &#8211; <\/strong>Grad Jablje fotote\u010dna monografija 1.del<\/a><br \/>\n(za tiskano razli\u010dico pi\u0161ite na <a href=\"mailto:peter@primer.si\">peter@primer.si<\/a>)<\/p>\n<p><a href=\"http:\/\/www.kdfjm.si\/wp-content\/uploads\/2008\/10\/JelovsekVipavaSplet.pdf\"><strong>Franc Jelov\u0161ek<\/strong> &#8211; Cerkev sv. \u0160tefana, Vipava<\/a><br \/>\n(za vrhunsko kvaliteto Fotote\u010dne monografije Franc Jelov\u0161ek, Cerkev sv. \u0160tefana, Vipava ali posamezne visokoresolucijske slike pi\u0161ite na <a href=\"mailto:peter@primer.si\">peter@primer.si<\/a>)<\/p>\n<p><a href=\"http:\/\/www.kdfjm.si\/wp-content\/uploads\/2012\/12\/JelovsekFrancSkarucna2012splet.pdf\"><strong>Franc Jelov\u0161ek &#8211; Skaru\u010dna, fotote\u010dna monografija 3. del<\/strong><\/a> (za tiskano obliko pi\u0161ite na <a href=\"mailto:peter@primer.si\">peter@primer.si<\/a>)<\/p>\n<p><strong><a href=\"http:\/\/www.kdfjm.si\/wp-content\/uploads\/2013\/12\/SpletFrancJelovsekTustanjFotoMonografija5del2013.pdf\">Franc Jelov\u0161ek &#8211; Grajska kapela gradu Tu\u0161tanj, 4. del<\/a><\/strong> (za tiskano obliko pi\u0161ite na <a href=\"mailto:peter@primer.si\">peter@primer.si<\/a>)<\/p>\n<p><strong><a href=\"http:\/\/www.kdfjm.si\/wp-content\/uploads\/2008\/10\/FrancJelovsekTustanjFotoMonografija5del2014splet2.pdf\">Franc Jelov\u0161ek &#8211; Nevlje, fotote\u010dna monografija 5.del<\/a><\/strong> (za tiskano obliko pi\u0161ite na <a href=\"mailto:peter@primer.si\">peter@primer.si<\/a>)<\/p>\n<p><strong><a href=\"http:\/\/www.kdfjm.si\/wp-content\/uploads\/2015\/11\/FrancJelovsekSencurKDFJMFotoMonografija6del2015splet2.pdf\">Franc Jelov\u0161ek &#8211; \u0160en\u010dur, fotote\u010dna monografija 6.del <\/a><\/strong> (za tiskano obliko pi\u0161ite na <a href=\"mailto:peter@primer.si\">peter@primer.si<\/a>)<\/p>\n<p><a href=\"http:\/\/www.kdfjm.si\/wp-content\/uploads\/2016\/12\/FrancJelovsekSvRozalijeKDFJMFotoMonografija7del2016splet.pdf\"><strong>Franc Jelov\u0161ek &#8211; Cerkev sv. Rozalije v Zlate\u010dah pri \u0160entjurju, fotote\u010dna monografija 7. del<\/strong><\/a> (za tiskano obliko pi\u0161ite na <a href=\"mailto:peter@primer.si\">peter@primer.si<\/a>)<\/p>\n\r\n<div class=\"ngg-albumoverview\">\r\n\r\n\t<!-- List of galleries -->\r\n\t\r\n\t<div class=\"ngg-album-compact\">\r\n\t\t<div class=\"ngg-album-compactbox\">\r\n\t\t\t<div class=\"ngg-album-link\">\r\n\t\t\t\t<a class=\"Link\" href=\"https:\/\/www.kdfjm.si\/?page_id=16&amp;album=16&amp;gallery=55\">\r\n\t\t\t\t\t<img data-recalc-dims=\"1\" decoding=\"async\" class=\"Thumb\" alt=\"Freske v Grobljah\" src=\"https:\/\/i0.wp.com\/www.kdfjm.si\/wp-content\/gallery\/freske-v-grobljah\/thumbs\/thumbs_20081228-groblje-9826.jpg?ssl=1\"\/>\r\n\t\t\t\t<\/a>\r\n\t\t\t<\/div>\r\n\t\t<\/div>\r\n\t\t<h4><a class=\"ngg-album-desc\" title=\"Freske v Grobljah\" href=\"https:\/\/www.kdfjm.si\/?page_id=16&amp;album=16&amp;gallery=55\" >Freske v Grobljah<\/a><\/h4>\r\n\t\t\t\t<p><strong>36<\/strong> Photos<\/p>\r\n\t\t\t<\/div>\r\n\r\n \t\r\n\t<div class=\"ngg-album-compact\">\r\n\t\t<div class=\"ngg-album-compactbox\">\r\n\t\t\t<div class=\"ngg-album-link\">\r\n\t\t\t\t<a class=\"Link\" href=\"https:\/\/www.kdfjm.si\/?page_id=16&amp;album=16&amp;gallery=70\">\r\n\t\t\t\t\t<img data-recalc-dims=\"1\" decoding=\"async\" class=\"Thumb\" alt=\"Freske iz Sladke Gore\" src=\"https:\/\/i0.wp.com\/www.kdfjm.si\/wp-content\/gallery\/freske-iz-sladke-gore\/thumbs\/thumbs_Jelovsek%20Sladka%20Gora-9.jpg?ssl=1\"\/>\r\n\t\t\t\t<\/a>\r\n\t\t\t<\/div>\r\n\t\t<\/div>\r\n\t\t<h4><a class=\"ngg-album-desc\" title=\"Freske iz Sladke Gore\" href=\"https:\/\/www.kdfjm.si\/?page_id=16&amp;album=16&amp;gallery=70\" >Freske iz Sladke Gore<\/a><\/h4>\r\n\t\t\t\t<p><strong>34<\/strong> Photos<\/p>\r\n\t\t\t<\/div>\r\n\r\n \t\r\n\t<div class=\"ngg-album-compact\">\r\n\t\t<div class=\"ngg-album-compactbox\">\r\n\t\t\t<div class=\"ngg-album-link\">\r\n\t\t\t\t<a class=\"Link\" href=\"https:\/\/www.kdfjm.si\/?page_id=16&amp;album=16&amp;gallery=83\">\r\n\t\t\t\t\t<img data-recalc-dims=\"1\" decoding=\"async\" class=\"Thumb\" alt=\"Franc Jelov\u0161ek: \u017eupnijska cerkev svete Marije brezmade\u017ene \u0160utna Kamnik\" src=\"https:\/\/i0.wp.com\/www.kdfjm.si\/wp-content\/gallery\/franc-jelovsek-sutna-v-kamniku\/thumbs\/thumbs_fJelovtekSutnaMarijaBrezmadezna-3063.jpg?ssl=1\"\/>\r\n\t\t\t\t<\/a>\r\n\t\t\t<\/div>\r\n\t\t<\/div>\r\n\t\t<h4><a class=\"ngg-album-desc\" title=\"Franc Jelov\u0161ek: \u017eupnijska cerkev svete Marije brezmade\u017ene \u0160utna Kamnik\" href=\"https:\/\/www.kdfjm.si\/?page_id=16&amp;album=16&amp;gallery=83\" >Franc Jelov\u0161ek: \u017eupnijska cerkev svete Marije brezmade\u017ene \u0160utna Kamnik<\/a><\/h4>\r\n\t\t\t\t<p><strong>19<\/strong> Photos<\/p>\r\n\t\t\t<\/div>\r\n\r\n \t\r\n\t<div class=\"ngg-album-compact\">\r\n\t\t<div class=\"ngg-album-compactbox\">\r\n\t\t\t<div class=\"ngg-album-link\">\r\n\t\t\t\t<a class=\"Link\" href=\"https:\/\/www.kdfjm.si\/?page_id=16&amp;album=16&amp;gallery=88\">\r\n\t\t\t\t\t<img data-recalc-dims=\"1\" decoding=\"async\" class=\"Thumb\" alt=\"Franc Jelov\u0161ek: freske v Srednji vasi pri Bohinju\" src=\"https:\/\/i0.wp.com\/www.kdfjm.si\/wp-content\/gallery\/franc-jelovsek-freske-v-srednji-vasi-pri-bohinju\/thumbs\/thumbs_20090731-PS9_4897.jpg?ssl=1\"\/>\r\n\t\t\t\t<\/a>\r\n\t\t\t<\/div>\r\n\t\t<\/div>\r\n\t\t<h4><a class=\"ngg-album-desc\" title=\"Franc Jelov\u0161ek: freske v Srednji vasi pri Bohinju\" href=\"https:\/\/www.kdfjm.si\/?page_id=16&amp;album=16&amp;gallery=88\" >Franc Jelov\u0161ek: freske v Srednji vasi pri Bohinju<\/a><\/h4>\r\n\t\t\t\t<p><strong>16<\/strong> Photos<\/p>\r\n\t\t\t<\/div>\r\n\r\n \t\r\n\t<div class=\"ngg-album-compact\">\r\n\t\t<div class=\"ngg-album-compactbox\">\r\n\t\t\t<div class=\"ngg-album-link\">\r\n\t\t\t\t<a class=\"Link\" href=\"https:\/\/www.kdfjm.si\/?page_id=16&amp;album=16&amp;gallery=102\">\r\n\t\t\t\t\t<img data-recalc-dims=\"1\" decoding=\"async\" class=\"Thumb\" alt=\"Freske - \u017dupnijska cerkev Svetega Jurija \u0160en\u010dur\" src=\"https:\/\/i0.wp.com\/www.kdfjm.si\/wp-content\/gallery\/freske-zupnijska-cerkev-svetega-jurija-sencur\/thumbs\/thumbs_FJelovsekSencur-2718.jpg?ssl=1\"\/>\r\n\t\t\t\t<\/a>\r\n\t\t\t<\/div>\r\n\t\t<\/div>\r\n\t\t<h4><a class=\"ngg-album-desc\" title=\"Freske - \u017dupnijska cerkev Svetega Jurija \u0160en\u010dur\" href=\"https:\/\/www.kdfjm.si\/?page_id=16&amp;album=16&amp;gallery=102\" >Freske - \u017dupnijska cerkev Svetega Jurija \u0160en\u010dur<\/a><\/h4>\r\n\t\t\t\t<p><strong>30<\/strong> Photos<\/p>\r\n\t\t\t<\/div>\r\n\r\n \t\r\n\t<div class=\"ngg-album-compact\">\r\n\t\t<div class=\"ngg-album-compactbox\">\r\n\t\t\t<div class=\"ngg-album-link\">\r\n\t\t\t\t<a class=\"Link\" href=\"https:\/\/www.kdfjm.si\/?page_id=16&amp;album=16&amp;gallery=172\">\r\n\t\t\t\t\t<img data-recalc-dims=\"1\" decoding=\"async\" class=\"Thumb\" alt=\"Franc Jelov\u0161ek - Antependiji v cerkvi sv. Florjana v Trzinu\" src=\"https:\/\/i0.wp.com\/www.kdfjm.si\/wp-content\/gallery\/slikezakdfjm\/thumbs\/thumbs_JelovsekFranceAntependijiTrzin3.jpg?ssl=1\"\/>\r\n\t\t\t\t<\/a>\r\n\t\t\t<\/div>\r\n\t\t<\/div>\r\n\t\t<h4><a class=\"ngg-album-desc\" title=\"Franc Jelov\u0161ek - Antependiji v cerkvi sv. Florjana v Trzinu\" href=\"https:\/\/www.kdfjm.si\/?page_id=16&amp;album=16&amp;gallery=172\" >Franc Jelov\u0161ek - Antependiji v cerkvi sv. Florjana v Trzinu<\/a><\/h4>\r\n\t\t\t\t<p><strong>3<\/strong> Photos<\/p>\r\n\t\t\t<\/div>\r\n\r\n \t\r\n\t<div class=\"ngg-album-compact\">\r\n\t\t<div class=\"ngg-album-compactbox\">\r\n\t\t\t<div class=\"ngg-album-link\">\r\n\t\t\t\t<a class=\"Link\" href=\"https:\/\/www.kdfjm.si\/?page_id=16&amp;album=16&amp;gallery=236\">\r\n\t\t\t\t\t<img data-recalc-dims=\"1\" decoding=\"async\" class=\"Thumb\" alt=\"Franc Jelov\u0161ek, Kapela sv. Nepomuka ob gradu Tu\u0161tanj\" src=\"https:\/\/i0.wp.com\/www.kdfjm.si\/wp-content\/gallery\/franc-jelovsek-kapela-sv-nepomuka-ob-gradu-tustanj\/thumbs\/thumbs_FrancJelovsekTustanj2013-1824.jpg?ssl=1\"\/>\r\n\t\t\t\t<\/a>\r\n\t\t\t<\/div>\r\n\t\t<\/div>\r\n\t\t<h4><a class=\"ngg-album-desc\" title=\"Franc Jelov\u0161ek, Kapela sv. Nepomuka ob gradu Tu\u0161tanj\" href=\"https:\/\/www.kdfjm.si\/?page_id=16&amp;album=16&amp;gallery=236\" >Franc Jelov\u0161ek, Kapela sv. Nepomuka ob gradu Tu\u0161tanj<\/a><\/h4>\r\n\t\t\t\t<p><strong>35<\/strong> Photos<\/p>\r\n\t\t\t<\/div>\r\n\r\n \t\r\n\t<div class=\"ngg-album-compact\">\r\n\t\t<div class=\"ngg-album-compactbox\">\r\n\t\t\t<div class=\"ngg-album-link\">\r\n\t\t\t\t<a class=\"Link\" href=\"https:\/\/www.kdfjm.si\/?page_id=16&amp;album=16&amp;gallery=348\">\r\n\t\t\t\t\t<img data-recalc-dims=\"1\" decoding=\"async\" class=\"Thumb\" alt=\"Franc Jelov\u0161ek; Freske v zasebni hi\u0161i v Ljubljani; \u0160tirje elementi, \u0161tirje letni \u010dasi\" src=\"https:\/\/i0.wp.com\/www.kdfjm.si\/wp-content\/gallery\/freske-franca-jelovska-v-zasebni-hisi-v-ljubljani\/thumbs\/thumbs_jelovsek_franc_lj_4_-letni_casi_2016_2017_kdfjm_menges-2.jpg?ssl=1\"\/>\r\n\t\t\t\t<\/a>\r\n\t\t\t<\/div>\r\n\t\t<\/div>\r\n\t\t<h4><a class=\"ngg-album-desc\" title=\"Franc Jelov\u0161ek; Freske v zasebni hi\u0161i v Ljubljani; \u0160tirje elementi, \u0161tirje letni \u010dasi\" href=\"https:\/\/www.kdfjm.si\/?page_id=16&amp;album=16&amp;gallery=348\" >Franc Jelov\u0161ek; Freske v zasebni hi\u0161i v Ljubljani; \u0160tirje elementi, \u0161tirje letni \u010dasi<\/a><\/h4>\r\n\t\t\t\t<p><strong>6<\/strong> Photos<\/p>\r\n\t\t\t<\/div>\r\n\r\n \t\r\n\t<!-- Pagination -->\r\n \t<div class=\"ngg-clear\"><\/div><\/div>\r\n\r\n\n","protected":false},"excerpt":{"rendered":"<p>Kot sin organista in me\u017enarja se je rodil 4. oktobra 1700 v Meng\u0161u. Prvi slikarski pouk je najbr\u017e dobil pri slikarju Janezu Mihaelu Rainbaldu v Ljubljani. Za njegov nadaljnji slikarski razvoj je bilo gotovo odlo\u010dilno sre\u010danje z znanim italijanskim iluzionisti\u010dnim slikarjem Quaglijem, ki je v letih 1721 do 1723 poslikaval ljubljansko stolnico. Ko se je [&hellip;]<\/p>\n","protected":false},"author":1,"featured_media":0,"parent":0,"menu_order":2,"comment_status":"closed","ping_status":"closed","template":"","meta":{"footnotes":""},"class_list":["post-16","page","type-page","status-publish","hentry"],"jetpack_sharing_enabled":true,"jetpack_shortlink":"https:\/\/wp.me\/P73nhm-g","jetpack-related-posts":[],"_links":{"self":[{"href":"https:\/\/www.kdfjm.si\/index.php?rest_route=\/wp\/v2\/pages\/16","targetHints":{"allow":["GET"]}}],"collection":[{"href":"https:\/\/www.kdfjm.si\/index.php?rest_route=\/wp\/v2\/pages"}],"about":[{"href":"https:\/\/www.kdfjm.si\/index.php?rest_route=\/wp\/v2\/types\/page"}],"author":[{"embeddable":true,"href":"https:\/\/www.kdfjm.si\/index.php?rest_route=\/wp\/v2\/users\/1"}],"replies":[{"embeddable":true,"href":"https:\/\/www.kdfjm.si\/index.php?rest_route=%2Fwp%2Fv2%2Fcomments&post=16"}],"version-history":[{"count":20,"href":"https:\/\/www.kdfjm.si\/index.php?rest_route=\/wp\/v2\/pages\/16\/revisions"}],"predecessor-version":[{"id":5392,"href":"https:\/\/www.kdfjm.si\/index.php?rest_route=\/wp\/v2\/pages\/16\/revisions\/5392"}],"wp:attachment":[{"href":"https:\/\/www.kdfjm.si\/index.php?rest_route=%2Fwp%2Fv2%2Fmedia&parent=16"}],"curies":[{"name":"wp","href":"https:\/\/api.w.org\/{rel}","templated":true}]}}