{"id":1357,"date":"2011-06-24T10:19:00","date_gmt":"2011-06-24T09:19:00","guid":{"rendered":"http:\/\/www.kdfjm.si\/?page_id=1357"},"modified":"2015-10-11T21:29:22","modified_gmt":"2015-10-11T20:29:22","slug":"romanje-na-smarno-goro-2011","status":"publish","type":"page","link":"https:\/\/www.kdfjm.si\/?page_id=1357","title":{"rendered":"Romanje na \u0160marno goro 2011"},"content":{"rendered":"<p>Na pot proti \u0160marni gori so se Meng\u0161ani pe\u0161 podali v sredo, 22.  junija 2011 ob 7. uri izpred Marijinega znamenja pred cerkvijo v Meng\u0161u.  Vsakoletno romanje na \u0160marno goro je posve\u010deno zmagi nad Turki leta  1593. V cerkvi na \u0160marni gori je bila ob 12. uri sveta ma\u0161a. Pridru\u017eili  so se tudi Meng\u0161ani, ki so se do vrha pripeljali.<\/p><div class=\"slideshow\"><div id=\"ngg_slideshow16513571\" class=\"ngg-slideshow owl-carousel\" style=\"max-width: px; max-height: px;\"><img data-recalc-dims=\"1\" decoding=\"async\" src=\"https:\/\/i0.wp.com\/www.kdfjm.si\/wp-content\/gallery\/romanje-na-smarno-goro-2011\/5R9_0008.jpg?ssl=1\" alt=\"5R9_0008\" style=\"max-width: px; max-height: px; width: auto; height:auto; margin:auto\"><img data-recalc-dims=\"1\" decoding=\"async\" src=\"https:\/\/i0.wp.com\/www.kdfjm.si\/wp-content\/gallery\/romanje-na-smarno-goro-2011\/JSM_2221.jpg?ssl=1\" alt=\"JSM_2221\" style=\"max-width: px; max-height: px; width: auto; height:auto; margin:auto\"><img data-recalc-dims=\"1\" decoding=\"async\" src=\"https:\/\/i0.wp.com\/www.kdfjm.si\/wp-content\/gallery\/romanje-na-smarno-goro-2011\/JSM_2225.jpg?ssl=1\" alt=\"JSM_2225\" style=\"max-width: px; max-height: px; width: auto; height:auto; margin:auto\"><img data-recalc-dims=\"1\" decoding=\"async\" src=\"https:\/\/i0.wp.com\/www.kdfjm.si\/wp-content\/gallery\/romanje-na-smarno-goro-2011\/JSM_2228.jpg?ssl=1\" alt=\"JSM_2228\" style=\"max-width: px; max-height: px; width: auto; height:auto; margin:auto\"><img data-recalc-dims=\"1\" decoding=\"async\" src=\"https:\/\/i0.wp.com\/www.kdfjm.si\/wp-content\/gallery\/romanje-na-smarno-goro-2011\/JSM_2231.jpg?ssl=1\" alt=\"JSM_2231\" style=\"max-width: px; max-height: px; width: auto; height:auto; margin:auto\"><img data-recalc-dims=\"1\" decoding=\"async\" src=\"https:\/\/i0.wp.com\/www.kdfjm.si\/wp-content\/gallery\/romanje-na-smarno-goro-2011\/JSM_2240.jpg?ssl=1\" alt=\"JSM_2240\" style=\"max-width: px; max-height: px; width: auto; height:auto; margin:auto\"><img data-recalc-dims=\"1\" decoding=\"async\" src=\"https:\/\/i0.wp.com\/www.kdfjm.si\/wp-content\/gallery\/romanje-na-smarno-goro-2011\/JSM_2243.jpg?ssl=1\" alt=\"JSM_2243\" style=\"max-width: px; max-height: px; width: auto; height:auto; margin:auto\"><img data-recalc-dims=\"1\" decoding=\"async\" src=\"https:\/\/i0.wp.com\/www.kdfjm.si\/wp-content\/gallery\/romanje-na-smarno-goro-2011\/JSM_2252.jpg?ssl=1\" alt=\"JSM_2252\" style=\"max-width: px; max-height: px; width: auto; height:auto; margin:auto\"><img data-recalc-dims=\"1\" decoding=\"async\" src=\"https:\/\/i0.wp.com\/www.kdfjm.si\/wp-content\/gallery\/romanje-na-smarno-goro-2011\/JSM_2255.jpg?ssl=1\" alt=\"JSM_2255\" style=\"max-width: px; max-height: px; width: auto; height:auto; margin:auto\"><img data-recalc-dims=\"1\" decoding=\"async\" src=\"https:\/\/i0.wp.com\/www.kdfjm.si\/wp-content\/gallery\/romanje-na-smarno-goro-2011\/JSM_2256.jpg?ssl=1\" alt=\"JSM_2256\" style=\"max-width: px; max-height: px; width: auto; height:auto; margin:auto\"><img data-recalc-dims=\"1\" decoding=\"async\" src=\"https:\/\/i0.wp.com\/www.kdfjm.si\/wp-content\/gallery\/romanje-na-smarno-goro-2011\/JSM_2257.jpg?ssl=1\" alt=\"JSM_2257\" style=\"max-width: px; max-height: px; width: auto; height:auto; margin:auto\"><img data-recalc-dims=\"1\" decoding=\"async\" src=\"https:\/\/i0.wp.com\/www.kdfjm.si\/wp-content\/gallery\/romanje-na-smarno-goro-2011\/JSM_2258.jpg?ssl=1\" alt=\"JSM_2258\" style=\"max-width: px; max-height: px; width: auto; height:auto; margin:auto\"><img data-recalc-dims=\"1\" decoding=\"async\" src=\"https:\/\/i0.wp.com\/www.kdfjm.si\/wp-content\/gallery\/romanje-na-smarno-goro-2011\/JSM_2260.jpg?ssl=1\" alt=\"JSM_2260\" style=\"max-width: px; max-height: px; width: auto; height:auto; margin:auto\"><img data-recalc-dims=\"1\" decoding=\"async\" src=\"https:\/\/i0.wp.com\/www.kdfjm.si\/wp-content\/gallery\/romanje-na-smarno-goro-2011\/JSM_2261.jpg?ssl=1\" alt=\"JSM_2261\" style=\"max-width: px; max-height: px; width: auto; height:auto; margin:auto\"><img data-recalc-dims=\"1\" decoding=\"async\" src=\"https:\/\/i0.wp.com\/www.kdfjm.si\/wp-content\/gallery\/romanje-na-smarno-goro-2011\/JSM_2265.jpg?ssl=1\" alt=\"JSM_2265\" style=\"max-width: px; max-height: px; width: auto; height:auto; margin:auto\"><img data-recalc-dims=\"1\" decoding=\"async\" src=\"https:\/\/i0.wp.com\/www.kdfjm.si\/wp-content\/gallery\/romanje-na-smarno-goro-2011\/JSM_2267.jpg?ssl=1\" alt=\"JSM_2267\" style=\"max-width: px; max-height: px; width: auto; height:auto; margin:auto\"><img data-recalc-dims=\"1\" decoding=\"async\" src=\"https:\/\/i0.wp.com\/www.kdfjm.si\/wp-content\/gallery\/romanje-na-smarno-goro-2011\/JSM_2268.jpg?ssl=1\" alt=\"JSM_2268\" style=\"max-width: px; max-height: px; width: auto; height:auto; margin:auto\"><img data-recalc-dims=\"1\" decoding=\"async\" src=\"https:\/\/i0.wp.com\/www.kdfjm.si\/wp-content\/gallery\/romanje-na-smarno-goro-2011\/JSM_2271.jpg?ssl=1\" alt=\"JSM_2271\" style=\"max-width: px; max-height: px; width: auto; height:auto; margin:auto\"><img data-recalc-dims=\"1\" decoding=\"async\" src=\"https:\/\/i0.wp.com\/www.kdfjm.si\/wp-content\/gallery\/romanje-na-smarno-goro-2011\/JSM_2272.jpg?ssl=1\" alt=\"JSM_2272\" style=\"max-width: px; max-height: px; width: auto; height:auto; margin:auto\"><img data-recalc-dims=\"1\" decoding=\"async\" src=\"https:\/\/i0.wp.com\/www.kdfjm.si\/wp-content\/gallery\/romanje-na-smarno-goro-2011\/JSM_2279.jpg?ssl=1\" alt=\"JSM_2279\" style=\"max-width: px; max-height: px; width: auto; height:auto; margin:auto\"><\/div><\/div>\n\n<script type=\"text\/javascript\">jQuery(document).ready(function($) {\r\n\t\t\tvar owl = $('#ngg_slideshow16513571');\r\n\t\t\towl.owlCarousel({\r\n\t\t\t\titems: 1,\r\n\t\t\t\tautoHeight: false,\r\n\t            dots: true,\r\n\t            autoplay: true,\r\n\t\t\t\tautoplayTimeout: 3000,\r\n\t\t\t\tautoplayHoverPause: true,\r\n\t\t\t\tanimateIn: 'fadeIn',\r\n\t\t\t\tanimateOut: 'fadeOut',\r\n\t\t\t\tloop: true,\r\n\t\t\t\tmouseDrag: true,\r\n\t\t\t\ttouchDrag: true\r\n\t\t\t});\nowl.click( function () {\r\n                    owl.trigger( 'next.owl.carousel' );\r\n                } );});\n<\/script>","protected":false},"excerpt":{"rendered":"<p>Na pot proti \u0160marni gori so se Meng\u0161ani pe\u0161 podali v sredo, 22. junija 2011 ob 7. uri izpred Marijinega znamenja pred cerkvijo v Meng\u0161u. Vsakoletno romanje na \u0160marno goro je posve\u010deno zmagi nad Turki leta 1593. V cerkvi na \u0160marni gori je bila ob 12. uri sveta ma\u0161a. Pridru\u017eili so se tudi Meng\u0161ani, ki [&hellip;]<\/p>\n","protected":false},"author":4,"featured_media":0,"parent":606,"menu_order":0,"comment_status":"closed","ping_status":"open","template":"","meta":{"footnotes":""},"class_list":["post-1357","page","type-page","status-publish","hentry"],"jetpack_sharing_enabled":true,"jetpack_shortlink":"https:\/\/wp.me\/P73nhm-lT","jetpack-related-posts":[],"_links":{"self":[{"href":"https:\/\/www.kdfjm.si\/index.php?rest_route=\/wp\/v2\/pages\/1357","targetHints":{"allow":["GET"]}}],"collection":[{"href":"https:\/\/www.kdfjm.si\/index.php?rest_route=\/wp\/v2\/pages"}],"about":[{"href":"https:\/\/www.kdfjm.si\/index.php?rest_route=\/wp\/v2\/types\/page"}],"author":[{"embeddable":true,"href":"https:\/\/www.kdfjm.si\/index.php?rest_route=\/wp\/v2\/users\/4"}],"replies":[{"embeddable":true,"href":"https:\/\/www.kdfjm.si\/index.php?rest_route=%2Fwp%2Fv2%2Fcomments&post=1357"}],"version-history":[{"count":2,"href":"https:\/\/www.kdfjm.si\/index.php?rest_route=\/wp\/v2\/pages\/1357\/revisions"}],"predecessor-version":[{"id":1359,"href":"https:\/\/www.kdfjm.si\/index.php?rest_route=\/wp\/v2\/pages\/1357\/revisions\/1359"}],"up":[{"embeddable":true,"href":"https:\/\/www.kdfjm.si\/index.php?rest_route=\/wp\/v2\/pages\/606"}],"wp:attachment":[{"href":"https:\/\/www.kdfjm.si\/index.php?rest_route=%2Fwp%2Fv2%2Fmedia&parent=1357"}],"curies":[{"name":"wp","href":"https:\/\/api.w.org\/{rel}","templated":true}]}}