{"id":1146,"date":"2011-03-28T20:19:14","date_gmt":"2011-03-28T19:19:14","guid":{"rendered":"http:\/\/www.kdfjm.si\/?page_id=1146"},"modified":"2015-10-11T21:29:22","modified_gmt":"2015-10-11T20:29:22","slug":"fotografska-razstava-josta-franka","status":"publish","type":"page","link":"https:\/\/www.kdfjm.si\/?page_id=1146","title":{"rendered":"Fotografska razstava Jo\u0161ta Franka"},"content":{"rendered":"<p><em><strong>Vljudno vas vabimo na odprtje fotografske razstave Jo\u0161ta Franka v \u010detrtek, 31. marca 2011, ob 18. uri h Galeriji CikCak na Trdinov trg 5 v Menge\u0161. Razstava bo na ogled do odprtja naslednje razstave.<\/strong><\/em><\/p>\n<p><strong><div class=\"slideshow\"><div id=\"ngg_slideshow15411461\" class=\"ngg-slideshow owl-carousel\" style=\"max-width: px; max-height: px;\"><img data-recalc-dims=\"1\" decoding=\"async\" src=\"https:\/\/i0.wp.com\/www.kdfjm.si\/wp-content\/gallery\/jost-franko-2011-cikcak\/jfrankoPastirji10splet.jpg?ssl=1\" alt=\"jfrankoPastirji10splet\" style=\"max-width: px; max-height: px; width: auto; height:auto; margin:auto\"><img data-recalc-dims=\"1\" decoding=\"async\" src=\"https:\/\/i0.wp.com\/www.kdfjm.si\/wp-content\/gallery\/jost-franko-2011-cikcak\/spletJerca.jpg?ssl=1\" alt=\"spletJerca\" style=\"max-width: px; max-height: px; width: auto; height:auto; margin:auto\"><\/div><\/div>\n\n<script type=\"text\/javascript\">jQuery(document).ready(function($) {\r\n\t\t\tvar owl = $('#ngg_slideshow15411461');\r\n\t\t\towl.owlCarousel({\r\n\t\t\t\titems: 1,\r\n\t\t\t\tautoHeight: false,\r\n\t            dots: true,\r\n\t            autoplay: true,\r\n\t\t\t\tautoplayTimeout: 3000,\r\n\t\t\t\tautoplayHoverPause: true,\r\n\t\t\t\tanimateIn: 'fadeIn',\r\n\t\t\t\tanimateOut: 'fadeOut',\r\n\t\t\t\tloop: true,\r\n\t\t\t\tmouseDrag: true,\r\n\t\t\t\ttouchDrag: true\r\n\t\t\t});\nowl.click( function () {\r\n                    owl.trigger( 'next.owl.carousel' );\r\n                } );});\n<\/script><\/strong><\/p>\n<p>Jo\u0161t Franko je mlad, perspektiven fotograf, ki je svojo nadarjenost znova potrdil na leto\u0161njem fotoreporterskem nate\u010daju Slovenia Press Photo 2010. Zmagal je v dveh kategorijah: s posamezno fotografijo v kategoriji Ljudje in z reporta\u017eno zgodbo v kategoriji Narava in okolje. Ob razglasitvi zmagovalcev, ki jih je izbrala pet\u010dlanska mednarodna \u017eirija, sta o fotografijah Jo\u0161ta Franka v atriju ljubljanske mestne hi\u0161e spregovorila <strong>Patrick Witty<\/strong>, urednik fotografije za revijo Time, in<strong> Marko Drobnjakovi\u0107<\/strong>, fotograf mednarodne agencije Associated Press.<\/p>\n<p>\u00bbV trenutku, ko smo v \u017eiriji zagledali fotografijo, nas je vse presunila, popolnoma prevzeti smo bili nad njo. Kompozicija, \u010dustva, atmosfera, govorica telesnih kretenj, ki zrcali telesno govorico labodov, vse nas je prevzelo. Mikrokompozicija in vzdu\u0161je v celoti te fotografije sta nas prepri\u010dala o izredni kakovosti podobe, ki je bila dale\u010d nad povpre\u010djem. V svojem poklicu imam prilo\u017enost sre\u010devati se z mnogimi zrelimi fotografi, vendar le redko dobim prilo\u017enost uzreti tak\u0161en talent pri tako mladem \u010dloveku.\u00ab<\/p>\n<p style=\"text-align: right;\"><em>Patrick Witty<\/em><\/p>\n<p>\u00bbV kategoriji Narava in okolje izbira zmagovalca ni bila sporna. Zgodba Jo\u0161ta Franka z Velike planine je bila nedvomno najbolj\u0161a serija fotografij, saj je kompozicijsko zelo zrela in skrbno premi\u0161ljen je izbor fotografij, ki to zgodbo pripovedujejo. Redko fotografom uspe, da nas s svojimi podobami vrnejo v \u0161e trajajo\u010do preteklost in prestavijo v mirni ve\u010dni \u010das.\u00ab<\/p>\n<p style=\"text-align: right;\"><em>Marko Drobnjakovi\u0107<\/em><\/p>\n<p style=\"text-align: left;\"><em> <\/em><\/p>\n<p style=\"text-align: center;\"><a title=\"Jo\u0161t Franko - Ljudje in narava\" href=\"http:\/\/www.youtube.com\/watch?v=dMSqYFG-YkE\">[http:\/\/www.youtube.com\/watch?v=dMSqYFG-YkE]<\/a><em> <\/em><\/p>\n","protected":false},"excerpt":{"rendered":"<p>Vljudno vas vabimo na odprtje fotografske razstave Jo\u0161ta Franka v \u010detrtek, 31. marca 2011, ob 18. uri h Galeriji CikCak na Trdinov trg 5 v Menge\u0161. Razstava bo na ogled do odprtja naslednje razstave. Jo\u0161t Franko je mlad, perspektiven fotograf, ki je svojo nadarjenost znova potrdil na leto\u0161njem fotoreporterskem nate\u010daju Slovenia Press Photo 2010. Zmagal [&hellip;]<\/p>\n","protected":false},"author":2,"featured_media":0,"parent":448,"menu_order":0,"comment_status":"closed","ping_status":"closed","template":"","meta":{"footnotes":""},"class_list":["post-1146","page","type-page","status-publish","hentry"],"jetpack_sharing_enabled":true,"jetpack_shortlink":"https:\/\/wp.me\/P73nhm-iu","jetpack-related-posts":[],"_links":{"self":[{"href":"https:\/\/www.kdfjm.si\/index.php?rest_route=\/wp\/v2\/pages\/1146","targetHints":{"allow":["GET"]}}],"collection":[{"href":"https:\/\/www.kdfjm.si\/index.php?rest_route=\/wp\/v2\/pages"}],"about":[{"href":"https:\/\/www.kdfjm.si\/index.php?rest_route=\/wp\/v2\/types\/page"}],"author":[{"embeddable":true,"href":"https:\/\/www.kdfjm.si\/index.php?rest_route=\/wp\/v2\/users\/2"}],"replies":[{"embeddable":true,"href":"https:\/\/www.kdfjm.si\/index.php?rest_route=%2Fwp%2Fv2%2Fcomments&post=1146"}],"version-history":[{"count":6,"href":"https:\/\/www.kdfjm.si\/index.php?rest_route=\/wp\/v2\/pages\/1146\/revisions"}],"predecessor-version":[{"id":3494,"href":"https:\/\/www.kdfjm.si\/index.php?rest_route=\/wp\/v2\/pages\/1146\/revisions\/3494"}],"up":[{"embeddable":true,"href":"https:\/\/www.kdfjm.si\/index.php?rest_route=\/wp\/v2\/pages\/448"}],"wp:attachment":[{"href":"https:\/\/www.kdfjm.si\/index.php?rest_route=%2Fwp%2Fv2%2Fmedia&parent=1146"}],"curies":[{"name":"wp","href":"https:\/\/api.w.org\/{rel}","templated":true}]}}