{"id":1103,"date":"2011-02-01T13:03:35","date_gmt":"2011-02-01T12:03:35","guid":{"rendered":"http:\/\/www.kdfjm.si\/?page_id=1103"},"modified":"2015-10-11T21:29:47","modified_gmt":"2015-10-11T20:29:47","slug":"pozdrav-z-smarne-gore","status":"publish","type":"page","link":"https:\/\/www.kdfjm.si\/?page_id=1103","title":{"rendered":"Pozdrav s \u0160marne gore"},"content":{"rendered":"<p>Predstavitev knjige Marka Koren\u010dana <em>Pozdrav s \u0160marne gore <\/em>je bila v \u010detrtek 17. 6. 2010 ob 19.30 uri v Galeriji me\u017enariji na Trdinovem trgu 11 v Meng\u0161u.<\/p><div class=\"slideshow\"><div id=\"ngg_slideshow14611031\" class=\"ngg-slideshow owl-carousel\" style=\"max-width: px; max-height: px;\"><img data-recalc-dims=\"1\" decoding=\"async\" src=\"https:\/\/i0.wp.com\/www.kdfjm.si\/wp-content\/gallery\/2010-smarna-gora-predstavitev-knjige\/20100617-P10_7205.jpg?ssl=1\" alt=\"20100617-P10_7205\" style=\"max-width: px; max-height: px; width: auto; height:auto; margin:auto\"><img data-recalc-dims=\"1\" decoding=\"async\" src=\"https:\/\/i0.wp.com\/www.kdfjm.si\/wp-content\/gallery\/2010-smarna-gora-predstavitev-knjige\/20100617-P10_7206.jpg?ssl=1\" alt=\"20100617-P10_7206\" style=\"max-width: px; max-height: px; width: auto; height:auto; margin:auto\"><img data-recalc-dims=\"1\" decoding=\"async\" src=\"https:\/\/i0.wp.com\/www.kdfjm.si\/wp-content\/gallery\/2010-smarna-gora-predstavitev-knjige\/20100617-P10_7207.jpg?ssl=1\" alt=\"20100617-P10_7207\" style=\"max-width: px; max-height: px; width: auto; height:auto; margin:auto\"><img data-recalc-dims=\"1\" decoding=\"async\" src=\"https:\/\/i0.wp.com\/www.kdfjm.si\/wp-content\/gallery\/2010-smarna-gora-predstavitev-knjige\/20100617-P10_7210.jpg?ssl=1\" alt=\"20100617-P10_7210\" style=\"max-width: px; max-height: px; width: auto; height:auto; margin:auto\"><img data-recalc-dims=\"1\" decoding=\"async\" src=\"https:\/\/i0.wp.com\/www.kdfjm.si\/wp-content\/gallery\/2010-smarna-gora-predstavitev-knjige\/20100617-P10_7211.jpg?ssl=1\" alt=\"20100617-P10_7211\" style=\"max-width: px; max-height: px; width: auto; height:auto; margin:auto\"><\/div><\/div>\n\n<script type=\"text\/javascript\">jQuery(document).ready(function($) {\r\n\t\t\tvar owl = $('#ngg_slideshow14611031');\r\n\t\t\towl.owlCarousel({\r\n\t\t\t\titems: 1,\r\n\t\t\t\tautoHeight: false,\r\n\t            dots: true,\r\n\t            autoplay: true,\r\n\t\t\t\tautoplayTimeout: 3000,\r\n\t\t\t\tautoplayHoverPause: true,\r\n\t\t\t\tanimateIn: 'fadeIn',\r\n\t\t\t\tanimateOut: 'fadeOut',\r\n\t\t\t\tloop: true,\r\n\t\t\t\tmouseDrag: true,\r\n\t\t\t\ttouchDrag: true\r\n\t\t\t});\nowl.click( function () {\r\n                    owl.trigger( 'next.owl.carousel' );\r\n                } );});\n<\/script>","protected":false},"excerpt":{"rendered":"<p>Predstavitev knjige Marka Koren\u010dana Pozdrav s \u0160marne gore je bila v \u010detrtek 17. 6. 2010 ob 19.30 uri v Galeriji me\u017enariji na Trdinovem trgu 11 v Meng\u0161u.<\/p>\n","protected":false},"author":2,"featured_media":0,"parent":361,"menu_order":0,"comment_status":"closed","ping_status":"closed","template":"","meta":{"footnotes":""},"class_list":["post-1103","page","type-page","status-publish","hentry"],"jetpack_sharing_enabled":true,"jetpack_shortlink":"https:\/\/wp.me\/P73nhm-hN","jetpack-related-posts":[],"_links":{"self":[{"href":"https:\/\/www.kdfjm.si\/index.php?rest_route=\/wp\/v2\/pages\/1103","targetHints":{"allow":["GET"]}}],"collection":[{"href":"https:\/\/www.kdfjm.si\/index.php?rest_route=\/wp\/v2\/pages"}],"about":[{"href":"https:\/\/www.kdfjm.si\/index.php?rest_route=\/wp\/v2\/types\/page"}],"author":[{"embeddable":true,"href":"https:\/\/www.kdfjm.si\/index.php?rest_route=\/wp\/v2\/users\/2"}],"replies":[{"embeddable":true,"href":"https:\/\/www.kdfjm.si\/index.php?rest_route=%2Fwp%2Fv2%2Fcomments&post=1103"}],"version-history":[{"count":3,"href":"https:\/\/www.kdfjm.si\/index.php?rest_route=\/wp\/v2\/pages\/1103\/revisions"}],"predecessor-version":[{"id":3570,"href":"https:\/\/www.kdfjm.si\/index.php?rest_route=\/wp\/v2\/pages\/1103\/revisions\/3570"}],"up":[{"embeddable":true,"href":"https:\/\/www.kdfjm.si\/index.php?rest_route=\/wp\/v2\/pages\/361"}],"wp:attachment":[{"href":"https:\/\/www.kdfjm.si\/index.php?rest_route=%2Fwp%2Fv2%2Fmedia&parent=1103"}],"curies":[{"name":"wp","href":"https:\/\/api.w.org\/{rel}","templated":true}]}}