{"id":1048,"date":"2010-11-24T10:41:51","date_gmt":"2010-11-24T09:41:51","guid":{"rendered":"http:\/\/www.kdfjm.si\/?page_id=1048"},"modified":"2015-10-11T21:29:22","modified_gmt":"2015-10-11T20:29:22","slug":"izlet-v-ilirsko-bistrico-ob-jubileju-ivana-vesela-vesnina","status":"publish","type":"page","link":"https:\/\/www.kdfjm.si\/?page_id=1048","title":{"rendered":"Izlet v Ilirsko Bistrico ob jubileju Ivana Vesela Vesnina"},"content":{"rendered":"<p>Izlet v Ilirsko Bistrico ob jubileju Ivana Vesela Vesnina je bil 13. novembra 2010.<\/p>\n<p><strong>Program:<\/strong><br \/>\n7.00 odhod avtobusa izpred Po\u0161te Menge\u0161<br \/>\n9.00 spominska ma\u0161a v \u017eupnijski cerkvi v Ilirski Bistrici s koprskim \u0161kofom Metodom Pirihom<br \/>\n9.45 blagoslov obnovljenega spomenika<br \/>\n10.00 kulturni program ter predstavitev \u017eivljenja in dela Ivana Vesela Vesnina<br \/>\n13.00 kosilo<\/p>\n<p><strong><div class=\"slideshow\"><div id=\"ngg_slideshow13410481\" class=\"ngg-slideshow owl-carousel\" style=\"max-width: px; max-height: px;\"><img data-recalc-dims=\"1\" decoding=\"async\" src=\"https:\/\/i0.wp.com\/www.kdfjm.si\/wp-content\/gallery\/2010-izlet-v-ilirsko-bistrico-ob-jubileju-ivana-vesela-vesnina\/P10_1370.jpg?ssl=1\" alt=\"P10_1370\" style=\"max-width: px; max-height: px; width: auto; height:auto; margin:auto\"><img data-recalc-dims=\"1\" decoding=\"async\" src=\"https:\/\/i0.wp.com\/www.kdfjm.si\/wp-content\/gallery\/2010-izlet-v-ilirsko-bistrico-ob-jubileju-ivana-vesela-vesnina\/P10_1374.jpg?ssl=1\" alt=\"P10_1374\" style=\"max-width: px; max-height: px; width: auto; height:auto; margin:auto\"><img data-recalc-dims=\"1\" decoding=\"async\" src=\"https:\/\/i0.wp.com\/www.kdfjm.si\/wp-content\/gallery\/2010-izlet-v-ilirsko-bistrico-ob-jubileju-ivana-vesela-vesnina\/P10_1378.jpg?ssl=1\" alt=\"P10_1378\" style=\"max-width: px; max-height: px; width: auto; height:auto; margin:auto\"><img data-recalc-dims=\"1\" decoding=\"async\" src=\"https:\/\/i0.wp.com\/www.kdfjm.si\/wp-content\/gallery\/2010-izlet-v-ilirsko-bistrico-ob-jubileju-ivana-vesela-vesnina\/P10_1381.jpg?ssl=1\" alt=\"P10_1381\" style=\"max-width: px; max-height: px; width: auto; height:auto; margin:auto\"><img data-recalc-dims=\"1\" decoding=\"async\" src=\"https:\/\/i0.wp.com\/www.kdfjm.si\/wp-content\/gallery\/2010-izlet-v-ilirsko-bistrico-ob-jubileju-ivana-vesela-vesnina\/P10_1388.jpg?ssl=1\" alt=\"P10_1388\" style=\"max-width: px; max-height: px; width: auto; height:auto; margin:auto\"><img data-recalc-dims=\"1\" decoding=\"async\" src=\"https:\/\/i0.wp.com\/www.kdfjm.si\/wp-content\/gallery\/2010-izlet-v-ilirsko-bistrico-ob-jubileju-ivana-vesela-vesnina\/P10_1392.jpg?ssl=1\" alt=\"P10_1392\" style=\"max-width: px; max-height: px; width: auto; height:auto; margin:auto\"><img data-recalc-dims=\"1\" decoding=\"async\" src=\"https:\/\/i0.wp.com\/www.kdfjm.si\/wp-content\/gallery\/2010-izlet-v-ilirsko-bistrico-ob-jubileju-ivana-vesela-vesnina\/P10_1395.jpg?ssl=1\" alt=\"P10_1395\" style=\"max-width: px; max-height: px; width: auto; height:auto; margin:auto\"><img data-recalc-dims=\"1\" decoding=\"async\" src=\"https:\/\/i0.wp.com\/www.kdfjm.si\/wp-content\/gallery\/2010-izlet-v-ilirsko-bistrico-ob-jubileju-ivana-vesela-vesnina\/P10_1399.jpg?ssl=1\" alt=\"P10_1399\" style=\"max-width: px; max-height: px; width: auto; height:auto; margin:auto\"><img data-recalc-dims=\"1\" decoding=\"async\" src=\"https:\/\/i0.wp.com\/www.kdfjm.si\/wp-content\/gallery\/2010-izlet-v-ilirsko-bistrico-ob-jubileju-ivana-vesela-vesnina\/P10_1401.jpg?ssl=1\" alt=\"P10_1401\" style=\"max-width: px; max-height: px; width: auto; height:auto; margin:auto\"><img data-recalc-dims=\"1\" decoding=\"async\" src=\"https:\/\/i0.wp.com\/www.kdfjm.si\/wp-content\/gallery\/2010-izlet-v-ilirsko-bistrico-ob-jubileju-ivana-vesela-vesnina\/P10_1405.jpg?ssl=1\" alt=\"P10_1405\" style=\"max-width: px; max-height: px; width: auto; height:auto; margin:auto\"><img data-recalc-dims=\"1\" decoding=\"async\" src=\"https:\/\/i0.wp.com\/www.kdfjm.si\/wp-content\/gallery\/2010-izlet-v-ilirsko-bistrico-ob-jubileju-ivana-vesela-vesnina\/P10_1407.jpg?ssl=1\" alt=\"P10_1407\" style=\"max-width: px; max-height: px; width: auto; height:auto; margin:auto\"><img data-recalc-dims=\"1\" decoding=\"async\" src=\"https:\/\/i0.wp.com\/www.kdfjm.si\/wp-content\/gallery\/2010-izlet-v-ilirsko-bistrico-ob-jubileju-ivana-vesela-vesnina\/P10_1419.jpg?ssl=1\" alt=\"P10_1419\" style=\"max-width: px; max-height: px; width: auto; height:auto; margin:auto\"><img data-recalc-dims=\"1\" decoding=\"async\" src=\"https:\/\/i0.wp.com\/www.kdfjm.si\/wp-content\/gallery\/2010-izlet-v-ilirsko-bistrico-ob-jubileju-ivana-vesela-vesnina\/P10_1426.jpg?ssl=1\" alt=\"P10_1426\" style=\"max-width: px; max-height: px; width: auto; height:auto; margin:auto\"><img data-recalc-dims=\"1\" decoding=\"async\" src=\"https:\/\/i0.wp.com\/www.kdfjm.si\/wp-content\/gallery\/2010-izlet-v-ilirsko-bistrico-ob-jubileju-ivana-vesela-vesnina\/P10_1430.jpg?ssl=1\" alt=\"P10_1430\" style=\"max-width: px; max-height: px; width: auto; height:auto; margin:auto\"><img data-recalc-dims=\"1\" decoding=\"async\" src=\"https:\/\/i0.wp.com\/www.kdfjm.si\/wp-content\/gallery\/2010-izlet-v-ilirsko-bistrico-ob-jubileju-ivana-vesela-vesnina\/P10_1437.jpg?ssl=1\" alt=\"P10_1437\" style=\"max-width: px; max-height: px; width: auto; height:auto; margin:auto\"><img data-recalc-dims=\"1\" decoding=\"async\" src=\"https:\/\/i0.wp.com\/www.kdfjm.si\/wp-content\/gallery\/2010-izlet-v-ilirsko-bistrico-ob-jubileju-ivana-vesela-vesnina\/P10_1441.jpg?ssl=1\" alt=\"P10_1441\" style=\"max-width: px; max-height: px; width: auto; height:auto; margin:auto\"><img data-recalc-dims=\"1\" decoding=\"async\" src=\"https:\/\/i0.wp.com\/www.kdfjm.si\/wp-content\/gallery\/2010-izlet-v-ilirsko-bistrico-ob-jubileju-ivana-vesela-vesnina\/P10_1445.jpg?ssl=1\" alt=\"P10_1445\" style=\"max-width: px; max-height: px; width: auto; height:auto; margin:auto\"><img data-recalc-dims=\"1\" decoding=\"async\" src=\"https:\/\/i0.wp.com\/www.kdfjm.si\/wp-content\/gallery\/2010-izlet-v-ilirsko-bistrico-ob-jubileju-ivana-vesela-vesnina\/P10_1448.jpg?ssl=1\" alt=\"P10_1448\" style=\"max-width: px; max-height: px; width: auto; height:auto; margin:auto\"><img data-recalc-dims=\"1\" decoding=\"async\" src=\"https:\/\/i0.wp.com\/www.kdfjm.si\/wp-content\/gallery\/2010-izlet-v-ilirsko-bistrico-ob-jubileju-ivana-vesela-vesnina\/P10_1450.jpg?ssl=1\" alt=\"P10_1450\" style=\"max-width: px; max-height: px; width: auto; height:auto; margin:auto\"><img data-recalc-dims=\"1\" decoding=\"async\" src=\"https:\/\/i0.wp.com\/www.kdfjm.si\/wp-content\/gallery\/2010-izlet-v-ilirsko-bistrico-ob-jubileju-ivana-vesela-vesnina\/P10_1458.jpg?ssl=1\" alt=\"P10_1458\" style=\"max-width: px; max-height: px; width: auto; height:auto; margin:auto\"><img data-recalc-dims=\"1\" decoding=\"async\" src=\"https:\/\/i0.wp.com\/www.kdfjm.si\/wp-content\/gallery\/2010-izlet-v-ilirsko-bistrico-ob-jubileju-ivana-vesela-vesnina\/P10_1459.jpg?ssl=1\" alt=\"P10_1459\" style=\"max-width: px; max-height: px; width: auto; height:auto; margin:auto\"><img data-recalc-dims=\"1\" decoding=\"async\" src=\"https:\/\/i0.wp.com\/www.kdfjm.si\/wp-content\/gallery\/2010-izlet-v-ilirsko-bistrico-ob-jubileju-ivana-vesela-vesnina\/P10_1462.jpg?ssl=1\" alt=\"P10_1462\" style=\"max-width: px; max-height: px; width: auto; height:auto; margin:auto\"><img data-recalc-dims=\"1\" decoding=\"async\" src=\"https:\/\/i0.wp.com\/www.kdfjm.si\/wp-content\/gallery\/2010-izlet-v-ilirsko-bistrico-ob-jubileju-ivana-vesela-vesnina\/P10_1467.jpg?ssl=1\" alt=\"P10_1467\" style=\"max-width: px; max-height: px; width: auto; height:auto; margin:auto\"><img data-recalc-dims=\"1\" decoding=\"async\" src=\"https:\/\/i0.wp.com\/www.kdfjm.si\/wp-content\/gallery\/2010-izlet-v-ilirsko-bistrico-ob-jubileju-ivana-vesela-vesnina\/P10_1475.jpg?ssl=1\" alt=\"P10_1475\" style=\"max-width: px; max-height: px; width: auto; height:auto; margin:auto\"><img data-recalc-dims=\"1\" decoding=\"async\" src=\"https:\/\/i0.wp.com\/www.kdfjm.si\/wp-content\/gallery\/2010-izlet-v-ilirsko-bistrico-ob-jubileju-ivana-vesela-vesnina\/P10_1478.jpg?ssl=1\" alt=\"P10_1478\" style=\"max-width: px; max-height: px; width: auto; height:auto; margin:auto\"><img data-recalc-dims=\"1\" decoding=\"async\" src=\"https:\/\/i0.wp.com\/www.kdfjm.si\/wp-content\/gallery\/2010-izlet-v-ilirsko-bistrico-ob-jubileju-ivana-vesela-vesnina\/P10_1481.jpg?ssl=1\" alt=\"P10_1481\" style=\"max-width: px; max-height: px; width: auto; height:auto; margin:auto\"><img data-recalc-dims=\"1\" decoding=\"async\" src=\"https:\/\/i0.wp.com\/www.kdfjm.si\/wp-content\/gallery\/2010-izlet-v-ilirsko-bistrico-ob-jubileju-ivana-vesela-vesnina\/P10_1482.jpg?ssl=1\" alt=\"P10_1482\" style=\"max-width: px; max-height: px; width: auto; height:auto; margin:auto\"><img data-recalc-dims=\"1\" decoding=\"async\" src=\"https:\/\/i0.wp.com\/www.kdfjm.si\/wp-content\/gallery\/2010-izlet-v-ilirsko-bistrico-ob-jubileju-ivana-vesela-vesnina\/P10_1483.jpg?ssl=1\" alt=\"P10_1483\" style=\"max-width: px; max-height: px; width: auto; height:auto; margin:auto\"><img data-recalc-dims=\"1\" decoding=\"async\" src=\"https:\/\/i0.wp.com\/www.kdfjm.si\/wp-content\/gallery\/2010-izlet-v-ilirsko-bistrico-ob-jubileju-ivana-vesela-vesnina\/P10_1485.jpg?ssl=1\" alt=\"P10_1485\" style=\"max-width: px; max-height: px; width: auto; height:auto; margin:auto\"><img data-recalc-dims=\"1\" decoding=\"async\" src=\"https:\/\/i0.wp.com\/www.kdfjm.si\/wp-content\/gallery\/2010-izlet-v-ilirsko-bistrico-ob-jubileju-ivana-vesela-vesnina\/P10_1486.jpg?ssl=1\" alt=\"P10_1486\" style=\"max-width: px; max-height: px; width: auto; height:auto; margin:auto\"><img data-recalc-dims=\"1\" decoding=\"async\" src=\"https:\/\/i0.wp.com\/www.kdfjm.si\/wp-content\/gallery\/2010-izlet-v-ilirsko-bistrico-ob-jubileju-ivana-vesela-vesnina\/P10_1490.jpg?ssl=1\" alt=\"P10_1490\" style=\"max-width: px; max-height: px; width: auto; height:auto; margin:auto\"><img data-recalc-dims=\"1\" decoding=\"async\" src=\"https:\/\/i0.wp.com\/www.kdfjm.si\/wp-content\/gallery\/2010-izlet-v-ilirsko-bistrico-ob-jubileju-ivana-vesela-vesnina\/P10_1493.jpg?ssl=1\" alt=\"P10_1493\" style=\"max-width: px; max-height: px; width: auto; height:auto; margin:auto\"><img data-recalc-dims=\"1\" decoding=\"async\" src=\"https:\/\/i0.wp.com\/www.kdfjm.si\/wp-content\/gallery\/2010-izlet-v-ilirsko-bistrico-ob-jubileju-ivana-vesela-vesnina\/P10_1496.jpg?ssl=1\" alt=\"P10_1496\" style=\"max-width: px; max-height: px; width: auto; height:auto; margin:auto\"><img data-recalc-dims=\"1\" decoding=\"async\" src=\"https:\/\/i0.wp.com\/www.kdfjm.si\/wp-content\/gallery\/2010-izlet-v-ilirsko-bistrico-ob-jubileju-ivana-vesela-vesnina\/P10_1498.jpg?ssl=1\" alt=\"P10_1498\" style=\"max-width: px; max-height: px; width: auto; height:auto; margin:auto\"><img data-recalc-dims=\"1\" decoding=\"async\" src=\"https:\/\/i0.wp.com\/www.kdfjm.si\/wp-content\/gallery\/2010-izlet-v-ilirsko-bistrico-ob-jubileju-ivana-vesela-vesnina\/P10_1499.jpg?ssl=1\" alt=\"P10_1499\" style=\"max-width: px; max-height: px; width: auto; height:auto; margin:auto\"><img data-recalc-dims=\"1\" decoding=\"async\" src=\"https:\/\/i0.wp.com\/www.kdfjm.si\/wp-content\/gallery\/2010-izlet-v-ilirsko-bistrico-ob-jubileju-ivana-vesela-vesnina\/P10_1509.jpg?ssl=1\" alt=\"P10_1509\" style=\"max-width: px; max-height: px; width: auto; height:auto; margin:auto\"><img data-recalc-dims=\"1\" decoding=\"async\" src=\"https:\/\/i0.wp.com\/www.kdfjm.si\/wp-content\/gallery\/2010-izlet-v-ilirsko-bistrico-ob-jubileju-ivana-vesela-vesnina\/P10_1513.jpg?ssl=1\" alt=\"P10_1513\" style=\"max-width: px; max-height: px; width: auto; height:auto; margin:auto\"><img data-recalc-dims=\"1\" decoding=\"async\" src=\"https:\/\/i0.wp.com\/www.kdfjm.si\/wp-content\/gallery\/2010-izlet-v-ilirsko-bistrico-ob-jubileju-ivana-vesela-vesnina\/P10_1518.jpg?ssl=1\" alt=\"P10_1518\" style=\"max-width: px; max-height: px; width: auto; height:auto; margin:auto\"><img data-recalc-dims=\"1\" decoding=\"async\" src=\"https:\/\/i0.wp.com\/www.kdfjm.si\/wp-content\/gallery\/2010-izlet-v-ilirsko-bistrico-ob-jubileju-ivana-vesela-vesnina\/P10_1521.jpg?ssl=1\" alt=\"P10_1521\" style=\"max-width: px; max-height: px; width: auto; height:auto; margin:auto\"><img data-recalc-dims=\"1\" decoding=\"async\" src=\"https:\/\/i0.wp.com\/www.kdfjm.si\/wp-content\/gallery\/2010-izlet-v-ilirsko-bistrico-ob-jubileju-ivana-vesela-vesnina\/P10_1524.jpg?ssl=1\" alt=\"P10_1524\" style=\"max-width: px; max-height: px; width: auto; height:auto; margin:auto\"><img data-recalc-dims=\"1\" decoding=\"async\" src=\"https:\/\/i0.wp.com\/www.kdfjm.si\/wp-content\/gallery\/2010-izlet-v-ilirsko-bistrico-ob-jubileju-ivana-vesela-vesnina\/P10_1526.jpg?ssl=1\" alt=\"P10_1526\" style=\"max-width: px; max-height: px; width: auto; height:auto; margin:auto\"><img data-recalc-dims=\"1\" decoding=\"async\" src=\"https:\/\/i0.wp.com\/www.kdfjm.si\/wp-content\/gallery\/2010-izlet-v-ilirsko-bistrico-ob-jubileju-ivana-vesela-vesnina\/P10_1538.jpg?ssl=1\" alt=\"P10_1538\" style=\"max-width: px; max-height: px; width: auto; height:auto; margin:auto\"><img data-recalc-dims=\"1\" decoding=\"async\" src=\"https:\/\/i0.wp.com\/www.kdfjm.si\/wp-content\/gallery\/2010-izlet-v-ilirsko-bistrico-ob-jubileju-ivana-vesela-vesnina\/P10_1542.jpg?ssl=1\" alt=\"P10_1542\" style=\"max-width: px; max-height: px; width: auto; height:auto; margin:auto\"><img data-recalc-dims=\"1\" decoding=\"async\" src=\"https:\/\/i0.wp.com\/www.kdfjm.si\/wp-content\/gallery\/2010-izlet-v-ilirsko-bistrico-ob-jubileju-ivana-vesela-vesnina\/P10_1545.jpg?ssl=1\" alt=\"P10_1545\" style=\"max-width: px; max-height: px; width: auto; height:auto; margin:auto\"><img data-recalc-dims=\"1\" decoding=\"async\" src=\"https:\/\/i0.wp.com\/www.kdfjm.si\/wp-content\/gallery\/2010-izlet-v-ilirsko-bistrico-ob-jubileju-ivana-vesela-vesnina\/P10_1554.jpg?ssl=1\" alt=\"P10_1554\" style=\"max-width: px; max-height: px; width: auto; height:auto; margin:auto\"><\/div><\/div>\n\n<script type=\"text\/javascript\">jQuery(document).ready(function($) {\r\n\t\t\tvar owl = $('#ngg_slideshow13410481');\r\n\t\t\towl.owlCarousel({\r\n\t\t\t\titems: 1,\r\n\t\t\t\tautoHeight: false,\r\n\t            dots: true,\r\n\t            autoplay: true,\r\n\t\t\t\tautoplayTimeout: 3000,\r\n\t\t\t\tautoplayHoverPause: true,\r\n\t\t\t\tanimateIn: 'fadeIn',\r\n\t\t\t\tanimateOut: 'fadeOut',\r\n\t\t\t\tloop: true,\r\n\t\t\t\tmouseDrag: true,\r\n\t\t\t\ttouchDrag: true\r\n\t\t\t});\nowl.click( function () {\r\n                    owl.trigger( 'next.owl.carousel' );\r\n                } );});\n<\/script><\/strong><\/p>\n<p><strong>GOVOR JANEZA \u0160KRLEPA<\/strong><\/p>\n<p><strong>Odkrivanje prezrtega<\/strong><\/p>\n<p>Spo\u0161tovani ugledni gostje dana\u0161njega sre\u010danja, ki ga posve\u010damo spominu na odli\u010dnega slovenskega rodoljuba Ivana Vesela Vesnina.Ne videti, ne opaziti, pa tudi ne spoznati, ne uvideti, kljub pri\u010dakovanju ne upo\u0161tevati, kot je zapisano v Slovarju slovenskega knji\u017enega jezika, pomeni prezreti. Bog sam, ki je deset zapovedi zapisal v \u010dlove\u0161ko srce je zapovedal tudi spominjanje, kot temeljno vrednoto za pre\u017eivetje \u010dloveka, naroda, civilizacije s tem ko je velel:<em><\/p>\n<p>\u00bbNapolnite en jerbas s tem in ga shranite za prihodnje rodove, da bodo videli kruh, ki sem vam ga dal jesti v pu\u0161\u010davi, ko sem vas odpeljal iz egiptovske de\u017eele!\u00ab Eksodus, 16. 32<\/p>\n<p>Tedaj je Gospod rekel Mojzesu: \u00bbZapi\u0161i to za spomin v knjigo\u2026\u00ab Eksodus, 17. 14<\/em><\/p>\n<p>Slovenski klasik Janeza Trdina, ki je bil tudi doma iz Meng\u0161a in bil pisec prve slovenske zgodovine v sloven\u0161\u010dini je v svojih spominih zapisal, da bo zgodovino slovenskega naroda mo\u010d napisali \u0161ele, ko bo sleherna na\u0161a vas popisala svojo zgodovino. Tega \u0161e nismo naredili. Na\u0161a zgodovina \u0161e ni napisana. Na\u0161 odnos do na\u0161e kulture je prvi veleposlanik Republike \u010ce\u0161ke v Sloveniji Peter Kyper povezoval s samomorilnostjo na\u0161ega naroda. Ko sem protestiral je svojo izjavo tako reko\u010d neovrgljivo utemeljil. Kako to, da kljub temu \u0161e vedno obstajamo? Z gotovostjo lahko re\u010dem, da po \u010dude\u017eu. Le posamezniki Veselovega kova so izprosili zaradi svoje pravi\u010dnosti na\u0161 obstoj. Za enkrat. Abrahamu, ki je bil velik pred Bogom Sodome in Gomore ni uspelo re\u0161iti. Z velikimi upi smo se mnogi zavzeli za osamosvojitev, za lastno dr\u017eavo in zdaj ko jo imamo, povezano v evropsko skupnost nimamo zagotovljene suverenosti slovenskega, maternega jezika niti v lastni dr\u017eavi. Preplavljajo nas tujci, vsiljujejo nam svoje jezike, svojo kulturo. Ministrstvo za kulturo RS narekujejo slovenskim kulturnim ustanovam dvojezi\u010dnost \u017ee v imenu ustanov. Moja mama je bila na\u010ditana in narodno zavedna \u017eena. Ko sem \u0161el v Srbijo me je vpra\u0161ala: \u00bbPa zna\u0161 kaj Srbsko?\u00ab in ko sem \u0161el v Vojvodino: \u00bbvsaj malo se nau\u010di Madjarsko\u00ab, ko pa smo jo ob prihodu domov na\u0161li z na\u0161imi znanci iz Nem\u010dije ali Anglije smo jih vedno na\u0161li vse nasmejane, saj so se z njo s pomo\u010djo slovarjev sporazumevali v Sloven\u0161\u010dini. To namre\u010d pomeni biti osebnost, to pomeni enakopravnost kultur in jezikov.<br \/>\nTako bi moralo biti sodelovanja med narodi na vseh ravneh. Zaradi prezira narodove samobitnosti se krepi sovra\u0161tvo med narodi. Grozljiv primer je podro\u010dje nekdanje Sovjetske zveze, grobnice mnogih narodov. Vse ka\u017ee, da bo taka grobnica tudi Evropa. Pesimist bi bil, \u010de bi ne bil po naravi kroni\u010den optimist. In kadar me zaradi zdaj\u0161njih slovenskih razmer pre\u0161ine zona \u0161e vedno vztrajam v svojem po\u010detju, ne ve\u010d z veseljem ampak iz prepri\u010danja, da so skozi tiso\u010dletno zgodovino na\u0161ega naroda, ne glede na tuje ali doma\u010de formalne okvirje, kot so dr\u017eave vedno iz tega naroda vstale posamezne osebnosti, ki so nas postavile ob bok drugih, \u0161tevil\u010dnej\u0161ih narodov in kadar to ne, so nas s svojo kulturno in jezikovno samobitnostjo vsaj ohranili kot narod in to ni malo.<br \/>\nKadar se torej jezimo sami pri sebi ali godrnjamo nad kriznim stanjem v na\u0161i dr\u017eavi ali v na\u0161em narodu moramo vedeti, da je to zaradi na\u0161ega neznosno slabega zgodovinskega spomina, saj vedno znova izro\u010damo krmilo v roke tistim, ki pospe\u0161ujejo na\u0161e izginotje. Morda bomo obstali, \u010de bomo znali na\u0161teti vsaj deset pravi\u010dnih. Saj le zaradi njih \u0161e obstajamo.<br \/>\nNaj na koncu tega razmi\u0161ljanja, ki ga je \u017ee pred ve\u010d leti vzdramil Ivan Vesel, dekan Trnovski \u0161e re\u010dem: Sre\u010den bom, ko bom na medmre\u017eju prebral, da je leta 1885 Vesel dal zgraditi novogotsko cerkev v Velikem Trnu pri Kr\u0161kem, da je \u017eupni\u0161\u010de na Trnovem dal zgraditi on, ne da bi s tem obremenil farane, da je leta 1888 on povabil sem v Ilirsko Bistrico \u0160olske sestre Notredamke, pri katerih smo danes gostje, \u010deprav je njemu \u0161e ve\u010d pomenila poezija in poznavanje zemljepisa v ljudskih \u0161olah, ve\u010d mu je pomenila prava iskrena olikanost Slovenca in prevodi psalmov iz Svetega pisma, ki jih je, vsakega v drugi pesni\u0161ki obliki prepesnjeval ve\u010d kot deset let in jih na svoje stro\u0161ke objavil in ki jih je celo Gregor\u010di\u010d ob\u010dudoval. Naj povem: zanje ni bilo prostora na razstavi prevodov svetega pisma v Sloven\u0161\u010dino pred leti v Ljubljani. Ve\u010d so mu tudi pomenile prve pole Ruske antologije, ki jo je prevedel v sloven\u0161\u010dino in so tik pred njegovo smrtjo prispele iz gori\u0161ke tiskarne.<br \/>\nV tem Veselovem duhu se danes veselim, da ste obnovili njegov nagrobni spomenik, ki naj \u0161e sto let opozarja na mo\u017ea, ki tu po\u010diva. Dobro delo ste opravili vsi, ki ste pri tem sodelovali in tudi vi \u0161kof, msg. Metod Pirih, ki ste to delo blagoslovili.<\/p>\n<p>Janez \u0160krlep, Menge\u0161 2010<\/p>\n","protected":false},"excerpt":{"rendered":"<p>Izlet v Ilirsko Bistrico ob jubileju Ivana Vesela Vesnina je bil 13. novembra 2010. Program: 7.00 odhod avtobusa izpred Po\u0161te Menge\u0161 9.00 spominska ma\u0161a v \u017eupnijski cerkvi v Ilirski Bistrici s koprskim \u0161kofom Metodom Pirihom 9.45 blagoslov obnovljenega spomenika 10.00 kulturni program ter predstavitev \u017eivljenja in dela Ivana Vesela Vesnina 13.00 kosilo GOVOR JANEZA \u0160KRLEPA [&hellip;]<\/p>\n","protected":false},"author":2,"featured_media":0,"parent":606,"menu_order":0,"comment_status":"closed","ping_status":"closed","template":"","meta":{"footnotes":""},"class_list":["post-1048","page","type-page","status-publish","hentry"],"jetpack_sharing_enabled":true,"jetpack_shortlink":"https:\/\/wp.me\/P73nhm-gU","jetpack-related-posts":[],"_links":{"self":[{"href":"https:\/\/www.kdfjm.si\/index.php?rest_route=\/wp\/v2\/pages\/1048","targetHints":{"allow":["GET"]}}],"collection":[{"href":"https:\/\/www.kdfjm.si\/index.php?rest_route=\/wp\/v2\/pages"}],"about":[{"href":"https:\/\/www.kdfjm.si\/index.php?rest_route=\/wp\/v2\/types\/page"}],"author":[{"embeddable":true,"href":"https:\/\/www.kdfjm.si\/index.php?rest_route=\/wp\/v2\/users\/2"}],"replies":[{"embeddable":true,"href":"https:\/\/www.kdfjm.si\/index.php?rest_route=%2Fwp%2Fv2%2Fcomments&post=1048"}],"version-history":[{"count":2,"href":"https:\/\/www.kdfjm.si\/index.php?rest_route=\/wp\/v2\/pages\/1048\/revisions"}],"predecessor-version":[{"id":3374,"href":"https:\/\/www.kdfjm.si\/index.php?rest_route=\/wp\/v2\/pages\/1048\/revisions\/3374"}],"up":[{"embeddable":true,"href":"https:\/\/www.kdfjm.si\/index.php?rest_route=\/wp\/v2\/pages\/606"}],"wp:attachment":[{"href":"https:\/\/www.kdfjm.si\/index.php?rest_route=%2Fwp%2Fv2%2Fmedia&parent=1048"}],"curies":[{"name":"wp","href":"https:\/\/api.w.org\/{rel}","templated":true}]}}