{"id":1029,"date":"2010-11-01T19:24:49","date_gmt":"2010-11-01T18:24:49","guid":{"rendered":"http:\/\/www.kdfjm.si\/?page_id=1029"},"modified":"2015-10-11T21:29:22","modified_gmt":"2015-10-11T20:29:22","slug":"razstava-fotografij-mateja-leskovska-z-naslovom-ribici","status":"publish","type":"page","link":"https:\/\/www.kdfjm.si\/?page_id=1029","title":{"rendered":"Razstava fotografij Mateja Leskov\u0161ka z naslovom Ribi\u010di"},"content":{"rendered":"<p>Odprtje fotografske razstave Mateja Leskov\u0161ka Ribi\u010di je bilo v torek, 26. oktobra 2010, ob 18. uri pri Galeriji CikCak na Trdinovem trgu 5 v Meng\u0161u. Razstava bo na ogled do odprtja naslednje razstave.<\/p>\n<p><a href=\"https:\/\/i0.wp.com\/www.kdfjm.si\/wp-content\/uploads\/2010\/10\/webLeskovsek104.jpg\"><img data-recalc-dims=\"1\" loading=\"lazy\" decoding=\"async\" data-attachment-id=\"1006\" data-permalink=\"https:\/\/www.kdfjm.si\/?attachment_id=1006\" data-orig-file=\"https:\/\/i0.wp.com\/www.kdfjm.si\/wp-content\/uploads\/2010\/10\/webLeskovsek104.jpg?fit=709%2C472&amp;ssl=1\" data-orig-size=\"709,472\" data-comments-opened=\"1\" data-image-meta=\"{&quot;aperture&quot;:&quot;1.4&quot;,&quot;credit&quot;:&quot;Matej Leskovsek&quot;,&quot;camera&quot;:&quot;NIKON D3&quot;,&quot;caption&quot;:&quot;Fishermen from Istambul are seen during the proces of fishing. They set off to sea from Kumkapi, one of Istanbuls bigges fisherman docks, located in the south of the golden horn. The fisherman go to see early in the afternoon and come back the next day at arroung 7 oclock to sell their fish in the fishmarket. The fish eventualy end up in Istanbuls restaurants where they are being sold to many turists that visit Istanbul every year.\\nFoto: Matej Leskov?ek&quot;,&quot;created_timestamp&quot;:&quot;1277143672&quot;,&quot;copyright&quot;:&quot;MATEJ LESKOVSEK&quot;,&quot;focal_length&quot;:&quot;24&quot;,&quot;iso&quot;:&quot;100&quot;,&quot;shutter_speed&quot;:&quot;0.0002&quot;,&quot;title&quot;:&quot;&quot;}\" data-image-title=\"webLeskovsek104\" data-image-description=\"&lt;p&gt;Fishermen from Istambul are seen during the proces of fishing. They set off to sea from Kumkapi, one of Istanbuls bigges fisherman docks, located in the south of the golden horn. The fisherman go to see early in the afternoon and come back the next day at arroung 7 oclock to sell their fish in the fishmarket. The fish eventualy end up in Istanbuls restaurants where they are being sold to many turists that visit Istanbul every year.&lt;br \/&gt;\nFoto: Matej Leskov?ek&lt;\/p&gt;\n\" data-image-caption=\"\" data-large-file=\"https:\/\/i0.wp.com\/www.kdfjm.si\/wp-content\/uploads\/2010\/10\/webLeskovsek104.jpg?fit=709%2C472&amp;ssl=1\" class=\"aligncenter size-medium wp-image-1006\" title=\"webLeskovsek104\" src=\"https:\/\/i0.wp.com\/www.kdfjm.si\/wp-content\/uploads\/2010\/10\/webLeskovsek104-300x199.jpg?resize=300%2C199\" alt=\"\" width=\"300\" height=\"199\" srcset=\"https:\/\/i0.wp.com\/www.kdfjm.si\/wp-content\/uploads\/2010\/10\/webLeskovsek104.jpg?resize=300%2C199&amp;ssl=1 300w, https:\/\/i0.wp.com\/www.kdfjm.si\/wp-content\/uploads\/2010\/10\/webLeskovsek104.jpg?w=709&amp;ssl=1 709w\" sizes=\"auto, (max-width: 300px) 100vw, 300px\" \/><\/a><\/p>\n<p>Nenavadno mesto mnogih imen &#8211; je Istanbul, je Konstantinopel, je Carigrad in Bizanc. Nenavadno mesto je mesto mnogih ljudi, \u010dasov, sre\u010danj in odlo\u010ditev. To nenavadno mesto je tudi mesto ribi\u010dev, morja, ladij in rib.<\/p>\n<p>Matej Leskov\u0161ek je ob svojem potovanju v Istanbul na cikel fotografij ujel nenavadno obi\u010dajno in vsakdanje \u017eivljenje ribi\u010dev. V zna\u010dilno reporterski maniri je ujel njihovo utirjeno usodo, njihov pristop k morju ter odnos do rib in njihovo razumevanje ribolova.<\/p>\n<p>Mo\u010dne diagonalne kompozicije nakazujejo dinamiko dela, \u010drnobela fotografija Mateja Leskov\u0161ka pa z odsotnostjo barv prika\u017ee enoli\u010dnost vsakdana istanbulskih ribi\u010dev. Cikel fotografij gledalca vabi, da se posku\u0161a v\u017eiveti v usodo slehernika.<\/p><div class=\"slideshow\"><div id=\"ngg_slideshow13010291\" class=\"ngg-slideshow owl-carousel\" style=\"max-width: px; max-height: px;\"><img data-recalc-dims=\"1\" decoding=\"async\" src=\"https:\/\/i0.wp.com\/www.kdfjm.si\/wp-content\/gallery\/2010_leskovsek_odp\/P10_9738.jpg?ssl=1\" alt=\"P10_9738\" style=\"max-width: px; max-height: px; width: auto; height:auto; margin:auto\"><img data-recalc-dims=\"1\" decoding=\"async\" src=\"https:\/\/i0.wp.com\/www.kdfjm.si\/wp-content\/gallery\/2010_leskovsek_odp\/P10_9734.jpg?ssl=1\" alt=\"P10_9734\" style=\"max-width: px; max-height: px; width: auto; height:auto; margin:auto\"><img data-recalc-dims=\"1\" decoding=\"async\" src=\"https:\/\/i0.wp.com\/www.kdfjm.si\/wp-content\/gallery\/2010_leskovsek_odp\/P10_9731.jpg?ssl=1\" alt=\"P10_9731\" style=\"max-width: px; max-height: px; width: auto; height:auto; margin:auto\"><img data-recalc-dims=\"1\" decoding=\"async\" src=\"https:\/\/i0.wp.com\/www.kdfjm.si\/wp-content\/gallery\/2010_leskovsek_odp\/P10_9726.jpg?ssl=1\" alt=\"P10_9726\" style=\"max-width: px; max-height: px; width: auto; height:auto; margin:auto\"><img data-recalc-dims=\"1\" decoding=\"async\" src=\"https:\/\/i0.wp.com\/www.kdfjm.si\/wp-content\/gallery\/2010_leskovsek_odp\/P10_9721.jpg?ssl=1\" alt=\"P10_9721\" style=\"max-width: px; max-height: px; width: auto; height:auto; margin:auto\"><img data-recalc-dims=\"1\" decoding=\"async\" src=\"https:\/\/i0.wp.com\/www.kdfjm.si\/wp-content\/gallery\/2010_leskovsek_odp\/P10_9718.jpg?ssl=1\" alt=\"P10_9718\" style=\"max-width: px; max-height: px; width: auto; height:auto; margin:auto\"><img data-recalc-dims=\"1\" decoding=\"async\" src=\"https:\/\/i0.wp.com\/www.kdfjm.si\/wp-content\/gallery\/2010_leskovsek_odp\/P10_9709.jpg?ssl=1\" alt=\"P10_9709\" style=\"max-width: px; max-height: px; width: auto; height:auto; margin:auto\"><img data-recalc-dims=\"1\" decoding=\"async\" src=\"https:\/\/i0.wp.com\/www.kdfjm.si\/wp-content\/gallery\/2010_leskovsek_odp\/P10_9714.jpg?ssl=1\" alt=\"P10_9714\" style=\"max-width: px; max-height: px; width: auto; height:auto; margin:auto\"><img data-recalc-dims=\"1\" decoding=\"async\" src=\"https:\/\/i0.wp.com\/www.kdfjm.si\/wp-content\/gallery\/2010_leskovsek_odp\/P10_9707.jpg?ssl=1\" alt=\"P10_9707\" style=\"max-width: px; max-height: px; width: auto; height:auto; margin:auto\"><\/div><\/div>\n\n<script type=\"text\/javascript\">jQuery(document).ready(function($) {\r\n\t\t\tvar owl = $('#ngg_slideshow13010291');\r\n\t\t\towl.owlCarousel({\r\n\t\t\t\titems: 1,\r\n\t\t\t\tautoHeight: false,\r\n\t            dots: true,\r\n\t            autoplay: true,\r\n\t\t\t\tautoplayTimeout: 3000,\r\n\t\t\t\tautoplayHoverPause: true,\r\n\t\t\t\tanimateIn: 'fadeIn',\r\n\t\t\t\tanimateOut: 'fadeOut',\r\n\t\t\t\tloop: true,\r\n\t\t\t\tmouseDrag: true,\r\n\t\t\t\ttouchDrag: true\r\n\t\t\t});\nowl.click( function () {\r\n                    owl.trigger( 'next.owl.carousel' );\r\n                } );});\n<\/script><p>Razstavo so omogo\u010dili: Vidal d.o.o., Alkam d.o.o. Kamnik, Ob\u010dina Menge\u0161, Primer d.o.o.<\/p>\n","protected":false},"excerpt":{"rendered":"<p>Odprtje fotografske razstave Mateja Leskov\u0161ka Ribi\u010di je bilo v torek, 26. oktobra 2010, ob 18. uri pri Galeriji CikCak na Trdinovem trgu 5 v Meng\u0161u. Razstava bo na ogled do odprtja naslednje razstave. Nenavadno mesto mnogih imen &#8211; je Istanbul, je Konstantinopel, je Carigrad in Bizanc. Nenavadno mesto je mesto mnogih ljudi, \u010dasov, sre\u010danj in [&hellip;]<\/p>\n","protected":false},"author":2,"featured_media":0,"parent":448,"menu_order":0,"comment_status":"closed","ping_status":"closed","template":"","meta":{"footnotes":""},"class_list":["post-1029","page","type-page","status-publish","hentry"],"jetpack_sharing_enabled":true,"jetpack_shortlink":"https:\/\/wp.me\/P73nhm-gB","jetpack-related-posts":[],"_links":{"self":[{"href":"https:\/\/www.kdfjm.si\/index.php?rest_route=\/wp\/v2\/pages\/1029","targetHints":{"allow":["GET"]}}],"collection":[{"href":"https:\/\/www.kdfjm.si\/index.php?rest_route=\/wp\/v2\/pages"}],"about":[{"href":"https:\/\/www.kdfjm.si\/index.php?rest_route=\/wp\/v2\/types\/page"}],"author":[{"embeddable":true,"href":"https:\/\/www.kdfjm.si\/index.php?rest_route=\/wp\/v2\/users\/2"}],"replies":[{"embeddable":true,"href":"https:\/\/www.kdfjm.si\/index.php?rest_route=%2Fwp%2Fv2%2Fcomments&post=1029"}],"version-history":[{"count":2,"href":"https:\/\/www.kdfjm.si\/index.php?rest_route=\/wp\/v2\/pages\/1029\/revisions"}],"predecessor-version":[{"id":3497,"href":"https:\/\/www.kdfjm.si\/index.php?rest_route=\/wp\/v2\/pages\/1029\/revisions\/3497"}],"up":[{"embeddable":true,"href":"https:\/\/www.kdfjm.si\/index.php?rest_route=\/wp\/v2\/pages\/448"}],"wp:attachment":[{"href":"https:\/\/www.kdfjm.si\/index.php?rest_route=%2Fwp%2Fv2%2Fmedia&parent=1029"}],"curies":[{"name":"wp","href":"https:\/\/api.w.org\/{rel}","templated":true}]}}